{"id":374139,"date":"2025-06-10T15:07:09","date_gmt":"2025-06-10T18:07:09","guid":{"rendered":"https:\/\/mkt.estrategia.com\/vestibulares\/?page_id=374139"},"modified":"2025-06-10T17:57:28","modified_gmt":"2025-06-10T20:57:28","slug":"ebook-guia-uerj-2eq","status":"publish","type":"page","link":"https:\/\/mkt.estrategia.com\/vestibulares\/ebook-guia-uerj-2eq\/","title":{"rendered":"EBOOK GUIA UERJ 2\u00ba EQ"},"content":{"rendered":"<p>[et_pb_section fb_built=&#8221;1&#8243; module_class=&#8221;section-cursos&#8221; _builder_version=&#8221;4.27.4&#8243; _module_preset=&#8221;_initial&#8221; background_color=&#8221;RGBA(255,255,255,0)&#8221; background_image=&#8221;https:\/\/mkt.estrategia.com\/vestibulares\/wp-content\/uploads\/sites\/8\/2025\/06\/bg-uerj2eq-scaled.webp&#8221; background_position=&#8221;top_right&#8221; display_conditions=&#8221;W3siaWQiOiJhZDg5ZGY0Zi0xZTlmLTQxZDQtYTgzZi0wMzllMTI4MDdkOGYiLCJjb25kaXRpb24iOiJ1c2VyUm9sZSIsImNvbmRpdGlvblNldHRpbmdzIjp7InVzZXJSb2xlRGlzcGxheSI6ImlzIiwidXNlclJvbGVzIjpbeyJsYWJlbCI6IkFkbWluaXN0cmF0b3IiLCJ2YWx1ZSI6ImFkbWluaXN0cmF0b3IifV0sInVzZXJJZHMiOiJVc2VyIElEcyBzZXBhcmF0ZWQgYnkgY29tbWFzIiwiYWRtaW5MYWJlbCI6IlVzZXIgUm9sZSIsImVuYWJsZUNvbmRpdGlvbiI6Im9mZiJ9LCJvcGVyYXRvciI6Ik9SIn1d&#8221; custom_margin=&#8221;0px|0px|0px|0px|false|false&#8221; custom_padding=&#8221;50px|0px|2px|0px|false|false&#8221; background_last_edited=&#8221;on|phone&#8221; background_image_phone=&#8221;https:\/\/mkt.estrategia.com\/vestibulares\/wp-content\/uploads\/sites\/8\/2025\/06\/mobile-bg-uerj2eq.webp&#8221; background_enable_image_phone=&#8221;on&#8221; background_position_phone=&#8221;top_center&#8221; locked=&#8221;off&#8221; global_colors_info=&#8221;{}&#8221; custom_css_before_last_edited=&#8221;on|desktop&#8221;][et_pb_row column_structure=&#8221;1_2,1_2&#8243; _builder_version=&#8221;4.27.4&#8243; _module_preset=&#8221;default&#8221; max_width=&#8221;1299px&#8221; global_colors_info=&#8221;{}&#8221;][et_pb_column type=&#8221;1_2&#8243; module_id=&#8221;form-uerjeq&#8221; _builder_version=&#8221;4.27.4&#8243; _module_preset=&#8221;default&#8221; global_colors_info=&#8221;{}&#8221;][et_pb_image src=&#8221;https:\/\/mkt.estrategia.com\/vestibulares\/wp-content\/uploads\/sites\/8\/2025\/06\/ebook-guia-uerj.webp&#8221; title_text=&#8221;ebook-guia-uerj&#8221; align=&#8221;center&#8221; align_tablet=&#8221;center&#8221; align_phone=&#8221;center&#8221; align_last_edited=&#8221;on|desktop&#8221; disabled_on=&#8221;off|off|on&#8221; _builder_version=&#8221;4.27.4&#8243; _module_preset=&#8221;_initial&#8221; width=&#8221;90%&#8221; max_width=&#8221;100%&#8221; max_width_tablet=&#8221;100%&#8221; max_width_phone=&#8221;100%&#8221; max_width_last_edited=&#8221;on|tablet&#8221; module_alignment=&#8221;center&#8221; custom_margin=&#8221;||24px|||&#8221; animation_direction=&#8221;left&#8221; global_colors_info=&#8221;{}&#8221;][\/et_pb_image][et_pb_text _builder_version=&#8221;4.27.4&#8243; _module_preset=&#8221;default&#8221; text_font=&#8221;Poppins Regular|700|||||||&#8221; text_text_color=&#8221;#FFFFFF&#8221; text_font_size=&#8221;22px&#8221; header_font=&#8221;Poppins Bold||||||||&#8221; header_text_color=&#8221;#FFFFFF&#8221; header_font_size=&#8221;35px&#8221; global_colors_info=&#8221;{}&#8221;]<\/p>\n<p style=\"text-align: center;\"><span style=\"font-weight: 400; background-color: #ff7d01;\">E-book gratuito:<\/span><\/p>\n<h1 style=\"text-align: center;\"><b>Prepare-se com intelig\u00eancia para o <\/b><b>2\u00ba EQ da UERJ 2026<\/b><\/h1>\n<p>[\/et_pb_text][et_pb_text _builder_version=&#8221;4.27.4&#8243; _module_preset=&#8221;default&#8221; text_font=&#8221;Poppins Regular||||||||&#8221; text_text_color=&#8221;#FFFFFF&#8221; global_colors_info=&#8221;{}&#8221;]<\/p>\n<p style=\"text-align: center;\"><span style=\"font-weight: 400;\">Por meio deste e-book <\/span><b>gratuito,<\/b><span style=\"font-weight: 400;\"> voc\u00ea saber\u00e1 como direcionar seus estudos e conquistar uma prepara\u00e7\u00e3o de alto impacto para a prova.<\/span><\/p>\n<p>[\/et_pb_text][formulario_estrategia area=&#8221;Vestibulares&#8221; tipo=&#8221;E-book&#8221; layout=&#8221;basico-nn.php&#8221; desktop_modal=&#8221;on&#8221; need_sucesso=&#8221;on&#8221; sucesso=&#8221;https:\/\/mkt.estrategia.com\/vestibulares\/sucesso-ebook-guia-uerj-2eq&#8221; legado_crm=&#8221;on&#8221; _builder_version=&#8221;4.27.4&#8243; _module_preset=&#8221;default&#8221; hover_enabled=&#8221;0&#8243; global_colors_info=&#8221;{}&#8221; need_welcome=&#8221;on&#8221; welcome=&#8221;wlc_evest_uerj-ebook25_vitalic_2025&#8243; sticky_enabled=&#8221;0&#8243;][\/formulario_estrategia][\/et_pb_column][et_pb_column type=&#8221;1_2&#8243; _builder_version=&#8221;4.24.2&#8243; _module_preset=&#8221;default&#8221; global_colors_info=&#8221;{}&#8221;][et_pb_image src=&#8221;https:\/\/mkt.estrategia.com\/vestibulares\/wp-content\/uploads\/sites\/8\/2025\/06\/ebook-guia-uerj.webp&#8221; title_text=&#8221;ebook-guia-uerj&#8221; align=&#8221;center&#8221; align_tablet=&#8221;center&#8221; align_phone=&#8221;center&#8221; align_last_edited=&#8221;on|desktop&#8221; disabled_on=&#8221;on|on|off&#8221; _builder_version=&#8221;4.27.4&#8243; _module_preset=&#8221;_initial&#8221; width=&#8221;100%&#8221; max_width=&#8221;100%&#8221; max_width_tablet=&#8221;100%&#8221; max_width_phone=&#8221;100%&#8221; max_width_last_edited=&#8221;on|tablet&#8221; module_alignment=&#8221;center&#8221; custom_margin=&#8221;||24px|||&#8221; animation_direction=&#8221;left&#8221; global_colors_info=&#8221;{}&#8221;][\/et_pb_image][et_pb_text _builder_version=&#8221;4.27.4&#8243; _module_preset=&#8221;default&#8221; text_font=&#8221;Poppins Regular|300|||||||&#8221; text_text_color=&#8221;#FFFFFF&#8221; global_colors_info=&#8221;{}&#8221;][\/et_pb_text][\/et_pb_column][\/et_pb_row][\/et_pb_section][et_pb_section fb_built=&#8221;1&#8243; _builder_version=&#8221;4.27.4&#8243; _module_preset=&#8221;default&#8221; background_color=&#8221;#000000&#8243; custom_padding=&#8221;1px|||||&#8221; global_colors_info=&#8221;{}&#8221;][et_pb_row _builder_version=&#8221;4.27.4&#8243; _module_preset=&#8221;default&#8221; global_colors_info=&#8221;{}&#8221;][et_pb_column type=&#8221;4_4&#8243; _builder_version=&#8221;4.27.4&#8243; _module_preset=&#8221;default&#8221; global_colors_info=&#8221;{}&#8221;][et_pb_text _builder_version=&#8221;4.27.4&#8243; _module_preset=&#8221;default&#8221; text_font=&#8221;Poppins Light|100|||||||&#8221; text_text_color=&#8221;#FFFFFF&#8221; text_font_size=&#8221;18px&#8221; header_font=&#8221;Poppins Bold||||||||&#8221; header_text_color=&#8221;#FFFFFF&#8221; header_font_size=&#8221;35px&#8221; header_2_font=&#8221;Poppins Bold||||||||&#8221; header_2_text_color=&#8221;#FFFFFF&#8221; width=&#8221;450px&#8221; width_tablet=&#8221;450px&#8221; width_phone=&#8221;100%&#8221; width_last_edited=&#8221;on|phone&#8221; module_alignment=&#8221;center&#8221; custom_padding=&#8221;25px|25px|25px|25px|true|true&#8221; border_radii=&#8221;on|10px|10px|10px|10px&#8221; border_width_all=&#8221;1px&#8221; border_color_all=&#8221;#ff7c03&#8243; global_colors_info=&#8221;{}&#8221;]<\/p>\n<h2 style=\"text-align: center;\"><b>Guia da UERJ<br \/>2\u00ba EQ 2026<br \/><\/b><b><\/b><\/h2>\n<p style=\"text-align: center;\">Este e-book gratuito foi criado para ajudar voc\u00ea a direcionar seus estudos e conquistar uma prepara\u00e7\u00e3o de alto impacto para a prova.<\/p>\n<p style=\"text-align: center;\">Ao baixar o material, voc\u00ea ter\u00e1 acesso a:<\/p>\n<p style=\"text-align: center;\"><span style=\"font-weight: 400;\">\u2705 Diferen\u00e7as entre o 1\u00ba e o 2\u00ba EQ,\u00a0<\/span><span style=\"font-weight: 400;\">com an\u00e1lise de estrutura, dificuldade\u00a0<\/span><span style=\"font-weight: 400;\">e foco da prova.<\/span><b><\/b><\/p>\n<p style=\"text-align: center;\"><span style=\"font-weight: 400;\">\u2705 Conte\u00fados mais cobrados, com os temas essenciais de cada disciplina.<\/span><b><\/b><\/p>\n<p style=\"text-align: center;\"><span style=\"font-weight: 400;\">\u2705 Cronograma de estudos otimizado, com t\u00e9cnicas de revis\u00e3o para potencializar seu aprendizado.<\/span><b><\/b><\/p>\n<p style=\"text-align: center;\"><b>N\u00e3o perca tempo com estudos dispersos!\u00a0<\/b><b><\/b><\/p>\n<p>[\/et_pb_text][et_pb_text _builder_version=&#8221;4.27.4&#8243; _module_preset=&#8221;default&#8221; text_font=&#8221;Poppins Light||||||||&#8221; text_text_color=&#8221;#FFFFFF&#8221; text_font_size=&#8221;20px&#8221; width=&#8221;400px&#8221; width_tablet=&#8221;400px&#8221; width_phone=&#8221;100%&#8221; width_last_edited=&#8221;on|phone&#8221; module_alignment=&#8221;center&#8221; module_alignment_tablet=&#8221;center&#8221; module_alignment_phone=&#8221;center&#8221; module_alignment_last_edited=&#8221;on|phone&#8221; global_colors_info=&#8221;{}&#8221;]<\/p>\n<p style=\"text-align: center;\"><span style=\"font-weight: 400;\">Baixe agora seu e-book e descubra como se preparar de forma mais eficaz e direcionada para o 2\u00ba EQ da UERJ 2026.<\/span><\/p>\n<p>[\/et_pb_text][et_pb_button button_url=&#8221;#form-uerjeq&#8221; button_text=&#8221;INSCREVA-SE AGORA&#8221; button_alignment=&#8221;center&#8221; _builder_version=&#8221;4.27.4&#8243; _module_preset=&#8221;default&#8221; custom_button=&#8221;on&#8221; button_text_color=&#8221;#000000&#8243; button_bg_color=&#8221;#EDF000&#8243; button_border_width=&#8221;0px&#8221; global_colors_info=&#8221;{}&#8221;][\/et_pb_button][\/et_pb_column][\/et_pb_row][\/et_pb_section]<\/p>\n","protected":false},"excerpt":{"rendered":"<p>E-book gratuito: Prepare-se com intelig\u00eancia para o 2\u00ba EQ da UERJ 2026Por meio deste e-book gratuito, voc\u00ea saber\u00e1 como direcionar seus estudos e conquistar uma prepara\u00e7\u00e3o de alto impacto para a prova.<div class=\"et_pb_module formulario_estrategia formulario_estrategia_0\">\n\t\t\t\t\n\t\t\t\t\n\t\t\t\t\n\t\t\t\t\n\t\t\t\t\n\t\t\t\t\n\t\t\t\t<div class=\"et_pb_module_inner\">\n\t\t\t\t\t              <div id=\"openModal\" class=\"wrapper-modal\">\n          <div id=\"content-modal\" class=\"animate\">\n            <div class=\"closeModal\">\n              <span class=\"close\" title=\"Close Modal\">\u00d7<\/span>\n            <\/div>\n          <\/div>\n        <\/div>\n        <button id=\"fazerInscricao\" style=\"background:\" class=\"btn btn-custom btn-modal\">\n          <span style=\"color:\" id=\"lblBotao\">\n            Inscreva-se Gratuitamente          <\/span>\n          <div style=\"background:\" class=\"send__icon\">\n            <i style=\"color:#fff; background:#f2c100\" class=\"fa fa-chevron-right\" aria-hidden=\"true\"><\/i>\n          <\/div>\n        <\/button>\n\n      <div id=\"forms\">\r\n  <form class=\"needs-validation\" id=\"forms_layout\" novalidate>\r\n    <!-- Inputs para Definir \u00c1rea, Concurso, Evento e do pr\u00f3prio Formul\u00e1rio. N\u00c3O RETIRAR E TOMAR CUIDADO AO ALTERAR! -->\r\n    <div class=\"inputs_no_display_forms\">\r\n      <input type=\"hidden\" id=\"retURL\" name=\"Pagina_Origem\" value=\"\" \/>\r\n      <input type=\"hidden\" id=\"utm_term\" name=\"utm_term\" value=\"\" \/>\r\n      <input type=\"hidden\" id=\"utm_content\" name=\"utm_content\" value=\"\" \/>\r\n      <input type=\"hidden\" id=\"utm_source\" name=\"utm_source\" value=\"\" \/>\r\n      <input type=\"hidden\" id=\"utm_medium\" name=\"utm_medium\" value=\"\" \/>\r\n      <input type=\"hidden\" id=\"utm_campaign\" name=\"utm_campaign\" value=\"\" \/>\r\n\r\n      \r\n              <input type=\"hidden\" id=\"chave_de\" name=\"chave_de\" value=\"01_EVEST_LEADS_TOTAIS\" \/>\r\n        <input type=\"hidden\" id=\"mid\" name=\"mid\" value=\"515008983\" \/>\r\n      \r\n            <input type=\"hidden\" id=\"sucesso\" name=\"Coringa_02\" value=\"https:\/\/mkt.estrategia.com\/vestibulares\/sucesso-ebook-guia-uerj-2eq\" \/>\r\n      <input type=\"hidden\" id=\"Cidade_OrigemIP__c\" maxlength=\"200\" name=\"Cidade_de_Origem_do_IP\" size=\"20\" type=\"text\" \/>\r\n      <input type=\"hidden\" id=\"Estado_OrigemIP__c\" maxlength=\"200\" name=\"Estado_de_Origem_do_IP\" size=\"20\" type=\"text\" \/>\r\n\r\n      <input type=\"hidden\" id=\"nomeDE\" name=\"Interesse_Concurso\" value=\"\" \/>\r\n\r\n      <input type=\"hidden\" id=\"welcome\" name=\"welcome\" value=\"wlc_evest_uerj-ebook25_vitalic_2025\" \/>\r\n      <input type=\"hidden\" id=\"Area_de_Interesse__c\" name=\"Interesse_Area\" value=\"Vestibulares_Area\" \/>\r\n      <input type=\"hidden\" id=\"Modo_de_entrada__c\" name=\"Coringa_01\" value=\"landing-page\" \/>\r\n      <input type=\"hidden\" id=\"Entrada\" name=\"Modo_de_entrada\" value=\"landing-page\" \/>\r\n      <input type=\"hidden\" id=\"Interesse_Evento__c\" name=\"Interesse_Evento\" value=\"\" \/>\r\n      <input type=\"hidden\" id=\"dev_zapp\" name=\"dev_zapp\" value=\"off\" \/>\r\n    <\/div>\r\n    <!-- Inputs B\u00e1sicos de todos os formul\u00e1rios de Novos Neg\u00f3cios -->\n<div class=\"form-group\">\n  <div class=\"input-group first_name labels\">\n    <span class=\"input-group-text icon-user\"><\/span>\n    <input type=\"text\" class=\"form-control input_labels\" name=\"Nome_Completo\" id=\"first_name\" placeholder=\"NOME\" pattern=\"[a-zA-Z\u00e1\u00e3\u00e2\u00e9\u00ea\u00ed\u00ee\u00f3\u00f4\u00f5\u00fa\u00e7\\s]+$\" required \/>\n    <div class=\"invalid-feedback\">\n      Nome obrigat\u00f3rio.\n    <\/div>\n  <\/div>\n<\/div>\n<div class=\"form-group\">\n  <div class=\"input-group email labels\">\n    <span class=\"input-group-text icon-email\"><\/span>\n    <input type=\"email\" class=\"form-control input_labels\" name=\"Email\" id=\"email\" placeholder=\"EMAIL\" pattern=\"[a-z0-9._%+\\-]+@[a-z0-9.\\-]+\\.[a-z]{2,4}$\" required \/>\n    <div class=\"invalid-feedback\">\n      Email obrigat\u00f3rio.\n    <\/div>\n  <\/div>\n<\/div>\n<div class=\"form-group\">\n  <div class=\"input-group phone labels\">\n    <span class=\"input-group-text icon-phone\"><\/span>\n    <input type=\"tel\" class=\"form-control input_labels\" name=\"Telefone\" id=\"phone\" maxlength=\"15\" placeholder=\"TELEFONE\" \/>\n  <\/div>\n<\/div>\n<!-- End Inputs -->    <div class=\"connect_icon py-1\">\r\n      <button id=\"button\" style=\"background:\" type=\"submit\" class=\"btn btn-custom\">\r\n        <span style=\"color:\" id=\"lblBotao\">\r\n          Inscreva-se Gratuitamente        <\/span>\r\n        <div style=\"background:\" class=\"send__icon\">\r\n          <i style=\"color:#fff; background:#f2c100\" class=\"fa fa-chevron-right\" aria-hidden=\"true\"><\/i>\r\n        <\/div>\r\n      <\/button>\r\n    <\/div>\r\n    <div class=\"form-check mt-3\">\r\n      <input class=\"form-check-input\" type=\"checkbox\" id=\"check-custom\" checked \/>\r\n      <label class=\"form-check-label\" for=\"check-custom\">\r\n        Ao clicar no bot\u00e3o, voc\u00ea concorda com nossos <a class=\"politics_privacy_ahref\" href=\"https:\/\/www.estrategiaconcursos.com.br\/pagina\/termos-de-uso\/\" target=\"_blank\" rel=\"noopener noreferrer\">Termos de Uso<\/a> e <a class=\"politics_privacy_ahref\" href=\"https:\/\/gratis.estrategiaconcursos.com.br\/politica-de-privacidade\/\" target=\"_blank\" rel=\"noopener noreferrer\">Pol\u00edtica de Privacidade<\/a>, incluindo o uso de cookies e o envio de comunica\u00e7\u00f5es.\r\n      <\/label>\r\n    <\/div>\r\n  <\/form><!-- \/forms_layout -->\r\n<\/div><!-- \/forms -->      \n\t\t\t\t<\/div>\n\t\t\t<\/div>Guia da UERJ2\u00ba EQ 2026 Este e-book gratuito foi criado [&hellip;]<\/p>\n","protected":false},"author":88,"featured_media":374140,"parent":0,"menu_order":0,"comment_status":"closed","ping_status":"closed","template":"","meta":{"_et_pb_use_builder":"on","_et_pb_old_content":"","_et_gb_content_width":"","footnotes":""},"categories":[9],"tags":[],"class_list":["post-374139","page","type-page","status-publish","has-post-thumbnail","hentry","category-ebooks"],"_links":{"self":[{"href":"https:\/\/mkt.estrategia.com\/vestibulares\/wp-json\/wp\/v2\/pages\/374139","targetHints":{"allow":["GET"]}}],"collection":[{"href":"https:\/\/mkt.estrategia.com\/vestibulares\/wp-json\/wp\/v2\/pages"}],"about":[{"href":"https:\/\/mkt.estrategia.com\/vestibulares\/wp-json\/wp\/v2\/types\/page"}],"author":[{"embeddable":true,"href":"https:\/\/mkt.estrategia.com\/vestibulares\/wp-json\/wp\/v2\/users\/88"}],"replies":[{"embeddable":true,"href":"https:\/\/mkt.estrategia.com\/vestibulares\/wp-json\/wp\/v2\/comments?post=374139"}],"version-history":[{"count":16,"href":"https:\/\/mkt.estrategia.com\/vestibulares\/wp-json\/wp\/v2\/pages\/374139\/revisions"}],"predecessor-version":[{"id":374170,"href":"https:\/\/mkt.estrategia.com\/vestibulares\/wp-json\/wp\/v2\/pages\/374139\/revisions\/374170"}],"wp:featuredmedia":[{"embeddable":true,"href":"https:\/\/mkt.estrategia.com\/vestibulares\/wp-json\/wp\/v2\/media\/374140"}],"wp:attachment":[{"href":"https:\/\/mkt.estrategia.com\/vestibulares\/wp-json\/wp\/v2\/media?parent=374139"}],"wp:term":[{"taxonomy":"category","embeddable":true,"href":"https:\/\/mkt.estrategia.com\/vestibulares\/wp-json\/wp\/v2\/categories?post=374139"},{"taxonomy":"post_tag","embeddable":true,"href":"https:\/\/mkt.estrategia.com\/vestibulares\/wp-json\/wp\/v2\/tags?post=374139"}],"curies":[{"name":"wp","href":"https:\/\/api.w.org\/{rel}","templated":true}]}}