{"id":229127,"date":"2025-12-17T21:02:12","date_gmt":"2025-12-18T00:02:12","guid":{"rendered":"https:\/\/mkt.estrategia.com\/oab\/?page_id=229127"},"modified":"2025-12-23T14:24:06","modified_gmt":"2025-12-23T17:24:06","slug":"sucesso-missao-oab-2026","status":"publish","type":"page","link":"https:\/\/mkt.estrategia.com\/oab\/sucesso-missao-oab-2026\/","title":{"rendered":"Sucesso Miss\u00e3o &#8211; OAB 2026"},"content":{"rendered":"<p>[et_pb_section fb_built=&#8221;1&#8243; _builder_version=&#8221;4.27.5&#8243; _module_preset=&#8221;default&#8221; use_background_color_gradient=&#8221;on&#8221; background_color_gradient_direction=&#8221;353deg&#8221; background_color_gradient_stops=&#8221;rgba(255,255,255,0.88) 1%|rgba(255,255,255,0.13) 37%&#8221; background_color_gradient_overlays_image=&#8221;on&#8221; background_image=&#8221;https:\/\/mkt.estrategia.com\/oab\/wp-content\/uploads\/sites\/5\/2025\/12\/bgoab2.webp&#8221; custom_padding=&#8221;26px||0px|||&#8221; hover_enabled=&#8221;0&#8243; locked=&#8221;off&#8221; global_colors_info=&#8221;{}&#8221; custom_padding_last_edited=&#8221;on|phone&#8221; custom_padding_phone=&#8221;||40px||false|false&#8221; sticky_enabled=&#8221;0&#8243; custom_padding_tablet=&#8221;26px||0px|||&#8221;][et_pb_row _builder_version=&#8221;4.27.4&#8243; _module_preset=&#8221;default&#8221; global_colors_info=&#8221;{}&#8221;][et_pb_column type=&#8221;4_4&#8243; _builder_version=&#8221;4.27.4&#8243; _module_preset=&#8221;default&#8221; global_colors_info=&#8221;{}&#8221;][et_pb_image src=&#8221;https:\/\/mkt.estrategia.com\/oab\/wp-content\/uploads\/sites\/5\/2024\/07\/oab-logo.webp&#8221; title_text=&#8221;oab-logo&#8221; align=&#8221;center&#8221; disabled_on=&#8221;on|off|off&#8221; _builder_version=&#8221;4.27.4&#8243; _module_preset=&#8221;default&#8221; width=&#8221;20%&#8221; module_alignment=&#8221;center&#8221; custom_margin=&#8221;||4px|||&#8221; global_colors_info=&#8221;{}&#8221;][\/et_pb_image][et_pb_image src=&#8221;https:\/\/mkt.estrategia.com\/oab\/wp-content\/uploads\/sites\/5\/2024\/07\/oab-logo.webp&#8221; title_text=&#8221;oab-logo&#8221; align=&#8221;center&#8221; disabled_on=&#8221;off|on|on&#8221; _builder_version=&#8221;4.27.4&#8243; _module_preset=&#8221;default&#8221; width=&#8221;50%&#8221; module_alignment=&#8221;center&#8221; global_colors_info=&#8221;{}&#8221;][\/et_pb_image][\/et_pb_column][\/et_pb_row][et_pb_row _builder_version=&#8221;4.27.4&#8243; _module_preset=&#8221;default&#8221; global_colors_info=&#8221;{}&#8221;][et_pb_column type=&#8221;4_4&#8243; _builder_version=&#8221;4.27.4&#8243; _module_preset=&#8221;default&#8221; global_colors_info=&#8221;{}&#8221;][et_pb_image src=&#8221;https:\/\/mkt.estrategia.com\/oab\/wp-content\/uploads\/sites\/5\/2024\/12\/LOADING_MISSAO-OAB.webp&#8221; title_text=&#8221;LOADING_MISSAO-OAB&#8221; align=&#8221;center&#8221; disabled_on=&#8221;off|on|on&#8221; _builder_version=&#8221;4.27.4&#8243; _module_preset=&#8221;default&#8221; width=&#8221;70%&#8221; custom_margin=&#8221;||6px|||&#8221; global_colors_info=&#8221;{}&#8221; max_height__hover_enabled=&#8221;on|desktop&#8221;][\/et_pb_image][et_pb_image src=&#8221;https:\/\/mkt.estrategia.com\/oab\/wp-content\/uploads\/sites\/5\/2024\/12\/LOADING_MISSAO-OAB.webp&#8221; title_text=&#8221;LOADING_MISSAO-OAB&#8221; align=&#8221;center&#8221; disabled_on=&#8221;on|off|off&#8221; _builder_version=&#8221;4.27.4&#8243; _module_preset=&#8221;default&#8221; width=&#8221;33%&#8221; global_colors_info=&#8221;{}&#8221; max_height__hover_enabled=&#8221;on|desktop&#8221;][\/et_pb_image][et_pb_text _builder_version=&#8221;4.27.4&#8243; _module_preset=&#8221;default&#8221; text_font_size=&#8221;28px&#8221; header_2_font=&#8221;||||||||&#8221; custom_css_main_element=&#8221;   h2{font-family: &#8216;Press Start 2P&#8217;, cursive;||    color: #bc1b3d!important;||    font-weight: 800;||    line-height: 1.3em;||    ||}&#8221; global_colors_info=&#8221;{}&#8221;]<\/p>\n<p style=\"text-align: center;\"><b>Voc\u00ea est\u00e1 quase l\u00e1.<\/b><\/p>\n<p>[\/et_pb_text][et_pb_text _builder_version=&#8221;4.27.4&#8243; _module_preset=&#8221;default&#8221; text_font=&#8221;Press Start 2P|600|||||||&#8221; text_text_color=&#8221;#bc1b3d&#8221; text_font_size=&#8221;26px&#8221; text_line_height=&#8221;1.3em&#8221; global_colors_info=&#8221;{}&#8221;]<\/p>\n<p style=\"text-align: center;\">BORA ZERAR ESSE GAME?<\/p>\n<p>[\/et_pb_text][et_pb_text _builder_version=&#8221;4.27.4&#8243; _module_preset=&#8221;default&#8221; text_font=&#8221;Press Start 2P|600|||||||&#8221; text_text_color=&#8221;#bc1b3d&#8221; text_font_size=&#8221;26px&#8221; global_colors_info=&#8221;{}&#8221;]<\/p>\n<p style=\"text-align: center;\">VOC\u00ca EST\u00c1 A UM CLIQUE!<\/p>\n<p>[\/et_pb_text][\/et_pb_column][\/et_pb_row][\/et_pb_section][et_pb_section fb_built=&#8221;1&#8243; _builder_version=&#8221;4.27.4&#8243; _module_preset=&#8221;default&#8221; background_color=&#8221;#190707&#8243; custom_padding=&#8221;14px||0px|||&#8221; locked=&#8221;off&#8221; global_colors_info=&#8221;{}&#8221;][et_pb_row use_custom_gutter=&#8221;on&#8221; gutter_width=&#8221;2&#8243; make_equal=&#8221;on&#8221; _builder_version=&#8221;4.27.5&#8243; _module_preset=&#8221;default&#8221; z_index=&#8221;0&#8243; max_width=&#8221;1291px&#8221; custom_margin=&#8221;-120px|auto||auto|false|false&#8221; hover_enabled=&#8221;0&#8243; global_colors_info=&#8221;{}&#8221; sticky_enabled=&#8221;0&#8243; custom_margin_last_edited=&#8221;on|phone&#8221; custom_margin_phone=&#8221;-80px||||false|false&#8221; custom_margin_tablet=&#8221;-120px|auto||auto|false|false&#8221;][et_pb_column type=&#8221;4_4&#8243; _builder_version=&#8221;4.27.4&#8243; _module_preset=&#8221;default&#8221; background_color=&#8221;#4d1b1c&#8221; use_background_color_gradient=&#8221;on&#8221; background_color_gradient_stops=&#8221;#472727 0%|#2b0909 100%&#8221; background_enable_image=&#8221;off&#8221; custom_padding=&#8221;20px|20px|20px|20px|true|true&#8221; border_radii=&#8221;off||50px||&#8221; global_colors_info=&#8221;{}&#8221;][et_pb_image src=&#8221;https:\/\/mkt.estrategia.com\/oab\/wp-content\/uploads\/sites\/5\/2024\/12\/whatsapp_logo-scaled.webp&#8221; title_text=&#8221;whatsapp_logo&#8221; url=&#8221;https:\/\/redirectmais.com\/wpp\/missao-oab-2025&#8243; show_bottom_space=&#8221;off&#8221; align=&#8221;center&#8221; module_class=&#8221;img-gamer-oab&#8221; _builder_version=&#8221;4.27.4&#8243; _module_preset=&#8221;default&#8221; z_index=&#8221;73&#8243; max_width=&#8221;20%&#8221; max_width_tablet=&#8221;35%&#8221; max_width_phone=&#8221;50%&#8221; max_width_last_edited=&#8221;on|phone&#8221; custom_margin=&#8221;-7px||||false|false&#8221; custom_padding=&#8221;10px|10px|10px|10px|true|true&#8221; custom_css_free_form=&#8221;.img-gamer-oab{||    animation: floating-original 3s ease-in-out infinite;||}||||@keyframes floating-original {||    0% {||        transform: translateY(0);||        opacity: 1;||    }||    50% {||        transform: translateY(10px);||        opacity: 1;||    }||    100% {||        transform: translateY(0);||        opacity: 1;||    }||}||&#8221; border_radii=&#8221;on|NaNpx|NaNpx|NaNpx|NaNpx&#8221; global_colors_info=&#8221;{}&#8221;][\/et_pb_image][et_pb_text content_tablet=&#8221;<\/p>\n<h2><span style=%22color: #eadc95;%22><strong>68 mil vagas<\/strong><\/span> em concursos, sal\u00e1rios de at\u00e9 <span style=%22color: #eadc95;%22><strong>R$ 30 mil<\/strong> <\/span>e estabilidade para sempre<\/h2>\n<p>&#8221; content_phone=&#8221;<\/p>\n<h2><span style=%22color: #eadc95;%22><strong>68 mil vagas<\/strong><\/span> em concursos, sal\u00e1rios de at\u00e9 <span style=%22color: #eadc95;%22><strong>R$ 30 mil<\/strong> <\/span>e estabilidade para sempre<\/h2>\n<p>&#8221; content_last_edited=&#8221;off|desktop&#8221; _builder_version=&#8221;4.27.5&#8243; _module_preset=&#8221;default&#8221; header_text_align=&#8221;left&#8221; header_2_font=&#8221;Roboto Regular||||||||&#8221; header_2_text_align=&#8221;left&#8221; header_2_text_color=&#8221;#FFFFFF&#8221; header_2_font_size=&#8221;20px&#8221; header_2_line_height=&#8221;1.3em&#8221; custom_margin=&#8221;30px||||false|false&#8221; header_text_align_tablet=&#8221;left&#8221; header_text_align_phone=&#8221;center&#8221; header_text_align_last_edited=&#8221;on|phone&#8221; header_2_font_size_tablet=&#8221;24px&#8221; header_2_font_size_phone=&#8221;22px&#8221; header_2_font_size_last_edited=&#8221;on|phone&#8221; global_colors_info=&#8221;{}&#8221;]<\/p>\n<h4 style=\"text-align: center;\"><span style=\"color: #ffffff;\"><strong><b>Participe do <\/b><span style=\"color: #ffff00;\"><b>Grupo Exclusivo <\/b><\/span><b>no WhatsApp para receber o simulado e demais conte\u00fados gratuitos em primeira m\u00e3o!<br \/><\/b><\/strong><\/span><\/h4>\n<p>[\/et_pb_text][et_pb_button button_url=&#8221;https:\/\/sndflw.com\/i\/missao-oab-2026&#8243; url_new_window=&#8221;on&#8221; button_text=&#8221;Clique para participar&#8221; button_alignment=&#8221;center&#8221; _builder_version=&#8221;4.27.5&#8243; _module_preset=&#8221;default&#8221; custom_button=&#8221;on&#8221; button_text_color=&#8221;#FFFFFF&#8221; global_colors_info=&#8221;{}&#8221;][\/et_pb_button][\/et_pb_column][\/et_pb_row][et_pb_row _builder_version=&#8221;4.27.4&#8243; _module_preset=&#8221;default&#8221; background_color=&#8221;#490013&#8243; width=&#8221;100%&#8221; max_width=&#8221;1958px&#8221; custom_padding=&#8221;0px|0px|0px|0px|true|true&#8221; global_colors_info=&#8221;{}&#8221;][et_pb_column type=&#8221;4_4&#8243; _builder_version=&#8221;4.27.4&#8243; _module_preset=&#8221;default&#8221; global_colors_info=&#8221;{}&#8221;][et_pb_image src=&#8221;https:\/\/mkt.estrategia.com\/oab\/wp-content\/uploads\/sites\/5\/2024\/12\/divisor-missao-OAB-2025-2.webp&#8221; title_text=&#8221;divisor-miss\u00e3o-OAB-2025-2&#8243; _builder_version=&#8221;4.27.4&#8243; _module_preset=&#8221;default&#8221; width=&#8221;100%&#8221; custom_margin=&#8221;0px|||||&#8221; custom_padding=&#8221;0px|0px|0px|0px|true|true&#8221; global_colors_info=&#8221;{}&#8221;][\/et_pb_image][\/et_pb_column][\/et_pb_row][\/et_pb_section][et_pb_section fb_built=&#8221;1&#8243; admin_label=&#8221;Footer OAB&#8221; module_class=&#8221;section-cursos&#8221; _builder_version=&#8221;4.16&#8243; background_color=&#8221;RGBA(255,255,255,0)&#8221; min_height=&#8221;300.3px&#8221; display_conditions=&#8221;W3siaWQiOiJhZDg5ZGY0Zi0xZTlmLTQxZDQtYTgzZi0wMzllMTI4MDdkOGYiLCJjb25kaXRpb24iOiJ1c2VyUm9sZSIsImNvbmRpdGlvblNldHRpbmdzIjp7InVzZXJSb2xlRGlzcGxheSI6ImlzIiwidXNlclJvbGVzIjpbeyJsYWJlbCI6IkFkbWluaXN0cmF0b3IiLCJ2YWx1ZSI6ImFkbWluaXN0cmF0b3IifV0sInVzZXJJZHMiOiJVc2VyIElEcyBzZXBhcmF0ZWQgYnkgY29tbWFzIiwiYWRtaW5MYWJlbCI6IlVzZXIgUm9sZSIsImVuYWJsZUNvbmRpdGlvbiI6Im9mZiJ9LCJvcGVyYXRvciI6Ik9SIn1d&#8221; custom_margin=&#8221;0px|0px|0px|0px|false|false&#8221; custom_padding=&#8221;59px|0px|50px|0px|false|false&#8221; saved_tabs=&#8221;all&#8221; locked=&#8221;off&#8221; global_colors_info=&#8221;%91%93&#8243; custom_css_before_last_edited=&#8221;on|desktop&#8221;][et_pb_row admin_label=&#8221;Footer Area&#8221; _builder_version=&#8221;4.16&#8243; custom_padding=&#8221;|||&#8221; global_colors_info=&#8221;{}&#8221;][et_pb_column type=&#8221;4_4&#8243; _builder_version=&#8221;4.16&#8243; custom_padding=&#8221;|||&#8221; global_colors_info=&#8221;{}&#8221; custom_padding__hover=&#8221;|||&#8221;][et_pb_text admin_label=&#8221;Title&#8221; _builder_version=&#8221;4.16&#8243; text_font=&#8221;Roboto||||||||&#8221; text_text_color=&#8221;#6d6d6d&#8221; text_font_size=&#8221;24px&#8221; text_line_height=&#8221;0.3em&#8221; header_font=&#8221;Roboto||||||||&#8221; header_2_font=&#8221;Roboto|600|||||||&#8221; header_2_font_size=&#8221;22px&#8221; header_2_line_height=&#8221;1.5em&#8221; header_3_font=&#8221;Roboto||||||||&#8221; header_4_font=&#8221;||||||||&#8221; header_5_font=&#8221;||||||||&#8221; header_6_font=&#8221;||||||||&#8221; custom_margin=&#8221;|||&#8221; animation_style=&#8221;fade&#8221; animation_direction=&#8221;top&#8221; animation_starting_opacity=&#8221;100%&#8221; text_font_size_tablet=&#8221;18px&#8221; text_font_size_phone=&#8221;18px&#8221; text_font_size_last_edited=&#8221;on|phone&#8221; global_colors_info=&#8221;{}&#8221;]<\/p>\n<p style=\"text-align: center;\"><span style=\"font-size: 24px;\">Estrat\u00e9gia OAB<\/span><\/p>\n<p style=\"text-align: center;\"><span style=\"font-size: 13px;\">www.estrategiaconcursos.com.br<\/span><\/p>\n<p style=\"text-align: center;\"><span style=\"font-size: 13px;\">contato@estrategiaconcursos.com.br<\/span><\/p>\n<p>[\/et_pb_text][et_pb_social_media_follow _builder_version=&#8221;4.16&#8243; text_orientation=&#8221;center&#8221; custom_margin=&#8221;|||&#8221; custom_margin_tablet=&#8221;&#8221; custom_margin_phone=&#8221;|0px||&#8221; custom_margin_last_edited=&#8221;on|phone&#8221; global_colors_info=&#8221;{}&#8221;][et_pb_social_media_follow_network social_network=&#8221;instagram&#8221; url=&#8221;https:\/\/www.instagram.com\/estrategiaoab\/&#8221; _builder_version=&#8221;4.16&#8243; background_color=&#8221;#ea2c59&#8243; custom_margin=&#8221;|||&#8221; custom_padding=&#8221;6px|6px|6px|6px&#8221; global_colors_info=&#8221;{}&#8221; follow_button=&#8221;off&#8221; url_new_window=&#8221;on&#8221;]instagram[\/et_pb_social_media_follow_network][et_pb_social_media_follow_network social_network=&#8221;youtube&#8221; url=&#8221;https:\/\/www.youtube.com\/channel\/UC7rgrKTSF5aOrBGWOw60ovw&#8221; _builder_version=&#8221;4.16&#8243; background_color=&#8221;#a82400&#8243; custom_margin=&#8221;|||&#8221; custom_padding=&#8221;6px|6px|6px|6px&#8221; global_colors_info=&#8221;{}&#8221; follow_button=&#8221;off&#8221; url_new_window=&#8221;on&#8221;]youtube[\/et_pb_social_media_follow_network][et_pb_social_media_follow_network social_network=&#8221;facebook&#8221; url=&#8221;https:\/\/www.facebook.com\/oabestrategia\/&#8221; _builder_version=&#8221;4.16&#8243; background_color=&#8221;#3b5998&#8243; custom_margin=&#8221;|||&#8221; custom_padding=&#8221;6px|6px|6px|6px&#8221; global_colors_info=&#8221;{}&#8221; follow_button=&#8221;off&#8221; url_new_window=&#8221;on&#8221;]facebook[\/et_pb_social_media_follow_network][\/et_pb_social_media_follow][\/et_pb_column][\/et_pb_row][\/et_pb_section]<\/p>\n","protected":false},"excerpt":{"rendered":"<p>Voc\u00ea est\u00e1 quase l\u00e1.BORA ZERAR ESSE GAME?VOC\u00ca EST\u00c1 A UM CLIQUE!Participe do Grupo Exclusivo no WhatsApp para receber o simulado e demais conte\u00fados gratuitos em primeira m\u00e3o!Estrat\u00e9gia OAB www.estrategiaconcursos.com.br contato@estrategiaconcursos.com.br<\/p>\n","protected":false},"author":56,"featured_media":0,"parent":0,"menu_order":0,"comment_status":"closed","ping_status":"closed","template":"","meta":{"_et_pb_use_builder":"on","_et_pb_old_content":"<!-- wp:divi\/placeholder \/-->","_et_gb_content_width":"","footnotes":""},"categories":[15],"tags":[],"class_list":["post-229127","page","type-page","status-publish","hentry","category-sucesso-campanhas"],"_links":{"self":[{"href":"https:\/\/mkt.estrategia.com\/oab\/wp-json\/wp\/v2\/pages\/229127","targetHints":{"allow":["GET"]}}],"collection":[{"href":"https:\/\/mkt.estrategia.com\/oab\/wp-json\/wp\/v2\/pages"}],"about":[{"href":"https:\/\/mkt.estrategia.com\/oab\/wp-json\/wp\/v2\/types\/page"}],"author":[{"embeddable":true,"href":"https:\/\/mkt.estrategia.com\/oab\/wp-json\/wp\/v2\/users\/56"}],"replies":[{"embeddable":true,"href":"https:\/\/mkt.estrategia.com\/oab\/wp-json\/wp\/v2\/comments?post=229127"}],"version-history":[{"count":6,"href":"https:\/\/mkt.estrategia.com\/oab\/wp-json\/wp\/v2\/pages\/229127\/revisions"}],"predecessor-version":[{"id":229373,"href":"https:\/\/mkt.estrategia.com\/oab\/wp-json\/wp\/v2\/pages\/229127\/revisions\/229373"}],"wp:attachment":[{"href":"https:\/\/mkt.estrategia.com\/oab\/wp-json\/wp\/v2\/media?parent=229127"}],"wp:term":[{"taxonomy":"category","embeddable":true,"href":"https:\/\/mkt.estrategia.com\/oab\/wp-json\/wp\/v2\/categories?post=229127"},{"taxonomy":"post_tag","embeddable":true,"href":"https:\/\/mkt.estrategia.com\/oab\/wp-json\/wp\/v2\/tags?post=229127"}],"curies":[{"name":"wp","href":"https:\/\/api.w.org\/{rel}","templated":true}]}}