{"id":8,"date":"2024-07-25T12:47:50","date_gmt":"2024-07-25T15:47:50","guid":{"rendered":"https:\/\/mkt.estrategia.com\/militares\/?page_id=8"},"modified":"2024-07-25T12:49:27","modified_gmt":"2024-07-25T15:49:27","slug":"politica-de-privacidade","status":"publish","type":"page","link":"https:\/\/mkt.estrategia.com\/militares\/politica-de-privacidade\/","title":{"rendered":"Pol\u00edtica de Privacidade"},"content":{"rendered":"\n<h1 class=\"wp-block-heading has-text-color has-link-color wp-elements-aebbce2cc9495cf34d81ebfeb209ab3a\" id=\"h-politica-de-privacidade\" style=\"color:#24473a\"><strong>Pol\u00edtica de Privacidade<\/strong><\/h1>\n\n\n\n<p class=\"has-text-color has-link-color wp-elements-37a668994ea9608d5e842bb4ecf07f92\" style=\"color:#24473a\"><strong>ESTRAT\u00c9GIA EDUCACIONAL S\/A<\/strong><\/p>\n\n\n\n<p>Agradecemos por escolher o Estrat\u00e9gia Educacional.<\/p>\n\n\n\n<p>Nosso compromisso \u00e9 fazer com que sua experi\u00eancia de estudo e aprendizado seja incr\u00edvel para que voc\u00ea alcance seu objetivo: a aprova\u00e7\u00e3o.<\/p>\n\n\n\n<p>Para que nossa rela\u00e7\u00e3o inicie da forma mais transparente, abordaremos em nossa Pol\u00edtica de Privacidade quais os mecanismos que utilizaremos para que tudo aconte\u00e7a de uma maneira interativa e, principalmente, segura.<\/p>\n\n\n\n<p>Valorizamos sua privacidade, entendemos a relev\u00e2ncia de cada dado pessoal para o usu\u00e1rio e queremos que voc\u00ea tenha tranquilidade para usar a plataforma, ciente de todo o fluxo envolvendo os dados coletados. Neste documento voc\u00ea encontrar\u00e1 tudo o que precisa saber sobre a forma como coletamos e tratamos os seus dados.<\/p>\n\n\n\n<p>Alertamos que se voc\u00ea n\u00e3o concordar com o conte\u00fado desta pol\u00edtica, n\u00e3o recomendamos a utiliza\u00e7\u00e3o&nbsp;desta plataforma.<\/p>\n\n\n\n<p>Contem com a gente!<\/p>\n\n\n\n<ol class=\"wp-block-list\">\n<li><strong>INTRODU\u00c7\u00c3O<\/strong><\/li>\n<\/ol>\n\n\n\n<p>Esta Pol\u00edtica integra os Termos de Uso do Estrat\u00e9gia Educacional. Voc\u00ea deve ler atenta e cuidadosamente as condi\u00e7\u00f5es a seguir, pois elas cont\u00eam informa\u00e7\u00f5es importantes sobre a privacidade e a prote\u00e7\u00e3o de seus dados pessoais. O tratamento dos dados pessoais \u00e9 condi\u00e7\u00e3o para utilizar a plataforma do Estrat\u00e9gia Educacional. N\u00e3o \u00e9 poss\u00edvel oferecer as funcionalidades da plataforma sem ter acesso a esses dados pessoais. Esta Pol\u00edtica e suas respectivas atualiza\u00e7\u00f5es devem prevalecer sobre todas as pol\u00edticas, propostas, contratos, entendimentos anteriores e acordos, orais ou escritos, eventualmente existentes entre as partes versando, direta ou indiretamente, sobre o tema de privacidade.<\/p>\n\n\n\n<ol class=\"wp-block-list\" start=\"2\">\n<li><strong><\/strong><strong>DADOS PESSOAIS COLETADOS TRATADOS E ARMAZENADOS PELO ESTRAT\u00c9GIA EDUCACIONAL<\/strong><\/li>\n<\/ol>\n\n\n\n<p><strong>&nbsp;<\/strong>O Estrat\u00e9gia Educacional coleta, trata e armazena as seguintes informa\u00e7\u00f5es:<\/p>\n\n\n\n<ul class=\"wp-block-list\">\n<li>informa\u00e7\u00f5es fornecidas por voc\u00ea (nome, CPF, endere\u00e7o, e-mail e telefone, data de nascimento, escolaridade \u2013 entre outros solicitados no momento do cadastro ou posteriormente), via preenchimento dos formul\u00e1rios para download de nossos conte\u00fados gratuitos e\/ou inscri\u00e7\u00f5es em eventos;<\/li>\n\n\n\n<li>informa\u00e7\u00f5es fornecidas por voc\u00ea nos contatos diretos com o Estrat\u00e9gia Educacional, via e-mail, telefone, redes sociais, entre outros;<\/li>\n\n\n\n<li>informa\u00e7\u00f5es de navega\u00e7\u00e3o nos nossos sites (s\u00e3o coletadas informa\u00e7\u00f5es como endere\u00e7o IP, localiza\u00e7\u00e3o geogr\u00e1fica, tipo de navegador, dura\u00e7\u00e3o da visita e p\u00e1ginas visitadas, dados de conex\u00e3o, hist\u00f3rico de compras); e<\/li>\n\n\n\n<li>informa\u00e7\u00f5es quando voc\u00ea opta por classificar t\u00edtulos, definir suas prefer\u00eancias pessoais, configura\u00e7\u00f5es (inclusive prefer\u00eancias configuradas na se\u00e7\u00e3o \u201cMeus Dados\u201d) ou, de outra forma, quando fornece informa\u00e7\u00f5es ao Estrat\u00e9gia Educacional.<\/li>\n<\/ul>\n\n\n\n<p>Apenas para que voc\u00ea n\u00e3o tenha qualquer d\u00favida, esclarecemos, ainda, que o Estrat\u00e9gia Educacional coleta informa\u00e7\u00f5es sobre voc\u00ea e seu uso dos nossos servi\u00e7os, suas intera\u00e7\u00f5es e publicidade, assim como informa\u00e7\u00f5es sobre seu aparelho celular ou tablet. Tais informa\u00e7\u00f5es incluem:<\/p>\n\n\n\n<ul class=\"wp-block-list\">\n<li>suas atividades nos servi\u00e7os oferecidos na plataforma e prefer\u00eancias;<\/li>\n\n\n\n<li>suas intera\u00e7\u00f5es com nossos e-mails, mensagens de texto e mensagens enviadas por canais de comunica\u00e7\u00e3o&nbsp;<em>push<\/em>&nbsp;e online;<\/li>\n\n\n\n<li>detalhes sobre suas intera\u00e7\u00f5es com o servi\u00e7o de atendimento ao cliente, tais como data, hora e motivo do contato, transcri\u00e7\u00e3o de comunica\u00e7\u00e3o pelo bate-papo e, no caso de chamadas, o seu n\u00famero de telefone e as grava\u00e7\u00f5es das chamadas;<\/li>\n\n\n\n<li>caracter\u00edsticas de aparelhos e software (tais como o tipo e configura\u00e7\u00e3o), informa\u00e7\u00f5es sobre a conex\u00e3o, estat\u00edsticas sobre visualiza\u00e7\u00f5es de p\u00e1gina, fonte encaminhadora (por exemplo, URLs de origem), endere\u00e7o IP, navegador e dados padr\u00e3o de logs de servidores da Internet; e<\/li>\n\n\n\n<li>informa\u00e7\u00f5es coletadas pelo uso de cookies, web beacons e outras tecnologias, incluindo dados de an\u00fancios (tais como informa\u00e7\u00f5es sobre a disponibilidade e distribui\u00e7\u00e3o de an\u00fancios, a URL do site, assim como a data e hora).<\/li>\n<\/ul>\n\n\n\n<ol class=\"wp-block-list\" start=\"3\">\n<li><strong>COMPARTILHAMENTO DE INFORMA\u00c7\u00d5ES<\/strong><\/li>\n<\/ol>\n\n\n\n<p>Os dados pessoais abaixo poder\u00e3o estar dispon\u00edveis na \u00e1rea do aluno:<\/p>\n\n\n\n<ul class=\"wp-block-list\">\n<li>seu nome e\/ou nome de usu\u00e1rio;<\/li>\n\n\n\n<li>foto de perfil;<\/li>\n\n\n\n<li>meta de curso;<\/li>\n\n\n\n<li>cr\u00e9ditos acumulados; e<\/li>\n\n\n\n<li>conte\u00fados p\u00fablicos gerados por voc\u00ea, tais como cadernos de quest\u00f5es,&nbsp;simulados, informa\u00e7\u00f5es de desempenho e coment\u00e1rios em quest\u00f5es.<\/li>\n<\/ul>\n\n\n\n<p>Sempre que voc\u00ea informar tais dados ou publicar conte\u00fados na plataforma voc\u00ea concordar\u00e1 em dar publicidade a tais dados, de forma gratuita e por tempo indeterminado.<\/p>\n\n\n\n<ol class=\"wp-block-list\" start=\"4\">\n<li><strong><\/strong><strong>USO E FINALIDADE DOS DADOS COLETADOS<\/strong><\/li>\n<\/ol>\n\n\n\n<p>Os dados coletados pelo Estrat\u00e9gia Educacional ser\u00e3o utilizados para as seguintes finalidades:<\/p>\n\n\n\n<ul class=\"wp-block-list\">\n<li>realizar o cadastro;<\/li>\n\n\n\n<li>permitir o acesso ao conte\u00fado;<\/li>\n\n\n\n<li>fazer gest\u00e3o das assinaturas;<\/li>\n\n\n\n<li>realizar atividades de suporte;<\/li>\n\n\n\n<li>realizar atividades de an\u00e1lise de preven\u00e7\u00e3o \u00e0 fraude na Plataforma;<\/li>\n\n\n\n<li>arquivar hist\u00f3rico de compras;<\/li>\n\n\n\n<li>realizar a autentica\u00e7\u00e3o do usu\u00e1rio mediante apresenta\u00e7\u00e3o de documentos comprobat\u00f3rios;<\/li>\n\n\n\n<li>operacionalizar os pagamentos em parceria com a terceirizada;<\/li>\n\n\n\n<li>melhorias constantes na plataforma;<\/li>\n\n\n\n<li>envio de informa\u00e7\u00e3o ou de material por voc\u00ea requisitado no preenchimento do formul\u00e1rio;<\/li>\n\n\n\n<li>envio de newsletters, sempre relacionadas a temas de estudos ou participa\u00e7\u00e3o em eventos (online ou presenciais);&nbsp;<\/li>\n\n\n\n<li>envio de mensagens nos formatos:&nbsp; e-mail, sms e whatsapp;<\/li>\n\n\n\n<li>Utilizamos o seu n\u00famero de telefone celular para enviar mensagens via WhatsApp, Telegram e SMS<\/li>\n\n\n\n<li>comunica\u00e7\u00e3o de lan\u00e7amento de novos materiais gratuitos ou de produtos e servi\u00e7os do pr\u00f3prio aplicativo do Estrat\u00e9gia Educacional.<\/li>\n<\/ul>\n\n\n\n<p>O Estrat\u00e9gia Educacional utiliza as informa\u00e7\u00f5es para oferecer, analisar, administrar, aprimorar e personalizar nossos servi\u00e7os, marketing, al\u00e9m de gerenciamento de assinantes, para processar sua inscri\u00e7\u00e3o, seus pedidos e pagamentos. Sendo assim, tamb\u00e9m utilizamos sua informa\u00e7\u00e3o para:<\/p>\n\n\n\n<ul class=\"wp-block-list\">\n<li>determinar sua localiza\u00e7\u00e3o geogr\u00e1fica aproximada a fim de oferecer conte\u00fado localizado, recomenda\u00e7\u00f5es personalizadas e customizadas que podem ser de seu interesse;<\/li>\n\n\n\n<li>ajustar com o seu provedor de Internet quanto \u00e0 resolu\u00e7\u00e3o de problemas de rede para voc\u00ea e ajudar nossa equipe a responder de forma r\u00e1pida e eficiente \u00e0s eventuais d\u00favidas e solicita\u00e7\u00f5es;<\/li>\n\n\n\n<li>coordenar com os parceiros a disponibiliza\u00e7\u00e3o do servi\u00e7o para os nossos alunos assinantes e fornecer aos ainda n\u00e3o assinantes informa\u00e7\u00f5es sobre a disponibilidade do servi\u00e7o de acordo com a rela\u00e7\u00e3o que voc\u00ea mant\u00e9m com o parceiro;<\/li>\n\n\n\n<li>prevenir, detectar e investigar atividades possivelmente proibidas ou ilegais, incluindo atividades fraudulentas, e aplicar nossos termos;<\/li>\n\n\n\n<li>analisar e entender qual a necessidade do nosso p\u00fablico, melhorar os servi\u00e7os, seja em conte\u00fado ou at\u00e9 mesmo configura\u00e7\u00f5es e facilitar a sele\u00e7\u00e3o de conte\u00fado e dos algoritmos de recomenda\u00e7\u00e3o; e<\/li>\n\n\n\n<li>comunicar-se com voc\u00ea sobre o servi\u00e7o para que possamos sempre te manter informado de todas as nossas atualiza\u00e7\u00f5es, dicas, funcionalidades e novos conte\u00fados dispon\u00edveis.<\/li>\n<\/ul>\n\n\n\n<p>Os dados adquiridos poder\u00e3o ser divulgados como pesquisas e estat\u00edsticas, n\u00e3o sendo reveladas abertamente nenhuma informa\u00e7\u00e3o pessoal, a menos que autorizada explicitamente.<\/p>\n\n\n\n<p>Funcion\u00e1rios do Estrat\u00e9gia Educacional poder\u00e3o eventualmente entrar em contato via e-mail,&nbsp;telefone ou outro meio digital para fazer pesquisas ou apresentar produtos e servi\u00e7os.<\/p>\n\n\n\n<p>Importante ressaltar que a qualquer momento voc\u00ea poder\u00e1 cancelar o seu cadastro para recebimento de informa\u00e7\u00f5es.<\/p>\n\n\n\n<ol class=\"wp-block-list\" start=\"5\">\n<li><strong><\/strong><strong>FORNECIMENTO DE DADOS PARA PROTE\u00c7\u00c3O DA PLATAFORMA DO ESTRAT\u00c9GIA EDUCACIONAL<\/strong><\/li>\n<\/ol>\n\n\n\n<p>O Estrat\u00e9gia Educacional e seus prestadores de servi\u00e7os poder\u00e3o fornecer ou, ainda, utilizar as informa\u00e7\u00f5es pessoais sobre voc\u00ea para:<\/p>\n\n\n\n<ul class=\"wp-block-list\">\n<li>atender determinada lei ou norma aplic\u00e1vel, processo ou solicita\u00e7\u00e3o advinda do Poder P\u00fablico;<\/li>\n\n\n\n<li>fazer cumprir as previs\u00f5es dispostas nos Termos de uso do site, podendo ser apurada eventual irregularidade em sua utiliza\u00e7\u00e3o;<\/li>\n\n\n\n<li>detectar ou prevenir atividades ilegais, relacionadas \u00e0 seguran\u00e7a ou problemas t\u00e9cnicos; e<\/li>\n\n\n\n<li>para proteger a plataforma contra infra\u00e7\u00f5es aos direitos, propriedade ou seguran\u00e7a, seja ela de seus usu\u00e1rios ou do p\u00fablico, tudo conforme garantido pelas leis brasileiras ou estrangeiras a que tiver subordinado.<\/li>\n<\/ul>\n\n\n\n<ol class=\"wp-block-list\" start=\"6\">\n<li><strong><\/strong><strong>SOBRE O COMPARTILHAMENTO DE CONTE\u00daDO NAS REDES SOCIAIS<\/strong><\/li>\n<\/ol>\n\n\n\n<p>Ao clicar nos bot\u00f5es de compartilhamento de conte\u00fado nas m\u00eddias sociais dispon\u00edveis em nossas p\u00e1ginas, o usu\u00e1rio publicar\u00e1 o conte\u00fado por meio de seu perfil na rede selecionada.<\/p>\n\n\n\n<p>O Estrat\u00e9gia Educacional n\u00e3o possui acesso ao login ou senha dos usu\u00e1rios nessas redes, nem publicar\u00e1 conte\u00fado em nome do usu\u00e1rio sem que ele autorize esta a\u00e7\u00e3o.<\/p>\n\n\n\n<ol class=\"wp-block-list\" start=\"7\">\n<li><strong>COOKIES<\/strong><\/li>\n<\/ol>\n\n\n\n<p><strong>Utiliza\u00e7\u00e3o de \u201cCookies\u201d:<\/strong>&nbsp;quando voc\u00ea acessar a plataforma, n\u00f3s podemos utilizar \u201cCookies\u201d para reconhecer o perfil do usu\u00e1rio, personalizar sua experi\u00eancia, bem como os servi\u00e7os e demais conte\u00fados dispon\u00edveis na plataforma.<\/p>\n\n\n\n<p>O usu\u00e1rio pode n\u00e3o aceitar os&nbsp;\u201cCookies\u201d&nbsp;para utilizar a plataforma do Estrat\u00e9gia Educacional, mas nestas situa\u00e7\u00f5es deve entender que sua experi\u00eancia na plataforma ser\u00e1 afetada. Os&nbsp;\u201cCookies\u201d&nbsp;podem ser aceitos, exclu\u00eddos ou rejeitados por meio de ferramentas de gerenciamento do pr\u00f3prio navegador do usu\u00e1rio.<\/p>\n\n\n\n<ol class=\"wp-block-list\" start=\"8\">\n<li><strong><\/strong><strong>MENORES<\/strong><\/li>\n<\/ol>\n\n\n\n<p>Para os civilmente incapazes, a utiliza\u00e7\u00e3o da plataforma deve ser autorizada e realizada sob a supervis\u00e3o dos pais ou respons\u00e1veis legais.<\/p>\n\n\n\n<ol class=\"wp-block-list\" start=\"9\">\n<li><strong><\/strong><strong>SOBRE O CANCELAMENTO DO ENVIO DE INFORMA\u00c7\u00d5ES<\/strong><\/li>\n<\/ol>\n\n\n\n<p>Voc\u00ea pode optar por n\u00e3o receber mais qualquer tipo de e-mail do Estrat\u00e9gia Educacional.Nos e-mails que enviamos h\u00e1 um link para cancelar o envio de informa\u00e7\u00f5es. Ao clicar nesse link, voc\u00ea ser\u00e1 automaticamente descadastrado da lista.<\/p>\n\n\n\n<p>\u00c9 importante mencionar que ao preencher qualquer novo formul\u00e1rio ficar\u00e1 caracterizada a reinser\u00e7\u00e3o do seu e-mail \u00e0 lista. Portanto, caso seja de seu interesse, a requisi\u00e7\u00e3o de cancelamento dever\u00e1 ser feita novamente.<\/p>\n\n\n\n<p>Para alterar suas informa\u00e7\u00f5es pessoais ou mesmo exclu\u00ed-las do nosso banco de dados, basta enviar um e-mail para&nbsp;<a href=\"mailto:contato@estrategiaeducacional.com.br\">contato@estrategiaeducacional.com.br<\/a>.<\/p>\n\n\n\n<ol class=\"wp-block-list\" start=\"10\">\n<li><strong>EXCLUS\u00c3O DE DADOS PESSOAIS<\/strong><\/li>\n<\/ol>\n\n\n\n<p>Todos os dados pessoais dos usu\u00e1rios tratados conforme disposto nesta Pol\u00edtica ser\u00e3o mantidos pelo Estrat\u00e9gia Educacional pelo tempo que for necess\u00e1rio para as respectivas finalidades. Tamb\u00e9m podemos reter informa\u00e7\u00f5es conforme exigido por lei ou regulamento ou para exerc\u00edcio regular de direitos, ou ainda em circunst\u00e2ncias em que haja uma finalidade leg\u00edtima do Estrat\u00e9gia Educacional ou de terceiros.<\/p>\n\n\n\n<ol class=\"wp-block-list\" start=\"11\">\n<li><strong><\/strong><strong>MUDAN\u00c7AS NA POL\u00cdTICA DE PRIVACIDADE<\/strong><\/li>\n<\/ol>\n\n\n\n<p>O Estrat\u00e9gia Educacional se reserva o direito de, a qualquer momento, alterar esta Pol\u00edtica de Privacidade, atualizando seu conte\u00fado conforme as necessidades de aperfei\u00e7oamento tecnol\u00f3gico ou de suas funcionalidades.<\/p>\n\n\n\n<p>Quando houver altera\u00e7\u00e3o na Pol\u00edtica de Privacidade, o Estrat\u00e9gia Educacional comunicar\u00e1 seus usu\u00e1rios, alternativamente, por publica\u00e7\u00e3o em \u00e1rea de destaque na plataforma, por e-mail ou por qualquer outra forma que permita a comunica\u00e7\u00e3o com voc\u00ea. Igualmente, voc\u00ea dever\u00e1 verificar a vers\u00e3o atualizada desta Pol\u00edtica toda vez que visitar o site do Estrat\u00e9gia Educacional.<\/p>\n\n\n\n<p>O usu\u00e1rio estar\u00e1 vinculado aos novos termos deste documento a partir da entrega da notifica\u00e7\u00e3o sobre as atualiza\u00e7\u00f5es, assim como ao continuar a acessar a plataforma depois que tais altera\u00e7\u00f5es passarem a valer. Caso voc\u00ea n\u00e3o concorde com os novos termos da Pol\u00edtica de Privacidade, voc\u00ea dever\u00e1 cessar o uso da plataforma.<\/p>\n\n\n\n<ol class=\"wp-block-list\" start=\"12\">\n<li><strong>DIREITOS COM RELA\u00c7\u00c3O AOS SEUS DADOS PESSOAIS<\/strong><\/li>\n<\/ol>\n\n\n\n<p><strong>Direitos e Garantias:<\/strong>&nbsp;o usu\u00e1rio tem direitos e garantias em rela\u00e7\u00e3o aos seus dados pessoais. N\u00f3s disponibilizamos mecanismos, detalhados abaixo, para que os usu\u00e1rios tenham clareza e transpar\u00eancia no exerc\u00edcio de seus direitos. Sempre que necess\u00e1rio, nossa equipe estar\u00e1 pronta para avaliar eventuais solicita\u00e7\u00f5es.<\/p>\n\n\n\n<p><strong>Direitos Previstos na LGPD:<\/strong>&nbsp;nos termos da Lei Geral de Prote\u00e7\u00e3o de Dados (Lei 13.709\/2018) (\u201cLGPD\u201d), voc\u00ea tem direito de:<\/p>\n\n\n\n<ol class=\"wp-block-list\">\n<li>confirmar que realizamos o tratamento dos seus dados pessoais;<\/li>\n\n\n\n<li>acessar seus dados pessoais;<\/li>\n\n\n\n<li>requerer a corre\u00e7\u00e3o de dados pessoais que estejam incompletos, inexatos ou desatualizados;<\/li>\n\n\n\n<li>requerer a anonimiza\u00e7\u00e3o, o bloqueio ou a elimina\u00e7\u00e3o de dados pessoais desnecess\u00e1rios e\/ou excessivos;<\/li>\n\n\n\n<li>requerer a portabilidade dos seus dados pessoais a outro fornecedor de servi\u00e7o ou produto, observados os nossos segredos comerciais e industriais, ap\u00f3s a regulamenta\u00e7\u00e3o pela Autoridade Nacional de Prote\u00e7\u00e3o de Dados;<\/li>\n\n\n\n<li>requerer a elimina\u00e7\u00e3o dos dados pessoais tratados com base no seu consentimento, exceto nas hip\u00f3teses de conserva\u00e7\u00e3o de dados pessoais previstas na LGPD;<\/li>\n\n\n\n<li>requerer informa\u00e7\u00f5es sobre com quem compartilhamos os seus dados pessoais;<\/li>\n\n\n\n<li>requerer informa\u00e7\u00f5es sobre a possibilidade de n\u00e3o fornecer o seu consentimento e as consequ\u00eancias; e<\/li>\n\n\n\n<li>revogar o seu consentimento para o tratamento de seus dados pessoais, quando houver tratamento realizado com base no seu consentimento.<\/li>\n<\/ol>\n\n\n\n<p><strong>Informa\u00e7\u00f5es Adicionais:<\/strong>&nbsp;antes de respondermos a uma solicita\u00e7\u00e3o para exerc\u00edcio dos direitos mencionados acima, podemos solicitar que voc\u00ea nos forne\u00e7a algumas informa\u00e7\u00f5es para confirmarmos sua identidade.<\/p>\n\n\n\n<ol class=\"wp-block-list\" start=\"13\">\n<li><strong>TERCEIROS E PARCEIROS<\/strong><\/li>\n<\/ol>\n\n\n\n<p>\u00c9 importante destacar que uma vez na&nbsp;plataforma do Estrat\u00e9gia Educacional o&nbsp;usu\u00e1rio&nbsp;poder\u00e1 ser conduzido, via&nbsp;<em>link,<\/em>&nbsp;a outros portais ou plataformas parceiras, que poder\u00e3o coletar suas informa\u00e7\u00f5es e ter sua pr\u00f3pria Pol\u00edtica de Privacidade.<\/p>\n\n\n\n<p>Cabe ao&nbsp;usu\u00e1rio&nbsp;ler a Pol\u00edtica de Privacidade de tais plataformas fora do ambiente do Estrat\u00e9gia Educacional, sendo de responsabilidade do usu\u00e1rio&nbsp;aceit\u00e1-la ou rejeit\u00e1-la. O Estrat\u00e9gia Educacional&nbsp;n\u00e3o \u00e9 respons\u00e1vel pela Pol\u00edtica de Privacidade nem pelo conte\u00fado de quaisquer websites ou servi\u00e7os de seus parceiros.<\/p>\n\n\n\n<ol class=\"wp-block-list\" start=\"14\">\n<li><strong>LEI APLIC\u00c1VEL E JURISDI\u00c7\u00c3O<\/strong><\/li>\n<\/ol>\n\n\n\n<p>A presente Pol\u00edtica de Privacidade ser\u00e1 regida e interpretada segundo a legisla\u00e7\u00e3o brasileira, no idioma portugu\u00eas, sendo eleito o Foro da Comarca de S\u00e3o Paulo&nbsp;para dirimir qualquer lit\u00edgio ou controv\u00e9rsia envolvendo o presente documento, salvo ressalva espec\u00edfica de compet\u00eancia pessoal, territorial ou funcional pela legisla\u00e7\u00e3o aplic\u00e1vel.<\/p>\n\n\n\n<ol class=\"wp-block-list\" start=\"15\">\n<li><strong><\/strong><strong>INFORMA\u00c7\u00d5ES E D\u00daVIDAS<\/strong><\/li>\n<\/ol>\n\n\n\n<p><strong>D\u00favidas sobre a Pol\u00edtica:<\/strong>&nbsp;se, ap\u00f3s a leitura desta Pol\u00edtica, voc\u00ea ainda tiver qualquer d\u00favida, voc\u00ea pode entrar em contato pelo e-mail&nbsp;&nbsp;<a href=\"mailto:contato@estrategiaeducacional.com.br\">contato@estrategiaeducacional.com.br<\/a>.<\/p>\n\n\n\n<p><strong>D\u00favidas sobre Dados Pessoais:<\/strong>&nbsp;caso as suas d\u00favidas estejam relacionadas \u00e0 forma de tratamento dos seus dados pessoais, voc\u00ea pode entrar em contato com nosso Encarregado(a) Silvio Vranjac pelo e-mail&nbsp;<a href=\"mailto:silvio.vranjac@estrategiaconcursos.com.br\">silvio.vranjac@estrategiaconcursos.com.br<\/a>.<\/p>\n\n\n\n<p><\/p>\n","protected":false},"excerpt":{"rendered":"<p>Pol\u00edtica de Privacidade ESTRAT\u00c9GIA EDUCACIONAL S\/A Agradecemos por escolher o Estrat\u00e9gia Educacional. Nosso compromisso \u00e9 fazer com que sua experi\u00eancia de estudo e aprendizado seja incr\u00edvel para que voc\u00ea alcance seu objetivo: a aprova\u00e7\u00e3o. Para que nossa rela\u00e7\u00e3o inicie da forma mais transparente, abordaremos em nossa Pol\u00edtica de Privacidade quais os mecanismos que utilizaremos para [&hellip;]<\/p>\n","protected":false},"author":1,"featured_media":0,"parent":0,"menu_order":0,"comment_status":"closed","ping_status":"closed","template":"","meta":{"_et_pb_use_builder":"off","_et_pb_old_content":"","_et_gb_content_width":"","footnotes":""},"categories":[],"tags":[],"class_list":["post-8","page","type-page","status-publish","hentry"],"_links":{"self":[{"href":"https:\/\/mkt.estrategia.com\/militares\/wp-json\/wp\/v2\/pages\/8","targetHints":{"allow":["GET"]}}],"collection":[{"href":"https:\/\/mkt.estrategia.com\/militares\/wp-json\/wp\/v2\/pages"}],"about":[{"href":"https:\/\/mkt.estrategia.com\/militares\/wp-json\/wp\/v2\/types\/page"}],"author":[{"embeddable":true,"href":"https:\/\/mkt.estrategia.com\/militares\/wp-json\/wp\/v2\/users\/1"}],"replies":[{"embeddable":true,"href":"https:\/\/mkt.estrategia.com\/militares\/wp-json\/wp\/v2\/comments?post=8"}],"version-history":[{"count":3,"href":"https:\/\/mkt.estrategia.com\/militares\/wp-json\/wp\/v2\/pages\/8\/revisions"}],"predecessor-version":[{"id":12,"href":"https:\/\/mkt.estrategia.com\/militares\/wp-json\/wp\/v2\/pages\/8\/revisions\/12"}],"wp:attachment":[{"href":"https:\/\/mkt.estrategia.com\/militares\/wp-json\/wp\/v2\/media?parent=8"}],"wp:term":[{"taxonomy":"category","embeddable":true,"href":"https:\/\/mkt.estrategia.com\/militares\/wp-json\/wp\/v2\/categories?post=8"},{"taxonomy":"post_tag","embeddable":true,"href":"https:\/\/mkt.estrategia.com\/militares\/wp-json\/wp\/v2\/tags?post=8"}],"curies":[{"name":"wp","href":"https:\/\/api.w.org\/{rel}","templated":true}]}}