{"id":375489,"date":"2025-04-07T12:17:44","date_gmt":"2025-04-07T15:17:44","guid":{"rendered":"https:\/\/mkt.estrategia.com\/militares\/?page_id=375489"},"modified":"2025-04-07T13:03:43","modified_gmt":"2025-04-07T16:03:43","slug":"guia-completo-efomm","status":"publish","type":"page","link":"https:\/\/mkt.estrategia.com\/militares\/guia-completo-efomm\/","title":{"rendered":"Guia Completo EFOMM"},"content":{"rendered":"<p>[et_pb_section fb_built=&#8221;1&#8243; _builder_version=&#8221;4.27.4&#8243; _module_preset=&#8221;default&#8221; background_image=&#8221;https:\/\/mkt.estrategia.com\/militares\/wp-content\/uploads\/sites\/7\/2025\/03\/BG-ESA-EBOOK-scaled.webp&#8221; locked=&#8221;off&#8221; global_colors_info=&#8221;{}&#8221;][et_pb_row _builder_version=&#8221;4.27.4&#8243; _module_preset=&#8221;default&#8221; width_tablet=&#8221;&#8221; width_phone=&#8221;97%&#8221; width_last_edited=&#8221;on|phone&#8221; global_colors_info=&#8221;{}&#8221;][et_pb_column type=&#8221;4_4&#8243; _builder_version=&#8221;4.27.4&#8243; _module_preset=&#8221;default&#8221; global_colors_info=&#8221;{}&#8221;][et_pb_image src=&#8221;https:\/\/mkt.estrategia.com\/militares\/wp-content\/uploads\/sites\/7\/2025\/04\/guia-efomm-final.webp&#8221; title_text=&#8221;guia-efomm-final&#8221; align=&#8221;center&#8221; _builder_version=&#8221;4.27.4&#8243; _module_preset=&#8221;default&#8221; width=&#8221;48%&#8221; width_tablet=&#8221;48%&#8221; width_phone=&#8221;100%&#8221; width_last_edited=&#8221;on|desktop&#8221; module_alignment=&#8221;center&#8221; hover_enabled=&#8221;0&#8243; global_colors_info=&#8221;{}&#8221; sticky_enabled=&#8221;0&#8243;][\/et_pb_image][\/et_pb_column][\/et_pb_row][et_pb_row _builder_version=&#8221;4.27.4&#8243; _module_preset=&#8221;default&#8221; width_tablet=&#8221;&#8221; width_phone=&#8221;94%&#8221; width_last_edited=&#8221;on|phone&#8221; custom_margin=&#8221;|auto|38px|auto||&#8221; global_colors_info=&#8221;{}&#8221;][et_pb_column type=&#8221;4_4&#8243; _builder_version=&#8221;4.27.4&#8243; _module_preset=&#8221;default&#8221; global_colors_info=&#8221;{}&#8221;][et_pb_text _builder_version=&#8221;4.27.4&#8243; _module_preset=&#8221;default&#8221; text_font=&#8221;Poppins Bold|||on|||||&#8221; text_font_size=&#8221;18px&#8221; text_line_height=&#8221;2.2em&#8221; header_2_font=&#8221;Poppins Bold||||||||&#8221; header_2_text_align=&#8221;center&#8221; header_2_text_color=&#8221;#FFFFFF&#8221; header_2_font_size=&#8221;25px&#8221; header_2_line_height=&#8221;1.6em&#8221; text_font_size_tablet=&#8221;&#8221; text_font_size_phone=&#8221;&#8221; text_font_size_last_edited=&#8221;on|phone&#8221; header_2_font_size_tablet=&#8221;25px&#8221; header_2_font_size_phone=&#8221;20px&#8221; header_2_font_size_last_edited=&#8221;on|desktop&#8221; global_colors_info=&#8221;{}&#8221;]<\/p>\n<h2>Desbrave uma das carreiras de maior prest\u00edgio e retorno financeiro da Marinha. Baixe o Guia EFOMM e fique por dentro!<\/h2>\n<p>[\/et_pb_text][formulario_estrategia button_label=&#8221;ACESSAR MATERIAL GRATUITO&#8221; area=&#8221;Militares&#8221; layout=&#8221;basico-nn.php&#8221; desktop_modal=&#8221;on&#8221; need_sucesso=&#8221;on&#8221; sucesso=&#8221;https:\/\/mkt.estrategia.com\/militares\/sucesso-guia-completo-efomm\/&#8221; need_welcome=&#8221;on&#8221; welcome=&#8221;wlc_emil_efomm_ebook25_01&#8243; legado_crm=&#8221;on&#8221; _builder_version=&#8221;4.27.4&#8243; _module_preset=&#8221;default&#8221; text_orientation=&#8221;center&#8221; width=&#8221;68%&#8221; width_tablet=&#8221;68%&#8221; width_phone=&#8221;100%&#8221; width_last_edited=&#8221;on|desktop&#8221; module_alignment=&#8221;center&#8221; hover_enabled=&#8221;0&#8243; global_colors_info=&#8221;{}&#8221; sticky_enabled=&#8221;0&#8243;][\/formulario_estrategia][\/et_pb_column][\/et_pb_row][\/et_pb_section][et_pb_section fb_built=&#8221;1&#8243; _builder_version=&#8221;4.27.4&#8243; _module_preset=&#8221;default&#8221; background_color=&#8221;#FFFFFF&#8221; use_background_color_gradient=&#8221;on&#8221; background_color_gradient_direction=&#8221;241deg&#8221; background_color_gradient_stops=&#8221;#0e242c 0%|#040a08 49%&#8221; custom_padding=&#8221;27px|||||&#8221; locked=&#8221;off&#8221; global_colors_info=&#8221;{}&#8221;][et_pb_row _builder_version=&#8221;4.27.4&#8243; _module_preset=&#8221;default&#8221; custom_margin=&#8221;|auto|38px|auto||&#8221; custom_padding=&#8221;7px||7px|||&#8221; global_colors_info=&#8221;{}&#8221;][et_pb_column type=&#8221;4_4&#8243; _builder_version=&#8221;4.27.4&#8243; _module_preset=&#8221;default&#8221; global_colors_info=&#8221;{}&#8221;][et_pb_text _builder_version=&#8221;4.27.4&#8243; _module_preset=&#8221;default&#8221; text_font=&#8221;Poppins Bold|||on|||||&#8221; text_line_height=&#8221;1.9em&#8221; header_2_font=&#8221;Poppins Bold||||||||&#8221; header_2_text_align=&#8221;center&#8221; header_2_text_color=&#8221;#FFFFFF&#8221; header_2_line_height=&#8221;1.2em&#8221; header_2_font_size_tablet=&#8221;&#8221; header_2_font_size_phone=&#8221;25px&#8221; header_2_font_size_last_edited=&#8221;on|phone&#8221; global_colors_info=&#8221;{}&#8221;]<\/p>\n<h2>Tudo o que voc\u00ea precisa saber sobre a EFOMM est\u00e1 neste E-book GRATUITO:<\/h2>\n<p>[\/et_pb_text][\/et_pb_column][\/et_pb_row][et_pb_row column_structure=&#8221;1_3,1_3,1_3&#8243; _builder_version=&#8221;4.27.4&#8243; _module_preset=&#8221;default&#8221; max_width=&#8221;1326px&#8221; custom_margin=&#8221;-26px|auto||auto||&#8221; custom_padding=&#8221;19px|||||&#8221; global_colors_info=&#8221;{}&#8221;][et_pb_column type=&#8221;1_3&#8243; _builder_version=&#8221;4.27.4&#8243; _module_preset=&#8221;default&#8221; global_colors_info=&#8221;{}&#8221;][\/et_pb_column][et_pb_column type=&#8221;1_3&#8243; _builder_version=&#8221;4.27.4&#8243; _module_preset=&#8221;default&#8221; global_colors_info=&#8221;{}&#8221;][et_pb_blurb title=&#8221;Como funciona a forma\u00e7\u00e3o e a rotina na EFOMM&#8221; use_icon=&#8221;on&#8221; font_icon=&#8221;&#xe052;||divi||400&#8243; icon_color=&#8221;#FFFFFF&#8221; icon_placement=&#8221;left&#8221; image_icon_width=&#8221;20px&#8221; _builder_version=&#8221;4.27.4&#8243; _module_preset=&#8221;default&#8221; header_font=&#8221;Poppins Regular||||||||&#8221; header_text_color=&#8221;#FFFFFF&#8221; custom_margin=&#8221;||10px|||&#8221; global_colors_info=&#8221;{}&#8221;][\/et_pb_blurb][et_pb_blurb title=&#8221;Diferen\u00e7as entre o CIAGA e o CIABA&#8221; use_icon=&#8221;on&#8221; font_icon=&#8221;&#xe052;||divi||400&#8243; icon_color=&#8221;#FFFFFF&#8221; icon_placement=&#8221;left&#8221; image_icon_width=&#8221;20px&#8221; _builder_version=&#8221;4.27.4&#8243; _module_preset=&#8221;default&#8221; header_font=&#8221;Poppins Regular||||||||&#8221; header_text_color=&#8221;#FFFFFF&#8221; custom_margin=&#8221;||10px|||&#8221; global_colors_info=&#8221;{}&#8221;][\/et_pb_blurb][et_pb_blurb title=&#8221;Tudo sobre as provas, etapas eliminat\u00f3rias e teste f\u00edsico&#8221; use_icon=&#8221;on&#8221; font_icon=&#8221;&#xe052;||divi||400&#8243; icon_color=&#8221;#FFFFFF&#8221; icon_placement=&#8221;left&#8221; image_icon_width=&#8221;20px&#8221; _builder_version=&#8221;4.27.4&#8243; _module_preset=&#8221;default&#8221; header_font=&#8221;Poppins Regular||||||||&#8221; header_text_color=&#8221;#FFFFFF&#8221; custom_margin=&#8221;||10px|||&#8221; global_colors_info=&#8221;{}&#8221;][\/et_pb_blurb][et_pb_blurb title=&#8221;Regras, benef\u00edcios e oportunidades da carreira&#8221; use_icon=&#8221;on&#8221; font_icon=&#8221;&#xe052;||divi||400&#8243; icon_color=&#8221;#FFFFFF&#8221; icon_placement=&#8221;left&#8221; image_icon_width=&#8221;20px&#8221; _builder_version=&#8221;4.27.4&#8243; _module_preset=&#8221;default&#8221; header_font=&#8221;Poppins Regular||||||||&#8221; header_text_color=&#8221;#FFFFFF&#8221; custom_margin=&#8221;||10px|||&#8221; global_colors_info=&#8221;{}&#8221;][\/et_pb_blurb][et_pb_blurb title=&#8221;Dados atualizados sobre os \u00faltimos concursos&#8221; use_icon=&#8221;on&#8221; font_icon=&#8221;&#xe052;||divi||400&#8243; icon_color=&#8221;#FFFFFF&#8221; icon_placement=&#8221;left&#8221; image_icon_width=&#8221;20px&#8221; _builder_version=&#8221;4.27.4&#8243; _module_preset=&#8221;default&#8221; header_font=&#8221;Poppins Regular||||||||&#8221; header_text_color=&#8221;#FFFFFF&#8221; custom_margin=&#8221;||10px|||&#8221; global_colors_info=&#8221;{}&#8221;][\/et_pb_blurb][\/et_pb_column][et_pb_column type=&#8221;1_3&#8243; _builder_version=&#8221;4.27.4&#8243; _module_preset=&#8221;default&#8221; global_colors_info=&#8221;{}&#8221;][\/et_pb_column][\/et_pb_row][\/et_pb_section][et_pb_section fb_built=&#8221;1&#8243; _builder_version=&#8221;4.27.4&#8243; _module_preset=&#8221;default&#8221; background_color=&#8221;#e8e8e8&#8243; custom_padding=&#8221;12px|||||&#8221; locked=&#8221;off&#8221; global_colors_info=&#8221;{}&#8221;][et_pb_row _builder_version=&#8221;4.27.4&#8243; _module_preset=&#8221;default&#8221; custom_margin=&#8221;|auto|5px|auto||&#8221; custom_padding=&#8221;||0px|||&#8221; global_colors_info=&#8221;{}&#8221;][et_pb_column type=&#8221;4_4&#8243; _builder_version=&#8221;4.27.4&#8243; _module_preset=&#8221;default&#8221; global_colors_info=&#8221;{}&#8221;][et_pb_text _builder_version=&#8221;4.27.4&#8243; _module_preset=&#8221;default&#8221; text_font=&#8221;Poppins Bold||||||||&#8221; text_text_color=&#8221;#000000&#8243; text_line_height=&#8221;1.9em&#8221; header_2_font=&#8221;Poppins Bold|||on|||||&#8221; header_2_text_align=&#8221;center&#8221; header_2_text_color=&#8221;#000000&#8243; header_2_line_height=&#8221;1.2em&#8221; header_2_font_size_tablet=&#8221;&#8221; header_2_font_size_phone=&#8221;23px&#8221; header_2_font_size_last_edited=&#8221;on|phone&#8221; global_colors_info=&#8221;{}&#8221;]<\/p>\n<h2>Quem segue o passo a passo do Estrat\u00e9gia Militares entra para a AFA!<\/h2>\n<p>[\/et_pb_text][et_pb_divider _builder_version=&#8221;4.27.4&#8243; _module_preset=&#8221;default&#8221; global_colors_info=&#8221;{}&#8221;][\/et_pb_divider][\/et_pb_column][\/et_pb_row][et_pb_row _builder_version=&#8221;4.27.4&#8243; _module_preset=&#8221;default&#8221; global_colors_info=&#8221;{}&#8221;][et_pb_column type=&#8221;4_4&#8243; _builder_version=&#8221;4.27.4&#8243; _module_preset=&#8221;default&#8221; global_colors_info=&#8221;{}&#8221;][estrategia_carrossel columns=&#8221;3&#8243; _builder_version=&#8221;4.27.4&#8243; _module_preset=&#8221;default&#8221; global_colors_info=&#8221;{}&#8221;][imagem_item foto=&#8221;https:\/\/mkt.estrategia.com\/militares\/wp-content\/uploads\/sites\/7\/2025\/04\/Davi-Lima.webp&#8221; _builder_version=&#8221;4.27.4&#8243; _module_preset=&#8221;default&#8221; global_colors_info=&#8221;{}&#8221;][\/imagem_item][imagem_item foto=&#8221;https:\/\/mkt.estrategia.com\/militares\/wp-content\/uploads\/sites\/7\/2025\/04\/Breno-teixeira.webp&#8221; _builder_version=&#8221;4.27.4&#8243; _module_preset=&#8221;default&#8221; global_colors_info=&#8221;{}&#8221;][\/imagem_item][imagem_item foto=&#8221;https:\/\/mkt.estrategia.com\/militares\/wp-content\/uploads\/sites\/7\/2025\/04\/Adriano-Vagner.webp&#8221; _builder_version=&#8221;4.27.4&#8243; _module_preset=&#8221;default&#8221; global_colors_info=&#8221;{}&#8221;][\/imagem_item][imagem_item foto=&#8221;https:\/\/mkt.estrategia.com\/militares\/wp-content\/uploads\/sites\/7\/2025\/04\/Bryan.webp&#8221; _builder_version=&#8221;4.27.4&#8243; _module_preset=&#8221;default&#8221; global_colors_info=&#8221;{}&#8221;][\/imagem_item][\/estrategia_carrossel][\/et_pb_column][\/et_pb_row][\/et_pb_section][et_pb_section fb_built=&#8221;1&#8243; _builder_version=&#8221;4.27.4&#8243; _module_preset=&#8221;default&#8221; background_color=&#8221;#FFFFFF&#8221; use_background_color_gradient=&#8221;on&#8221; background_color_gradient_direction=&#8221;241deg&#8221; background_color_gradient_stops=&#8221;#0e242c 0%|#040a08 49%&#8221; custom_padding=&#8221;27px|||||&#8221; locked=&#8221;off&#8221; global_colors_info=&#8221;{}&#8221;][et_pb_row _builder_version=&#8221;4.27.4&#8243; _module_preset=&#8221;default&#8221; width_tablet=&#8221;&#8221; width_phone=&#8221;89%&#8221; width_last_edited=&#8221;on|phone&#8221; max_width=&#8221;1326px&#8221; custom_padding=&#8221;21px|||||&#8221; global_colors_info=&#8221;{}&#8221;][et_pb_column type=&#8221;4_4&#8243; _builder_version=&#8221;4.27.4&#8243; _module_preset=&#8221;default&#8221; global_colors_info=&#8221;{}&#8221;][et_pb_text _builder_version=&#8221;4.27.4&#8243; _module_preset=&#8221;default&#8221; text_font=&#8221;Poppins Bold||||||||&#8221; text_line_height=&#8221;1.9em&#8221; header_2_font=&#8221;Poppins Bold||||||||&#8221; header_2_text_align=&#8221;left&#8221; header_2_text_color=&#8221;#FFFFFF&#8221; header_2_line_height=&#8221;1.2em&#8221; custom_margin=&#8221;65px||16px|||&#8221; custom_margin_tablet=&#8221;65px||16px|||&#8221; custom_margin_phone=&#8221;0px||16px||false|false&#8221; custom_margin_last_edited=&#8221;on|phone&#8221; header_2_text_align_tablet=&#8221;left&#8221; header_2_text_align_phone=&#8221;left&#8221; header_2_text_align_last_edited=&#8221;on|desktop&#8221; header_2_font_size_tablet=&#8221;&#8221; header_2_font_size_phone=&#8221;21px&#8221; header_2_font_size_last_edited=&#8221;on|phone&#8221; text_orientation_phone=&#8221;center&#8221; text_orientation_last_edited=&#8221;off|desktop&#8221; global_colors_info=&#8221;{}&#8221;]<\/p>\n<h2 style=\"text-align: center;\">QUEM \u00c9 O ESTRAT\u00c9GIA MILITARES?<\/h2>\n<p>[\/et_pb_text][et_pb_image src=&#8221;https:\/\/mkt.estrategia.com\/militares\/wp-content\/uploads\/sites\/7\/2025\/04\/efomm.webp&#8221; title_text=&#8221;efomm&#8221; align=&#8221;center&#8221; _builder_version=&#8221;4.27.4&#8243; _module_preset=&#8221;default&#8221; width=&#8221;22.1%&#8221; width_tablet=&#8221;55%&#8221; width_phone=&#8221;51%&#8221; width_last_edited=&#8221;on|phone&#8221; module_alignment=&#8221;center&#8221; global_colors_info=&#8221;{}&#8221;][\/et_pb_image][et_pb_text _builder_version=&#8221;4.27.4&#8243; _module_preset=&#8221;default&#8221; text_font=&#8221;Poppins Medium||||||||&#8221; text_text_color=&#8221;#FFFFFF&#8221; text_font_size=&#8221;19px&#8221; text_line_height=&#8221;2.2rem&#8221; text_orientation_tablet=&#8221;&#8221; text_orientation_phone=&#8221;&#8221; text_orientation_last_edited=&#8221;on|desktop&#8221; global_colors_info=&#8221;{}&#8221;]<\/p>\n<p style=\"text-align: center;\"><span style=\"font-weight: 400;\">O preparat\u00f3rio militar on-line que j\u00e1 colocou 495 alunos na EFOMM desde 2020, tomando quase METADE do total de vagas dispon\u00edveis todos os anos!<br \/>\n<\/span><\/p>\n<p>[\/et_pb_text][et_pb_button button_url=&#8221;#top&#8221; button_text=&#8221;ACESSAR MATERIAL GRATUITO&#8221; button_alignment=&#8221;center&#8221; button_alignment_tablet=&#8221;&#8221; button_alignment_phone=&#8221;center&#8221; button_alignment_last_edited=&#8221;on|phone&#8221; _builder_version=&#8221;4.27.4&#8243; _module_preset=&#8221;default&#8221; custom_button=&#8221;on&#8221; button_text_color=&#8221;#FFFFFF&#8221; button_bg_use_color_gradient=&#8221;on&#8221; button_bg_color_gradient_direction=&#8221;168deg&#8221; button_bg_color_gradient_stops=&#8221;#7cda24 0%|#0e6332 66%&#8221; button_border_color=&#8221;RGBA(255,255,255,0)&#8221; button_icon=&#8221;&#xe039;||divi||400&#8243; button_on_hover=&#8221;off&#8221; button_text_size_tablet=&#8221;&#8221; button_text_size_phone=&#8221;17px&#8221; button_text_size_last_edited=&#8221;on|phone&#8221; global_colors_info=&#8221;{}&#8221;][\/et_pb_button][\/et_pb_column][\/et_pb_row][\/et_pb_section]<\/p>\n","protected":false},"excerpt":{"rendered":"<p>Desbrave uma das carreiras de maior prest\u00edgio e retorno financeiro da Marinha. Baixe o Guia EFOMM e fique por dentro!<div class=\"et_pb_module formulario_estrategia formulario_estrategia_0\">\n\t\t\t\t\n\t\t\t\t\n\t\t\t\t\n\t\t\t\t\n\t\t\t\t\n\t\t\t\t\n\t\t\t\t<div class=\"et_pb_module_inner\">\n\t\t\t\t\t              <div id=\"openModal\" class=\"wrapper-modal\">\n          <div id=\"content-modal\" class=\"animate\">\n            <div class=\"closeModal\">\n              <span class=\"close\" title=\"Close Modal\">\u00d7<\/span>\n            <\/div>\n          <\/div>\n        <\/div>\n        <button id=\"fazerInscricao\" style=\"background:\" class=\"btn btn-custom btn-modal\">\n          <span style=\"color:\" id=\"lblBotao\">\n            ACESSAR MATERIAL GRATUITO          <\/span>\n          <div style=\"background:\" class=\"send__icon\">\n            <i style=\"color:#fff; background:#f2c100\" class=\"fa fa-chevron-right\" aria-hidden=\"true\"><\/i>\n          <\/div>\n        <\/button>\n\n      <div id=\"forms\">\r\n  <form class=\"needs-validation\" id=\"forms_layout\" novalidate>\r\n    <!-- Inputs para Definir \u00c1rea, Concurso, Evento e do pr\u00f3prio Formul\u00e1rio. N\u00c3O RETIRAR E TOMAR CUIDADO AO ALTERAR! -->\r\n    <div class=\"inputs_no_display_forms\">\r\n      <input type=\"hidden\" id=\"retURL\" name=\"Pagina_Origem\" value=\"\" \/>\r\n      <input type=\"hidden\" id=\"utm_term\" name=\"utm_term\" value=\"\" \/>\r\n      <input type=\"hidden\" id=\"utm_content\" name=\"utm_content\" value=\"\" \/>\r\n      <input type=\"hidden\" id=\"utm_source\" name=\"utm_source\" value=\"\" \/>\r\n      <input type=\"hidden\" id=\"utm_medium\" name=\"utm_medium\" value=\"\" \/>\r\n      <input type=\"hidden\" id=\"utm_campaign\" name=\"utm_campaign\" value=\"\" \/>\r\n\r\n              <input type=\"hidden\" id=\"chave_de\" name=\"chave_de\" value=\"01_EMIL_LEADS_TOTAIS\" \/>\r\n        <input type=\"hidden\" id=\"mid\" name=\"mid\" value=\"515009017\" \/>\r\n      \r\n      \r\n            <input type=\"hidden\" id=\"sucesso\" name=\"Coringa_02\" value=\"https:\/\/mkt.estrategia.com\/militares\/sucesso-guia-completo-efomm\/\" \/>\r\n      <input type=\"hidden\" id=\"Cidade_OrigemIP__c\" maxlength=\"200\" name=\"Cidade_de_Origem_do_IP\" size=\"20\" type=\"text\" \/>\r\n      <input type=\"hidden\" id=\"Estado_OrigemIP__c\" maxlength=\"200\" name=\"Estado_de_Origem_do_IP\" size=\"20\" type=\"text\" \/>\r\n\r\n      <input type=\"hidden\" id=\"nomeDE\" name=\"Interesse_Concurso\" value=\"\" \/>\r\n\r\n      <input type=\"hidden\" id=\"welcome\" name=\"welcome\" value=\"wlc_emil_efomm_ebook25_01\" \/>\r\n      <input type=\"hidden\" id=\"Area_de_Interesse__c\" name=\"Interesse_Area\" value=\"Militar_Area\" \/>\r\n      <input type=\"hidden\" id=\"Modo_de_entrada__c\" name=\"Coringa_01\" value=\"landing-page\" \/>\r\n      <input type=\"hidden\" id=\"Entrada\" name=\"Modo_de_entrada\" value=\"landing-page\" \/>\r\n      <input type=\"hidden\" id=\"Interesse_Evento__c\" name=\"Interesse_Evento\" value=\"\" \/>\r\n      <input type=\"hidden\" id=\"dev_zapp\" name=\"dev_zapp\" value=\"off\" \/>\r\n    <\/div>\r\n    <!-- Inputs B\u00e1sicos de todos os formul\u00e1rios de Novos Neg\u00f3cios -->\n<div class=\"form-group\">\n  <div class=\"input-group first_name labels\">\n    <span class=\"input-group-text icon-user\"><\/span>\n    <input type=\"text\" class=\"form-control input_labels\" name=\"Nome_Completo\" id=\"first_name\" placeholder=\"NOME\" pattern=\"[a-zA-Z\u00e1\u00e3\u00e2\u00e9\u00ea\u00ed\u00ee\u00f3\u00f4\u00f5\u00fa\u00e7\\s]+$\" required \/>\n    <div class=\"invalid-feedback\">\n      Nome obrigat\u00f3rio.\n    <\/div>\n  <\/div>\n<\/div>\n<div class=\"form-group\">\n  <div class=\"input-group email labels\">\n    <span class=\"input-group-text icon-email\"><\/span>\n    <input type=\"email\" class=\"form-control input_labels\" name=\"Email\" id=\"email\" placeholder=\"EMAIL\" pattern=\"[a-z0-9._%+\\-]+@[a-z0-9.\\-]+\\.[a-z]{2,4}$\" required \/>\n    <div class=\"invalid-feedback\">\n      Email obrigat\u00f3rio.\n    <\/div>\n  <\/div>\n<\/div>\n<div class=\"form-group\">\n  <div class=\"input-group phone labels\">\n    <span class=\"input-group-text icon-phone\"><\/span>\n    <input type=\"tel\" class=\"form-control input_labels\" name=\"Telefone\" id=\"phone\" maxlength=\"15\" placeholder=\"TELEFONE\" \/>\n  <\/div>\n<\/div>\n<!-- End Inputs -->    <div class=\"connect_icon py-1\">\r\n      <button id=\"button\" style=\"background:\" type=\"submit\" class=\"btn btn-custom\">\r\n        <span style=\"color:\" id=\"lblBotao\">\r\n          ACESSAR MATERIAL GRATUITO        <\/span>\r\n        <div style=\"background:\" class=\"send__icon\">\r\n          <i style=\"color:#fff; background:#f2c100\" class=\"fa fa-chevron-right\" aria-hidden=\"true\"><\/i>\r\n        <\/div>\r\n      <\/button>\r\n    <\/div>\r\n    <div class=\"form-check mt-3\">\r\n      <input class=\"form-check-input\" type=\"checkbox\" id=\"check-custom\" checked \/>\r\n      <label class=\"form-check-label\" for=\"check-custom\">\r\n        Ao clicar no bot\u00e3o, voc\u00ea concorda com nossos <a class=\"politics_privacy_ahref\" href=\"https:\/\/www.estrategiaconcursos.com.br\/pagina\/termos-de-uso\/\" target=\"_blank\" rel=\"noopener noreferrer\">Termos de Uso<\/a> e <a class=\"politics_privacy_ahref\" href=\"https:\/\/gratis.estrategiaconcursos.com.br\/politica-de-privacidade\/\" target=\"_blank\" rel=\"noopener noreferrer\">Pol\u00edtica de Privacidade<\/a>, incluindo o uso de cookies e o envio de comunica\u00e7\u00f5es.\r\n      <\/label>\r\n    <\/div>\r\n  <\/form><!-- \/forms_layout -->\r\n<\/div><!-- \/forms -->      \n\t\t\t\t<\/div>\n\t\t\t<\/div>Tudo o que voc\u00ea precisa saber sobre a EFOMM est\u00e1 neste E-book GRATUITO:Quem segue [&hellip;]<\/p>\n","protected":false},"author":1,"featured_media":0,"parent":0,"menu_order":0,"comment_status":"closed","ping_status":"closed","template":"","meta":{"_et_pb_use_builder":"on","_et_pb_old_content":"","_et_gb_content_width":"","footnotes":""},"categories":[6],"tags":[],"class_list":["post-375489","page","type-page","status-publish","hentry","category-pagina-de-inscricao"],"_links":{"self":[{"href":"https:\/\/mkt.estrategia.com\/militares\/wp-json\/wp\/v2\/pages\/375489","targetHints":{"allow":["GET"]}}],"collection":[{"href":"https:\/\/mkt.estrategia.com\/militares\/wp-json\/wp\/v2\/pages"}],"about":[{"href":"https:\/\/mkt.estrategia.com\/militares\/wp-json\/wp\/v2\/types\/page"}],"author":[{"embeddable":true,"href":"https:\/\/mkt.estrategia.com\/militares\/wp-json\/wp\/v2\/users\/1"}],"replies":[{"embeddable":true,"href":"https:\/\/mkt.estrategia.com\/militares\/wp-json\/wp\/v2\/comments?post=375489"}],"version-history":[{"count":6,"href":"https:\/\/mkt.estrategia.com\/militares\/wp-json\/wp\/v2\/pages\/375489\/revisions"}],"predecessor-version":[{"id":375503,"href":"https:\/\/mkt.estrategia.com\/militares\/wp-json\/wp\/v2\/pages\/375489\/revisions\/375503"}],"wp:attachment":[{"href":"https:\/\/mkt.estrategia.com\/militares\/wp-json\/wp\/v2\/media?parent=375489"}],"wp:term":[{"taxonomy":"category","embeddable":true,"href":"https:\/\/mkt.estrategia.com\/militares\/wp-json\/wp\/v2\/categories?post=375489"},{"taxonomy":"post_tag","embeddable":true,"href":"https:\/\/mkt.estrategia.com\/militares\/wp-json\/wp\/v2\/tags?post=375489"}],"curies":[{"name":"wp","href":"https:\/\/api.w.org\/{rel}","templated":true}]}}