{"id":386459,"date":"2025-12-09T12:12:50","date_gmt":"2025-12-09T15:12:50","guid":{"rendered":"https:\/\/mkt.estrategia.com\/med\/?page_id=386459"},"modified":"2025-12-09T15:50:10","modified_gmt":"2025-12-09T18:50:10","slug":"projeto-med-2026-curta","status":"publish","type":"page","link":"https:\/\/mkt.estrategia.com\/med\/projeto-med-2026-curta\/","title":{"rendered":"Projeto +MED 2026 Curta"},"content":{"rendered":"<p>[et_pb_section fb_built=&#8221;1&#8243; custom_padding_last_edited=&#8221;on|phone&#8221; module_class=&#8221;hero&#8221; _builder_version=&#8221;4.27.5&#8243; _module_preset=&#8221;default&#8221; background_enable_color=&#8221;off&#8221; use_background_color_gradient=&#8221;on&#8221; background_color_gradient_type=&#8221;circular&#8221; background_color_gradient_direction_radial=&#8221;top right&#8221; background_color_gradient_stops=&#8221;#274a58 0%|#001120 69%&#8221; background_image=&#8221;https:\/\/mkt.estrategia.com\/med\/wp-content\/uploads\/sites\/6\/2025\/12\/BG-ESTRATEGIA-PROJETO-MAIS-MED-2026-GENERICA.webp&#8221; width_phone=&#8221;100%&#8221; width_last_edited=&#8221;off|desktop&#8221; max_width_phone=&#8221;100%&#8221; max_width_last_edited=&#8221;off|desktop&#8221; min_height_tablet=&#8221;&#8221; min_height_phone=&#8221;&#8221; min_height_last_edited=&#8221;on|desktop&#8221; height_tablet=&#8221;&#8221; height_phone=&#8221;&#8221; height_last_edited=&#8221;on|phone&#8221; max_height_tablet=&#8221;700px&#8221; max_height_phone=&#8221;750px&#8221; max_height_last_edited=&#8221;off|desktop&#8221; custom_margin=&#8221;||||false|false&#8221; custom_margin_tablet=&#8221;||||false|false&#8221; custom_margin_phone=&#8221;||||false|false&#8221; custom_margin_last_edited=&#8221;on|phone&#8221; custom_padding=&#8221;50px||50px||true|false&#8221; custom_padding_tablet=&#8221;||||true|false&#8221; custom_padding_phone=&#8221;5px||||false|false&#8221; background_color_tablet=&#8221;#0a0000&#8243; background_color_phone=&#8221;#0a0000&#8243; background_last_edited=&#8221;on|phone&#8221; background_enable_color_tablet=&#8221;on&#8221; background_enable_color_phone=&#8221;on&#8221; use_background_color_gradient_tablet=&#8221;off&#8221; use_background_color_gradient_phone=&#8221;off&#8221; background_image_phone=&#8221;https:\/\/mkt.estrategia.com\/med\/wp-content\/uploads\/sites\/6\/2025\/12\/BG-ESTRATEGIA-PROJETO-MAIS-MED-2026-GENERICA-MOBILE.webp&#8221; background_enable_image_tablet=&#8221;off&#8221; background_enable_image_phone=&#8221;on&#8221; parallax_phone=&#8221;off&#8221; background_size_phone=&#8221;contain&#8221; background_position_tablet=&#8221;center_left&#8221; background_position_phone=&#8221;top_center&#8221; background_horizontal_offset_tablet=&#8221;19%&#8221; background_horizontal_offset_phone=&#8221;100%&#8221; background_vertical_offset_phone=&#8221;0%&#8221; custom_css_free_form=&#8221;||&#8221; border_width_bottom=&#8221;1px&#8221; border_color_bottom=&#8221;#4b566a&#8221; locked=&#8221;off&#8221; global_colors_info=&#8221;{}&#8221;][et_pb_row column_structure=&#8221;3_5,2_5&#8243; use_custom_gutter=&#8221;on&#8221; gutter_width=&#8221;1&#8243; custom_padding_last_edited=&#8221;on|phone&#8221; admin_label=&#8221;Linha&#8221; _builder_version=&#8221;4.27.5&#8243; _module_preset=&#8221;default&#8221; width_tablet=&#8221;90%&#8221; width_phone=&#8221;98%&#8221; width_last_edited=&#8221;on|phone&#8221; max_width=&#8221;1120px&#8221; custom_margin=&#8221;|auto||auto|true|false&#8221; custom_margin_tablet=&#8221;||||true&#8221; custom_margin_last_edited=&#8221;off|desktop&#8221; custom_padding=&#8221;||||false|false&#8221; custom_padding_tablet=&#8221;16px|16px||16px|false|true&#8221; custom_padding_phone=&#8221;10px|0px|30px|0px|false|true&#8221; module_alignment_tablet=&#8221;center&#8221; module_alignment_last_edited=&#8221;off|phone&#8221; collapsed=&#8221;off&#8221; global_colors_info=&#8221;{}&#8221;][et_pb_column type=&#8221;3_5&#8243; _builder_version=&#8221;4.27.4&#8243; _module_preset=&#8221;default&#8221; global_colors_info=&#8221;{}&#8221;][et_pb_image src=&#8221;https:\/\/mkt.estrategia.com\/med\/wp-content\/uploads\/sites\/6\/2025\/11\/Logo-Estrategia-MED-Branco.svg&#8221; title_text=&#8221;Logo Estrat\u00e9gia MED Branco&#8221; src_tablet=&#8221;https:\/\/mkt.estrategia.com\/concursos\/wp-content\/uploads\/sites\/2\/2025\/07\/logo_estrategia_branco.svg&#8221; src_phone=&#8221;https:\/\/mkt.estrategia.com\/concursos\/wp-content\/uploads\/sites\/2\/2025\/10\/teste-imagem-bg-bb-mobile.webp&#8221; src_last_edited=&#8221;off|desktop&#8221; align_tablet=&#8221;&#8221; align_phone=&#8221;center&#8221; align_last_edited=&#8221;on|phone&#8221; admin_label=&#8221;Logo Estrat\u00e9gia Concursos&#8221; _builder_version=&#8221;4.27.5&#8243; _module_preset=&#8221;default&#8221; width=&#8221;20%&#8221; width_tablet=&#8221;18%&#8221; width_phone=&#8221;30%&#8221; width_last_edited=&#8221;on|phone&#8221; custom_margin=&#8221;||20px||false|false&#8221; module_alignment_tablet=&#8221;&#8221; module_alignment_phone=&#8221;center&#8221; module_alignment_last_edited=&#8221;on|phone&#8221; border_width_all=&#8221;0px&#8221; global_colors_info=&#8221;{}&#8221;][\/et_pb_image][et_pb_text content_tablet=&#8221;<\/p>\n<h1>O Guia Definitivo para fazer<br \/>\nde 2026 o ano da sua aprova\u00e7\u00e3o na <span style=%22color: #f3dead;%22>Resid\u00eancia M\u00e9dica<\/span> ou no <span style=%22color: #f3dead;%22>Revalida.<\/span><\/h1>\n<p>&#8221; content_phone=&#8221;<\/p>\n<h1>O Guia Definitivo para fazer<br \/>\nde 2026 o ano da sua aprova\u00e7\u00e3o na <span style=%22color: #f3dead;%22>Resid\u00eancia M\u00e9dica<\/span> ou no <span style=%22color: #f3dead;%22>Revalida.<\/span><\/h1>\n<p>&#8221; content_last_edited=&#8221;on|phone&#8221; admin_label=&#8221;H1&#8243; _builder_version=&#8221;4.27.5&#8243; _module_preset=&#8221;default&#8221; header_font=&#8221;Poppins|600|||||||&#8221; header_text_align=&#8221;left&#8221; header_text_color=&#8221;#FFFFFF&#8221; header_font_size=&#8221;35px&#8221; header_line_height=&#8221;1.3em&#8221; custom_margin=&#8221;20px||0px||false|false&#8221; custom_margin_tablet=&#8221;||-15px|||&#8221; custom_margin_phone=&#8221;190px||-5px||false|false&#8221; custom_margin_last_edited=&#8221;on|phone&#8221; custom_padding=&#8221;||||false|false&#8221; custom_padding_tablet=&#8221;||0px||false|false&#8221; custom_padding_phone=&#8221;|10px||10px|false|true&#8221; custom_padding_last_edited=&#8221;on|phone&#8221; header_text_align_tablet=&#8221;left&#8221; header_text_align_phone=&#8221;center&#8221; header_text_align_last_edited=&#8221;on|phone&#8221; header_font_size_tablet=&#8221;35px&#8221; header_font_size_phone=&#8221;21px&#8221; header_font_size_last_edited=&#8221;on|phone&#8221; global_colors_info=&#8221;{}&#8221;]<\/p>\n<h1>O Guia Definitivo para fazer<br \/>de 2026 o ano da sua aprova\u00e7\u00e3o na <span style=\"color: #f3dead;\">Resid\u00eancia M\u00e9dica<\/span> ou no <span style=\"color: #f3dead;\">Revalida.<\/span><\/h1>\n<p>[\/et_pb_text][et_pb_text content_tablet=&#8221;<\/p>\n<h2>e<strong> garanta 6k ainda em 2025 <\/strong>mesmo sem ter faculdade<br \/>\nTenha acesso ao conte\u00fado 100% focado no TJ SP<\/h2>\n<p>&#8221; content_phone=&#8221;<\/p>\n<h2>e<strong> garanta 6k ainda em 2025 <\/strong>mesmo sem ter faculdade. Tenha acesso ao conte\u00fado 100% focado no TJ SP<\/h2>\n<p>&#8221; content_last_edited=&#8221;off|phone&#8221; _builder_version=&#8221;4.27.5&#8243; _module_preset=&#8221;default&#8221; text_font_size=&#8221;13px&#8221; header_font=&#8221;|700|||||||&#8221; header_text_color=&#8221;#00022d&#8221; header_2_font=&#8221;Sora||||||||&#8221; header_2_text_align=&#8221;left&#8221; header_2_text_color=&#8221;#FFFFFF&#8221; header_2_font_size=&#8221;12px&#8221; header_2_letter_spacing=&#8221;1px&#8221; header_2_line_height=&#8221;1.4em&#8221; custom_margin=&#8221;0px||-3px||false|false&#8221; custom_margin_tablet=&#8221;8px||-3px||false|false&#8221; custom_margin_phone=&#8221;24px||-10px||false|false&#8221; custom_margin_last_edited=&#8221;on|phone&#8221; custom_padding=&#8221;||0px|||&#8221; custom_padding_tablet=&#8221;||0px|||&#8221; custom_padding_phone=&#8221;|10px||10px|true|true&#8221; custom_padding_last_edited=&#8221;on|phone&#8221; header_2_text_align_tablet=&#8221;left&#8221; header_2_text_align_phone=&#8221;center&#8221; header_2_text_align_last_edited=&#8221;on|desktop&#8221; header_2_font_size_tablet=&#8221;18px&#8221; header_2_font_size_phone=&#8221;12px&#8221; header_2_font_size_last_edited=&#8221;on|phone&#8221; locked=&#8221;off&#8221; global_colors_info=&#8221;{}&#8221;]<\/p>\n<h2><span style=\"background: #0F1629; border-radius: 20px; padding: 6px 15px; border: 1px solid #F3DEAD;\"><strong><span style=\"color: #00ff00;\">\u2022<\/span><\/strong> 1\u00ba de janeiro \u00b7 20h (hor\u00e1rio de Bras\u00edlia)<\/span><\/h2>\n<p>[\/et_pb_text][et_pb_text content_tablet=&#8221;<\/p>\n<h2>e<strong> garanta 6k ainda em 2025 <\/strong>mesmo sem ter faculdade<br \/>\nTenha acesso ao conte\u00fado 100% focado no TJ SP<\/h2>\n<p>&#8221; content_phone=&#8221;<\/p>\n<h2>e<strong> garanta 6k ainda em 2025 <\/strong>mesmo sem ter faculdade. Tenha acesso ao conte\u00fado 100% focado no TJ SP<\/h2>\n<p>&#8221; content_last_edited=&#8221;off|phone&#8221; _builder_version=&#8221;4.27.5&#8243; _module_preset=&#8221;default&#8221; text_font_size=&#8221;13px&#8221; header_font=&#8221;|700|||||||&#8221; header_text_color=&#8221;#00022d&#8221; header_2_font=&#8221;Sora||||||||&#8221; header_2_text_align=&#8221;left&#8221; header_2_text_color=&#8221;#FFFFFF&#8221; header_2_font_size=&#8221;12px&#8221; header_2_letter_spacing=&#8221;1px&#8221; header_2_line_height=&#8221;1.4em&#8221; custom_margin=&#8221;15px||-3px||false|false&#8221; custom_margin_tablet=&#8221;8px||-3px||false|false&#8221; custom_margin_phone=&#8221;20px||||false|false&#8221; custom_margin_last_edited=&#8221;on|phone&#8221; custom_padding=&#8221;||0px|||&#8221; custom_padding_tablet=&#8221;||0px|||&#8221; custom_padding_phone=&#8221;|10px||10px|true|true&#8221; custom_padding_last_edited=&#8221;on|phone&#8221; header_2_text_align_tablet=&#8221;left&#8221; header_2_text_align_phone=&#8221;center&#8221; header_2_text_align_last_edited=&#8221;on|desktop&#8221; header_2_font_size_tablet=&#8221;18px&#8221; header_2_font_size_phone=&#8221;12px&#8221; header_2_font_size_last_edited=&#8221;on|phone&#8221; locked=&#8221;off&#8221; global_colors_info=&#8221;{}&#8221;]<\/p>\n<h2><span style=\"background: #0F1629; border-radius: 20px; padding: 6px 15px; border: 1px solid #F3DEAD;\">Ao vivo, Online e <span style=\"color: #f3dead;\">100% Gratuito<\/span><\/span><\/h2>\n<p>[\/et_pb_text][formulario_estrategia button_label=&#8221;QUERO RESERVAR O MEU LUGAR&#8221; text_color=&#8221;#0a0a0a&#8221; text_bg=&#8221;#fffacf&#8221; icon_color=&#8221;#0a0a0a&#8221; icon_bg=&#8221;#e0bb66&#8243; icon_circle=&#8221;#fffacf&#8221; area=&#8221;EMED&#8221; layout=&#8221;basico-nn.php&#8221; need_sucesso=&#8221;on&#8221; sucesso=&#8221;https:\/\/mkt.estrategia.com\/med\/sucesso-projeto-med-2026\/&#8221; legado_crm=&#8221;on&#8221; _builder_version=&#8221;4.27.5&#8243; _module_preset=&#8221;default&#8221; width=&#8221;65%&#8221; width_tablet=&#8221;65%&#8221; width_phone=&#8221;89%&#8221; width_last_edited=&#8221;on|phone&#8221; custom_margin=&#8221;20px||||false|false&#8221; custom_margin_tablet=&#8221;0px||||false|false&#8221; custom_margin_phone=&#8221;20px||||false|false&#8221; custom_margin_last_edited=&#8221;on|phone&#8221; hover_enabled=&#8221;0&#8243; module_alignment_tablet=&#8221;&#8221; module_alignment_phone=&#8221;center&#8221; module_alignment_last_edited=&#8221;on|phone&#8221; global_colors_info=&#8221;{}&#8221; need_welcome=&#8221;on&#8221; welcome=&#8221;wlc_emed_geral_projmed26_010126&#8243; sticky_enabled=&#8221;0&#8243;][\/formulario_estrategia][\/et_pb_column][et_pb_column type=&#8221;2_5&#8243; _builder_version=&#8221;4.27.5&#8243; _module_preset=&#8221;default&#8221; custom_padding=&#8221;|16px||16px|false|true&#8221; global_colors_info=&#8221;{}&#8221;][\/et_pb_column][\/et_pb_row][et_pb_row column_structure=&#8221;1_2,1_2&#8243; use_custom_gutter=&#8221;on&#8221; gutter_width=&#8221;1&#8243; custom_padding_last_edited=&#8221;on|phone&#8221; disabled_on=&#8221;off|off|off&#8221; _builder_version=&#8221;4.27.5&#8243; _module_preset=&#8221;default&#8221; background_enable_color=&#8221;off&#8221; use_background_color_gradient=&#8221;on&#8221; background_color_gradient_direction=&#8221;90deg&#8221; background_color_gradient_stops=&#8221;#00091a 0%|#00091a 100%&#8221; background_image=&#8221;https:\/\/mkt.estrategia.com\/med\/wp-content\/uploads\/sites\/6\/2025\/12\/BG-PARA-RELOGIO-TEMPORIZADOR.webp&#8221; positioning=&#8221;none&#8221; position_origin_a=&#8221;center_center&#8221; position_origin_f=&#8221;bottom_center&#8221; width=&#8221;90%&#8221; width_tablet=&#8221;90%&#8221; width_phone=&#8221;&#8221; width_last_edited=&#8221;on|phone&#8221; custom_margin=&#8221;||20px||false|false&#8221; custom_padding=&#8221;25px||20px|20px|false|false&#8221; custom_padding_tablet=&#8221;25px||20px|20px|false|false&#8221; custom_padding_phone=&#8221;|0px||0px|false|true&#8221; scroll_vertical_motion_enable=&#8221;off&#8221; border_radii=&#8221;on|10px|10px|10px|10px&#8221; border_width_all=&#8221;5px&#8221; border_color_all=&#8221;#ffefad&#8221; locked=&#8221;off&#8221; global_colors_info=&#8221;{}&#8221;][et_pb_column type=&#8221;1_2&#8243; _builder_version=&#8221;4.27.5&#8243; _module_preset=&#8221;default&#8221; background_enable_color=&#8221;off&#8221; global_colors_info=&#8221;{}&#8221;][et_pb_text content_tablet=&#8221;<\/p>\n<h2 style=%22text-align: center;%22>Seu primeiro compromisso em 2026 para<br \/>\ngarantir a sua aprova\u00e7\u00e3o na Resid\u00eancia M\u00e9dica<\/h2>\n<p>&#8221; content_phone=&#8221;<\/p>\n<h2 style=%22text-align: center;%22>Seu primeiro compromisso em 2026 para garantir a sua aprova\u00e7\u00e3o na Resid\u00eancia M\u00e9dica<\/h2>\n<p>&#8221; content_last_edited=&#8221;off|desktop&#8221; _builder_version=&#8221;4.27.5&#8243; _module_preset=&#8221;default&#8221; header_font=&#8221;Arial||||||||&#8221; header_text_color=&#8221;#FFFFFF&#8221; header_font_size=&#8221;35px&#8221; header_line_height=&#8221;1.3em&#8221; header_2_font=&#8221;Sora|300|||||||&#8221; header_2_text_color=&#8221;#ffffff&#8221; header_2_font_size=&#8221;18px&#8221; header_2_line_height=&#8221;1.4em&#8221; custom_margin=&#8221;10px||14px||false|false&#8221; custom_margin_tablet=&#8221;10px||14px||false|false&#8221; custom_margin_phone=&#8221;0px||||false|false&#8221; custom_margin_last_edited=&#8221;on|phone&#8221; custom_padding=&#8221;|50px|||false|false&#8221; custom_padding_tablet=&#8221;|50px|||false|false&#8221; custom_padding_phone=&#8221;|0px||0px|false|true&#8221; custom_padding_last_edited=&#8221;on|phone&#8221; header_font_size_tablet=&#8221;35px&#8221; header_font_size_phone=&#8221;25px&#8221; header_font_size_last_edited=&#8221;on|phone&#8221; header_2_text_align_tablet=&#8221;&#8221; header_2_text_align_phone=&#8221;center&#8221; header_2_text_align_last_edited=&#8221;on|phone&#8221; header_2_font_size_tablet=&#8221;30px&#8221; header_2_font_size_phone=&#8221;16px&#8221; header_2_font_size_last_edited=&#8221;on|phone&#8221; global_colors_info=&#8221;{}&#8221;]<\/p>\n<h2>Prepare-se: voc\u00ea ter\u00e1 acesso a novidades, descontos e surpresas em<\/h2>\n<p>[\/et_pb_text][\/et_pb_column][et_pb_column type=&#8221;1_2&#8243; _builder_version=&#8221;4.27.5&#8243; _module_preset=&#8221;default&#8221; background_enable_color=&#8221;off&#8221; global_colors_info=&#8221;{}&#8221;][et_pb_countdown_timer date_time=&#8221;2026-01-08 08:19&#8243; _builder_version=&#8221;4.27.5&#8243; _module_preset=&#8221;default&#8221; label_line_height=&#8221;0px&#8221; background_color=&#8221;RGBA(255,255,255,0)&#8221; width=&#8221;100%&#8221; max_width=&#8221;100%&#8221; custom_margin=&#8221;||||false|false&#8221; custom_padding=&#8221;0px|0px|0px|0px|false|true&#8221; numbers_font_size_tablet=&#8221;&#8221; numbers_font_size_phone=&#8221;24px&#8221; numbers_font_size_last_edited=&#8221;on|phone&#8221; global_colors_info=&#8221;{}&#8221;][\/et_pb_countdown_timer][\/et_pb_column][\/et_pb_row][\/et_pb_section]<\/p>\n","protected":false},"excerpt":{"rendered":"<p>O Guia Definitivo para fazerde 2026 o ano da sua aprova\u00e7\u00e3o na Resid\u00eancia M\u00e9dica ou no Revalida.\u2022 1\u00ba de janeiro \u00b7 20h (hor\u00e1rio de Bras\u00edlia)Ao vivo, Online e 100% Gratuito<div class=\"et_pb_module formulario_estrategia formulario_estrategia_0\">\n\t\t\t\t\n\t\t\t\t\n\t\t\t\t\n\t\t\t\t\n\t\t\t\t\n\t\t\t\t\n\t\t\t\t<div class=\"et_pb_module_inner\">\n\t\t\t\t\t            \n\t\t\t\t<\/div>\n\t\t\t<\/div><\/p>\n","protected":false},"author":11,"featured_media":0,"parent":0,"menu_order":0,"comment_status":"closed","ping_status":"closed","template":"","meta":{"_et_pb_use_builder":"on","_et_pb_old_content":"","_et_gb_content_width":"","footnotes":""},"categories":[5],"tags":[],"class_list":["post-386459","page","type-page","status-publish","hentry","category-pagina-de-inscricao"],"_links":{"self":[{"href":"https:\/\/mkt.estrategia.com\/med\/wp-json\/wp\/v2\/pages\/386459","targetHints":{"allow":["GET"]}}],"collection":[{"href":"https:\/\/mkt.estrategia.com\/med\/wp-json\/wp\/v2\/pages"}],"about":[{"href":"https:\/\/mkt.estrategia.com\/med\/wp-json\/wp\/v2\/types\/page"}],"author":[{"embeddable":true,"href":"https:\/\/mkt.estrategia.com\/med\/wp-json\/wp\/v2\/users\/11"}],"replies":[{"embeddable":true,"href":"https:\/\/mkt.estrategia.com\/med\/wp-json\/wp\/v2\/comments?post=386459"}],"version-history":[{"count":5,"href":"https:\/\/mkt.estrategia.com\/med\/wp-json\/wp\/v2\/pages\/386459\/revisions"}],"predecessor-version":[{"id":386495,"href":"https:\/\/mkt.estrategia.com\/med\/wp-json\/wp\/v2\/pages\/386459\/revisions\/386495"}],"wp:attachment":[{"href":"https:\/\/mkt.estrategia.com\/med\/wp-json\/wp\/v2\/media?parent=386459"}],"wp:term":[{"taxonomy":"category","embeddable":true,"href":"https:\/\/mkt.estrategia.com\/med\/wp-json\/wp\/v2\/categories?post=386459"},{"taxonomy":"post_tag","embeddable":true,"href":"https:\/\/mkt.estrategia.com\/med\/wp-json\/wp\/v2\/tags?post=386459"}],"curies":[{"name":"wp","href":"https:\/\/api.w.org\/{rel}","templated":true}]}}