{"id":2,"date":"2024-07-25T10:52:30","date_gmt":"2024-07-25T13:52:30","guid":{"rendered":"https:\/\/mkt.estrategia.com\/med\/?page_id=2"},"modified":"2024-08-30T13:53:25","modified_gmt":"2024-08-30T16:53:25","slug":"pagina-exemplo","status":"publish","type":"page","link":"https:\/\/mkt.estrategia.com\/med\/","title":{"rendered":"Estrat\u00e9gia MED"},"content":{"rendered":"<p>[et_pb_section fb_built=&#8221;1&#8243; _builder_version=&#8221;4.27.0&#8243; _module_preset=&#8221;default&#8221; background_color=&#8221;#FFFFFF&#8221; use_background_color_gradient=&#8221;on&#8221; background_color_gradient_stops=&#8221;#ffffff 0%|#ffffff 100%&#8221; global_colors_info=&#8221;{}&#8221;][et_pb_row module_id=&#8221;section-page&#8221; _builder_version=&#8221;4.24.3&#8243; _module_preset=&#8221;default&#8221; global_colors_info=&#8221;{}&#8221;][et_pb_column type=&#8221;4_4&#8243; _builder_version=&#8221;4.24.3&#8243; _module_preset=&#8221;default&#8221; global_colors_info=&#8221;{}&#8221;][et_pb_image src=&#8221;https:\/\/mkt.estrategia.com\/med\/wp-content\/uploads\/sites\/6\/2024\/07\/logo_med.webp&#8221; alt=&#8221;Logo Estrat\u00e9gia Concursos&#8221; title_text=&#8221;logo_med&#8221; admin_label=&#8221;Logo MED&#8221; _builder_version=&#8221;4.24.3&#8243; _module_preset=&#8221;default&#8221; width=&#8221;25%&#8221; width_tablet=&#8221;50%&#8221; width_phone=&#8221;70%&#8221; width_last_edited=&#8221;on|phone&#8221; global_colors_info=&#8221;{}&#8221;][\/et_pb_image][et_pb_text admin_label=&#8221;H1&#8243; _builder_version=&#8221;4.27.0&#8243; _module_preset=&#8221;default&#8221; text_font=&#8221;Poppins Thin||||||||&#8221; global_colors_info=&#8221;{}&#8221;]<\/p>\n<h1><span>Estrat\u00e9gia MED &#8211; Por que ser Estrat\u00e9gia MED?<br \/><\/span><\/h1>\n<p>[\/et_pb_text][et_pb_text content_tablet=&#8221;<\/p>\n<p style=%22text-align: center;%22>Conte\u00fado 100% digital \u00b7 Completo, atualizado e confi\u00e1vel \u00b7 Uma plataforma intuitiva \u00b7 Quest\u00f5es comentadas de verdade<\/p>\n<p>&#8221; content_phone=&#8221;<\/p>\n<p style=%22text-align: center;%22>Conte\u00fado 100% digital \u00b7 Completo, atualizado e confi\u00e1vel \u00b7 Uma plataforma intuitiva \u00b7 Quest\u00f5es comentadas de verdade<\/p>\n<p>&#8221; content_last_edited=&#8221;on|desktop&#8221; admin_label=&#8221;Par\u00e1grafo&#8221; _builder_version=&#8221;4.24.3&#8243; _module_preset=&#8221;default&#8221; global_colors_info=&#8221;{}&#8221;]<\/p>\n<p>Conte\u00fado 100% digital \u00b7 Completo, atualizado e confi\u00e1vel \u00b7 Uma plataforma intuitiva \u00b7 Quest\u00f5es comentadas de verdade<\/p>\n<p>[\/et_pb_text][\/et_pb_column][\/et_pb_row][\/et_pb_section]<\/p>\n","protected":false},"excerpt":{"rendered":"<p>Estrat\u00e9gia MED &#8211; Por que ser Estrat\u00e9gia MED?Conte\u00fado 100% digital \u00b7 Completo, atualizado e confi\u00e1vel \u00b7 Uma plataforma intuitiva \u00b7 Quest\u00f5es comentadas de verdade<\/p>\n","protected":false},"author":1,"featured_media":0,"parent":0,"menu_order":0,"comment_status":"closed","ping_status":"closed","template":"","meta":{"_et_pb_use_builder":"on","_et_pb_old_content":"<!-- wp:paragraph -->\n<p>Esta \u00e9 uma p\u00e1gina de exemplo. \u00c9 diferente de um post no blog porque ela permanecer\u00e1 em um lugar e aparecer\u00e1 na <\/p>\n<!-- \/wp:paragraph -->","_et_gb_content_width":"","footnotes":""},"categories":[5],"tags":[],"class_list":["post-2","page","type-page","status-publish","hentry","category-pagina-de-inscricao"],"_links":{"self":[{"href":"https:\/\/mkt.estrategia.com\/med\/wp-json\/wp\/v2\/pages\/2","targetHints":{"allow":["GET"]}}],"collection":[{"href":"https:\/\/mkt.estrategia.com\/med\/wp-json\/wp\/v2\/pages"}],"about":[{"href":"https:\/\/mkt.estrategia.com\/med\/wp-json\/wp\/v2\/types\/page"}],"author":[{"embeddable":true,"href":"https:\/\/mkt.estrategia.com\/med\/wp-json\/wp\/v2\/users\/1"}],"replies":[{"embeddable":true,"href":"https:\/\/mkt.estrategia.com\/med\/wp-json\/wp\/v2\/comments?post=2"}],"version-history":[{"count":15,"href":"https:\/\/mkt.estrategia.com\/med\/wp-json\/wp\/v2\/pages\/2\/revisions"}],"predecessor-version":[{"id":374920,"href":"https:\/\/mkt.estrategia.com\/med\/wp-json\/wp\/v2\/pages\/2\/revisions\/374920"}],"wp:attachment":[{"href":"https:\/\/mkt.estrategia.com\/med\/wp-json\/wp\/v2\/media?parent=2"}],"wp:term":[{"taxonomy":"category","embeddable":true,"href":"https:\/\/mkt.estrategia.com\/med\/wp-json\/wp\/v2\/categories?post=2"},{"taxonomy":"post_tag","embeddable":true,"href":"https:\/\/mkt.estrategia.com\/med\/wp-json\/wp\/v2\/tags?post=2"}],"curies":[{"name":"wp","href":"https:\/\/api.w.org\/{rel}","templated":true}]}}