
{"id":433162,"date":"2026-03-11T14:30:09","date_gmt":"2026-03-11T17:30:09","guid":{"rendered":"https:\/\/mkt.estrategia.com\/concursos\/?page_id=433162"},"modified":"2026-03-11T14:38:42","modified_gmt":"2026-03-11T17:38:42","slug":"simulados-finais-sesa-pr-pos-edital","status":"publish","type":"page","link":"https:\/\/mkt.estrategia.com\/concursos\/simulados-finais-sesa-pr-pos-edital\/","title":{"rendered":"Simulados Finais SESA PR &#8211; P\u00f3s-Edital"},"content":{"rendered":"<p>[et_pb_section fb_built=&#8221;1&#8243; module_class=&#8221;section-cursos&#8221; _builder_version=&#8221;4.27.5&#8243; background_color=&#8221;RGBA(255,255,255,0)&#8221; use_background_color_gradient=&#8221;on&#8221; background_color_gradient_direction=&#8221;343deg&#8221; background_color_gradient_stops=&#8221;#002991 0%|rgba(0,0,0,0) 100%&#8221; background_color_gradient_overlays_image=&#8221;on&#8221; background_color_gradient_start=&#8221;rgba(0,0,0,0.71)&#8221; background_color_gradient_start_position=&#8221;52%&#8221; background_color_gradient_end=&#8221;rgba(0,0,0,0)&#8221; background_color_gradient_end_position=&#8221;90%&#8221; background_image=&#8221;https:\/\/mkt.estrategia.com\/concursos\/wp-content\/uploads\/sites\/2\/2026\/02\/BG_Simulado-SESA-PR.webp&#8221; display_conditions=&#8221;W3siaWQiOiJhZDg5ZGY0Zi0xZTlmLTQxZDQtYTgzZi0wMzllMTI4MDdkOGYiLCJjb25kaXRpb24iOiJ1c2VyUm9sZSIsImNvbmRpdGlvblNldHRpbmdzIjp7InVzZXJSb2xlRGlzcGxheSI6ImlzIiwidXNlclJvbGVzIjpbeyJsYWJlbCI6IkFkbWluaXN0cmF0b3IiLCJ2YWx1ZSI6ImFkbWluaXN0cmF0b3IifV0sInVzZXJJZHMiOiJVc2VyIElEcyBzZXBhcmF0ZWQgYnkgY29tbWFzIiwiYWRtaW5MYWJlbCI6IlVzZXIgUm9sZSIsImVuYWJsZUNvbmRpdGlvbiI6Im9mZiJ9LCJvcGVyYXRvciI6Ik9SIn1d&#8221; custom_margin=&#8221;0px|0px|0px|0px|false|false&#8221; custom_padding=&#8221;30px|0px|30px|0px|false|false&#8221; box_shadow_style=&#8221;preset3&#8243; locked=&#8221;off&#8221; global_colors_info=&#8221;%91%93&#8243; custom_css_before_last_edited=&#8221;on|desktop&#8221;][et_pb_row column_structure=&#8221;1_2,1_2&#8243; custom_padding_last_edited=&#8221;on|phone&#8221; _builder_version=&#8221;4.27.4&#8243; _module_preset=&#8221;default&#8221; width=&#8221;90%&#8221; max_width=&#8221;1200px&#8221; custom_padding=&#8221;50px||0px|4px|false|false&#8221; custom_padding_tablet=&#8221;50px|||0px|false|false&#8221; custom_padding_phone=&#8221;30px|||0px|false|false&#8221; locked=&#8221;off&#8221; global_colors_info=&#8221;{}&#8221;][et_pb_column type=&#8221;1_2&#8243; _builder_version=&#8221;4.27.4&#8243; _module_preset=&#8221;default&#8221; global_colors_info=&#8221;{}&#8221;][et_pb_image src=&#8221;https:\/\/mkt.estrategia.com\/concursos\/wp-content\/uploads\/sites\/2\/2024\/07\/Saude_LOGO.jpg_.webp&#8221; title_text=&#8221;Saude_LOGO.jpg&#8221; url=&#8221;https:\/\/www.estrategiaconcursos.com.br&#8221; align_tablet=&#8221;center&#8221; align_phone=&#8221;center&#8221; align_last_edited=&#8221;on|desktop&#8221; admin_label=&#8221;LOGO ESTRAT\u00c9GIA SA\u00daDE&#8221; _builder_version=&#8221;4.27.5&#8243; width=&#8221;30%&#8221; width_tablet=&#8221;25%&#8221; width_phone=&#8221;30%&#8221; width_last_edited=&#8221;on|phone&#8221; custom_padding=&#8221;||||false|false&#8221; animation_direction=&#8221;left&#8221; z_index_tablet=&#8221;500&#8243; locked=&#8221;off&#8221; global_colors_info=&#8221;%91%93&#8243;][\/et_pb_image][et_pb_text content_tablet=&#8221;<\/p>\n<h1 style=%22text-align: center;%22><strong>Simulados Finais<br \/>\nCPU PE &#8211; P\u00f3s-Edital<\/strong><\/h1>\n<p>&#8221; content_phone=&#8221;<\/p>\n<h1 style=%22text-align: center;%22><strong>Simulados Finais<br \/>\nCPU PE &#8211; P\u00f3s-Edital<\/strong><\/h1>\n<p>&#8221; content_last_edited=&#8221;off|desktop&#8221; _builder_version=&#8221;4.27.5&#8243; _module_preset=&#8221;default&#8221; header_font=&#8221;Roboto|||on|||||&#8221; header_text_align=&#8221;left&#8221; header_text_color=&#8221;#f4bc00&#8243; header_font_size=&#8221;35px&#8221; header_line_height=&#8221;1.2em&#8221; custom_margin=&#8221;0px||0px||false|false&#8221; custom_padding=&#8221;||15px||false|false&#8221; custom_padding_tablet=&#8221;||0px||false|false&#8221; custom_padding_phone=&#8221;||0px||false|false&#8221; custom_padding_last_edited=&#8221;on|desktop&#8221; header_text_align_tablet=&#8221;center&#8221; header_text_align_phone=&#8221;center&#8221; header_text_align_last_edited=&#8221;on|phone&#8221; header_font_size_tablet=&#8221;35px&#8221; header_font_size_phone=&#8221;30px&#8221; header_font_size_last_edited=&#8221;on|phone&#8221; global_colors_info=&#8221;{}&#8221;]<\/p>\n<h1 style=\"text-align: left;\"><strong>Simulados Finais SESA PR &#8211; P\u00f3s-Edital<\/strong><\/h1>\n<p>[\/et_pb_text][et_pb_text _builder_version=&#8221;4.27.4&#8243; _module_preset=&#8221;default&#8221; header_2_font=&#8221;Roboto||||||||&#8221; header_2_text_align=&#8221;left&#8221; header_2_text_color=&#8221;#ffffff&#8221; header_2_font_size=&#8221;20px&#8221; header_2_line_height=&#8221;1.2em&#8221; header_2_text_align_tablet=&#8221;center&#8221; header_2_text_align_phone=&#8221;center&#8221; header_2_text_align_last_edited=&#8221;on|phone&#8221; header_2_font_size_tablet=&#8221;20px&#8221; header_2_font_size_phone=&#8221;15px&#8221; header_2_font_size_last_edited=&#8221;on|phone&#8221; locked=&#8221;off&#8221; global_colors_info=&#8221;{}&#8221;]<\/p>\n<h2>INSCREVA-SE AGORA E PREPARE-SE #COMESTRATEGIA.<\/h2>\n<p>[\/et_pb_text][et_pb_text _builder_version=&#8221;4.27.5&#8243; _module_preset=&#8221;default&#8221; header_2_font=&#8221;Roboto||||||||&#8221; header_2_text_align=&#8221;left&#8221; header_2_text_color=&#8221;#ffffff&#8221; header_2_font_size=&#8221;22px&#8221; header_2_line_height=&#8221;1.2em&#8221; custom_margin=&#8221;0px||0px||false|false&#8221; custom_padding=&#8221;0px||0px||false|false&#8221; header_2_text_align_tablet=&#8221;center&#8221; header_2_text_align_phone=&#8221;center&#8221; header_2_text_align_last_edited=&#8221;on|phone&#8221; header_2_font_size_tablet=&#8221;22px&#8221; header_2_font_size_phone=&#8221;20px&#8221; header_2_font_size_last_edited=&#8221;on|phone&#8221; global_colors_info=&#8221;{}&#8221;]<\/p>\n<h2>Realizaremos no dia 14 de mar\u00e7o, uma s\u00e9rie de simulados gratuitos com aplica\u00e7\u00e3o \u00e0s 08:00 (hor\u00e1rio de Bras\u00edlia) e corre\u00e7\u00e3o ao vivo no mesmo dia \u00e0s 14:00 (hor\u00e1rio de Bras\u00edlia) pelo nosso canal no YouTube.<\/h2>\n<p>[\/et_pb_text][\/et_pb_column][et_pb_column type=&#8221;1_2&#8243; _builder_version=&#8221;4.27.4&#8243; _module_preset=&#8221;default&#8221; global_colors_info=&#8221;{}&#8221;][et_pb_text disabled_on=&#8221;on|on|off&#8221; _builder_version=&#8221;4.27.4&#8243; _module_preset=&#8221;default&#8221; custom_padding=&#8221;20px||||false|false&#8221; custom_padding_tablet=&#8221;0px||||false|false&#8221; custom_padding_phone=&#8221;0px||||false|false&#8221; custom_padding_last_edited=&#8221;on|desktop&#8221; locked=&#8221;off&#8221; global_colors_info=&#8221;{}&#8221;][\/et_pb_text][formulario_estrategia area=&#8221;Sa\u00fade&#8221; tipo=&#8221;Simulado&#8221; layout=&#8221;basico.php&#8221; need_sucesso=&#8221;on&#8221; sucesso=&#8221;https:\/\/mkt.estrategia.com\/concursos\/sucesso-simulados-finais-sesa-pr-pos-edital\/&#8221; _builder_version=&#8221;4.27.6&#8243; _module_preset=&#8221;default&#8221; hover_enabled=&#8221;0&#8243; global_colors_info=&#8221;{}&#8221; sticky_enabled=&#8221;0&#8243;][\/formulario_estrategia][\/et_pb_column][\/et_pb_row][et_pb_row custom_padding_last_edited=&#8221;on|phone&#8221; disabled_on=&#8221;off|off|off&#8221; _builder_version=&#8221;4.27.5&#8243; custom_padding=&#8221;50px|0px|25px|0px|false|false&#8221; custom_padding_tablet=&#8221;40px|0px|25px|0px|false|false&#8221; custom_padding_phone=&#8221;25px||0px||false|false&#8221; locked=&#8221;off&#8221; global_colors_info=&#8221;{}&#8221;][et_pb_column type=&#8221;4_4&#8243; _builder_version=&#8221;4.16&#8243; custom_padding=&#8221;|||&#8221; global_colors_info=&#8221;{}&#8221; custom_padding__hover=&#8221;|||&#8221;][et_pb_countdown_timer title=&#8221;OS CADERNOS DE QUEST\u00d5ES SER\u00c3O DISPONIBILIZADOS EM&#8221; date_time=&#8221;2026-03-14 08:00&#8243; _builder_version=&#8221;4.27.6&#8243; header_font=&#8221;Roboto|700|||||||&#8221; header_font_size=&#8221;35px&#8221; header_line_height=&#8221;1.2em&#8221; numbers_font=&#8221;Roboto|700|||||||&#8221; numbers_text_color=&#8221;#ffffff&#8221; numbers_font_size=&#8221;50px&#8221; label_font=&#8221;Roboto||||||||&#8221; label_font_size=&#8221;15px&#8221; use_background_color=&#8221;off&#8221; animation_style=&#8221;slide&#8221; animation_direction=&#8221;top&#8221; hover_enabled=&#8221;0&#8243; header_font_size_tablet=&#8221;35px&#8221; header_font_size_phone=&#8221;25px&#8221; header_font_size_last_edited=&#8221;on|phone&#8221; numbers_font_size_tablet=&#8221;35px&#8221; numbers_font_size_phone=&#8221;30px&#8221; numbers_font_size_last_edited=&#8221;on|phone&#8221; label_font_size_tablet=&#8221;15px&#8221; label_font_size_phone=&#8221;15px&#8221; label_font_size_last_edited=&#8221;on|desktop&#8221; header_text_shadow_style=&#8221;preset1&#8243; numbers_text_shadow_style=&#8221;preset1&#8243; label_text_shadow_style=&#8221;preset1&#8243; text_shadow_style=&#8221;preset1&#8243; text_shadow_vertical_length=&#8221;0.2em&#8221; text_shadow_blur_strength=&#8221;0.23em&#8221; global_colors_info=&#8221;{}&#8221; sticky_enabled=&#8221;0&#8243;][\/et_pb_countdown_timer][\/et_pb_column][\/et_pb_row][\/et_pb_section][et_pb_section fb_built=&#8221;1&#8243; disabled_on=&#8221;off|off|off&#8221; admin_label=&#8221;Exclusive Feature Section&#8221; module_class=&#8221;section-cursos&#8221; _builder_version=&#8221;4.16&#8243; background_color=&#8221;RGBA(255,255,255,0)&#8221; display_conditions=&#8221;W3siaWQiOiJhZDg5ZGY0Zi0xZTlmLTQxZDQtYTgzZi0wMzllMTI4MDdkOGYiLCJjb25kaXRpb24iOiJ1c2VyUm9sZSIsImNvbmRpdGlvblNldHRpbmdzIjp7InVzZXJSb2xlRGlzcGxheSI6ImlzIiwidXNlclJvbGVzIjpbeyJsYWJlbCI6IkFkbWluaXN0cmF0b3IiLCJ2YWx1ZSI6ImFkbWluaXN0cmF0b3IifV0sInVzZXJJZHMiOiJVc2VyIElEcyBzZXBhcmF0ZWQgYnkgY29tbWFzIiwiYWRtaW5MYWJlbCI6IlVzZXIgUm9sZSIsImVuYWJsZUNvbmRpdGlvbiI6Im9mZiJ9LCJvcGVyYXRvciI6Ik9SIn1d&#8221; custom_margin=&#8221;|||&#8221; custom_margin_tablet=&#8221;|0px||0px&#8221; custom_margin_phone=&#8221;|0px||0px&#8221; custom_margin_last_edited=&#8221;on|desktop&#8221; custom_padding=&#8221;50px|0px|50px|0px|false|false&#8221; locked=&#8221;off&#8221; global_colors_info=&#8221;%91%93&#8243; custom_css_before_last_edited=&#8221;on|desktop&#8221;][et_pb_row _builder_version=&#8221;4.16&#8243; custom_padding=&#8221;0px||0px|&#8221; global_colors_info=&#8221;{}&#8221;][et_pb_column type=&#8221;4_4&#8243; _builder_version=&#8221;4.16&#8243; custom_padding=&#8221;|||&#8221; global_colors_info=&#8221;{}&#8221; custom_padding__hover=&#8221;|||&#8221;][et_pb_image src=&#8221;https:\/\/gratis.estrategiaconcursos.com.br\/wp-content\/uploads\/2020\/06\/Simulado-01.png&#8221; title_text=&#8221;Simulado-01&#8243; align=&#8221;center&#8221; align_tablet=&#8221;center&#8221; align_phone=&#8221;&#8221; align_last_edited=&#8221;on|desktop&#8221; _builder_version=&#8221;4.16&#8243; width=&#8221;75%&#8221; max_width=&#8221;100%&#8221; max_width_tablet=&#8221;100%&#8221; max_width_phone=&#8221;60%&#8221; max_width_last_edited=&#8221;on|tablet&#8221; module_alignment=&#8221;center&#8221; custom_margin=&#8221;||24px|||&#8221; custom_padding=&#8221;|||&#8221; animation_direction=&#8221;left&#8221; global_colors_info=&#8221;%91%93&#8243;][\/et_pb_image][\/et_pb_column][\/et_pb_row][et_pb_row _builder_version=&#8221;4.16&#8243; custom_padding=&#8221;0px||0px|&#8221; global_colors_info=&#8221;{}&#8221;][et_pb_column type=&#8221;4_4&#8243; _builder_version=&#8221;4.16&#8243; custom_padding=&#8221;|||&#8221; global_colors_info=&#8221;{}&#8221; custom_padding__hover=&#8221;|||&#8221;][et_pb_image src=&#8221;https:\/\/gratis.estrategiaconcursos.com.br\/wp-content\/uploads\/2020\/06\/Simulado-09.png&#8221; title_text=&#8221;Simulado-09&#8243; align=&#8221;right&#8221; align_tablet=&#8221;center&#8221; align_phone=&#8221;&#8221; align_last_edited=&#8221;on|desktop&#8221; _builder_version=&#8221;4.16&#8243; width=&#8221;75%&#8221; max_width=&#8221;100%&#8221; max_width_tablet=&#8221;100%&#8221; max_width_phone=&#8221;60%&#8221; max_width_last_edited=&#8221;on|tablet&#8221; module_alignment=&#8221;center&#8221; custom_margin=&#8221;||24px|||&#8221; custom_padding=&#8221;|||&#8221; animation_direction=&#8221;left&#8221; box_shadow_horizontal_tablet=&#8221;0px&#8221; box_shadow_vertical_tablet=&#8221;0px&#8221; box_shadow_blur_tablet=&#8221;40px&#8221; box_shadow_spread_tablet=&#8221;0px&#8221; global_colors_info=&#8221;%91%93&#8243;][\/et_pb_image][\/et_pb_column][\/et_pb_row][et_pb_row _builder_version=&#8221;4.16&#8243; custom_padding=&#8221;0px||0px|&#8221; global_colors_info=&#8221;{}&#8221;][et_pb_column type=&#8221;4_4&#8243; _builder_version=&#8221;4.16&#8243; custom_padding=&#8221;|||&#8221; global_colors_info=&#8221;{}&#8221; custom_padding__hover=&#8221;|||&#8221;][et_pb_image src=&#8221;https:\/\/gratis.estrategiaconcursos.com.br\/wp-content\/uploads\/2020\/06\/Simulado-03.png&#8221; title_text=&#8221;Simulado-03&#8243; align=&#8221;center&#8221; align_tablet=&#8221;center&#8221; align_phone=&#8221;&#8221; align_last_edited=&#8221;on|desktop&#8221; _builder_version=&#8221;4.16&#8243; width=&#8221;75%&#8221; max_width=&#8221;100%&#8221; max_width_tablet=&#8221;100%&#8221; max_width_phone=&#8221;60%&#8221; max_width_last_edited=&#8221;on|tablet&#8221; module_alignment=&#8221;center&#8221; custom_margin=&#8221;||24px|||&#8221; custom_padding=&#8221;|||&#8221; animation_direction=&#8221;left&#8221; global_colors_info=&#8221;%91%93&#8243;][\/et_pb_image][\/et_pb_column][\/et_pb_row][et_pb_row _builder_version=&#8221;4.16&#8243; custom_padding=&#8221;0px||0px|&#8221; global_colors_info=&#8221;{}&#8221;][et_pb_column type=&#8221;4_4&#8243; _builder_version=&#8221;4.16&#8243; custom_padding=&#8221;|||&#8221; global_colors_info=&#8221;{}&#8221; custom_padding__hover=&#8221;|||&#8221;][et_pb_image src=&#8221;https:\/\/gratis.estrategiaconcursos.com.br\/wp-content\/uploads\/2020\/06\/Simulado-10.png&#8221; title_text=&#8221;Simulado-10&#8243; align=&#8221;right&#8221; align_tablet=&#8221;center&#8221; align_phone=&#8221;&#8221; align_last_edited=&#8221;on|desktop&#8221; _builder_version=&#8221;4.16&#8243; width=&#8221;75%&#8221; max_width=&#8221;100%&#8221; max_width_tablet=&#8221;100%&#8221; max_width_phone=&#8221;60%&#8221; max_width_last_edited=&#8221;on|tablet&#8221; module_alignment=&#8221;center&#8221; custom_margin=&#8221;||24px|||&#8221; custom_padding=&#8221;|||&#8221; animation_direction=&#8221;left&#8221; box_shadow_horizontal_tablet=&#8221;0px&#8221; box_shadow_vertical_tablet=&#8221;0px&#8221; box_shadow_blur_tablet=&#8221;40px&#8221; box_shadow_spread_tablet=&#8221;0px&#8221; global_colors_info=&#8221;%91%93&#8243;][\/et_pb_image][\/et_pb_column][\/et_pb_row][\/et_pb_section][et_pb_section fb_built=&#8221;1&#8243; _builder_version=&#8221;4.27.0&#8243; _module_preset=&#8221;default&#8221; background_color=&#8221;#246cb4&#8243; custom_padding=&#8221;31px||31px||true|&#8221; locked=&#8221;off&#8221; global_colors_info=&#8221;{}&#8221;][et_pb_row column_structure=&#8221;1_3,2_3&#8243; _builder_version=&#8221;4.27.0&#8243; _module_preset=&#8221;default&#8221; width=&#8221;100%&#8221; width_tablet=&#8221;100%&#8221; width_phone=&#8221;60%&#8221; width_last_edited=&#8221;on|phone&#8221; max_width=&#8221;720px&#8221; global_colors_info=&#8221;{}&#8221;][et_pb_column type=&#8221;1_3&#8243; _builder_version=&#8221;4.27.0&#8243; _module_preset=&#8221;default&#8221; global_colors_info=&#8221;{}&#8221;][et_pb_image src=&#8221;https:\/\/mkt.estrategia.com\/concursos\/wp-content\/uploads\/sites\/2\/2024\/07\/Saude_LOGO.jpg_.webp&#8221; alt=&#8221;Logo Estrat\u00e9gia Concursos&#8221; title_text=&#8221;Saude_LOGO.jpg&#8221; align=&#8221;center&#8221; _builder_version=&#8221;4.27.0&#8243; _module_preset=&#8221;default&#8221; width=&#8221;100%&#8221; max_width=&#8221;85%&#8221; max_width_tablet=&#8221;90%&#8221; max_width_phone=&#8221;65%&#8221; max_width_last_edited=&#8221;on|phone&#8221; module_alignment=&#8221;center&#8221; global_colors_info=&#8221;{}&#8221;][\/et_pb_image][\/et_pb_column][et_pb_column type=&#8221;2_3&#8243; _builder_version=&#8221;4.27.0&#8243; _module_preset=&#8221;default&#8221; border_color_top=&#8221;#b17c36&#8243; border_width_left=&#8221;2px&#8221; border_color_left=&#8221;#009fef&#8221; border_width_top_tablet=&#8221;&#8221; border_width_top_phone=&#8221;2px&#8221; border_width_top_last_edited=&#8221;on|phone&#8221; border_width_left_tablet=&#8221;2px&#8221; border_width_left_phone=&#8221;0px&#8221; border_width_left_last_edited=&#8221;on|phone&#8221; global_colors_info=&#8221;{}&#8221;][et_pb_social_media_follow url_new_window=&#8221;off&#8221; _builder_version=&#8221;4.27.0&#8243; text_orientation=&#8221;center&#8221; custom_margin=&#8221;|||&#8221; custom_margin_tablet=&#8221;&#8221; custom_margin_phone=&#8221;|0px||&#8221; custom_margin_last_edited=&#8221;on|phone&#8221; locked=&#8221;off&#8221; global_colors_info=&#8221;{}&#8221;][et_pb_social_media_follow_network social_network=&#8221;instagram&#8221; url=&#8221;https:\/\/www.instagram.com\/estrategia.saude\/&#8221; _builder_version=&#8221;4.27.0&#8243; background_color=&#8221;#ea2c59&#8243; custom_margin=&#8221;|||&#8221; custom_padding=&#8221;6px|6px|6px|6px&#8221; global_colors_info=&#8221;{}&#8221; follow_button=&#8221;off&#8221; url_new_window=&#8221;off&#8221;] instagram [\/et_pb_social_media_follow_network][et_pb_social_media_follow_network social_network=&#8221;youtube&#8221; url=&#8221;https:\/\/www.youtube.com\/@EstrategiaSaude&#8221; _builder_version=&#8221;4.27.0&#8243; background_color=&#8221;#a82400&#8243; custom_margin=&#8221;|||&#8221; custom_padding=&#8221;6px|6px|6px|6px&#8221; global_colors_info=&#8221;{}&#8221; follow_button=&#8221;off&#8221; url_new_window=&#8221;off&#8221;] youtube [\/et_pb_social_media_follow_network][et_pb_social_media_follow_network social_network=&#8221;facebook&#8221; url=&#8221;https:\/\/www.facebook.com\/Estrategiasaude01\/&#8221; _builder_version=&#8221;4.27.0&#8243; background_color=&#8221;#3b5998&#8243; custom_margin=&#8221;|||&#8221; custom_padding=&#8221;6px|6px|6px|6px&#8221; global_colors_info=&#8221;{}&#8221; follow_button=&#8221;off&#8221; url_new_window=&#8221;off&#8221;] facebook [\/et_pb_social_media_follow_network][\/et_pb_social_media_follow][\/et_pb_column][\/et_pb_row][\/et_pb_section]<\/p>\n","protected":false},"excerpt":{"rendered":"<p>Simulados Finais SESA PR &#8211; P\u00f3s-EditalINSCREVA-SE AGORA E PREPARE-SE #COMESTRATEGIA.Realizaremos no dia 14 de mar\u00e7o, uma s\u00e9rie de simulados gratuitos com aplica\u00e7\u00e3o \u00e0s 08:00 (hor\u00e1rio de Bras\u00edlia) e corre\u00e7\u00e3o ao vivo no mesmo dia \u00e0s 14:00 (hor\u00e1rio de Bras\u00edlia) pelo nosso canal no YouTube.<div class=\"et_pb_module formulario_estrategia formulario_estrategia_0\">\n\t\t\t\t\n\t\t\t\t\n\t\t\t\t\n\t\t\t\t\n\t\t\t\t\n\t\t\t\t\n\t\t\t\t<div class=\"et_pb_module_inner\">\n\t\t\t\t\t      <div id=\"forms\">\r\n  <form class=\"needs-validation\" id=\"forms_layout\" novalidate>\r\n    <!-- Inputs para Definir par\u00e2metros como \u00c1rea, Concurso, Evento e do pr\u00f3prio Formul\u00e1rio -->\n<div class=\"inputs_no_display_forms\">\n      <input type=\"hidden\" name=\"chave_de\" value=\"Leads_2026\" \/>\n      <input type=\"hidden\" name=\"mid\" value=\"100002066\" \/>\n      <input type=\"hidden\" id=\"retURL\" name=\"Pagina_Origem\" value=\"\" \/>\n      <input type=\"hidden\" id=\"utm_term\" name=\"utm_term\" value=\"\" \/>\n\t\t\t<input type=\"hidden\" id=\"utm_content\" name=\"utm_content\" value=\"\" \/>\n\t\t\t<input type=\"hidden\" id=\"utm_source\" name=\"utm_source\" value=\"\" \/>\n\t\t\t<input type=\"hidden\" id=\"utm_medium\" name=\"utm_medium\" value=\"\" \/>\n\t\t\t<input type=\"hidden\" id=\"utm_campaign\" name=\"utm_campaign\" value=\"\" \/>\n\t\t\t<input type=\"hidden\" id=\"Cidade_OrigemIP__c\" maxlength=\"200\" name=\"Cidade_de_Origem_do_IP\" size=\"20\" type=\"text\" \/>\n\t\t\t<input type=\"hidden\" id=\"Estado_OrigemIP__c\" maxlength=\"200\" name=\"Estado_de_Origem_do_IP\" size=\"20\" type=\"text\" \/>\n\t\t\t<input type=\"hidden\" id=\"sucesso\" name=\"sucesso\" value=\"https:\/\/mkt.estrategia.com\/concursos\/sucesso-simulados-finais-sesa-pr-pos-edital\/\" \/>\n\t\t\t<input type=\"hidden\" id=\"nomeDE\" name=\"nomeDE\" value=\"Leads_2020\" \/>\n\t\t\t<input type=\"hidden\" id=\"nomeDE2\" name=\"nomeDE2\" value=\"Saude_Area\" \/>\n\t\t\t<input type=\"hidden\" id=\"welcome\" name=\"welcome\" value=\"off\" \/>\n\t\t\t<input type=\"hidden\" id=\"dev_zapp\" name=\"dev_zapp\" value=\"off\" \/>\n\t\t\t<input type=\"hidden\" id=\"lead_source\" name=\"lead_source\"  value=\"Simulado\" \/>\n      <input type=\"hidden\" id=\"Area_de_Interesse__c\" name=\"Interesse_Area\" value=\"Saude_Area\" \/>\n\t\t\t<input type=\"hidden\" id=\"Modo_de_entrada__c\" name=\"Coringa_01\" value=\"landing-page\" \/>\n\t\t\t<input type=\"hidden\" id=\"Entrada\" name=\"Modo_de_entrada\" value=\"landing-page\" \/>\n\t\t\t<input type=\"hidden\" id=\"Interesse_Evento__c\" name=\"Interesse_Evento\" value=\"\" \/>\n<\/div>\n<!-- End Inputs -->    <!-- Inputs B\u00e1sicos de todos os formul\u00e1rios de Concursos -->\n<div class=\"form-group\">\n  <div class=\"input-group first_name labels\">\n    <span class=\"input-group-text icon-user\"><\/span>\n    <input type=\"text\" class=\"form-control input_labels\" name=\"Nome_Completo\" id=\"first_name\" placeholder=\"NOME\" autocomplete=\"given-name\" inputmode=\"text\" autocapitalize=\"words\" required \/>\n    <div class=\"invalid-feedback\">Nome obrigat\u00f3rio.<\/div>\n  <\/div>\n<\/div>\n<div class=\"form-group\">\n  <div class=\"input-group email labels\">\n    <span class=\"input-group-text icon-email\"><\/span>\n    <input type=\"email\" class=\"form-control input_labels\" name=\"Email\" id=\"email\" placeholder=\"EMAIL\" autocomplete=\"email\" required \/>\n    <div class=\"invalid-feedback\">Email obrigat\u00f3rio.<\/div>\n  <\/div>\n<\/div>\n<div class=\"form-group\">\n  <div class=\"input-group phone labels\">\n    <span class=\"input-group-text icon-phone\"><\/span>\n    <input type=\"tel\" class=\"form-control input_labels\" name=\"Telefone\" id=\"phone\" maxlength=\"15\" placeholder=\"TELEFONE\" autocomplete=\"tel\" inputmode=\"tel\" \/>\n  <\/div>\n<\/div>\n<!-- End Inputs -->    <div class=\"connect_icon py-1\">\r\n      <button style=\"background:\" type=\"submit\" class=\"btn btn-custom\">\r\n        <span style=\"color:\" id=\"lblBotao\">\r\n          Inscreva-se Gratuitamente        <\/span>\r\n        <div style=\"background:\" class=\"send__icon\">\r\n          <i style=\"color:#fff; background:#f2c100\" class=\"fa fa-chevron-right\" aria-hidden=\"true\"><\/i>\r\n        <\/div>\r\n      <\/button>\r\n    <\/div>\r\n    <div class=\"form-check mt-3\">\r\n      <input class=\"form-check-input\" type=\"checkbox\" id=\"check-custom\" checked \/>\r\n      <label class=\"form-check-label\" for=\"check-custom\">\r\n        Ao clicar no bot\u00e3o, voc\u00ea concorda com nossos <a class=\"politics_privacy_ahref\" href=\"https:\/\/www.estrategiaconcursos.com.br\/pagina\/termos-de-uso\/\" target=\"_blank\" rel=\"noopener noreferrer\">Termos de Uso<\/a> e <a class=\"politics_privacy_ahref\" href=\"https:\/\/gratis.estrategiaconcursos.com.br\/politica-de-privacidade\/\" target=\"_blank\" rel=\"noopener noreferrer\">Pol\u00edtica de Privacidade<\/a>, incluindo o uso de cookies e o envio de comunica\u00e7\u00f5es.\r\n      <\/label>\r\n    <\/div>\r\n  <\/form><!-- \/forms_layout -->\r\n<\/div><!-- \/forms -->      \n\t\t\t\t<\/div>\n\t\t\t<\/div><\/p>\n","protected":false},"author":7,"featured_media":433164,"parent":0,"menu_order":0,"comment_status":"closed","ping_status":"closed","template":"","meta":{"_et_pb_use_builder":"on","_et_pb_old_content":"<!-- wp:divi\/placeholder \/-->","_et_gb_content_width":"","footnotes":""},"categories":[3,17,13],"tags":[],"class_list":["post-433162","page","type-page","status-publish","has-post-thumbnail","hentry","category-pagina-de-inscricao","category-saude","category-simulados"],"_links":{"self":[{"href":"https:\/\/mkt.estrategia.com\/concursos\/wp-json\/wp\/v2\/pages\/433162","targetHints":{"allow":["GET"]}}],"collection":[{"href":"https:\/\/mkt.estrategia.com\/concursos\/wp-json\/wp\/v2\/pages"}],"about":[{"href":"https:\/\/mkt.estrategia.com\/concursos\/wp-json\/wp\/v2\/types\/page"}],"author":[{"embeddable":true,"href":"https:\/\/mkt.estrategia.com\/concursos\/wp-json\/wp\/v2\/users\/7"}],"replies":[{"embeddable":true,"href":"https:\/\/mkt.estrategia.com\/concursos\/wp-json\/wp\/v2\/comments?post=433162"}],"version-history":[{"count":2,"href":"https:\/\/mkt.estrategia.com\/concursos\/wp-json\/wp\/v2\/pages\/433162\/revisions"}],"predecessor-version":[{"id":433167,"href":"https:\/\/mkt.estrategia.com\/concursos\/wp-json\/wp\/v2\/pages\/433162\/revisions\/433167"}],"wp:featuredmedia":[{"embeddable":true,"href":"https:\/\/mkt.estrategia.com\/concursos\/wp-json\/wp\/v2\/media\/433164"}],"wp:attachment":[{"href":"https:\/\/mkt.estrategia.com\/concursos\/wp-json\/wp\/v2\/media?parent=433162"}],"wp:term":[{"taxonomy":"category","embeddable":true,"href":"https:\/\/mkt.estrategia.com\/concursos\/wp-json\/wp\/v2\/categories?post=433162"},{"taxonomy":"post_tag","embeddable":true,"href":"https:\/\/mkt.estrategia.com\/concursos\/wp-json\/wp\/v2\/tags?post=433162"}],"curies":[{"name":"wp","href":"https:\/\/api.w.org\/{rel}","templated":true}]}}