
{"id":431973,"date":"2026-02-19T14:53:55","date_gmt":"2026-02-19T17:53:55","guid":{"rendered":"https:\/\/mkt.estrategia.com\/concursos\/?page_id=431973"},"modified":"2026-02-24T12:44:59","modified_gmt":"2026-02-24T15:44:59","slug":"sucesso-raio-x-do-cfc-2026-1","status":"publish","type":"page","link":"https:\/\/mkt.estrategia.com\/concursos\/sucesso-raio-x-do-cfc-2026-1\/","title":{"rendered":"Sucesso | Raio-X do CFC 2026.1"},"content":{"rendered":"\n[et_pb_section fb_built=&#8221;1&#8243; custom_padding_last_edited=&#8221;on|phone&#8221; disabled_on=&#8221;off|off|off&#8221; module_class=&#8221;hero&#8221; _builder_version=&#8221;4.27.5&#8243; _module_preset=&#8221;default&#8221; background_color=&#8221;#0a0a0a&#8221; background_image=&#8221;https:\/\/mkt.estrategia.com\/concursos\/wp-content\/uploads\/sites\/2\/2026\/02\/BACKGROUND-RAIO-X-DO-CFC-sucesso.webp&#8221; min_height_tablet=&#8221;&#8221; min_height_phone=&#8221;&#8221; min_height_last_edited=&#8221;on|desktop&#8221; height_tablet=&#8221;&#8221; height_phone=&#8221;&#8221; height_last_edited=&#8221;on|phone&#8221; custom_margin=&#8221;||||false|false&#8221; custom_margin_tablet=&#8221;||||false|false&#8221; custom_margin_phone=&#8221;||||false|false&#8221; custom_margin_last_edited=&#8221;on|phone&#8221; custom_padding=&#8221;82px||82px||true|false&#8221; custom_padding_tablet=&#8221;||||true|false&#8221; custom_padding_phone=&#8221;0px||15px||false|false&#8221; background_color_tablet=&#8221;#0a0000&#8243; background_color_phone=&#8221;#0a0000&#8243; background_last_edited=&#8221;off|phone&#8221; background_enable_color_tablet=&#8221;on&#8221; background_enable_color_phone=&#8221;on&#8221; use_background_color_gradient_tablet=&#8221;off&#8221; use_background_color_gradient_phone=&#8221;on&#8221; background_color_gradient_type_phone=&#8221;circular&#8221; background_color_gradient_direction_radial_phone=&#8221;top left&#8221; background_color_gradient_stops_phone=&#8221;rgba(255,255,255,0) 10%|#000b0f 55%&#8221; background_color_gradient_overlays_image_phone=&#8221;on&#8221; background_image_phone=&#8221;https:\/\/mkt.estrategia.com\/concursos\/wp-content\/uploads\/sites\/2\/2026\/02\/BACKGROUND-RAIO-X-DO-CFC-sucesso.webp&#8221; background_enable_image_tablet=&#8221;off&#8221; background_enable_image_phone=&#8221;on&#8221; parallax_phone=&#8221;off&#8221; background_size_phone=&#8221;cover&#8221; background_position_tablet=&#8221;center_left&#8221; background_position_phone=&#8221;top_center&#8221; background_horizontal_offset_tablet=&#8221;19%&#8221; background_horizontal_offset_phone=&#8221;100%&#8221; background_vertical_offset_phone=&#8221;0%&#8221; custom_css_free_form=&#8221;||&#8221; border_width_bottom=&#8221;2px&#8221; border_color_bottom=&#8221;rgba(255,255,255,0.12)&#8221; locked=&#8221;off&#8221; global_colors_info=&#8221;{}&#8221;][et_pb_row _builder_version=&#8221;4.27.5&#8243; _module_preset=&#8221;default&#8221; width=&#8221;85%&#8221; max_width=&#8221;674px&#8221; custom_padding=&#8221;0px|||||&#8221; global_colors_info=&#8221;{}&#8221;][et_pb_column type=&#8221;4_4&#8243; _builder_version=&#8221;4.27.5&#8243; _module_preset=&#8221;default&#8221; global_colors_info=&#8221;{}&#8221;][et_pb_text content_tablet=&#8221;<h1>O Guia Definitivo para fazer\nde 2026 o ano da sua aprova\u00e7\u00e3o\nna <span style=%22color: #f3dead;%22>Resid\u00eancia M\u00e9dica<\/span><\/h1>&#8221; content_phone=&#8221;<h1>O Guia Definitivo para fazer de 2026 o ano da sua aprova\u00e7\u00e3o\n<span style=%22color: #f3dead;%22>na Resid\u00eancia M\u00e9dica<\/span><\/h1>&#8221; content_last_edited=&#8221;off|desktop&#8221; admin_label=&#8221;H1&#8243; _builder_version=&#8221;4.27.5&#8243; _module_preset=&#8221;default&#8221; header_font=&#8221;Poppins|600|||||||&#8221; header_text_align=&#8221;left&#8221; header_text_color=&#8221;#FFFFFF&#8221; header_font_size=&#8221;35px&#8221; header_line_height=&#8221;1.3em&#8221; header_2_font=&#8221;Poppins||||||||&#8221; header_2_text_align=&#8221;left&#8221; header_2_text_color=&#8221;#FFFFFF&#8221; header_2_font_size=&#8221;18px&#8221; header_2_letter_spacing=&#8221;2px&#8221; header_2_line_height=&#8221;2em&#8221; custom_margin=&#8221;17px||-21px||false|false&#8221; custom_margin_tablet=&#8221;||-15px|||&#8221; custom_margin_phone=&#8221;180px||-14px||false|false&#8221; custom_margin_last_edited=&#8221;off|phone&#8221; custom_padding=&#8221;||||false|false&#8221; custom_padding_tablet=&#8221;||0px||false|false&#8221; custom_padding_phone=&#8221;|10px||10px|false|true&#8221; custom_padding_last_edited=&#8221;off|desktop&#8221; header_text_align_tablet=&#8221;left&#8221; header_text_align_phone=&#8221;center&#8221; header_text_align_last_edited=&#8221;on|phone&#8221; header_font_size_tablet=&#8221;35px&#8221; header_font_size_phone=&#8221;21px&#8221; header_font_size_last_edited=&#8221;on|phone&#8221; header_2_text_align_tablet=&#8221;left&#8221; header_2_text_align_phone=&#8221;center&#8221; header_2_text_align_last_edited=&#8221;on|phone&#8221; header_text_shadow_style=&#8221;preset2&#8243; locked=&#8221;off&#8221; global_colors_info=&#8221;{}&#8221;]<h2 style=\"text-align: center;\"><span style=\"color: rgba(255, 255, 255, 0.92);\">SEJA BEM-VINDO AO<\/span><br \/>RAIO X DO<\/h2>[\/et_pb_text][et_pb_text content_tablet=&#8221;<h1>O Guia Definitivo para fazer\nde 2026 o ano da sua aprova\u00e7\u00e3o\nna <span style=%22color: #f3dead;%22>Resid\u00eancia M\u00e9dica<\/span><\/h1>&#8221; content_phone=&#8221;<h1>O Guia Definitivo para fazer de 2026 o ano da sua aprova\u00e7\u00e3o\n<span style=%22color: #f3dead;%22>na Resid\u00eancia M\u00e9dica<\/span><\/h1>&#8221; content_last_edited=&#8221;off|desktop&#8221; admin_label=&#8221;H1&#8243; _builder_version=&#8221;4.27.5&#8243; _module_preset=&#8221;default&#8221; header_font=&#8221;Poppins|600|||||||&#8221; header_text_align=&#8221;left&#8221; header_text_color=&#8221;#FFFFFF&#8221; header_font_size=&#8221;35px&#8221; header_line_height=&#8221;1.3em&#8221; header_2_font=&#8221;Poppins|700|||||||&#8221; header_2_text_align=&#8221;left&#8221; header_2_text_color=&#8221;#35eeff&#8221; header_2_font_size=&#8221;45px&#8221; header_2_letter_spacing=&#8221;2px&#8221; custom_margin=&#8221;-1px||-21px||false|false&#8221; custom_margin_tablet=&#8221;||-15px|||&#8221; custom_margin_phone=&#8221;-18px||-26px||false|false&#8221; custom_margin_last_edited=&#8221;off|desktop&#8221; custom_padding=&#8221;||||false|false&#8221; custom_padding_tablet=&#8221;||0px||false|false&#8221; custom_padding_phone=&#8221;|10px||10px|false|true&#8221; custom_padding_last_edited=&#8221;off|desktop&#8221; header_text_align_tablet=&#8221;left&#8221; header_text_align_phone=&#8221;center&#8221; header_text_align_last_edited=&#8221;on|phone&#8221; header_font_size_tablet=&#8221;35px&#8221; header_font_size_phone=&#8221;21px&#8221; header_font_size_last_edited=&#8221;on|phone&#8221; header_2_text_align_tablet=&#8221;left&#8221; header_2_text_align_phone=&#8221;center&#8221; header_2_text_align_last_edited=&#8221;on|phone&#8221; header_text_shadow_style=&#8221;preset2&#8243; locked=&#8221;off&#8221; global_colors_info=&#8221;{}&#8221;]<h2 style=\"text-align: center;\">CFC 2026.1<\/h2>[\/et_pb_text][et_pb_text content_tablet=&#8221;<h2>e<strong> garanta 6k ainda em 2025 <\/strong>mesmo sem ter faculdade\nTenha acesso ao conte\u00fado 100% focado no TJ SP<\/h2>&#8221; content_phone=&#8221;<h2>e<strong> garanta 6k ainda em 2025 <\/strong>mesmo sem ter faculdade. Tenha acesso ao conte\u00fado 100% focado no TJ SP<\/h2>&#8221; content_last_edited=&#8221;off|phone&#8221; _builder_version=&#8221;4.27.5&#8243; _module_preset=&#8221;default&#8221; text_font_size=&#8221;13px&#8221; header_font=&#8221;|700|||||||&#8221; header_text_color=&#8221;#00022d&#8221; header_2_font=&#8221;Poppins|500|||||||&#8221; header_2_text_align=&#8221;left&#8221; header_2_text_color=&#8221;#FFFFFF&#8221; header_2_font_size=&#8221;20px&#8221; header_2_line_height=&#8221;1.4em&#8221; custom_margin=&#8221;0px||-3px||false|false&#8221; custom_margin_tablet=&#8221;8px||-3px||false|false&#8221; custom_margin_phone=&#8221;20px||3px||false|false&#8221; custom_margin_last_edited=&#8221;off|phone&#8221; custom_padding=&#8221;||||false|false&#8221; custom_padding_tablet=&#8221;||0px|||&#8221; custom_padding_phone=&#8221;|0px||0px|true|true&#8221; custom_padding_last_edited=&#8221;off|desktop&#8221; header_2_text_align_tablet=&#8221;left&#8221; header_2_text_align_phone=&#8221;center&#8221; header_2_text_align_last_edited=&#8221;on|desktop&#8221; header_2_font_size_tablet=&#8221;18px&#8221; header_2_font_size_phone=&#8221;18px&#8221; header_2_font_size_last_edited=&#8221;on|phone&#8221; locked=&#8221;off&#8221; global_colors_info=&#8221;{}&#8221;]<h2 style=\"text-align: center;\">Descubra como estudar menos, revisar melhor e passar no pr\u00f3ximo exame CFC<\/h2>[\/et_pb_text][et_pb_counters _builder_version=&#8221;4.27.5&#8243; _module_preset=&#8221;default&#8221; global_colors_info=&#8221;{}&#8221;][et_pb_counter percent=&#8221;80&#8243; bar_background_color=&#8221;#35eeff&#8221; _builder_version=&#8221;4.27.5&#8243; _module_preset=&#8221;default&#8221; percent_font=&#8221;Poppins||||||||&#8221; percent_text_color=&#8221;#080c1c&#8221; custom_padding=&#8221;5px||5px||true|false&#8221; border_radii=&#8221;on|90px|90px|90px|90px&#8221; global_colors_info=&#8221;{}&#8221; bar_background_color_default=&#8221;#2ea3f2&#8243; use_percentages=&#8221;on&#8221;][\/et_pb_counter][\/et_pb_counters][et_pb_text content_tablet=&#8221;<h2>e<strong> garanta 6k ainda em 2025 <\/strong>mesmo sem ter faculdade\nTenha acesso ao conte\u00fado 100% focado no TJ SP<\/h2>&#8221; content_phone=&#8221;<h2>e<strong> garanta 6k ainda em 2025 <\/strong>mesmo sem ter faculdade. Tenha acesso ao conte\u00fado 100% focado no TJ SP<\/h2>&#8221; content_last_edited=&#8221;off|phone&#8221; _builder_version=&#8221;4.27.5&#8243; _module_preset=&#8221;default&#8221; text_font_size=&#8221;13px&#8221; header_font=&#8221;|700|||||||&#8221; header_text_color=&#8221;#00022d&#8221; header_2_font=&#8221;Poppins|500|||||||&#8221; header_2_text_align=&#8221;left&#8221; header_2_text_color=&#8221;#FFFFFF&#8221; header_2_font_size=&#8221;20px&#8221; header_2_line_height=&#8221;1.4em&#8221; custom_margin=&#8221;0px||-3px||false|false&#8221; custom_margin_tablet=&#8221;8px||-3px||false|false&#8221; custom_margin_phone=&#8221;20px||3px||false|false&#8221; custom_margin_last_edited=&#8221;off|phone&#8221; custom_padding=&#8221;||||false|false&#8221; custom_padding_tablet=&#8221;||0px|||&#8221; custom_padding_phone=&#8221;|0px||0px|true|true&#8221; custom_padding_last_edited=&#8221;off|desktop&#8221; header_2_text_align_tablet=&#8221;left&#8221; header_2_text_align_phone=&#8221;center&#8221; header_2_text_align_last_edited=&#8221;on|desktop&#8221; header_2_font_size_tablet=&#8221;18px&#8221; header_2_font_size_phone=&#8221;18px&#8221; header_2_font_size_last_edited=&#8221;on|phone&#8221; locked=&#8221;off&#8221; global_colors_info=&#8221;{}&#8221;]<h2 style=\"text-align: center;\">Quase l\u00e1! \nFalta um passo para concluir sua inscri\u00e7\u00e3o\u2026\n<\/h2>[\/et_pb_text][et_pb_text content_tablet=&#8221;<h2>e<strong> garanta 6k ainda em 2025 <\/strong>mesmo sem ter faculdade\nTenha acesso ao conte\u00fado 100% focado no TJ SP<\/h2>&#8221; content_phone=&#8221;<h2>e<strong> garanta 6k ainda em 2025 <\/strong>mesmo sem ter faculdade. Tenha acesso ao conte\u00fado 100% focado no TJ SP<\/h2>&#8221; content_last_edited=&#8221;off|phone&#8221; _builder_version=&#8221;4.27.5&#8243; _module_preset=&#8221;default&#8221; text_font_size=&#8221;13px&#8221; header_font=&#8221;|700|||||||&#8221; header_text_color=&#8221;#00022d&#8221; header_2_font=&#8221;Poppins|300|||||||&#8221; header_2_text_align=&#8221;left&#8221; header_2_text_color=&#8221;#FFFFFF&#8221; header_2_font_size=&#8221;20px&#8221; header_2_line_height=&#8221;1.4em&#8221; custom_margin=&#8221;0px||-3px||false|false&#8221; custom_margin_tablet=&#8221;8px||-3px||false|false&#8221; custom_margin_phone=&#8221;20px||3px||false|false&#8221; custom_margin_last_edited=&#8221;off|phone&#8221; custom_padding=&#8221;||||false|false&#8221; custom_padding_tablet=&#8221;||0px|||&#8221; custom_padding_phone=&#8221;|0px||0px|true|true&#8221; custom_padding_last_edited=&#8221;off|desktop&#8221; header_2_text_align_tablet=&#8221;left&#8221; header_2_text_align_phone=&#8221;center&#8221; header_2_text_align_last_edited=&#8221;on|desktop&#8221; header_2_font_size_tablet=&#8221;18px&#8221; header_2_font_size_phone=&#8221;18px&#8221; header_2_font_size_last_edited=&#8221;on|phone&#8221; locked=&#8221;off&#8221; global_colors_info=&#8221;{}&#8221;]<h2 style=\"text-align: center;\">Clique no bot\u00e3o e entre no <strong>grupo do WhatsApp<\/strong> para ter acesso a <strong>conte\u00fados exclusivos e gratuitos<\/strong> que v\u00e3o fazer total diferen\u00e7a nos seus estudos.<\/h2>[\/et_pb_text][et_pb_button button_text=&#8221;quero entrar no grupo&#8221; button_alignment=&#8221;center&#8221; button_alignment_tablet=&#8221;center&#8221; button_alignment_phone=&#8221;center&#8221; button_alignment_last_edited=&#8221;on|phone&#8221; _builder_version=&#8221;4.27.5&#8243; _module_preset=&#8221;default&#8221; custom_button=&#8221;on&#8221; button_text_size=&#8221;18px&#8221; button_text_color=&#8221;#FFFFFF&#8221; button_bg_color=&#8221;#0f9613&#8243; button_border_width=&#8221;0px&#8221; button_border_radius=&#8221;7px&#8221; button_font=&#8221;Poppins|||on|||||&#8221; button_icon=&#8221;&#xf232;||fa||400&#8243; button_on_hover=&#8221;off&#8221; custom_margin=&#8221;17px|0px||0px|false|true&#8221; custom_margin_tablet=&#8221;|0px||0px|false|true&#8221; custom_margin_phone=&#8221;|10px||10px|false|true&#8221; custom_margin_last_edited=&#8221;on|phone&#8221; custom_padding=&#8221;10px||10px||true|false&#8221; custom_padding_tablet=&#8221;10px||10px||true|false&#8221; custom_padding_phone=&#8221;||||true|true&#8221; custom_padding_last_edited=&#8221;on|phone&#8221; hover_enabled=&#8221;0&#8243; locked=&#8221;off&#8221; global_colors_info=&#8221;{}&#8221; button_bg_color__hover_enabled=&#8221;on|desktop&#8221; button_bg_color__hover=&#8221;#10a52b&#8221; button_bg_enable_color__hover=&#8221;on&#8221; transform_styles__hover_enabled=&#8221;on|hover&#8221; transform_scale__hover_enabled=&#8221;on|hover&#8221; transform_translate__hover_enabled=&#8221;on|desktop&#8221; transform_rotate__hover_enabled=&#8221;on|desktop&#8221; transform_skew__hover_enabled=&#8221;on|desktop&#8221; transform_origin__hover_enabled=&#8221;on|desktop&#8221; transform_scale__hover=&#8221;105%|105%&#8221; button_url=&#8221;https:\/\/mais.red\/run\/raio-x-do-cfc-2026-1&#8243; sticky_enabled=&#8221;0&#8243;][\/et_pb_button][\/et_pb_column][\/et_pb_row][\/et_pb_section]\n","protected":false},"excerpt":{"rendered":"<p>SEJA BEM-VINDO AORAIO X DOCFC 2026.1Descubra como estudar menos, revisar melhor e passar no pr\u00f3ximo exame CFCQuase l\u00e1! Falta um passo para concluir sua inscri\u00e7\u00e3o\u2026 Clique no bot\u00e3o e entre no grupo do WhatsApp para ter acesso a conte\u00fados exclusivos e gratuitos que v\u00e3o fazer total diferen\u00e7a nos seus estudos.<\/p>\n","protected":false},"author":11,"featured_media":432268,"parent":0,"menu_order":0,"comment_status":"closed","ping_status":"closed","template":"","meta":{"_et_pb_use_builder":"on","_et_pb_old_content":"","_et_gb_content_width":"","footnotes":""},"categories":[1,9],"tags":[],"class_list":["post-431973","page","type-page","status-publish","has-post-thumbnail","hentry","category-cfc","category-sucesso-campanhas"],"_links":{"self":[{"href":"https:\/\/mkt.estrategia.com\/concursos\/wp-json\/wp\/v2\/pages\/431973","targetHints":{"allow":["GET"]}}],"collection":[{"href":"https:\/\/mkt.estrategia.com\/concursos\/wp-json\/wp\/v2\/pages"}],"about":[{"href":"https:\/\/mkt.estrategia.com\/concursos\/wp-json\/wp\/v2\/types\/page"}],"author":[{"embeddable":true,"href":"https:\/\/mkt.estrategia.com\/concursos\/wp-json\/wp\/v2\/users\/11"}],"replies":[{"embeddable":true,"href":"https:\/\/mkt.estrategia.com\/concursos\/wp-json\/wp\/v2\/comments?post=431973"}],"version-history":[{"count":4,"href":"https:\/\/mkt.estrategia.com\/concursos\/wp-json\/wp\/v2\/pages\/431973\/revisions"}],"predecessor-version":[{"id":432266,"href":"https:\/\/mkt.estrategia.com\/concursos\/wp-json\/wp\/v2\/pages\/431973\/revisions\/432266"}],"wp:featuredmedia":[{"embeddable":true,"href":"https:\/\/mkt.estrategia.com\/concursos\/wp-json\/wp\/v2\/media\/432268"}],"wp:attachment":[{"href":"https:\/\/mkt.estrategia.com\/concursos\/wp-json\/wp\/v2\/media?parent=431973"}],"wp:term":[{"taxonomy":"category","embeddable":true,"href":"https:\/\/mkt.estrategia.com\/concursos\/wp-json\/wp\/v2\/categories?post=431973"},{"taxonomy":"post_tag","embeddable":true,"href":"https:\/\/mkt.estrategia.com\/concursos\/wp-json\/wp\/v2\/tags?post=431973"}],"curies":[{"name":"wp","href":"https:\/\/api.w.org\/{rel}","templated":true}]}}