
{"id":422221,"date":"2025-10-28T16:55:38","date_gmt":"2025-10-28T19:55:38","guid":{"rendered":"https:\/\/mkt.estrategia.com\/concursos\/?page_id=422221"},"modified":"2025-10-28T17:00:51","modified_gmt":"2025-10-28T20:00:51","slug":"sucesso-tjrj-tec-atv-jud-edital-vert","status":"publish","type":"page","link":"https:\/\/mkt.estrategia.com\/concursos\/sucesso-tjrj-tec-atv-jud-edital-vert\/","title":{"rendered":"Sucesso \u2013 TJ RJ \u2013 T\u00e9cnico de Atividade Judici\u00e1ria &#8211; Edital Verticalizado"},"content":{"rendered":"<p>[et_pb_section fb_built=&#8221;1&#8243; disabled_on=&#8221;on|on|off&#8221; admin_label=&#8221;section&#8221; _builder_version=&#8221;4.27.4&#8243; background_enable_color=&#8221;off&#8221; background_image=&#8221;https:\/\/mkt.estrategia.com\/concursos\/wp-content\/uploads\/sites\/2\/2025\/10\/BG_Ebook_Ebook_TJRJ-TEC-ATI-JUD-ED-VERT-2025-copiar-1.webp&#8221; display_conditions=&#8221;W3siaWQiOiJhZDg5ZGY0Zi0xZTlmLTQxZDQtYTgzZi0wMzllMTI4MDdkOGYiLCJjb25kaXRpb24iOiJ1c2VyUm9sZSIsImNvbmRpdGlvblNldHRpbmdzIjp7InVzZXJSb2xlRGlzcGxheSI6ImlzIiwidXNlclJvbGVzIjpbeyJsYWJlbCI6IkFkbWluaXN0cmF0b3IiLCJ2YWx1ZSI6ImFkbWluaXN0cmF0b3IifV0sInVzZXJJZHMiOiJVc2VyIElEcyBzZXBhcmF0ZWQgYnkgY29tbWFzIiwiYWRtaW5MYWJlbCI6IlVzZXIgUm9sZSIsImVuYWJsZUNvbmRpdGlvbiI6Im9mZiJ9LCJvcGVyYXRvciI6Ik9SIn1d&#8221; custom_margin=&#8221;0px|0px|0px|0px|false|false&#8221; custom_padding=&#8221;15px|0px|0px|0px&#8221; hover_enabled=&#8221;0&#8243; transparent_background=&#8221;off&#8221; locked=&#8221;off&#8221; global_colors_info=&#8221;%91%93&#8243; custom_css_before_last_edited=&#8221;on|desktop&#8221; title_text=&#8221;BG_Ebook_Ebook_TJRJ-TEC-ATI-JUD-ED-VERT-2025 copiar&#8221; sticky_enabled=&#8221;0&#8243;][et_pb_row module_class=&#8221;hero&#8221; _builder_version=&#8221;4.27.4&#8243; _module_preset=&#8221;default&#8221; global_colors_info=&#8221;{}&#8221;][et_pb_column type=&#8221;4_4&#8243; _builder_version=&#8221;4.27.0&#8243; _module_preset=&#8221;default&#8221; global_colors_info=&#8221;{}&#8221;][et_pb_image src=&#8221;https:\/\/mkt.estrategia.com\/concursos\/wp-content\/uploads\/sites\/2\/2024\/07\/Logo_branco_estrategia_Concursos-scaled.webp&#8221; title_text=&#8221;Logo_branco_estrategia_Concursos&#8221; url=&#8221;https:\/\/gratis.estrategiaconcursos.com.br\/&#8221; align=&#8221;center&#8221; align_tablet=&#8221;center&#8221; align_phone=&#8221;&#8221; align_last_edited=&#8221;on|desktop&#8221; admin_label=&#8221;Logo Estrat\u00e9gia Concursos&#8221; _builder_version=&#8221;4.27.4&#8243; width=&#8221;22%&#8221; width_tablet=&#8221;50%&#8221; width_phone=&#8221;50%&#8221; width_last_edited=&#8221;on|phone&#8221; max_width=&#8221;100%&#8221; max_width_tablet=&#8221;100%&#8221; max_width_phone=&#8221;60%&#8221; max_width_last_edited=&#8221;on|tablet&#8221; module_alignment=&#8221;center&#8221; custom_margin=&#8221;||24px|||&#8221; animation_style=&#8221;fade&#8221; animation_direction=&#8221;left&#8221; animation_duration=&#8221;500ms&#8221; hover_enabled=&#8221;0&#8243; z_index_tablet=&#8221;500&#8243; border_width_all_tablet=&#8221;25&#8243; box_shadow_horizontal_tablet=&#8221;0px&#8221; box_shadow_vertical_tablet=&#8221;0px&#8221; box_shadow_blur_tablet=&#8221;40px&#8221; box_shadow_spread_tablet=&#8221;0px&#8221; use_border_color=&#8221;off&#8221; global_colors_info=&#8221;%91%93&#8243; sticky_enabled=&#8221;0&#8243;][\/et_pb_image][\/et_pb_column][\/et_pb_row][\/et_pb_section][et_pb_section fb_built=&#8221;1&#8243; admin_label=&#8221;section&#8221; _builder_version=&#8221;4.27.4&#8243; background_color=&#8221;RGBA(255,255,255,0)&#8221; display_conditions=&#8221;W3siaWQiOiJhZDg5ZGY0Zi0xZTlmLTQxZDQtYTgzZi0wMzllMTI4MDdkOGYiLCJjb25kaXRpb24iOiJ1c2VyUm9sZSIsImNvbmRpdGlvblNldHRpbmdzIjp7InVzZXJSb2xlRGlzcGxheSI6ImlzIiwidXNlclJvbGVzIjpbeyJsYWJlbCI6IkFkbWluaXN0cmF0b3IiLCJ2YWx1ZSI6ImFkbWluaXN0cmF0b3IifV0sInVzZXJJZHMiOiJVc2VyIElEcyBzZXBhcmF0ZWQgYnkgY29tbWFzIiwiYWRtaW5MYWJlbCI6IlVzZXIgUm9sZSIsImVuYWJsZUNvbmRpdGlvbiI6Im9mZiJ9LCJvcGVyYXRvciI6Ik9SIn1d&#8221; custom_margin=&#8221;0px|0px|0px|0px|false|false&#8221; custom_margin_tablet=&#8221;0px|0px|0px|0px|false|false&#8221; custom_margin_phone=&#8221;-40px|0px|0px|0px|false|false&#8221; custom_margin_last_edited=&#8221;on|phone&#8221; custom_padding=&#8221;78px|0px|50px|0px|false|false&#8221; transparent_background=&#8221;off&#8221; locked=&#8221;off&#8221; global_colors_info=&#8221;%91%93&#8243; custom_css_before_last_edited=&#8221;on|desktop&#8221;][et_pb_row _builder_version=&#8221;4.27.4&#8243; _module_preset=&#8221;default&#8221; custom_margin_tablet=&#8221;&#8221; custom_margin_phone=&#8221;||-42px||false|false&#8221; custom_margin_last_edited=&#8221;on|phone&#8221; global_colors_info=&#8221;{}&#8221;][et_pb_column type=&#8221;4_4&#8243; _builder_version=&#8221;4.27.0&#8243; _module_preset=&#8221;default&#8221; global_colors_info=&#8221;{}&#8221;][et_pb_text _builder_version=&#8221;4.16&#8243; background_size=&#8221;initial&#8221; background_position=&#8221;top_left&#8221; background_repeat=&#8221;repeat&#8221; use_border_color=&#8221;off&#8221; border_style=&#8221;solid&#8221; global_colors_info=&#8221;{}&#8221;]<\/p>\n<h1 class=\"lplh-43\" style=\"text-align: center\"><strong>Ol\u00e1 <span class=\"ub-dynamic\">Concurseiro<\/span>!<\/strong><\/h1>\n<h3 style=\"text-align: center\">Sua inscri\u00e7\u00e3o foi confirmada com sucesso.<\/h3>\n<p>[\/et_pb_text][\/et_pb_column][\/et_pb_row][et_pb_row _builder_version=&#8221;4.16&#8243; background_size=&#8221;initial&#8221; background_position=&#8221;top_left&#8221; background_repeat=&#8221;repeat&#8221; global_colors_info=&#8221;{}&#8221;][et_pb_column type=&#8221;4_4&#8243; _builder_version=&#8221;4.16&#8243; custom_padding=&#8221;|||&#8221; global_colors_info=&#8221;{}&#8221; custom_padding__hover=&#8221;|||&#8221;][et_pb_image src=&#8221;https:\/\/mkt.estrategia.com\/concursos\/wp-content\/uploads\/sites\/2\/2025\/10\/mockup_Ebook_TJRJ-TEC-ATI-JUD-ED-VERT-2025-copiar.webp&#8221; title_text=&#8221;mockup_Ebook_TJRJ-TEC-ATI-JUD-ED-VERT-2025 copiar&#8221; align=&#8221;center&#8221; align_tablet=&#8221;center&#8221; align_phone=&#8221;&#8221; align_last_edited=&#8221;on|desktop&#8221; _builder_version=&#8221;4.27.4&#8243; width=&#8221;75%&#8221; max_width=&#8221;300px&#8221; max_width_tablet=&#8221;100%&#8221; max_width_phone=&#8221;60%&#8221; max_width_last_edited=&#8221;on|tablet&#8221; module_alignment=&#8221;center&#8221; custom_margin=&#8221;||24px|||&#8221; animation_style=&#8221;slide&#8221; animation_direction=&#8221;left&#8221; animation_duration=&#8221;500ms&#8221; animation_intensity_slide=&#8221;10%&#8221; sticky=&#8221;off&#8221; use_border_color=&#8221;off&#8221; border_color=&#8221;#ffffff&#8221; border_width=&#8221;1px&#8221; border_style=&#8221;solid&#8221; global_colors_info=&#8221;%91%93&#8243;][\/et_pb_image][et_pb_button button_url=&#8221;https:\/\/drive.google.com\/file\/d\/1XfkzikzY-x4AVUZSSe2OGd_nf0aPscM9\/view?usp=sharing&#8221; url_new_window=&#8221;on&#8221; button_text=&#8221;Clique Aqui para Baixar&#8221; button_alignment=&#8221;center&#8221; _builder_version=&#8221;4.27.4&#8243; custom_button=&#8221;on&#8221; button_text_color=&#8221;#ffffff&#8221; button_bg_color=&#8221;#6800c9&#8243; button_bg_color_gradient_overlays_image=&#8221;on&#8221; button_border_color=&#8221;RGBA(255,255,255,0)&#8221; button_border_radius=&#8221;51px&#8221; button_icon=&#8221;&#xe071;||divi||400&#8243; global_colors_info=&#8221;%91%93&#8243; button_text_size__hover_enabled=&#8221;off&#8221; button_text_size__hover=&#8221;null&#8221; button_one_text_size__hover_enabled=&#8221;off&#8221; button_one_text_size__hover=&#8221;null&#8221; button_two_text_size__hover_enabled=&#8221;off&#8221; button_two_text_size__hover=&#8221;null&#8221; button_text_color__hover_enabled=&#8221;off&#8221; button_text_color__hover=&#8221;null&#8221; button_one_text_color__hover_enabled=&#8221;off&#8221; button_one_text_color__hover=&#8221;null&#8221; button_two_text_color__hover_enabled=&#8221;off&#8221; button_two_text_color__hover=&#8221;null&#8221; button_border_width__hover_enabled=&#8221;off&#8221; button_border_width__hover=&#8221;null&#8221; button_one_border_width__hover_enabled=&#8221;off&#8221; button_one_border_width__hover=&#8221;null&#8221; button_two_border_width__hover_enabled=&#8221;off&#8221; button_two_border_width__hover=&#8221;null&#8221; button_border_color__hover_enabled=&#8221;off&#8221; button_border_color__hover=&#8221;null&#8221; button_one_border_color__hover_enabled=&#8221;off&#8221; button_one_border_color__hover=&#8221;null&#8221; button_two_border_color__hover_enabled=&#8221;off&#8221; button_two_border_color__hover=&#8221;null&#8221; button_border_radius__hover_enabled=&#8221;off&#8221; button_border_radius__hover=&#8221;null&#8221; button_one_border_radius__hover_enabled=&#8221;off&#8221; button_one_border_radius__hover=&#8221;null&#8221; button_two_border_radius__hover_enabled=&#8221;off&#8221; button_two_border_radius__hover=&#8221;null&#8221; button_letter_spacing__hover_enabled=&#8221;off&#8221; button_letter_spacing__hover=&#8221;null&#8221; button_one_letter_spacing__hover_enabled=&#8221;off&#8221; button_one_letter_spacing__hover=&#8221;null&#8221; button_two_letter_spacing__hover_enabled=&#8221;off&#8221; button_two_letter_spacing__hover=&#8221;null&#8221; button_bg_color__hover_enabled=&#8221;off&#8221; button_bg_color__hover=&#8221;null&#8221; button_one_bg_color__hover_enabled=&#8221;off&#8221; button_one_bg_color__hover=&#8221;null&#8221; button_two_bg_color__hover_enabled=&#8221;off&#8221; button_two_bg_color__hover=&#8221;null&#8221;][\/et_pb_button][\/et_pb_column][\/et_pb_row][\/et_pb_section][et_pb_section fb_built=&#8221;1&#8243; _builder_version=&#8221;4.27.4&#8243; _module_preset=&#8221;default&#8221; background_color=&#8221;#5900a6&#8243; custom_padding=&#8221;42px||42px||true|false&#8221; locked=&#8221;off&#8221; global_colors_info=&#8221;{}&#8221;][et_pb_row column_structure=&#8221;1_3,1_3,1_3&#8243; custom_padding_last_edited=&#8221;on|phone&#8221; _builder_version=&#8221;4.27.3&#8243; _module_preset=&#8221;default&#8221; width=&#8221;100%&#8221; width_tablet=&#8221;100%&#8221; width_phone=&#8221;100%&#8221; width_last_edited=&#8221;on|phone&#8221; max_width=&#8221;2560px&#8221; custom_padding=&#8221;0px|300px|0px|300px|true|true&#8221; custom_padding_tablet=&#8221;0px|300px|0px|300px|true|true&#8221; custom_padding_phone=&#8221;0px|50px|0px|50px|true|true&#8221; locked=&#8221;off&#8221; global_colors_info=&#8221;{}&#8221;][et_pb_column type=&#8221;1_3&#8243; _builder_version=&#8221;4.27.0&#8243; _module_preset=&#8221;default&#8221; global_colors_info=&#8221;{}&#8221;][et_pb_image src=&#8221;https:\/\/mkt.estrategia.com\/concursos\/wp-content\/uploads\/sites\/2\/2024\/08\/Logo_branco_estrategia_Concursos-scaled.webp&#8221; title_text=&#8221;Logo_branco_estrategia_Concursos&#8221; align_tablet=&#8221;&#8221; align_phone=&#8221;center&#8221; align_last_edited=&#8221;on|phone&#8221; _builder_version=&#8221;4.27.4&#8243; _module_preset=&#8221;default&#8221; width=&#8221;100%&#8221; max_width=&#8221;45%&#8221; max_width_tablet=&#8221;90%&#8221; max_width_phone=&#8221;50%&#8221; max_width_last_edited=&#8221;on|phone&#8221; module_alignment=&#8221;left&#8221; filter_saturate=&#8221;0%&#8221; filter_brightness=&#8221;200%&#8221; filter_contrast=&#8221;102%&#8221; module_alignment_tablet=&#8221;left&#8221; module_alignment_phone=&#8221;center&#8221; module_alignment_last_edited=&#8221;on|phone&#8221; global_colors_info=&#8221;{}&#8221; min_height__hover_enabled=&#8221;off|desktop&#8221;][\/et_pb_image][\/et_pb_column][et_pb_column type=&#8221;1_3&#8243; _builder_version=&#8221;4.27.3&#8243; _module_preset=&#8221;default&#8221; border_color_top=&#8221;#b17c36&#8243; border_color_left=&#8221;#b17c36&#8243; border_width_top_tablet=&#8221;&#8221; border_width_top_phone=&#8221;0px&#8221; border_width_top_last_edited=&#8221;on|phone&#8221; border_width_left_tablet=&#8221;2px&#8221; border_width_left_phone=&#8221;0px&#8221; border_width_left_last_edited=&#8221;on|phone&#8221; global_colors_info=&#8221;{}&#8221;][et_pb_text _builder_version=&#8221;4.27.4&#8243; _module_preset=&#8221;default&#8221; text_font=&#8221;Arial|300|||||||&#8221; text_text_color=&#8221;#d3d3d3&#8243; text_line_height=&#8221;1.4em&#8221; text_orientation=&#8221;center&#8221; width=&#8221;100%&#8221; max_width=&#8221;100%&#8221; module_alignment=&#8221;center&#8221; custom_margin=&#8221;||9px|||&#8221; custom_padding=&#8221;10px||||false|false&#8221; global_colors_info=&#8221;{}&#8221;]<\/p>\n<p>Direitos Reservados &#8211; Estrategia Concursos 2024 \u00a9<\/p>\n<p>[\/et_pb_text][\/et_pb_column][et_pb_column type=&#8221;1_3&#8243; _builder_version=&#8221;4.27.3&#8243; _module_preset=&#8221;default&#8221; border_color_top=&#8221;#b17c36&#8243; border_color_left=&#8221;#b17c36&#8243; border_width_top_tablet=&#8221;&#8221; border_width_top_phone=&#8221;0px&#8221; border_width_top_last_edited=&#8221;on|phone&#8221; border_width_left_tablet=&#8221;2px&#8221; border_width_left_phone=&#8221;0px&#8221; border_width_left_last_edited=&#8221;on|phone&#8221; global_colors_info=&#8221;{}&#8221;][et_pb_social_media_follow use_icon_font_size=&#8221;on&#8221; icon_font_size=&#8221;20px&#8221; _builder_version=&#8221;4.27.4&#8243; _module_preset=&#8221;default&#8221; text_orientation=&#8221;right&#8221; width=&#8221;100%&#8221; max_width=&#8221;100%&#8221; custom_margin=&#8221;0px|||0px|false|false&#8221; custom_margin_tablet=&#8221;10px|||30px|false|false&#8221; custom_margin_phone=&#8221;10px|||0px|false|false&#8221; custom_margin_last_edited=&#8221;on|phone&#8221; text_orientation_tablet=&#8221;left&#8221; text_orientation_phone=&#8221;center&#8221; text_orientation_last_edited=&#8221;on|phone&#8221; global_colors_info=&#8221;{}&#8221;][et_pb_social_media_follow_network social_network=&#8221;facebook&#8221; url=&#8221;https:\/\/www.facebook.com\/estrategiaconcursos&#8221; icon_color=&#8221;#FFFFFF&#8221; _builder_version=&#8221;4.27.4&#8243; _module_preset=&#8221;default&#8221; background_enable_color=&#8221;off&#8221; global_colors_info=&#8221;{}&#8221; follow_button=&#8221;off&#8221; url_new_window=&#8221;on&#8221;]facebook[\/et_pb_social_media_follow_network][et_pb_social_media_follow_network social_network=&#8221;instagram&#8221; url=&#8221;https:\/\/www.instagram.com\/estrategiaconcursos&#8221; _builder_version=&#8221;4.27.4&#8243; _module_preset=&#8221;default&#8221; background_enable_color=&#8221;off&#8221; global_colors_info=&#8221;{}&#8221; follow_button=&#8221;off&#8221; url_new_window=&#8221;on&#8221;]instagram[\/et_pb_social_media_follow_network][et_pb_social_media_follow_network social_network=&#8221;youtube&#8221; url=&#8221;https:\/\/www.youtube.com\/channel\/UChvwkhC3eHxJsVxW_ItDjdA&#8221; _builder_version=&#8221;4.27.4&#8243; _module_preset=&#8221;default&#8221; background_enable_color=&#8221;off&#8221; global_colors_info=&#8221;{}&#8221; follow_button=&#8221;off&#8221; url_new_window=&#8221;on&#8221;]youtube[\/et_pb_social_media_follow_network][\/et_pb_social_media_follow][\/et_pb_column][\/et_pb_row][\/et_pb_section]<\/p>\n","protected":false},"excerpt":{"rendered":"<p>Ol\u00e1 Concurseiro! Sua inscri\u00e7\u00e3o foi confirmada com sucesso. Direitos Reservados &#8211; Estrategia Concursos 2024 \u00a9<\/p>\n","protected":false},"author":43,"featured_media":0,"parent":0,"menu_order":0,"comment_status":"closed","ping_status":"closed","template":"","meta":{"_et_pb_use_builder":"on","_et_pb_old_content":"","_et_gb_content_width":"","footnotes":""},"categories":[10],"tags":[],"class_list":["post-422221","page","type-page","status-publish","hentry","category-sucesso-ebooks"],"_links":{"self":[{"href":"https:\/\/mkt.estrategia.com\/concursos\/wp-json\/wp\/v2\/pages\/422221","targetHints":{"allow":["GET"]}}],"collection":[{"href":"https:\/\/mkt.estrategia.com\/concursos\/wp-json\/wp\/v2\/pages"}],"about":[{"href":"https:\/\/mkt.estrategia.com\/concursos\/wp-json\/wp\/v2\/types\/page"}],"author":[{"embeddable":true,"href":"https:\/\/mkt.estrategia.com\/concursos\/wp-json\/wp\/v2\/users\/43"}],"replies":[{"embeddable":true,"href":"https:\/\/mkt.estrategia.com\/concursos\/wp-json\/wp\/v2\/comments?post=422221"}],"version-history":[{"count":4,"href":"https:\/\/mkt.estrategia.com\/concursos\/wp-json\/wp\/v2\/pages\/422221\/revisions"}],"predecessor-version":[{"id":422228,"href":"https:\/\/mkt.estrategia.com\/concursos\/wp-json\/wp\/v2\/pages\/422221\/revisions\/422228"}],"wp:attachment":[{"href":"https:\/\/mkt.estrategia.com\/concursos\/wp-json\/wp\/v2\/media?parent=422221"}],"wp:term":[{"taxonomy":"category","embeddable":true,"href":"https:\/\/mkt.estrategia.com\/concursos\/wp-json\/wp\/v2\/categories?post=422221"},{"taxonomy":"post_tag","embeddable":true,"href":"https:\/\/mkt.estrategia.com\/concursos\/wp-json\/wp\/v2\/tags?post=422221"}],"curies":[{"name":"wp","href":"https:\/\/api.w.org\/{rel}","templated":true}]}}