
{"id":418844,"date":"2025-10-02T07:03:47","date_gmt":"2025-10-02T10:03:47","guid":{"rendered":"https:\/\/mkt.estrategia.com\/concursos\/?page_id=418844"},"modified":"2025-10-22T09:14:17","modified_gmt":"2025-10-22T12:14:17","slug":"black-friday-2025-fria-e-quente","status":"publish","type":"page","link":"https:\/\/mkt.estrategia.com\/concursos\/black-friday-2025-fria-e-quente\/","title":{"rendered":"Melhor que Black Friday 2025"},"content":{"rendered":"\n[et_pb_section fb_built=&#8221;1&#8243; custom_padding_last_edited=&#8221;on|phone&#8221; disabled_on=&#8221;off|off|off&#8221; module_class=&#8221;hero&#8221; _builder_version=&#8221;4.27.4&#8243; _module_preset=&#8221;default&#8221; background_color=&#8221;#101110&#8243; background_image=&#8221;https:\/\/mkt.estrategia.com\/concursos\/wp-content\/uploads\/sites\/2\/2025\/10\/BACKGROUND-BLACK-FRIDAY-2025-FRIA-QUENTE.webp&#8221; custom_margin=&#8221;||||false|false&#8221; custom_padding=&#8221;43px||80px||false|false&#8221; custom_padding_tablet=&#8221;80px||80px||true|false&#8221; custom_padding_phone=&#8221;0px||30px||false|false&#8221; hover_enabled=&#8221;0&#8243; background_last_edited=&#8221;on|phone&#8221; background_image_phone=&#8221;https:\/\/mkt.estrategia.com\/concursos\/wp-content\/uploads\/sites\/2\/2025\/10\/LOGO-BF-FARO-CORUJA-MOBILE_compress.webp&#8221; background_enable_image_phone=&#8221;on&#8221; background_size_phone=&#8221;contain&#8221; background_position_phone=&#8221;top_center&#8221; custom_css_free_form=&#8221;\/* \ud83d\udd12 Estabiliza imagens e colunas em blocos padr\u00e3o do Divi *\/||.et_pb_image img {||  display: block;||  width: 100%;||  height: auto;||  aspect-ratio: attr(width) \/ attr(height);||  object-fit: cover;||}||||\/* \ud83d\udd12 Garante que o container da linha n\u00e3o \u201ccolapse\u201d antes da imagem *\/||.et_pb_row_0,||.et_pb_row {||  contain: layout paint style;||}||||\/* \ud83d\udd12 Corrige logotipos pequenos que \u00e0s vezes pulam *\/||.et_pb_image img.wp-image-409961 {||  aspect-ratio: 151 \/ 41;||}||||\/* \ud83d\udd12 Impede salto de texto durante o carregamento da fonte *\/||body {||  font-display: swap;||}||||\/* \ud83d\udd12 Previne movimentos de bot\u00f5es ou t\u00edtulos quando animam *\/||.et_pb_text_inner,||.et_pb_button {||  transform: translateZ(0);||  will-change: auto;||}||&#8221; locked=&#8221;off&#8221; global_colors_info=&#8221;{}&#8221; sticky_enabled=&#8221;0&#8243;][et_pb_row column_structure=&#8221;1_2,1_2&#8243; custom_padding_last_edited=&#8221;on|desktop&#8221; _builder_version=&#8221;4.27.4&#8243; _module_preset=&#8221;default&#8221; width=&#8221;90%&#8221; width_tablet=&#8221;90%&#8221; width_phone=&#8221;100%&#8221; width_last_edited=&#8221;on|phone&#8221; max_width=&#8221;1200px&#8221; custom_margin_tablet=&#8221;&#8221; custom_margin_phone=&#8221;&#8221; custom_margin_last_edited=&#8221;on|phone&#8221; custom_padding=&#8221;||||false|false&#8221; custom_padding_tablet=&#8221;||||false|false&#8221; custom_padding_phone=&#8221;0px||||false|false&#8221; locked=&#8221;off&#8221; global_colors_info=&#8221;{}&#8221;][et_pb_column type=&#8221;1_2&#8243; _builder_version=&#8221;4.27.4&#8243; _module_preset=&#8221;default&#8221; global_colors_info=&#8221;{}&#8221;][et_pb_image src=&#8221;https:\/\/mkt.estrategia.com\/concursos\/wp-content\/uploads\/sites\/2\/2025\/07\/logo_estrategia_branco.svg&#8221; title_text=&#8221;logo_estrategia_branco&#8221; align_tablet=&#8221;&#8221; align_phone=&#8221;center&#8221; align_last_edited=&#8221;on|phone&#8221; disabled_on=&#8221;on|off|off&#8221; admin_label=&#8221;Logo Estrat\u00e9gia Concursos&#8221; _builder_version=&#8221;4.27.4&#8243; _module_preset=&#8221;default&#8221; width=&#8221;33%&#8221; width_tablet=&#8221;33%&#8221; width_phone=&#8221;40%&#8221; width_last_edited=&#8221;on|phone&#8221; custom_padding_tablet=&#8221;&#8221; custom_padding_phone=&#8221;&#8221; custom_padding_last_edited=&#8221;on|phone&#8221; global_colors_info=&#8221;{}&#8221; width__hover_enabled=&#8221;off|desktop&#8221;][\/et_pb_image][et_pb_image src=&#8221;https:\/\/mkt.estrategia.com\/concursos\/wp-content\/uploads\/sites\/2\/2025\/10\/LOGO-BLACK-FRIDAY-2025-LATERAL_compress.webp&#8221; title_text=&#8221;LOGO-BLACK-FRIDAY-2025-LATERAL_compress&#8221; src_tablet=&#8221;https:\/\/mkt.estrategia.com\/concursos\/wp-content\/uploads\/sites\/2\/2025\/10\/LOGO-BLACK-FRIDAY-2025-LATERAL.webp&#8221; src_phone=&#8221;https:\/\/mkt.estrategia.com\/concursos\/wp-content\/uploads\/sites\/2\/2025\/10\/LOGO-BLACK-FRIDAY-2025.webp&#8221; src_last_edited=&#8221;on|phone&#8221; disabled_on=&#8221;on|off|off&#8221; admin_label=&#8221;Selo Black Friday&#8221; _builder_version=&#8221;4.27.4&#8243; _module_preset=&#8221;default&#8221; width=&#8221;46%&#8221; width_tablet=&#8221;46%&#8221; width_phone=&#8221;69%&#8221; width_last_edited=&#8221;on|phone&#8221; module_alignment=&#8221;left&#8221; custom_margin=&#8221;-9px||16px|||&#8221; module_alignment_tablet=&#8221;left&#8221; module_alignment_phone=&#8221;center&#8221; module_alignment_last_edited=&#8221;on|desktop&#8221; global_colors_info=&#8221;{}&#8221;][\/et_pb_image][et_pb_text content_tablet=&#8221;<h1>Headline chamando aten\u00e7\u00e3o para o produto, destacar a <span style=%22color: #ffbd1d;%22>melhor oferta<\/span> ou\no<span style=%22color: #ffbd1d;%22> melhor benef\u00edcio<\/span> do pacote.<\/h1>&#8221; content_phone=&#8221;<h1>Headline chamando aten\u00e7\u00e3o para o produto, destacar a <span style=%22color: #ffbd1d;%22>melhor oferta<\/span> ou o<span style=%22color: #ffbd1d;%22> melhor benef\u00edcio<\/span> do pacote.<\/h1>&#8221; content_last_edited=&#8221;off|desktop&#8221; _builder_version=&#8221;4.27.4&#8243; _module_preset=&#8221;default&#8221; header_font=&#8221;Poppins 500||||||||&#8221; header_text_align=&#8221;left&#8221; header_text_color=&#8221;#FFFFFF&#8221; header_font_size=&#8221;35px&#8221; header_line_height=&#8221;1.2em&#8221; custom_margin=&#8221;||-4px|||&#8221; custom_margin_tablet=&#8221;||-4px|||&#8221; custom_margin_phone=&#8221;50%||||false|false&#8221; custom_margin_last_edited=&#8221;on|phone&#8221; custom_padding=&#8221;||0px||false|false&#8221; custom_padding_tablet=&#8221;||0px||false|false&#8221; custom_padding_phone=&#8221;|10px||10px|false|true&#8221; custom_padding_last_edited=&#8221;on|phone&#8221; header_text_align_tablet=&#8221;left&#8221; header_text_align_phone=&#8221;center&#8221; header_text_align_last_edited=&#8221;on|phone&#8221; header_font_size_tablet=&#8221;35px&#8221; header_font_size_phone=&#8221;25px&#8221; header_font_size_last_edited=&#8221;on|phone&#8221; global_colors_info=&#8221;{}&#8221;]<h1><span style=\"color: #ffbd1d;\"> 86.244 vagas <\/span> at\u00e9 2026!<\/h1>[\/et_pb_text][et_pb_text content_tablet=&#8221;<h2>e<strong> garanta 6k ainda em 2025 <\/strong>mesmo sem ter faculdade\nTenha acesso ao conte\u00fado 100% focado no TJ SP<\/h2>&#8221; content_phone=&#8221;<h2>Rodrigo Faro vai revelar, ao vivo, as maiores oportunidades do ano \u2013 <span style=%22color: #ffbd1d;%22>sal\u00e1rios de R$ 3 mil a R$ 39 mil.<\/span><\/h2>&#8221; content_last_edited=&#8221;on|phone&#8221; _builder_version=&#8221;4.27.4&#8243; _module_preset=&#8221;default&#8221; header_font=&#8221;|700|||||||&#8221; header_text_color=&#8221;#FFFFFF&#8221; header_2_font=&#8221;||||||||&#8221; header_2_text_align=&#8221;left&#8221; header_2_text_color=&#8221;#FFFFFF&#8221; header_2_font_size=&#8221;18px&#8221; header_2_line_height=&#8221;1.4em&#8221; custom_margin=&#8221;8px||-3px||false|false&#8221; custom_margin_tablet=&#8221;8px||-3px||false|false&#8221; custom_margin_phone=&#8221;8px||-3px||false|false&#8221; custom_margin_last_edited=&#8221;on|phone&#8221; custom_padding=&#8221;||0px||false|true&#8221; custom_padding_tablet=&#8221;||0px|||&#8221; custom_padding_phone=&#8221;|16px||16px|false|true&#8221; custom_padding_last_edited=&#8221;on|desktop&#8221; header_2_text_align_tablet=&#8221;left&#8221; header_2_text_align_phone=&#8221;center&#8221; header_2_text_align_last_edited=&#8221;on|desktop&#8221; header_2_font_size_tablet=&#8221;18px&#8221; header_2_font_size_phone=&#8221;16px&#8221; header_2_font_size_last_edited=&#8221;on|phone&#8221; locked=&#8221;off&#8221; global_colors_info=&#8221;{}&#8221;]<h2>Rodrigo Faro vai revelar, ao vivo, as maiores oportunidades do ano \u2013 <span style=\"color: #ffbd1d;\">sal\u00e1rios de R$ 3 mil a R$ 39 mil.<\/span><\/h2>[\/et_pb_text][et_pb_text content_tablet=&#8221;<h2>e<strong> garanta 6k ainda em 2025 <\/strong>mesmo sem ter faculdade\nTenha acesso ao conte\u00fado 100% focado no TJ SP<\/h2>&#8221; content_phone=&#8221;<h2>e<strong> garanta 6k ainda em 2025 <\/strong>mesmo sem ter faculdade. Tenha acesso ao conte\u00fado 100% focado no TJ SP<\/h2>&#8221; content_last_edited=&#8221;off|phone&#8221; _builder_version=&#8221;4.27.4&#8243; _module_preset=&#8221;default&#8221; header_font=&#8221;|700|||||||&#8221; header_text_color=&#8221;#FFFFFF&#8221; header_2_font=&#8221;||||||||&#8221; header_2_text_align=&#8221;left&#8221; header_2_text_color=&#8221;#ececec&#8221; header_2_font_size=&#8221;18px&#8221; header_2_line_height=&#8221;1.4em&#8221; custom_margin=&#8221;8px||1px||false|false&#8221; custom_margin_tablet=&#8221;8px||23px||false|false&#8221; custom_margin_phone=&#8221;||0px||false|false&#8221; custom_margin_last_edited=&#8221;on|phone&#8221; custom_padding=&#8221;||||false|false&#8221; custom_padding_tablet=&#8221;||0px|||&#8221; custom_padding_phone=&#8221;|16px||16px|false|true&#8221; custom_padding_last_edited=&#8221;on|phone&#8221; header_2_text_align_tablet=&#8221;left&#8221; header_2_text_align_phone=&#8221;center&#8221; header_2_text_align_last_edited=&#8221;on|desktop&#8221; header_2_font_size_tablet=&#8221;18px&#8221; header_2_font_size_phone=&#8221;16px&#8221; header_2_font_size_last_edited=&#8221;on|phone&#8221; locked=&#8221;off&#8221; global_colors_info=&#8221;{}&#8221;]<h2>Estudar com o curso que <span style=\"color: #ffffff;\"><strong>aprova <\/strong><strong><span style=\"color: #ffffff;\">mais de 70% dos <\/span>candidatos<\/strong><\/span> do pa\u00eds \u00e9 uma grande vantagem. Mas fazer isso pagando o <span style=\"color: #ffbd1d;\"><strong>menor pre\u00e7o do ano<\/strong><\/span> \u00e9 uma oportunidade que s\u00f3 aparece uma vez \u2014 e est\u00e1 bem na sua frente agora.<\/h2>[\/et_pb_text][et_pb_text content_tablet=&#8221;<h2>e<strong> garanta 6k ainda em 2025 <\/strong>mesmo sem ter faculdade\nTenha acesso ao conte\u00fado 100% focado no TJ SP<\/h2>&#8221; content_phone=&#8221;<h2>e<strong> garanta 6k ainda em 2025 <\/strong>mesmo sem ter faculdade. Tenha acesso ao conte\u00fado 100% focado no TJ SP<\/h2>&#8221; content_last_edited=&#8221;off|phone&#8221; _builder_version=&#8221;4.27.4&#8243; _module_preset=&#8221;default&#8221; header_font=&#8221;|700|||||||&#8221; header_text_color=&#8221;#FFFFFF&#8221; header_2_font=&#8221;Poppins 500||||||||&#8221; header_2_text_align=&#8221;left&#8221; header_2_text_color=&#8221;#FFFFFF&#8221; header_2_font_size=&#8221;20px&#8221; header_2_line_height=&#8221;1.4em&#8221; custom_margin=&#8221;8px||-3px||false|false&#8221; custom_padding=&#8221;||0px||false|true&#8221; custom_padding_tablet=&#8221;||0px||false|true&#8221; custom_padding_phone=&#8221;|16px||16px|false|true&#8221; custom_padding_last_edited=&#8221;on|phone&#8221; header_2_text_align_tablet=&#8221;left&#8221; header_2_text_align_phone=&#8221;center&#8221; header_2_text_align_last_edited=&#8221;on|desktop&#8221; header_2_font_size_tablet=&#8221;20px&#8221; header_2_font_size_phone=&#8221;18px&#8221; header_2_font_size_last_edited=&#8221;on|phone&#8221; locked=&#8221;off&#8221; global_colors_info=&#8221;{}&#8221;]<h2>Evento online e gratuito<br \/>Come\u00e7a no dia 27\/10, \u00e0s 10h.<\/h2>[\/et_pb_text][\/et_pb_column][et_pb_column type=&#8221;1_2&#8243; _builder_version=&#8221;4.27.4&#8243; _module_preset=&#8221;default&#8221; global_colors_info=&#8221;{}&#8221;][et_pb_text content_tablet=&#8221;<h2>e<strong> garanta 6k ainda em 2025 <\/strong>mesmo sem ter faculdade\nTenha acesso ao conte\u00fado 100% focado no TJ SP<\/h2>&#8221; content_phone=&#8221;<h2>e<strong> garanta 6k ainda em 2025 <\/strong>mesmo sem ter faculdade. Tenha acesso ao conte\u00fado 100% focado no TJ SP<\/h2>&#8221; content_last_edited=&#8221;off|phone&#8221; _builder_version=&#8221;4.27.4&#8243; _module_preset=&#8221;default&#8221; header_font=&#8221;|700|||||||&#8221; header_text_color=&#8221;#FFFFFF&#8221; header_2_font=&#8221;Poppins 300||||||||&#8221; header_2_text_align=&#8221;left&#8221; header_2_text_color=&#8221;#ececec&#8221; header_2_font_size=&#8221;18px&#8221; header_2_line_height=&#8221;1.4em&#8221; custom_margin=&#8221;75px||23px||false|false&#8221; custom_margin_tablet=&#8221;51px||23px||false|false&#8221; custom_margin_phone=&#8221;-20px||||false|false&#8221; custom_margin_last_edited=&#8221;on|phone&#8221; custom_padding=&#8221;||||false|false&#8221; custom_padding_tablet=&#8221;||0px|||&#8221; custom_padding_phone=&#8221;|10px||10px|false|true&#8221; custom_padding_last_edited=&#8221;on|phone&#8221; header_2_text_align_tablet=&#8221;left&#8221; header_2_text_align_phone=&#8221;center&#8221; header_2_text_align_last_edited=&#8221;on|desktop&#8221; header_2_font_size_tablet=&#8221;18px&#8221; header_2_font_size_phone=&#8221;16px&#8221; header_2_font_size_last_edited=&#8221;on|phone&#8221; locked=&#8221;off&#8221; global_colors_info=&#8221;{}&#8221;]<h2>Inscreva-se para garantir a melhor condi\u00e7\u00e3o do ano:<\/h2>[\/et_pb_text][formulario_estrategia text_color=&#8221;#FFFFFF&#8221; text_bg=&#8221;#8e69dd&#8221; icon_color=&#8221;#FFFFFF&#8221; icon_bg=&#8221;#775fc0&#8243; icon_circle=&#8221;#8e69dd&#8221; area=&#8221;Geral&#8221; layout=&#8221;basico.php&#8221; need_sucesso=&#8221;on&#8221; sucesso=&#8221;https:\/\/mkt.estrategia.com\/concursos\/sucesso-black-friday-2025-fria-e-quente\/&#8221; _builder_version=&#8221;4.27.4&#8243; _module_preset=&#8221;default&#8221; width=&#8221;75%&#8221; width_tablet=&#8221;75%&#8221; width_phone=&#8221;90%&#8221; width_last_edited=&#8221;on|phone&#8221; module_alignment=&#8221;left&#8221; custom_margin=&#8221;||||false|false&#8221; module_alignment_tablet=&#8221;left&#8221; module_alignment_phone=&#8221;center&#8221; module_alignment_last_edited=&#8221;on|phone&#8221; global_colors_info=&#8221;{}&#8221;][\/formulario_estrategia][\/et_pb_column][\/et_pb_row][\/et_pb_section]\n","protected":false},"excerpt":{"rendered":"<p>86.244 vagas at\u00e9 2026!Rodrigo Faro vai revelar, ao vivo, as maiores oportunidades do ano \u2013 sal\u00e1rios de R$ 3 mil a R$ 39 mil.Estudar com o curso que aprova mais de 70% dos candidatos do pa\u00eds \u00e9 uma grande vantagem. Mas fazer isso pagando o menor pre\u00e7o do ano \u00e9 uma oportunidade que s\u00f3 aparece [&hellip;]<\/p>\n","protected":false},"author":11,"featured_media":421420,"parent":0,"menu_order":0,"comment_status":"closed","ping_status":"closed","template":"","meta":{"_et_pb_use_builder":"on","_et_pb_old_content":"","_et_gb_content_width":"","footnotes":""},"categories":[3],"tags":[],"class_list":["post-418844","page","type-page","status-publish","has-post-thumbnail","hentry","category-pagina-de-inscricao"],"_links":{"self":[{"href":"https:\/\/mkt.estrategia.com\/concursos\/wp-json\/wp\/v2\/pages\/418844","targetHints":{"allow":["GET"]}}],"collection":[{"href":"https:\/\/mkt.estrategia.com\/concursos\/wp-json\/wp\/v2\/pages"}],"about":[{"href":"https:\/\/mkt.estrategia.com\/concursos\/wp-json\/wp\/v2\/types\/page"}],"author":[{"embeddable":true,"href":"https:\/\/mkt.estrategia.com\/concursos\/wp-json\/wp\/v2\/users\/11"}],"replies":[{"embeddable":true,"href":"https:\/\/mkt.estrategia.com\/concursos\/wp-json\/wp\/v2\/comments?post=418844"}],"version-history":[{"count":45,"href":"https:\/\/mkt.estrategia.com\/concursos\/wp-json\/wp\/v2\/pages\/418844\/revisions"}],"predecessor-version":[{"id":421570,"href":"https:\/\/mkt.estrategia.com\/concursos\/wp-json\/wp\/v2\/pages\/418844\/revisions\/421570"}],"wp:featuredmedia":[{"embeddable":true,"href":"https:\/\/mkt.estrategia.com\/concursos\/wp-json\/wp\/v2\/media\/421420"}],"wp:attachment":[{"href":"https:\/\/mkt.estrategia.com\/concursos\/wp-json\/wp\/v2\/media?parent=418844"}],"wp:term":[{"taxonomy":"category","embeddable":true,"href":"https:\/\/mkt.estrategia.com\/concursos\/wp-json\/wp\/v2\/categories?post=418844"},{"taxonomy":"post_tag","embeddable":true,"href":"https:\/\/mkt.estrategia.com\/concursos\/wp-json\/wp\/v2\/tags?post=418844"}],"curies":[{"name":"wp","href":"https:\/\/api.w.org\/{rel}","templated":true}]}}