
{"id":412038,"date":"2025-07-30T16:28:16","date_gmt":"2025-07-30T19:28:16","guid":{"rendered":"https:\/\/mkt.estrategia.com\/concursos\/?page_id=412038"},"modified":"2025-08-01T15:08:09","modified_gmt":"2025-08-01T18:08:09","slug":"tropa-de-elite-prf","status":"publish","type":"page","link":"https:\/\/mkt.estrategia.com\/concursos\/tropa-de-elite-prf\/","title":{"rendered":"Tropa de Elite PRF"},"content":{"rendered":"<p>[et_pb_section fb_built=&#8221;1&#8243; _builder_version=&#8221;4.27.4&#8243; background_color=&#8221;#000000&#8243; background_image=&#8221;https:\/\/mkt.estrategia.com\/concursos\/wp-content\/uploads\/sites\/2\/2025\/07\/TROPA_DE_ELITE_PRF_BG_policia.webp&#8221; background_position=&#8221;top_center&#8221; display_conditions=&#8221;W3siaWQiOiJhZDg5ZGY0Zi0xZTlmLTQxZDQtYTgzZi0wMzllMTI4MDdkOGYiLCJjb25kaXRpb24iOiJ1c2VyUm9sZSIsImNvbmRpdGlvblNldHRpbmdzIjp7InVzZXJSb2xlRGlzcGxheSI6ImlzIiwidXNlclJvbGVzIjpbeyJsYWJlbCI6IkFkbWluaXN0cmF0b3IiLCJ2YWx1ZSI6ImFkbWluaXN0cmF0b3IifV0sInVzZXJJZHMiOiJVc2VyIElEcyBzZXBhcmF0ZWQgYnkgY29tbWFzIiwiYWRtaW5MYWJlbCI6IlVzZXIgUm9sZSIsImVuYWJsZUNvbmRpdGlvbiI6Im9mZiJ9LCJvcGVyYXRvciI6Ik9SIn1d&#8221; custom_margin=&#8221;0px|0px|0px|0px|false|false&#8221; custom_padding=&#8221;17px|0px|121px|0px&#8221; box_shadow_style=&#8221;preset3&#8243; locked=&#8221;off&#8221; global_colors_info=&#8221;%91%93&#8243; custom_css_before_last_edited=&#8221;on|desktop&#8221;][et_pb_row column_structure=&#8221;1_3,1_3,1_3&#8243; admin_label=&#8221;LOGO COM LINK&#8221; _builder_version=&#8221;4.16&#8243; custom_margin=&#8221;|auto|0px|auto||&#8221; custom_padding=&#8221;17px|||&#8221; global_colors_info=&#8221;{}&#8221;][et_pb_column type=&#8221;1_3&#8243; _builder_version=&#8221;4.16&#8243; custom_padding=&#8221;|||&#8221; global_colors_info=&#8221;{}&#8221; custom_padding__hover=&#8221;|||&#8221;][\/et_pb_column][et_pb_column type=&#8221;1_3&#8243; _builder_version=&#8221;4.16&#8243; custom_padding=&#8221;|||&#8221; global_colors_info=&#8221;{}&#8221; custom_padding__hover=&#8221;|||&#8221;][et_pb_image src=&#8221;https:\/\/mkt.estrategia.com\/concursos\/wp-content\/uploads\/sites\/2\/2025\/07\/logo_estrategia_branco.svg&#8221; title_text=&#8221;Logo_branco_estrategia_Concursos&#8221; url=&#8221;https:\/\/www.estrategiaconcursos.com.br&#8221; align=&#8221;center&#8221; align_tablet=&#8221;center&#8221; align_phone=&#8221;&#8221; align_last_edited=&#8221;on|desktop&#8221; admin_label=&#8221;LOGO ESTRAT\u00c9GIA CONCURSOS&#8221; _builder_version=&#8221;4.27.4&#8243; width=&#8221;75%&#8221; width_phone=&#8221;100%&#8221; width_last_edited=&#8221;off|phone&#8221; max_width=&#8221;45%&#8221; max_width_tablet=&#8221;55%&#8221; max_width_phone=&#8221;40%&#8221; max_width_last_edited=&#8221;on|phone&#8221; module_alignment=&#8221;center&#8221; custom_margin=&#8221;||24px|||&#8221; animation_direction=&#8221;left&#8221; z_index_tablet=&#8221;500&#8243; box_shadow_horizontal_tablet=&#8221;0px&#8221; box_shadow_vertical_tablet=&#8221;0px&#8221; box_shadow_blur_tablet=&#8221;40px&#8221; box_shadow_spread_tablet=&#8221;0px&#8221; global_colors_info=&#8221;%91%93&#8243;][\/et_pb_image][\/et_pb_column][et_pb_column type=&#8221;1_3&#8243; _builder_version=&#8221;4.16&#8243; custom_padding=&#8221;|||&#8221; global_colors_info=&#8221;{}&#8221; custom_padding__hover=&#8221;|||&#8221;][\/et_pb_column][\/et_pb_row][et_pb_row column_structure=&#8221;1_2,1_2&#8243; custom_padding_last_edited=&#8221;on|phone&#8221; _builder_version=&#8221;4.16&#8243; background_color_gradient_direction=&#8221;121deg&#8221; custom_padding=&#8221;0px|0px|0px|0px||&#8221; custom_padding_tablet=&#8221;0px|0px|0px|0px&#8221; custom_padding_phone=&#8221;0px|||&#8221; animation_style=&#8221;slide&#8221; global_colors_info=&#8221;{}&#8221;][et_pb_column type=&#8221;1_2&#8243; _builder_version=&#8221;4.16&#8243; custom_padding=&#8221;|||&#8221; global_colors_info=&#8221;{}&#8221; custom_padding__hover=&#8221;|||&#8221;][et_pb_image src=&#8221;https:\/\/mkt.estrategia.com\/concursos\/wp-content\/uploads\/sites\/2\/2025\/07\/TROPA_DE_ELITE_PRF_LP.webp&#8221; title_text=&#8221;TROPA_DE_ELITE_PRF_LP&#8221; _builder_version=&#8221;4.27.4&#8243; _module_preset=&#8221;default&#8221; global_colors_info=&#8221;{}&#8221;][\/et_pb_image][et_pb_text _builder_version=&#8221;4.27.4&#8243; _module_preset=&#8221;default&#8221; text_font=&#8221;Roboto Medium||||||||&#8221; text_text_color=&#8221;#FFFFFF&#8221; text_orientation=&#8221;center&#8221; custom_margin=&#8221;-35px||||false|false&#8221; inline_fonts=&#8221;Roboto Regular&#8221; global_colors_info=&#8221;{}&#8221;]<\/p>\n<p><span style=\"font-family: 'Roboto Regular'; font-weight: normal;\"><b>Comece na frente com o m\u00e9todo que j\u00e1 <span style=\"color: #ebc230;\">aprovou 952 candidatos<\/span> e conquiste um sal\u00e1rio de <span style=\"color: #ebc230;\">R$ 12 mil por m\u00eas<\/span><\/b><\/span><\/p>\n<p>[\/et_pb_text][et_pb_text _builder_version=&#8221;4.27.4&#8243; _module_preset=&#8221;default&#8221; text_font=&#8221;Roboto Medium|100|||||||&#8221; text_text_color=&#8221;#000000&#8243; text_font_size=&#8221;8px&#8221; background_color=&#8221;#EBC230&#8243; text_orientation=&#8221;center&#8221; max_width=&#8221;77%&#8221; module_alignment=&#8221;center&#8221; custom_padding=&#8221;8px||0px||false|false&#8221; inline_fonts=&#8221;Roboto Medium&#8221; global_colors_info=&#8221;{}&#8221;]<\/p>\n<h3><span style=\"font-size: x-large; font-family: 'Roboto Medium';\"><b>Evento online gratuito<\/b><\/span><\/h3>\n<p>[\/et_pb_text][et_pb_text _builder_version=&#8221;4.27.4&#8243; _module_preset=&#8221;default&#8221; text_font=&#8221;Roboto Medium||||||||&#8221; text_text_color=&#8221;#FFFFFF&#8221; text_font_size=&#8221;1px&#8221; text_orientation=&#8221;center&#8221; custom_margin=&#8221;-14px||||false|false&#8221; global_colors_info=&#8221;{}&#8221;]<\/p>\n<p><b>11, 12 e 13 de agosto, sempre \u00e0s 19h<\/b><\/p>\n<p>[\/et_pb_text][et_pb_text _builder_version=&#8221;4.27.4&#8243; _module_preset=&#8221;default&#8221; text_font=&#8221;Roboto Light||||||||&#8221; text_text_color=&#8221;#FFFFFF&#8221; text_font_size=&#8221;1px&#8221; text_orientation=&#8221;center&#8221; custom_margin=&#8221;-14px||||false|false&#8221; inline_fonts=&#8221;Roboto Regular&#8221; global_colors_info=&#8221;{}&#8221;]<\/p>\n<p><span style=\"font-weight: 400;\">Tr\u00eas noites de imers\u00e3o estrat\u00e9gica para quem quer sair na frente no pr\u00f3ximo concurso da <\/span><span style=\"color: #ebc230; font-family: 'Roboto Regular'; font-weight: normal;\"><b>Pol\u00edcia Rodovi\u00e1ria Federal<\/b><\/span><span style=\"font-weight: 400;\">. Descubra os detalhes da carreira, monte seu plano de estudos com especialistas e participe de um aul\u00e3o sobre o <\/span><span style=\"color: #ebc230; font-family: 'Roboto Medium'; font-weight: normal;\"><b>C\u00f3digo de Tr\u00e2nsito Brasileiro (CTB)<\/b>.<\/span><\/p>\n<p>[\/et_pb_text][\/et_pb_column][et_pb_column type=&#8221;1_2&#8243; _builder_version=&#8221;4.16&#8243; custom_padding=&#8221;|||&#8221; global_colors_info=&#8221;{}&#8221; custom_padding__hover=&#8221;|||&#8221;][formulario_estrategia area=&#8221;Policial (Agente, Escriv\u00e3o e Investigador)&#8221; layout=&#8221;basico.php&#8221; need_sucesso=&#8221;on&#8221; sucesso=&#8221;https:\/\/mkt.estrategia.com\/concursos\/sucesso-tropa-de-elite-prf\/&#8221; need_nomede=&#8221;on&#8221; de=&#8221;#&#8221; _builder_version=&#8221;4.27.4&#8243; _module_preset=&#8221;default&#8221; hover_enabled=&#8221;0&#8243; global_colors_info=&#8221;{}&#8221; need_welcome=&#8221;on&#8221; welcome=&#8221;tdep_01&#8243; sticky_enabled=&#8221;0&#8243;][\/formulario_estrategia][\/et_pb_column][\/et_pb_row][\/et_pb_section][et_pb_section fb_built=&#8221;1&#8243; _builder_version=&#8221;4.27.4&#8243; _module_preset=&#8221;default&#8221; background_color=&#8221;#eaeaea&#8221; background_enable_image=&#8221;off&#8221; global_colors_info=&#8221;{}&#8221;][et_pb_row _builder_version=&#8221;4.27.4&#8243; _module_preset=&#8221;default&#8221; global_colors_info=&#8221;{}&#8221;][et_pb_column type=&#8221;4_4&#8243; _builder_version=&#8221;4.27.4&#8243; _module_preset=&#8221;default&#8221; global_colors_info=&#8221;{}&#8221;][et_pb_text _builder_version=&#8221;4.27.4&#8243; _module_preset=&#8221;default&#8221; text_font_size=&#8221;58px&#8221; background_color=&#8221;#EBC230&#8243; custom_padding=&#8221;14px||||false|false&#8221; inline_fonts=&#8221;Roboto Bold&#8221; global_colors_info=&#8221;{}&#8221;]<\/p>\n<h2 style=\"text-align: center;\"><span style=\"font-family: 'Roboto Bold'; font-weight: normal;\"><strong>PROGRAMA\u00c7\u00c3O<\/strong><\/span><\/h2>\n<p>[\/et_pb_text][et_pb_text _builder_version=&#8221;4.27.4&#8243; _module_preset=&#8221;default&#8221; inline_fonts=&#8221;Roboto Medium&#8221; global_colors_info=&#8221;{}&#8221;]<\/p>\n<p style=\"text-align: center;\"><span style=\"font-family: 'Roboto Medium';\"><b>11 de agosto, 19h<\/b><b><br \/><\/b><span style=\"font-weight: 400;\"> \u00daltimas informa\u00e7\u00f5es sobre o concurso e detalhes sobre a carreira<\/span><span style=\"font-weight: 400;\"><br \/><\/span><span style=\"font-weight: 400;\"> Tudo sobre o pedido do novo concurso, sal\u00e1rios, atribui\u00e7\u00f5es e vantagens da carreira PRF.<\/span><\/span><\/p>\n<p style=\"text-align: center;\"><span style=\"font-family: 'Roboto Medium';\"><b>12 de agosto, 19h<\/b><b><br \/><\/b><span style=\"font-weight: 400;\"> Plano de Estudos Rumo \u00e0 Aprova\u00e7\u00e3o<\/span><span style=\"font-weight: 400;\"><br \/><\/span><span style=\"font-weight: 400;\"> Como organizar sua prepara\u00e7\u00e3o com m\u00e9todo, foco e regularidade. Estudo inteligente at\u00e9 o dia da prova.<\/span><\/span><\/p>\n<p style=\"text-align: center;\"><span style=\"font-family: 'Roboto Medium';\"><span style=\"font-size: large;\"><b>13 de agosto, 19h<\/b><b><br \/><\/b><\/span><span style=\"font-weight: 400;\"> Aul\u00e3o Aberto de CTB \u2013 C\u00f3digo de Tr\u00e2nsito Brasileiro<\/span><span style=\"font-weight: 400;\"><br \/><\/span><span style=\"font-weight: 400;\"> Uma aula t\u00e9cnica e aprofundada com os professores mais experientes da \u00e1rea.<\/span><\/span><\/p>\n<p>[\/et_pb_text][\/et_pb_column][\/et_pb_row][\/et_pb_section][et_pb_section fb_built=&#8221;1&#8243; _builder_version=&#8221;4.27.4&#8243; _module_preset=&#8221;default&#8221; background_image=&#8221;https:\/\/mkt.estrategia.com\/concursos\/wp-content\/uploads\/sites\/2\/2025\/07\/TROPA_DE_ELITE_PRF_BG_CARRO_PRF.webp&#8221; global_colors_info=&#8221;{}&#8221;][et_pb_row _builder_version=&#8221;4.27.4&#8243; _module_preset=&#8221;default&#8221; global_colors_info=&#8221;{}&#8221;][et_pb_column type=&#8221;4_4&#8243; _builder_version=&#8221;4.27.4&#8243; _module_preset=&#8221;default&#8221; global_colors_info=&#8221;{}&#8221;][et_pb_tabs active_tab_background_color=&#8221;#F2D986&#8243; inactive_tab_background_color=&#8221;#FFFFFF&#8221; _builder_version=&#8221;4.27.4&#8243; _module_preset=&#8221;default&#8221; background_color=&#8221;#D6D6D6&#8243; global_colors_info=&#8221;{}&#8221;][et_pb_tab title=&#8221;Por que participar? &#8221; _builder_version=&#8221;4.27.4&#8243; _module_preset=&#8221;default&#8221; body_text_color=&#8221;#000000&#8243; tab_text_color=&#8221;#000000&#8243; body_ul_font_size=&#8221;19px&#8221; body_ul_line_height=&#8221;2.1em&#8221; background_color=&#8221;#EBC230&#8243; background_enable_color=&#8221;on&#8221; inline_fonts=&#8221;Roboto Medium&#8221; global_colors_info=&#8221;{}&#8221;]<\/p>\n<p style=\"text-align: justify;\"><span style=\"font-family: 'Roboto Medium'; font-weight: normal;\"><span>\u2713 <\/span>Concurso com 511 vagas solicitadas (263 para policial rodovi\u00e1rio e 248 para agente administrativo)<br \/><\/span><\/p>\n<p style=\"text-align: justify;\"><span style=\"font-weight: normal; font-family: 'Roboto Medium';\"><span>\u2713 <\/span>Remunera\u00e7\u00e3o inicial estimada em R$ 12 mil<\/span><\/p>\n<p style=\"text-align: justify;\"><span style=\"font-family: 'Roboto Medium'; font-weight: normal;\"><span>\u2713 <\/span>Conhe\u00e7a gratuitamente o m\u00e9todo comprovado: 952 aprovados no \u00faltimo concurso PRF<\/span><\/p>\n<p>[\/et_pb_tab][et_pb_tab title=&#8221;O que voc\u00ea vai receber?&#8221; _builder_version=&#8221;4.27.4&#8243; _module_preset=&#8221;default&#8221; body_font_size=&#8221;1px&#8221; body_line_height=&#8221;1.6em&#8221; body_ul_font=&#8221;Roboto Regular||||||||&#8221; body_ul_font_size=&#8221;15px&#8221; body_ul_line_height=&#8221;2em&#8221; background_color=&#8221;#EBC230&#8243; background_enable_color=&#8221;on&#8221; inline_fonts=&#8221;Roboto Medium&#8221; global_colors_info=&#8221;{}&#8221;]<\/p>\n<p><span style=\"font-family: 'Roboto Medium'; font-weight: normal; font-size: large;\"><span>\u2713 <\/span>Orienta\u00e7\u00f5es para montar um plano de estudos vencedor<\/span><\/p>\n<p><span style=\"font-family: 'Roboto Medium'; font-weight: normal; font-size: large;\"><span>\u2713 <\/span>Acesso ao grupo exclusivo<\/span><\/p>\n<p><span style=\"font-family: 'Roboto Medium'; font-weight: normal; font-size: large;\"><span>\u2713 <\/span>T\u00e9cnicas de revis\u00e3o otimizadas<\/span><\/p>\n<p><span style=\"font-weight: normal; font-family: 'Roboto Medium'; font-size: large;\"><span>\u2713 <\/span>Dicas pr\u00e1ticas para se preparar para todas as etapas: prova objetiva, discursiva, TAF, exames e investiga\u00e7\u00e3o.<\/span><span style=\"font-weight: 400;\"><br \/><\/span><\/p>\n<p>[\/et_pb_tab][\/et_pb_tabs][\/et_pb_column][\/et_pb_row][et_pb_row _builder_version=&#8221;4.27.4&#8243; _module_preset=&#8221;default&#8221; global_colors_info=&#8221;{}&#8221;][et_pb_column type=&#8221;4_4&#8243; _builder_version=&#8221;4.27.4&#8243; _module_preset=&#8221;default&#8221; global_colors_info=&#8221;{}&#8221;][et_pb_text _builder_version=&#8221;4.27.4&#8243; _module_preset=&#8221;default&#8221; text_text_color=&#8221;#FFFFFF&#8221; text_font_size=&#8221;33px&#8221; ul_font_size=&#8221;1px&#8221; inline_fonts=&#8221;Roboto Bold&#8221; global_colors_info=&#8221;{}&#8221;]<\/p>\n<h2 style=\"text-align: center;\"><span style=\"color: #ebc230; font-family: 'Roboto Bold';\"><b>Garanta sua vaga<\/b><\/span><\/h2>\n<p>[\/et_pb_text][et_pb_text _builder_version=&#8221;4.27.4&#8243; _module_preset=&#8221;default&#8221; text_text_color=&#8221;#FFFFFF&#8221; text_font_size=&#8221;13px&#8221; custom_margin=&#8221;-20px||||false|false&#8221; inline_fonts=&#8221;Roboto Regular,Roboto Bold&#8221; global_colors_info=&#8221;{}&#8221;]<\/p>\n<h4 style=\"text-align: center;\"><span style=\"font-family: 'Roboto Regular'; font-weight: normal; color: #ffffff;\">O evento \u00e9 gratuito, mas com vagas limitadas.<br \/>Inscreva-se agora e fa\u00e7a parte da pr\u00f3xima<span style=\"font-family: 'Roboto Bold'; color: #ebc230;\"> Tropa de Elite da PRF.<\/span><\/span><\/h4>\n<p>[\/et_pb_text][et_pb_button button_url=&#8221;#&#8221; button_text=&#8221;GARANTA AGORA&#8221; button_alignment=&#8221;center&#8221; _builder_version=&#8221;4.27.4&#8243; _module_preset=&#8221;default&#8221; custom_button=&#8221;on&#8221; button_text_color=&#8221;#EBC230&#8243; button_border_radius=&#8221;100px&#8221; button_font=&#8221;Roboto Bold||||||||&#8221; global_colors_info=&#8221;{}&#8221;][\/et_pb_button][\/et_pb_column][\/et_pb_row][\/et_pb_section][et_pb_section fb_built=&#8221;1&#8243; disabled_on=&#8221;off|off|off&#8221; admin_label=&#8221;Footer EC&#8221; _builder_version=&#8221;4.27.4&#8243; background_color=&#8221;RGBA(255,255,255,0)&#8221; use_background_color_gradient=&#8221;on&#8221; background_color_gradient_stops=&#8221;#000000 1%|#2d2d2d 100%&#8221; display_conditions=&#8221;W3siaWQiOiJhZDg5ZGY0Zi0xZTlmLTQxZDQtYTgzZi0wMzllMTI4MDdkOGYiLCJjb25kaXRpb24iOiJ1c2VyUm9sZSIsImNvbmRpdGlvblNldHRpbmdzIjp7InVzZXJSb2xlRGlzcGxheSI6ImlzIiwidXNlclJvbGVzIjpbeyJsYWJlbCI6IkFkbWluaXN0cmF0b3IiLCJ2YWx1ZSI6ImFkbWluaXN0cmF0b3IifV0sInVzZXJJZHMiOiJVc2VyIElEcyBzZXBhcmF0ZWQgYnkgY29tbWFzIiwiYWRtaW5MYWJlbCI6IlVzZXIgUm9sZSIsImVuYWJsZUNvbmRpdGlvbiI6Im9mZiJ9LCJvcGVyYXRvciI6Ik9SIn1d&#8221; custom_margin=&#8221;0px|0px|0px|0px|false|false&#8221; custom_padding=&#8221;50px|0px|50px|0px|false|false&#8221; z_index_tablet=&#8221;500&#8243; box_shadow_horizontal_tablet=&#8221;0px&#8221; box_shadow_vertical_tablet=&#8221;0px&#8221; box_shadow_blur_tablet=&#8221;40px&#8221; box_shadow_spread_tablet=&#8221;0px&#8221; saved_tabs=&#8221;all&#8221; locked=&#8221;off&#8221; global_colors_info=&#8221;%91%93&#8243; custom_css_before_last_edited=&#8221;on|desktop&#8221;][et_pb_row column_structure=&#8221;1_5,1_5,1_5,1_5,1_5&#8243; use_custom_gutter=&#8221;on&#8221; gutter_width=&#8221;2&#8243; _builder_version=&#8221;4.27.4&#8243; _module_preset=&#8221;default&#8221; width=&#8221;90%&#8221; custom_margin=&#8221;||||false|false&#8221; custom_padding=&#8221;||||false|false&#8221; global_colors_info=&#8221;{}&#8221;][et_pb_column type=&#8221;1_5&#8243; _builder_version=&#8221;4.27.2&#8243; _module_preset=&#8221;default&#8221; global_colors_info=&#8221;{}&#8221;][et_pb_text _builder_version=&#8221;4.27.4&#8243; _module_preset=&#8221;default&#8221; header_font=&#8221;Roboto Regular|300|||||||&#8221; header_text_color=&#8221;#FFFFFF&#8221; header_font_size=&#8221;25px&#8221; header_line_height=&#8221;1.3em&#8221; width=&#8221;120%&#8221; header_font_size_tablet=&#8221;36px&#8221; header_font_size_phone=&#8221;30px&#8221; header_font_size_last_edited=&#8221;on|tablet&#8221; global_colors_info=&#8221;{}&#8221;]<\/p>\n<h1><span style=\"font-weight: 400;\">Aproveite e inscreva-se em nossas redes para se manter atualizado.<\/span><\/h1>\n<p>[\/et_pb_text][\/et_pb_column][et_pb_column type=&#8221;1_5&#8243; _builder_version=&#8221;4.27.2&#8243; _module_preset=&#8221;default&#8221; global_colors_info=&#8221;{}&#8221;][et_pb_blurb title=&#8221;\/estrategiaconcursos&#8221; url=&#8221;https:\/\/www.youtube.com\/user\/EstrategiaCursos&#8221; use_icon=&#8221;on&#8221; font_icon=&#8221;&#xe0a3;||divi||400&#8243; icon_color=&#8221;#FFFFFF&#8221; image_icon_width=&#8221;52px&#8221; icon_alignment=&#8221;left&#8221; content_max_width=&#8221;200px&#8221; content_max_width_tablet=&#8221;200px&#8221; content_max_width_phone=&#8221;500px&#8221; content_max_width_last_edited=&#8221;on|phone&#8221; _builder_version=&#8221;4.27.4&#8243; _module_preset=&#8221;default&#8221; header_text_color=&#8221;#FFFFFF&#8221; header_font_size=&#8221;12px&#8221; body_font=&#8221;||||||||&#8221; body_text_color=&#8221;#FFFFFF&#8221; max_width_tablet=&#8221;&#8221; max_width_phone=&#8221;&#8221; max_width_last_edited=&#8221;on|phone&#8221; custom_margin=&#8221;||||false|false&#8221; custom_margin_tablet=&#8221;||||false|false&#8221; custom_margin_phone=&#8221;||||false|false&#8221; custom_margin_last_edited=&#8221;on|phone&#8221; custom_padding=&#8221;|||20px|false|false&#8221; custom_padding_tablet=&#8221;|||20px|false|false&#8221; custom_padding_phone=&#8221;|0px||0px|false|true&#8221; custom_padding_last_edited=&#8221;on|phone&#8221; link_option_url=&#8221;https:\/\/www.youtube.com\/user\/EstrategiaCursos&#8221; border_color_all=&#8221;#FFFFFF&#8221; border_color_top=&#8221;#FFFFFF&#8221; border_width_right=&#8221;1px&#8221; border_width_left=&#8221;1px&#8221; border_width_right_tablet=&#8221;1px&#8221; border_width_right_phone=&#8221;0px&#8221; border_width_right_last_edited=&#8221;on|phone&#8221; border_width_left_tablet=&#8221;1px&#8221; border_width_left_phone=&#8221;0px&#8221; border_width_left_last_edited=&#8221;on|phone&#8221; locked=&#8221;off&#8221; global_colors_info=&#8221;{}&#8221;]<\/p>\n<p><span style=\"color: #ffffff;\"><a href=\"https:\/\/www.youtube.com\/user\/EstrategiaCursos\" style=\"color: #ffffff;\"><strong>Seguir<\/strong><\/a><\/span><\/p>\n<p>[\/et_pb_blurb][\/et_pb_column][et_pb_column type=&#8221;1_5&#8243; _builder_version=&#8221;4.27.2&#8243; _module_preset=&#8221;default&#8221; global_colors_info=&#8221;{}&#8221;][et_pb_blurb title=&#8221;\/estrategiaconcursos&#8221; url=&#8221;https:\/\/www.facebook.com\/EstrategiaConcursos\/&#8221; use_icon=&#8221;on&#8221; font_icon=&#8221;&#xf082;||fa||400&#8243; icon_color=&#8221;#FFFFFF&#8221; image_icon_width=&#8221;52px&#8221; icon_alignment=&#8221;left&#8221; content_max_width=&#8221;200px&#8221; content_max_width_tablet=&#8221;200px&#8221; content_max_width_phone=&#8221;500px&#8221; content_max_width_last_edited=&#8221;on|phone&#8221; _builder_version=&#8221;4.27.4&#8243; _module_preset=&#8221;default&#8221; header_text_color=&#8221;#FFFFFF&#8221; header_font_size=&#8221;12px&#8221; body_font=&#8221;||||||||&#8221; body_text_color=&#8221;#FFFFFF&#8221; custom_margin=&#8221;||||false|false&#8221; custom_padding=&#8221;|||20px|false|false&#8221; custom_padding_tablet=&#8221;|||20px|false|false&#8221; custom_padding_phone=&#8221;|0px||0px|false|true&#8221; custom_padding_last_edited=&#8221;on|phone&#8221; link_option_url=&#8221;https:\/\/www.facebook.com\/EstrategiaConcursos\/&#8221; border_color_all=&#8221;#FFFFFF&#8221; border_color_top=&#8221;#FFFFFF&#8221; border_width_right=&#8221;1px&#8221; border_color_bottom=&#8221;#FFFFFF&#8221; border_color_left=&#8221;#FFFFFF&#8221; border_width_right_tablet=&#8221;1px&#8221; border_width_right_phone=&#8221;0px&#8221; border_width_right_last_edited=&#8221;on|phone&#8221; border_width_left_tablet=&#8221;1px&#8221; border_width_left_phone=&#8221;0px&#8221; border_width_left_last_edited=&#8221;on|phone&#8221; locked=&#8221;off&#8221; global_colors_info=&#8221;{}&#8221;]<\/p>\n<p><a href=\"https:\/\/www.facebook.com\/EstrategiaConcursos\/\"><span style=\"color: #ffffff;\"><strong>Seguir<\/strong><\/span><\/a><\/p>\n<p>[\/et_pb_blurb][\/et_pb_column][et_pb_column type=&#8221;1_5&#8243; _builder_version=&#8221;4.27.2&#8243; _module_preset=&#8221;default&#8221; global_colors_info=&#8221;{}&#8221;][et_pb_blurb title=&#8221;\/estrategiaconcursos&#8221; url=&#8221;https:\/\/www.instagram.com\/estrategiaconcursos\/&#8221; use_icon=&#8221;on&#8221; font_icon=&#8221;&#xe09a;||divi||400&#8243; icon_color=&#8221;#FFFFFF&#8221; image_icon_width=&#8221;52px&#8221; icon_alignment=&#8221;left&#8221; content_max_width=&#8221;200px&#8221; content_max_width_tablet=&#8221;200px&#8221; content_max_width_phone=&#8221;500px&#8221; content_max_width_last_edited=&#8221;on|phone&#8221; _builder_version=&#8221;4.27.4&#8243; _module_preset=&#8221;default&#8221; header_text_color=&#8221;#FFFFFF&#8221; header_font_size=&#8221;12px&#8221; body_font=&#8221;||||||||&#8221; body_text_color=&#8221;#FFFFFF&#8221; custom_margin=&#8221;||||false|false&#8221; custom_padding=&#8221;|||20px|false|false&#8221; custom_padding_tablet=&#8221;|||20px|false|false&#8221; custom_padding_phone=&#8221;|0px||0px|false|true&#8221; custom_padding_last_edited=&#8221;on|phone&#8221; link_option_url=&#8221;https:\/\/www.instagram.com\/estrategiaconcursos\/&#8221; border_color_all=&#8221;#FFFFFF&#8221; border_color_top=&#8221;#FFFFFF&#8221; border_width_right=&#8221;1px&#8221; border_width_right_tablet=&#8221;1px&#8221; border_width_right_phone=&#8221;0px&#8221; border_width_right_last_edited=&#8221;on|phone&#8221; border_width_left_tablet=&#8221;1px&#8221; border_width_left_phone=&#8221;0px&#8221; border_width_left_last_edited=&#8221;on|phone&#8221; global_colors_info=&#8221;{}&#8221;]<\/p>\n<p><span style=\"color: #ffffff;\"><a href=\"https:\/\/www.instagram.com\/estrategiaconcursos\/\" style=\"color: #ffffff;\"><strong>Seguir<\/strong><\/a><\/span><\/p>\n<p>[\/et_pb_blurb][\/et_pb_column][et_pb_column type=&#8221;1_5&#8243; _builder_version=&#8221;4.27.2&#8243; _module_preset=&#8221;default&#8221; global_colors_info=&#8221;{}&#8221;][et_pb_blurb title=&#8221;\/estrategiaconcursos&#8221; url=&#8221;https:\/\/x.com\/EstratConcursos&#8221; use_icon=&#8221;on&#8221; font_icon=&#8221;&#xe094;||divi||400&#8243; icon_color=&#8221;#FFFFFF&#8221; image_icon_width=&#8221;52px&#8221; icon_alignment=&#8221;left&#8221; content_max_width=&#8221;200px&#8221; content_max_width_tablet=&#8221;200px&#8221; content_max_width_phone=&#8221;500px&#8221; content_max_width_last_edited=&#8221;on|phone&#8221; _builder_version=&#8221;4.27.4&#8243; _module_preset=&#8221;default&#8221; header_text_color=&#8221;#FFFFFF&#8221; header_font_size=&#8221;12px&#8221; body_font=&#8221;||||||||&#8221; body_text_color=&#8221;#FFFFFF&#8221; custom_margin=&#8221;||||false|false&#8221; custom_padding=&#8221;|||20px|false|false&#8221; custom_padding_tablet=&#8221;|||20px|false|false&#8221; custom_padding_phone=&#8221;|0px||0px|false|true&#8221; custom_padding_last_edited=&#8221;on|phone&#8221; link_option_url=&#8221;https:\/\/x.com\/EstratConcursos&#8221; border_color_all=&#8221;#FFFFFF&#8221; border_color_top=&#8221;#FFFFFF&#8221; border_width_right=&#8221;1px&#8221; border_color_left=&#8221;#FFFFFF&#8221; border_width_right_tablet=&#8221;1px&#8221; border_width_right_phone=&#8221;0px&#8221; border_width_right_last_edited=&#8221;on|phone&#8221; border_width_left_tablet=&#8221;1px&#8221; border_width_left_phone=&#8221;0px&#8221; border_width_left_last_edited=&#8221;on|phone&#8221; locked=&#8221;off&#8221; global_colors_info=&#8221;{}&#8221;]<\/p>\n<p><a href=\"https:\/\/x.com\/EstratConcursos\"><span style=\"color: #ffffff;\"><strong>Seguir<\/strong><\/span><\/a><\/p>\n<p>[\/et_pb_blurb][\/et_pb_column][\/et_pb_row][\/et_pb_section]<\/p>\n","protected":false},"excerpt":{"rendered":"<p>Comece na frente com o m\u00e9todo que j\u00e1 aprovou 952 candidatos e conquiste um sal\u00e1rio de R$ 12 mil por m\u00easEvento online gratuito11, 12 e 13 de agosto, sempre \u00e0s 19hTr\u00eas noites de imers\u00e3o estrat\u00e9gica para quem quer sair na frente no pr\u00f3ximo concurso da Pol\u00edcia Rodovi\u00e1ria Federal. Descubra os detalhes da carreira, monte seu [&hellip;]<\/p>\n","protected":false},"author":87,"featured_media":412072,"parent":0,"menu_order":0,"comment_status":"closed","ping_status":"closed","template":"","meta":{"_et_pb_use_builder":"on","_et_pb_old_content":"","_et_gb_content_width":"","footnotes":""},"categories":[3],"tags":[],"class_list":["post-412038","page","type-page","status-publish","has-post-thumbnail","hentry","category-pagina-de-inscricao"],"_links":{"self":[{"href":"https:\/\/mkt.estrategia.com\/concursos\/wp-json\/wp\/v2\/pages\/412038","targetHints":{"allow":["GET"]}}],"collection":[{"href":"https:\/\/mkt.estrategia.com\/concursos\/wp-json\/wp\/v2\/pages"}],"about":[{"href":"https:\/\/mkt.estrategia.com\/concursos\/wp-json\/wp\/v2\/types\/page"}],"author":[{"embeddable":true,"href":"https:\/\/mkt.estrategia.com\/concursos\/wp-json\/wp\/v2\/users\/87"}],"replies":[{"embeddable":true,"href":"https:\/\/mkt.estrategia.com\/concursos\/wp-json\/wp\/v2\/comments?post=412038"}],"version-history":[{"count":13,"href":"https:\/\/mkt.estrategia.com\/concursos\/wp-json\/wp\/v2\/pages\/412038\/revisions"}],"predecessor-version":[{"id":412297,"href":"https:\/\/mkt.estrategia.com\/concursos\/wp-json\/wp\/v2\/pages\/412038\/revisions\/412297"}],"wp:featuredmedia":[{"embeddable":true,"href":"https:\/\/mkt.estrategia.com\/concursos\/wp-json\/wp\/v2\/media\/412072"}],"wp:attachment":[{"href":"https:\/\/mkt.estrategia.com\/concursos\/wp-json\/wp\/v2\/media?parent=412038"}],"wp:term":[{"taxonomy":"category","embeddable":true,"href":"https:\/\/mkt.estrategia.com\/concursos\/wp-json\/wp\/v2\/categories?post=412038"},{"taxonomy":"post_tag","embeddable":true,"href":"https:\/\/mkt.estrategia.com\/concursos\/wp-json\/wp\/v2\/tags?post=412038"}],"curies":[{"name":"wp","href":"https:\/\/api.w.org\/{rel}","templated":true}]}}