
{"id":407240,"date":"2025-06-18T13:20:11","date_gmt":"2025-06-18T16:20:11","guid":{"rendered":"https:\/\/mkt.estrategia.com\/concursos\/?page_id=407240"},"modified":"2025-06-18T13:53:14","modified_gmt":"2025-06-18T16:53:14","slug":"manual-do-futuro-contador-como-estudar-para-o-exame-cfc","status":"publish","type":"page","link":"https:\/\/mkt.estrategia.com\/concursos\/manual-do-futuro-contador-como-estudar-para-o-exame-cfc\/","title":{"rendered":"Manual do Futuro Contador &#8211; Como Estudar para o Exame CFC"},"content":{"rendered":"<p>[et_pb_section fb_built=&#8221;1&#8243; next_background_color=&#8221;#ffffff&#8221; _builder_version=&#8221;4.27.4&#8243; _module_preset=&#8221;default&#8221; background_color=&#8221;#000000&#8243; background_image=&#8221;https:\/\/mkt.estrategia.com\/concursos\/wp-content\/uploads\/sites\/2\/2025\/05\/BG_examecfc.webp&#8221; bottom_divider_style=&#8221;asymmetric4&#8243; locked=&#8221;off&#8221; collapsed=&#8221;on&#8221; global_colors_info=&#8221;{}&#8221;][et_pb_row _builder_version=&#8221;4.27.4&#8243; _module_preset=&#8221;default&#8221; global_colors_info=&#8221;{}&#8221;][et_pb_column type=&#8221;4_4&#8243; _builder_version=&#8221;4.27.4&#8243; _module_preset=&#8221;default&#8221; global_colors_info=&#8221;{}&#8221;][et_pb_image src=&#8221;https:\/\/mkt.estrategia.com\/concursos\/wp-content\/uploads\/sites\/2\/2024\/07\/cfc-logo.webp&#8221; title_text=&#8221;cfc-logo&#8221; align=&#8221;center&#8221; _builder_version=&#8221;4.27.4&#8243; _module_preset=&#8221;default&#8221; width=&#8221;16%&#8221; locked=&#8221;off&#8221; global_colors_info=&#8221;{}&#8221;][\/et_pb_image][\/et_pb_column][\/et_pb_row][et_pb_row column_structure=&#8221;1_2,1_2&#8243; _builder_version=&#8221;4.27.4&#8243; _module_preset=&#8221;default&#8221; custom_padding=&#8221;72px|||||&#8221; locked=&#8221;off&#8221; global_colors_info=&#8221;{}&#8221;][et_pb_column type=&#8221;1_2&#8243; _builder_version=&#8221;4.27.3&#8243; _module_preset=&#8221;default&#8221; global_colors_info=&#8221;{}&#8221;][et_pb_text _builder_version=&#8221;4.27.4&#8243; _module_preset=&#8221;default&#8221; text_font=&#8221;|800|||||||&#8221; text_text_color=&#8221;#000000&#8243; text_font_size=&#8221;56px&#8221; background_color=&#8221;#EBC230&#8243; text_orientation=&#8221;center&#8221; text_font_size_last_edited=&#8221;off|desktop&#8221; global_colors_info=&#8221;{}&#8221;]<\/p>\n<p>E-BOOK GRATUITO<\/p>\n<p>[\/et_pb_text][et_pb_image src=&#8221;https:\/\/mkt.estrategia.com\/concursos\/wp-content\/uploads\/sites\/2\/2025\/06\/MANUAL_DO_CONTADOR_SVG.svg&#8221; title_text=&#8221;MANUAL_DO_CONTADOR_SVG&#8221; _builder_version=&#8221;4.27.4&#8243; _module_preset=&#8221;default&#8221; global_colors_info=&#8221;{}&#8221;][\/et_pb_image][et_pb_text _builder_version=&#8221;4.27.4&#8243; _module_preset=&#8221;default&#8221; global_colors_info=&#8221;{}&#8221;]<\/p>\n<h4 style=\"text-align: center;\"><span style=\"color: #ffffff;\"><span class=\"OYPEnA font-feature-liga-off font-feature-clig-off font-feature-calt-off text-decoration-none text-strikethrough-none\">Monte um <\/span><strong><span class=\"OYPEnA font-feature-liga-off font-feature-clig-off font-feature-calt-off text-decoration-none text-strikethrough-none\">plano de estudos perfeito<\/span><\/strong><span class=\"OYPEnA font-feature-liga-off font-feature-clig-off font-feature-calt-off text-decoration-none text-strikethrough-none\"> e conquiste a sua aprova\u00e7\u00e3o no <\/span><strong><span class=\"OYPEnA font-feature-liga-off font-feature-clig-off font-feature-calt-off text-decoration-none text-strikethrough-none\">Exame de Sufici\u00eancia CFC 2025.2<\/span><span class=\"OYPEnA font-feature-liga-off font-feature-clig-off font-feature-calt-off text-decoration-none text-strikethrough-none\">!<\/span><\/strong><\/span><\/h4>\n<p>[\/et_pb_text][formulario_estrategia button_label=&#8221;BAIXE AGORA GRATUITAMENTE&#8221; area=&#8221;CFC&#8221; layout=&#8221;basico.php&#8221; need_sucesso=&#8221;on&#8221; sucesso=&#8221;https:\/\/mkt.estrategia.com\/concursos\/sucesso-manual-do-futuro-contador\/&#8221; need_welcome=&#8221;on&#8221; welcome=&#8221;ecfcd_01&#8243; _builder_version=&#8221;4.27.4&#8243; _module_preset=&#8221;default&#8221; hover_enabled=&#8221;0&#8243; locked=&#8221;off&#8221; global_colors_info=&#8221;{}&#8221; sticky_enabled=&#8221;0&#8243;][\/formulario_estrategia][\/et_pb_column][et_pb_column type=&#8221;1_2&#8243; _builder_version=&#8221;4.27.3&#8243; _module_preset=&#8221;default&#8221; global_colors_info=&#8221;{}&#8221;][\/et_pb_column][\/et_pb_row][\/et_pb_section][et_pb_section fb_built=&#8221;1&#8243; _builder_version=&#8221;4.27.4&#8243; _module_preset=&#8221;default&#8221; global_colors_info=&#8221;{}&#8221;][et_pb_row column_structure=&#8221;1_2,1_2&#8243; _builder_version=&#8221;4.27.4&#8243; _module_preset=&#8221;default&#8221; global_colors_info=&#8221;{}&#8221;][et_pb_column type=&#8221;1_2&#8243; _builder_version=&#8221;4.27.4&#8243; _module_preset=&#8221;default&#8221; global_colors_info=&#8221;{}&#8221;][et_pb_image src=&#8221;https:\/\/mkt.estrategia.com\/concursos\/wp-content\/uploads\/sites\/2\/2025\/06\/MOCK_MANUALCONTADOR.webp&#8221; title_text=&#8221;MOCK_MANUALCONTADOR&#8221; _builder_version=&#8221;4.27.4&#8243; _module_preset=&#8221;default&#8221; max_width=&#8221;62%&#8221; module_alignment=&#8221;center&#8221; custom_margin=&#8221;-33px||||false|false&#8221; border_radii=&#8221;off|0px|124px|0px|124px&#8221; global_colors_info=&#8221;{}&#8221;][\/et_pb_image][\/et_pb_column][et_pb_column type=&#8221;1_2&#8243; _builder_version=&#8221;4.27.4&#8243; _module_preset=&#8221;default&#8221; global_colors_info=&#8221;{}&#8221;][et_pb_text _builder_version=&#8221;4.27.4&#8243; _module_preset=&#8221;default&#8221; inline_fonts=&#8221;Poppins Bold&#8221; global_colors_info=&#8221;{}&#8221;]<\/p>\n<h2><span style=\"font-family: 'Poppins Bold';\"><strong><span class=\"OYPEnA font-feature-liga-off font-feature-clig-off font-feature-calt-off text-decoration-none text-strikethrough-none\">Estude com m\u00e9todo, memorize f\u00e1cil e chegue pronto no dia do Exame!<\/span><\/strong><\/span><span class=\"OYPEnA font-feature-liga-off font-feature-clig-off font-feature-calt-off text-decoration-none text-strikethrough-none white-space-prewrap\"> <\/span><\/h2>\n<p>[\/et_pb_text][et_pb_text _builder_version=&#8221;4.27.4&#8243; _module_preset=&#8221;default&#8221; inline_fonts=&#8221;Poppins Light&#8221; global_colors_info=&#8221;{}&#8221;]<\/p>\n<h4 class=\"cvGsUA direction-ltr align-start para-style-body\"><span class=\"OYPEnA font-feature-liga-off font-feature-clig-off font-feature-calt-off text-decoration-none text-strikethrough-none\" style=\"font-family: 'Poppins Light'; font-weight: normal;\">\u2022 Roteiro de estudos personalizado que encaixa no seu dia a dia.<\/span><\/h4>\n<h4 class=\"cvGsUA direction-ltr align-start para-style-body\"><span class=\"OYPEnA font-feature-liga-off font-feature-clig-off font-feature-calt-off text-decoration-none text-strikethrough-none\" style=\"font-family: 'Poppins Light'; font-weight: normal;\">\u2022 T\u00e9cnicas de memoriza\u00e7\u00e3o e revis\u00e3o que fixam teoria sem enrola\u00e7\u00e3o.<\/span><\/h4>\n<h4 class=\"cvGsUA direction-ltr align-start para-style-body\"><span class=\"OYPEnA font-feature-liga-off font-feature-clig-off font-feature-calt-off text-decoration-none text-strikethrough-none\" style=\"font-family: 'Poppins Light'; font-weight: normal;\">\u2022 Dicas pr\u00e1ticas para ganhar tempo, driblar a ansiedade e maximizar a nota no grande dia.<\/span><\/h4>\n<p>[\/et_pb_text][\/et_pb_column][\/et_pb_row][\/et_pb_section][et_pb_section fb_built=&#8221;1&#8243; admin_label=&#8221;Footer EC&#8221; module_class=&#8221;section-cursos&#8221; _builder_version=&#8221;4.27.4&#8243; background_color=&#8221;#000000&#8243; display_conditions=&#8221;W3siaWQiOiJhZDg5ZGY0Zi0xZTlmLTQxZDQtYTgzZi0wMzllMTI4MDdkOGYiLCJjb25kaXRpb24iOiJ1c2VyUm9sZSIsImNvbmRpdGlvblNldHRpbmdzIjp7InVzZXJSb2xlRGlzcGxheSI6ImlzIiwidXNlclJvbGVzIjpbeyJsYWJlbCI6IkFkbWluaXN0cmF0b3IiLCJ2YWx1ZSI6ImFkbWluaXN0cmF0b3IifV0sInVzZXJJZHMiOiJVc2VyIElEcyBzZXBhcmF0ZWQgYnkgY29tbWFzIiwiYWRtaW5MYWJlbCI6IlVzZXIgUm9sZSIsImVuYWJsZUNvbmRpdGlvbiI6Im9mZiJ9LCJvcGVyYXRvciI6Ik9SIn1d&#8221; custom_margin=&#8221;0px|0px|0px|0px|false|false&#8221; custom_padding=&#8221;50px|0px|50px|0px|false|false&#8221; z_index_tablet=&#8221;500&#8243; box_shadow_horizontal_tablet=&#8221;0px&#8221; box_shadow_vertical_tablet=&#8221;0px&#8221; box_shadow_blur_tablet=&#8221;40px&#8221; box_shadow_spread_tablet=&#8221;0px&#8221; saved_tabs=&#8221;all&#8221; locked=&#8221;off&#8221; collapsed=&#8221;on&#8221; global_colors_info=&#8221;%91%93&#8243; custom_css_before_last_edited=&#8221;on|desktop&#8221;][et_pb_row column_structure=&#8221;1_2,1_2&#8243; _builder_version=&#8221;4.27.0&#8243; _module_preset=&#8221;default&#8221; width=&#8221;100%&#8221; width_tablet=&#8221;100%&#8221; width_phone=&#8221;60%&#8221; width_last_edited=&#8221;on|phone&#8221; max_width=&#8221;450px&#8221; locked=&#8221;off&#8221; global_colors_info=&#8221;{}&#8221;][et_pb_column type=&#8221;1_2&#8243; _builder_version=&#8221;4.27.0&#8243; _module_preset=&#8221;default&#8221; global_colors_info=&#8221;{}&#8221;][et_pb_image src=&#8221;https:\/\/mkt.estrategia.com\/concursos\/wp-content\/uploads\/sites\/2\/2024\/07\/cfc-logo.webp&#8221; title_text=&#8221;cfc-logo&#8221; url=&#8221;https:\/\/www.estrategiaconcursos.com.br&#8221; align=&#8221;center&#8221; align_tablet=&#8221;center&#8221; align_phone=&#8221;&#8221; align_last_edited=&#8221;on|desktop&#8221; admin_label=&#8221;LOGO ESTRAT\u00c9GIA CONCURSOS&#8221; _builder_version=&#8221;4.27.0&#8243; width=&#8221;100%&#8221; max_width=&#8221;100%&#8221; max_width_tablet=&#8221;55%&#8221; max_width_last_edited=&#8221;off|desktop&#8221; module_alignment=&#8221;center&#8221; custom_margin=&#8221;||24px|||&#8221; animation_direction=&#8221;left&#8221; z_index_tablet=&#8221;500&#8243; box_shadow_horizontal_tablet=&#8221;0px&#8221; box_shadow_vertical_tablet=&#8221;0px&#8221; box_shadow_blur_tablet=&#8221;40px&#8221; box_shadow_spread_tablet=&#8221;0px&#8221; locked=&#8221;off&#8221; global_colors_info=&#8221;%91%93&#8243;][\/et_pb_image][\/et_pb_column][et_pb_column type=&#8221;1_2&#8243; _builder_version=&#8221;4.27.0&#8243; _module_preset=&#8221;default&#8221; border_color_top=&#8221;RGBA(255,255,255,0)&#8221; border_width_left=&#8221;2px&#8221; border_color_left=&#8221;#2b0c70&#8243; border_width_top_tablet=&#8221;&#8221; border_width_top_phone=&#8221;0px&#8221; border_width_top_last_edited=&#8221;on|phone&#8221; border_width_left_tablet=&#8221;0px&#8221; border_width_left_phone=&#8221;0px&#8221; border_width_left_last_edited=&#8221;on|phone&#8221; global_colors_info=&#8221;{}&#8221;][et_pb_social_media_follow use_icon_font_size=&#8221;on&#8221; icon_font_size=&#8221;19px&#8221; _builder_version=&#8221;4.27.0&#8243; _module_preset=&#8221;default&#8221; text_orientation=&#8221;left&#8221; max_width=&#8221;100%&#8221; custom_margin=&#8221;10px|||30px|false|false&#8221; custom_margin_tablet=&#8221;10px|||30px|false|false&#8221; custom_margin_phone=&#8221;10px|||0px|false|false&#8221; custom_margin_last_edited=&#8221;on|phone&#8221; text_orientation_tablet=&#8221;center&#8221; text_orientation_phone=&#8221;center&#8221; text_orientation_last_edited=&#8221;on|phone&#8221; global_colors_info=&#8221;{}&#8221;][et_pb_social_media_follow_network social_network=&#8221;facebook&#8221; url=&#8221;https:\/\/www.facebook.com\/estrategiacfc&#8221; _builder_version=&#8221;4.27.0&#8243; _module_preset=&#8221;default&#8221; background_color=&#8221;#3b5998&#8243; global_colors_info=&#8221;{}&#8221; follow_button=&#8221;off&#8221; url_new_window=&#8221;on&#8221;]facebook[\/et_pb_social_media_follow_network][et_pb_social_media_follow_network social_network=&#8221;instagram&#8221; url=&#8221;https:\/\/www.instagram.com\/estrategiacfc\/&#8221; _builder_version=&#8221;4.27.0&#8243; _module_preset=&#8221;default&#8221; background_color=&#8221;#ea2c59&#8243; global_colors_info=&#8221;{}&#8221; follow_button=&#8221;off&#8221; url_new_window=&#8221;on&#8221;]instagram[\/et_pb_social_media_follow_network][et_pb_social_media_follow_network social_network=&#8221;youtube&#8221; url=&#8221;https:\/\/www.youtube.com\/channel\/UC_8C6VZiJgnQ4YOlDtPj3jw&#8221; _builder_version=&#8221;4.27.0&#8243; _module_preset=&#8221;default&#8221; background_color=&#8221;#a82400&#8243; global_colors_info=&#8221;{}&#8221; follow_button=&#8221;off&#8221; url_new_window=&#8221;on&#8221;]youtube[\/et_pb_social_media_follow_network][\/et_pb_social_media_follow][\/et_pb_column][\/et_pb_row][\/et_pb_section]<\/p>\n","protected":false},"excerpt":{"rendered":"<p>E-BOOK GRATUITOMonte um plano de estudos perfeito e conquiste a sua aprova\u00e7\u00e3o no Exame de Sufici\u00eancia CFC 2025.2!<div class=\"et_pb_module formulario_estrategia formulario_estrategia_0\">\n\t\t\t\t\n\t\t\t\t\n\t\t\t\t\n\t\t\t\t\n\t\t\t\t\n\t\t\t\t\n\t\t\t\t<div class=\"et_pb_module_inner\">\n\t\t\t\t\t      <div id=\"forms\">\r\n  <form class=\"needs-validation\" id=\"forms_layout\" novalidate>\r\n    <!-- Inputs para Definir par\u00e2metros como \u00c1rea, Concurso, Evento e do pr\u00f3prio Formul\u00e1rio -->\n<div class=\"inputs_no_display_forms\">\n      <input type=\"hidden\" name=\"chave_de\" value=\"Leads_2026\" \/>\n      <input type=\"hidden\" name=\"mid\" value=\"100002066\" \/>\n      <input type=\"hidden\" id=\"retURL\" name=\"Pagina_Origem\" value=\"\" \/>\n      <input type=\"hidden\" id=\"utm_term\" name=\"utm_term\" value=\"\" \/>\n\t\t\t<input type=\"hidden\" id=\"utm_content\" name=\"utm_content\" value=\"\" \/>\n\t\t\t<input type=\"hidden\" id=\"utm_source\" name=\"utm_source\" value=\"\" \/>\n\t\t\t<input type=\"hidden\" id=\"utm_medium\" name=\"utm_medium\" value=\"\" \/>\n\t\t\t<input type=\"hidden\" id=\"utm_campaign\" name=\"utm_campaign\" value=\"\" \/>\n\t\t\t<input type=\"hidden\" id=\"Cidade_OrigemIP__c\" maxlength=\"200\" name=\"Cidade_de_Origem_do_IP\" size=\"20\" type=\"text\" \/>\n\t\t\t<input type=\"hidden\" id=\"Estado_OrigemIP__c\" maxlength=\"200\" name=\"Estado_de_Origem_do_IP\" size=\"20\" type=\"text\" \/>\n\t\t\t<input type=\"hidden\" id=\"sucesso\" name=\"sucesso\" value=\"https:\/\/mkt.estrategia.com\/concursos\/sucesso-manual-do-futuro-contador\/\" \/>\n\t\t\t<input type=\"hidden\" id=\"nomeDE\" name=\"nomeDE\" value=\"Leads_2020\" \/>\n\t\t\t<input type=\"hidden\" id=\"nomeDE2\" name=\"nomeDE2\" value=\"CFC_Area\" \/>\n\t\t\t<input type=\"hidden\" id=\"welcome\" name=\"welcome\" value=\"ecfcd_01\" \/>\n\t\t\t<input type=\"hidden\" id=\"dev_zapp\" name=\"dev_zapp\" value=\"off\" \/>\n\t\t\t<input type=\"hidden\" id=\"lead_source\" name=\"lead_source\"  value=\"Geral\" \/>\n      <input type=\"hidden\" id=\"Area_de_Interesse__c\" name=\"Interesse_Area\" value=\"CFC_Area\" \/>\n\t\t\t<input type=\"hidden\" id=\"Modo_de_entrada__c\" name=\"Coringa_01\" value=\"landing-page\" \/>\n\t\t\t<input type=\"hidden\" id=\"Entrada\" name=\"Modo_de_entrada\" value=\"landing-page\" \/>\n\t\t\t<input type=\"hidden\" id=\"Interesse_Evento__c\" name=\"Interesse_Evento\" value=\"\" \/>\n<\/div>\n<!-- End Inputs -->    <!-- Inputs B\u00e1sicos de todos os formul\u00e1rios de Concursos -->\n<div class=\"form-group\">\n  <div class=\"input-group first_name labels\">\n    <span class=\"input-group-text icon-user\"><\/span>\n    <input type=\"text\" class=\"form-control input_labels\" name=\"Nome_Completo\" id=\"first_name\" placeholder=\"NOME\" autocomplete=\"given-name\" inputmode=\"text\" autocapitalize=\"words\" required \/>\n    <div class=\"invalid-feedback\">Nome obrigat\u00f3rio.<\/div>\n  <\/div>\n<\/div>\n<div class=\"form-group\">\n  <div class=\"input-group email labels\">\n    <span class=\"input-group-text icon-email\"><\/span>\n    <input type=\"email\" class=\"form-control input_labels\" name=\"Email\" id=\"email\" placeholder=\"EMAIL\" autocomplete=\"email\" required \/>\n    <div class=\"invalid-feedback\">Email obrigat\u00f3rio.<\/div>\n  <\/div>\n<\/div>\n<div class=\"form-group\">\n  <div class=\"input-group phone labels\">\n    <span class=\"input-group-text icon-phone\"><\/span>\n    <input type=\"tel\" class=\"form-control input_labels\" name=\"Telefone\" id=\"phone\" maxlength=\"15\" placeholder=\"TELEFONE\" autocomplete=\"tel\" inputmode=\"tel\" \/>\n  <\/div>\n<\/div>\n<!-- End Inputs -->    <div class=\"connect_icon py-1\">\r\n      <button style=\"background:\" type=\"submit\" class=\"btn btn-custom\">\r\n        <span style=\"color:\" id=\"lblBotao\">\r\n          BAIXE AGORA GRATUITAMENTE        <\/span>\r\n        <div style=\"background:\" class=\"send__icon\">\r\n          <i style=\"color:#fff; background:#f2c100\" class=\"fa fa-chevron-right\" aria-hidden=\"true\"><\/i>\r\n        <\/div>\r\n      <\/button>\r\n    <\/div>\r\n    <div class=\"form-check mt-3\">\r\n      <input class=\"form-check-input\" type=\"checkbox\" id=\"check-custom\" checked \/>\r\n      <label class=\"form-check-label\" for=\"check-custom\">\r\n        Ao clicar no bot\u00e3o, voc\u00ea concorda com nossos <a class=\"politics_privacy_ahref\" href=\"https:\/\/www.estrategiaconcursos.com.br\/pagina\/termos-de-uso\/\" target=\"_blank\" rel=\"noopener noreferrer\">Termos de Uso<\/a> e <a class=\"politics_privacy_ahref\" href=\"https:\/\/gratis.estrategiaconcursos.com.br\/politica-de-privacidade\/\" target=\"_blank\" rel=\"noopener noreferrer\">Pol\u00edtica de Privacidade<\/a>, incluindo o uso de cookies e o envio de comunica\u00e7\u00f5es.\r\n      <\/label>\r\n    <\/div>\r\n  <\/form><!-- \/forms_layout -->\r\n<\/div><!-- \/forms -->      \n\t\t\t\t<\/div>\n\t\t\t<\/div>Estude com m\u00e9todo, memorize f\u00e1cil e chegue pronto no dia do Exame! \u2022 Roteiro de estudos personalizado que encaixa no seu dia a [&hellip;]<\/p>\n","protected":false},"author":87,"featured_media":407241,"parent":0,"menu_order":0,"comment_status":"closed","ping_status":"closed","template":"","meta":{"_et_pb_use_builder":"on","_et_pb_old_content":"<!-- wp:divi\/placeholder \/-->","_et_gb_content_width":"","footnotes":""},"categories":[1,7],"tags":[],"class_list":["post-407240","page","type-page","status-publish","has-post-thumbnail","hentry","category-cfc","category-ebooks"],"_links":{"self":[{"href":"https:\/\/mkt.estrategia.com\/concursos\/wp-json\/wp\/v2\/pages\/407240","targetHints":{"allow":["GET"]}}],"collection":[{"href":"https:\/\/mkt.estrategia.com\/concursos\/wp-json\/wp\/v2\/pages"}],"about":[{"href":"https:\/\/mkt.estrategia.com\/concursos\/wp-json\/wp\/v2\/types\/page"}],"author":[{"embeddable":true,"href":"https:\/\/mkt.estrategia.com\/concursos\/wp-json\/wp\/v2\/users\/87"}],"replies":[{"embeddable":true,"href":"https:\/\/mkt.estrategia.com\/concursos\/wp-json\/wp\/v2\/comments?post=407240"}],"version-history":[{"count":7,"href":"https:\/\/mkt.estrategia.com\/concursos\/wp-json\/wp\/v2\/pages\/407240\/revisions"}],"predecessor-version":[{"id":407257,"href":"https:\/\/mkt.estrategia.com\/concursos\/wp-json\/wp\/v2\/pages\/407240\/revisions\/407257"}],"wp:featuredmedia":[{"embeddable":true,"href":"https:\/\/mkt.estrategia.com\/concursos\/wp-json\/wp\/v2\/media\/407241"}],"wp:attachment":[{"href":"https:\/\/mkt.estrategia.com\/concursos\/wp-json\/wp\/v2\/media?parent=407240"}],"wp:term":[{"taxonomy":"category","embeddable":true,"href":"https:\/\/mkt.estrategia.com\/concursos\/wp-json\/wp\/v2\/categories?post=407240"},{"taxonomy":"post_tag","embeddable":true,"href":"https:\/\/mkt.estrategia.com\/concursos\/wp-json\/wp\/v2\/tags?post=407240"}],"curies":[{"name":"wp","href":"https:\/\/api.w.org\/{rel}","templated":true}]}}