
{"id":403708,"date":"2025-05-22T13:18:59","date_gmt":"2025-05-22T16:18:59","guid":{"rendered":"https:\/\/mkt.estrategia.com\/concursos\/?page_id=403708"},"modified":"2025-05-22T13:20:52","modified_gmt":"2025-05-22T16:20:52","slug":"policia-federal-escrivao-edital-verticalizado-2025-sucesso","status":"publish","type":"page","link":"https:\/\/mkt.estrategia.com\/concursos\/policia-federal-escrivao-edital-verticalizado-2025-sucesso\/","title":{"rendered":"Pol\u00edcia Federal &#8211; Escriv\u00e3o &#8211; Edital Verticalizado &#8211; 2025 SUCESSO"},"content":{"rendered":"<p>[et_pb_section fb_built=&#8221;1&#8243; admin_label=&#8221;section&#8221; _builder_version=&#8221;4.27.0&#8243; background_color=&#8221;RGBA(255,255,255,0)&#8221; display_conditions=&#8221;W3siaWQiOiJhZDg5ZGY0Zi0xZTlmLTQxZDQtYTgzZi0wMzllMTI4MDdkOGYiLCJjb25kaXRpb24iOiJ1c2VyUm9sZSIsImNvbmRpdGlvblNldHRpbmdzIjp7InVzZXJSb2xlRGlzcGxheSI6ImlzIiwidXNlclJvbGVzIjpbeyJsYWJlbCI6IkFkbWluaXN0cmF0b3IiLCJ2YWx1ZSI6ImFkbWluaXN0cmF0b3IifV0sInVzZXJJZHMiOiJVc2VyIElEcyBzZXBhcmF0ZWQgYnkgY29tbWFzIiwiYWRtaW5MYWJlbCI6IlVzZXIgUm9sZSIsImVuYWJsZUNvbmRpdGlvbiI6Im9mZiJ9LCJvcGVyYXRvciI6Ik9SIn1d&#8221; custom_margin=&#8221;0px|0px|0px|0px|false|false&#8221; custom_padding=&#8221;50px|0px|50px|0px|false|false&#8221; transparent_background=&#8221;off&#8221; global_colors_info=&#8221;%91%93&#8243; custom_css_before_last_edited=&#8221;on|desktop&#8221; theme_builder_area=&#8221;post_content&#8221;][et_pb_row _builder_version=&#8221;4.27.0&#8243; _module_preset=&#8221;default&#8221; global_colors_info=&#8221;{}&#8221; theme_builder_area=&#8221;post_content&#8221;][et_pb_column type=&#8221;4_4&#8243; _builder_version=&#8221;4.27.0&#8243; _module_preset=&#8221;default&#8221; global_colors_info=&#8221;{}&#8221; theme_builder_area=&#8221;post_content&#8221;][et_pb_text _builder_version=&#8221;4.16&#8243; background_size=&#8221;initial&#8221; background_position=&#8221;top_left&#8221; background_repeat=&#8221;repeat&#8221; use_border_color=&#8221;off&#8221; border_style=&#8221;solid&#8221; global_colors_info=&#8221;{}&#8221; theme_builder_area=&#8221;post_content&#8221;]<\/p>\n<h1 class=\"lplh-43\" style=\"text-align: center\"><strong>Ol\u00e1 <span class=\"ub-dynamic\">Concurseiro<\/span>!<\/strong><\/h1>\n<h3 style=\"text-align: center\">Sua inscri\u00e7\u00e3o foi confirmada com sucesso.<\/h3>\n<p>[\/et_pb_text][\/et_pb_column][\/et_pb_row][et_pb_row _builder_version=&#8221;4.16&#8243; background_size=&#8221;initial&#8221; background_position=&#8221;top_left&#8221; background_repeat=&#8221;repeat&#8221; global_colors_info=&#8221;{}&#8221; theme_builder_area=&#8221;post_content&#8221;][et_pb_column type=&#8221;4_4&#8243; _builder_version=&#8221;4.16&#8243; custom_padding=&#8221;|||&#8221; global_colors_info=&#8221;{}&#8221; custom_padding__hover=&#8221;|||&#8221; theme_builder_area=&#8221;post_content&#8221;][et_pb_image src=&#8221;https:\/\/mkt.estrategia.com\/concursos\/wp-content\/uploads\/sites\/2\/2025\/05\/Agrupar-5PFESCRIVAO.webp&#8221; align=&#8221;center&#8221; align_tablet=&#8221;center&#8221; align_phone=&#8221;&#8221; align_last_edited=&#8221;on|desktop&#8221; _builder_version=&#8221;4.27.4&#8243; width=&#8221;75%&#8221; max_width=&#8221;300px&#8221; max_width_tablet=&#8221;100%&#8221; max_width_phone=&#8221;60%&#8221; max_width_last_edited=&#8221;on|tablet&#8221; module_alignment=&#8221;center&#8221; custom_margin=&#8221;||24px|||&#8221; animation_style=&#8221;slide&#8221; animation_direction=&#8221;left&#8221; animation_duration=&#8221;500ms&#8221; animation_intensity_slide=&#8221;10%&#8221; hover_enabled=&#8221;0&#8243; sticky=&#8221;off&#8221; use_border_color=&#8221;off&#8221; border_color=&#8221;#ffffff&#8221; border_width=&#8221;1px&#8221; border_style=&#8221;solid&#8221; global_colors_info=&#8221;%91%93&#8243; theme_builder_area=&#8221;post_content&#8221; title_text=&#8221;Agrupar 5PFESCRIVAO&#8221; sticky_enabled=&#8221;0&#8243;][\/et_pb_image][et_pb_button button_url=&#8221;https:\/\/mkt.estrategia.com\/concursos\/wp-content\/uploads\/sites\/2\/2025\/05\/21_05_2025_E-book_Policia-Federal-Escrivao-Edital-Verticalizado_LP.pdf&#8221; url_new_window=&#8221;on&#8221; button_text=&#8221;Clique Aqui para Baixar&#8221; button_alignment=&#8221;center&#8221; _builder_version=&#8221;4.27.4&#8243; custom_button=&#8221;on&#8221; button_bg_color_gradient_overlays_image=&#8221;on&#8221; button_icon=&#8221;&#xe071;||divi||400&#8243; hover_enabled=&#8221;0&#8243; global_colors_info=&#8221;%91%93&#8243; button_text_size__hover_enabled=&#8221;off&#8221; button_text_size__hover=&#8221;null&#8221; button_one_text_size__hover_enabled=&#8221;off&#8221; button_one_text_size__hover=&#8221;null&#8221; button_two_text_size__hover_enabled=&#8221;off&#8221; button_two_text_size__hover=&#8221;null&#8221; button_text_color__hover_enabled=&#8221;off&#8221; button_text_color__hover=&#8221;null&#8221; button_one_text_color__hover_enabled=&#8221;off&#8221; button_one_text_color__hover=&#8221;null&#8221; button_two_text_color__hover_enabled=&#8221;off&#8221; button_two_text_color__hover=&#8221;null&#8221; button_border_width__hover_enabled=&#8221;off&#8221; button_border_width__hover=&#8221;null&#8221; button_one_border_width__hover_enabled=&#8221;off&#8221; button_one_border_width__hover=&#8221;null&#8221; button_two_border_width__hover_enabled=&#8221;off&#8221; button_two_border_width__hover=&#8221;null&#8221; button_border_color__hover_enabled=&#8221;off&#8221; button_border_color__hover=&#8221;null&#8221; button_one_border_color__hover_enabled=&#8221;off&#8221; button_one_border_color__hover=&#8221;null&#8221; button_two_border_color__hover_enabled=&#8221;off&#8221; button_two_border_color__hover=&#8221;null&#8221; button_border_radius__hover_enabled=&#8221;off&#8221; button_border_radius__hover=&#8221;null&#8221; button_one_border_radius__hover_enabled=&#8221;off&#8221; button_one_border_radius__hover=&#8221;null&#8221; button_two_border_radius__hover_enabled=&#8221;off&#8221; button_two_border_radius__hover=&#8221;null&#8221; button_letter_spacing__hover_enabled=&#8221;off&#8221; button_letter_spacing__hover=&#8221;null&#8221; button_one_letter_spacing__hover_enabled=&#8221;off&#8221; button_one_letter_spacing__hover=&#8221;null&#8221; button_two_letter_spacing__hover_enabled=&#8221;off&#8221; button_two_letter_spacing__hover=&#8221;null&#8221; button_bg_color__hover_enabled=&#8221;off&#8221; button_bg_color__hover=&#8221;null&#8221; button_one_bg_color__hover_enabled=&#8221;off&#8221; button_one_bg_color__hover=&#8221;null&#8221; button_two_bg_color__hover_enabled=&#8221;off&#8221; button_two_bg_color__hover=&#8221;null&#8221; theme_builder_area=&#8221;post_content&#8221; sticky_enabled=&#8221;0&#8243;][\/et_pb_button][\/et_pb_column][\/et_pb_row][\/et_pb_section][et_pb_section fb_built=&#8221;1&#8243; admin_label=&#8221;section&#8221; _builder_version=&#8221;4.27.0&#8243; background_color=&#8221;RGBA(255,255,255,0)&#8221; display_conditions=&#8221;W3siaWQiOiJhZDg5ZGY0Zi0xZTlmLTQxZDQtYTgzZi0wMzllMTI4MDdkOGYiLCJjb25kaXRpb24iOiJ1c2VyUm9sZSIsImNvbmRpdGlvblNldHRpbmdzIjp7InVzZXJSb2xlRGlzcGxheSI6ImlzIiwidXNlclJvbGVzIjpbeyJsYWJlbCI6IkFkbWluaXN0cmF0b3IiLCJ2YWx1ZSI6ImFkbWluaXN0cmF0b3IifV0sInVzZXJJZHMiOiJVc2VyIElEcyBzZXBhcmF0ZWQgYnkgY29tbWFzIiwiYWRtaW5MYWJlbCI6IlVzZXIgUm9sZSIsImVuYWJsZUNvbmRpdGlvbiI6Im9mZiJ9LCJvcGVyYXRvciI6Ik9SIn1d&#8221; custom_margin=&#8221;0px|0px|0px|0px|false|false&#8221; custom_padding=&#8221;0px|0px|54px|0px&#8221; transparent_background=&#8221;off&#8221; global_colors_info=&#8221;%91%93&#8243; custom_css_before_last_edited=&#8221;on|desktop&#8221; theme_builder_area=&#8221;post_content&#8221;][et_pb_row _builder_version=&#8221;4.27.0&#8243; _module_preset=&#8221;default&#8221; global_colors_info=&#8221;{}&#8221; theme_builder_area=&#8221;post_content&#8221;][et_pb_column type=&#8221;4_4&#8243; _builder_version=&#8221;4.27.0&#8243; _module_preset=&#8221;default&#8221; global_colors_info=&#8221;{}&#8221; theme_builder_area=&#8221;post_content&#8221;][et_pb_text _builder_version=&#8221;4.16&#8243; background_size=&#8221;initial&#8221; background_position=&#8221;top_left&#8221; background_repeat=&#8221;repeat&#8221; use_border_color=&#8221;off&#8221; border_style=&#8221;solid&#8221; global_colors_info=&#8221;{}&#8221; theme_builder_area=&#8221;post_content&#8221;]<\/p>\n<h3 style=\"text-align: center\">Aproveite e inscreva-se em nossas redes para se manter\u00a0atualizado.<\/h3>\n<p>[\/et_pb_text][\/et_pb_column][\/et_pb_row][et_pb_row column_structure=&#8221;1_2,1_2&#8243; _builder_version=&#8221;4.27.0&#8243; _module_preset=&#8221;default&#8221; global_colors_info=&#8221;{}&#8221; theme_builder_area=&#8221;post_content&#8221;][et_pb_column type=&#8221;1_2&#8243; _builder_version=&#8221;4.27.0&#8243; _module_preset=&#8221;default&#8221; global_colors_info=&#8221;{}&#8221; theme_builder_area=&#8221;post_content&#8221;][\/et_pb_column][et_pb_column type=&#8221;1_2&#8243; _builder_version=&#8221;4.27.0&#8243; _module_preset=&#8221;default&#8221; global_colors_info=&#8221;{}&#8221; theme_builder_area=&#8221;post_content&#8221;][et_pb_code disabled_on=&#8221;on|on|off&#8221; _builder_version=&#8221;4.16&#8243; background_color=&#8221;rgba(0,0,0,0)&#8221; background_enable_image=&#8221;off&#8221; background_size=&#8221;contain&#8221; text_orientation=&#8221;center&#8221; width=&#8221;51.3%&#8221; max_width=&#8221;100%&#8221; module_alignment=&#8221;center&#8221; max_height=&#8221;532px&#8221; custom_margin=&#8221;-5px|252px|||false|false&#8221; custom_padding=&#8221;2px|10px||||&#8221; filter_saturate=&#8221;197%&#8221; filter_brightness=&#8221;101%&#8221; filter_contrast=&#8221;103%&#8221; mix_blend_mode=&#8221;lighten&#8221; border_radii=&#8221;on|1px|1px|1px|1px&#8221; border_color_all=&#8221;#ffffff&#8221; border_color_right=&#8221;#ffffff&#8221; global_colors_info=&#8221;%91%93&#8243; theme_builder_area=&#8221;post_content&#8221;]<!-- [et_pb_line_break_holder] --><!-- [et_pb_line_break_holder] --><!-- [et_pb_line_break_holder] --><\/p>\n<div id=\"___ytsubscribe_1\" style=\"text-indent: 0px;margin: 0px;padding: 0px;background: transparent;border-style: none;float: none;line-height: normal;font-size: 1px;vertical-align: baseline;width: 180px;height: 48px\"><\/div>\n<p><!-- [et_pb_line_break_holder] --><!-- [et_pb_line_break_holder] --><!-- [et_pb_line_break_holder] -->[\/et_pb_code][et_pb_code disabled_on=&#8221;on|on|off&#8221; _builder_version=&#8221;4.16&#8243; background_color=&#8221;rgba(0,0,0,0)&#8221; background_enable_image=&#8221;off&#8221; background_size=&#8221;contain&#8221; text_orientation=&#8221;center&#8221; width=&#8221;51.3%&#8221; max_width=&#8221;100%&#8221; module_alignment=&#8221;center&#8221; max_height=&#8221;532px&#8221; custom_margin=&#8221;-5px|252px|||false|false&#8221; custom_padding=&#8221;2px|10px||||&#8221; filter_saturate=&#8221;197%&#8221; filter_brightness=&#8221;101%&#8221; filter_contrast=&#8221;103%&#8221; mix_blend_mode=&#8221;lighten&#8221; border_radii=&#8221;on|1px|1px|1px|1px&#8221; border_color_all=&#8221;#ffffff&#8221; border_color_right=&#8221;#ffffff&#8221; global_colors_info=&#8221;%91%93&#8243; theme_builder_area=&#8221;post_content&#8221;]<!-- lp:insertions start div#lp-code-196 --><!-- [et_pb_line_break_holder] --><\/p>\n<div class=\"fb-like fb_iframe_widget\" data-href=\"https:\/\/www.facebook.com\/EstrategiaConcursos\/\" data-layout=\"box_count\" data-action=\"like\" data-size=\"large\" data-show-faces=\"false\" data-share=\"true\"><span style=\"vertical-align: bottom;width: 99px;height: 90px\"><\/span><\/div>\n<p>[\/et_pb_code][\/et_pb_column][\/et_pb_row][\/et_pb_section]<\/p>\n","protected":false},"excerpt":{"rendered":"<p>Ol\u00e1 Concurseiro! Sua inscri\u00e7\u00e3o foi confirmada com sucesso. Aproveite e inscreva-se em nossas redes para se manter\u00a0atualizado.<\/p>\n","protected":false},"author":9,"featured_media":0,"parent":0,"menu_order":0,"comment_status":"closed","ping_status":"closed","template":"","meta":{"_et_pb_use_builder":"on","_et_pb_old_content":"","_et_gb_content_width":"","footnotes":""},"categories":[10],"tags":[],"class_list":["post-403708","page","type-page","status-publish","hentry","category-sucesso-ebooks"],"_links":{"self":[{"href":"https:\/\/mkt.estrategia.com\/concursos\/wp-json\/wp\/v2\/pages\/403708","targetHints":{"allow":["GET"]}}],"collection":[{"href":"https:\/\/mkt.estrategia.com\/concursos\/wp-json\/wp\/v2\/pages"}],"about":[{"href":"https:\/\/mkt.estrategia.com\/concursos\/wp-json\/wp\/v2\/types\/page"}],"author":[{"embeddable":true,"href":"https:\/\/mkt.estrategia.com\/concursos\/wp-json\/wp\/v2\/users\/9"}],"replies":[{"embeddable":true,"href":"https:\/\/mkt.estrategia.com\/concursos\/wp-json\/wp\/v2\/comments?post=403708"}],"version-history":[{"count":3,"href":"https:\/\/mkt.estrategia.com\/concursos\/wp-json\/wp\/v2\/pages\/403708\/revisions"}],"predecessor-version":[{"id":403716,"href":"https:\/\/mkt.estrategia.com\/concursos\/wp-json\/wp\/v2\/pages\/403708\/revisions\/403716"}],"wp:attachment":[{"href":"https:\/\/mkt.estrategia.com\/concursos\/wp-json\/wp\/v2\/media?parent=403708"}],"wp:term":[{"taxonomy":"category","embeddable":true,"href":"https:\/\/mkt.estrategia.com\/concursos\/wp-json\/wp\/v2\/categories?post=403708"},{"taxonomy":"post_tag","embeddable":true,"href":"https:\/\/mkt.estrategia.com\/concursos\/wp-json\/wp\/v2\/tags?post=403708"}],"curies":[{"name":"wp","href":"https:\/\/api.w.org\/{rel}","templated":true}]}}