
{"id":396612,"date":"2025-03-13T11:22:12","date_gmt":"2025-03-13T14:22:12","guid":{"rendered":"https:\/\/mkt.estrategia.com\/concursos\/?page_id=396612"},"modified":"2025-04-12T10:23:20","modified_gmt":"2025-04-12T13:23:20","slug":"sucesso-reta-final-cafar-farmacia-hospitalar-hos","status":"publish","type":"page","link":"https:\/\/mkt.estrategia.com\/concursos\/sucesso-reta-final-cafar-farmacia-hospitalar-hos\/","title":{"rendered":"Sucesso Reta Final CAFAR &#8211; Farm\u00e1cia Hospitalar (HOS)"},"content":{"rendered":"<p>[et_pb_section fb_built=&#8221;1&#8243; _builder_version=&#8221;4.27.4&#8243; background_color=&#8221;RGBA(255,255,255,0)&#8221; use_background_color_gradient=&#8221;on&#8221; background_color_gradient_direction=&#8221;360deg&#8221; background_color_gradient_stops=&#8221;#246cb4 0%|rgba(41,196,169,0) 99%&#8221; background_color_gradient_overlays_image=&#8221;on&#8221; background_image=&#8221;https:\/\/mkt.estrategia.com\/concursos\/wp-content\/uploads\/sites\/2\/2025\/03\/BG-LP_Saude-CAFAR-HOS.webp&#8221; module_alignment=&#8221;center&#8221; display_conditions=&#8221;W3siaWQiOiJhZDg5ZGY0Zi0xZTlmLTQxZDQtYTgzZi0wMzllMTI4MDdkOGYiLCJjb25kaXRpb24iOiJ1c2VyUm9sZSIsImNvbmRpdGlvblNldHRpbmdzIjp7InVzZXJSb2xlRGlzcGxheSI6ImlzIiwidXNlclJvbGVzIjpbeyJsYWJlbCI6IkFkbWluaXN0cmF0b3IiLCJ2YWx1ZSI6ImFkbWluaXN0cmF0b3IifV0sInVzZXJJZHMiOiJVc2VyIElEcyBzZXBhcmF0ZWQgYnkgY29tbWFzIiwiYWRtaW5MYWJlbCI6IlVzZXIgUm9sZSIsImVuYWJsZUNvbmRpdGlvbiI6Im9mZiJ9LCJvcGVyYXRvciI6Ik9SIn1d&#8221; custom_margin=&#8221;||||false|false&#8221; custom_padding=&#8221;||||false|false&#8221; box_shadow_style=&#8221;preset3&#8243; locked=&#8221;off&#8221; global_colors_info=&#8221;%91%93&#8243; custom_css_before_last_edited=&#8221;on|desktop&#8221;][et_pb_row _builder_version=&#8221;4.27.4&#8243; _module_preset=&#8221;default&#8221; global_colors_info=&#8221;{}&#8221;][et_pb_column type=&#8221;4_4&#8243; _builder_version=&#8221;4.27.4&#8243; _module_preset=&#8221;default&#8221; global_colors_info=&#8221;{}&#8221;][et_pb_image src=&#8221;https:\/\/mkt.estrategia.com\/concursos\/wp-content\/uploads\/sites\/2\/2024\/07\/Saude_LOGO.jpg_.webp&#8221; title_text=&#8221;Saude_LOGO.jpg&#8221; url=&#8221;https:\/\/www.estrategiaconcursos.com.br&#8221; align=&#8221;center&#8221; align_tablet=&#8221;center&#8221; align_last_edited=&#8221;off|desktop&#8221; admin_label=&#8221;LOGO ESTRAT\u00c9GIA CONCURSOS&#8221; _builder_version=&#8221;4.27.4&#8243; width=&#8221;14%&#8221; max_width=&#8221;45%&#8221; max_width_tablet=&#8221;55%&#8221; max_width_phone=&#8221;&#8221; max_width_last_edited=&#8221;on|phone&#8221; module_alignment=&#8221;center&#8221; custom_margin=&#8221;||24px|||&#8221; animation_direction=&#8221;left&#8221; z_index_tablet=&#8221;500&#8243; box_shadow_horizontal_tablet=&#8221;0px&#8221; box_shadow_vertical_tablet=&#8221;0px&#8221; box_shadow_blur_tablet=&#8221;40px&#8221; box_shadow_spread_tablet=&#8221;0px&#8221; locked=&#8221;off&#8221; global_colors_info=&#8221;%91%93&#8243;][\/et_pb_image][et_pb_text _builder_version=&#8221;4.27.4&#8243; _module_preset=&#8221;default&#8221; header_font=&#8221;&#8211;et_global_heading_font|700|||||||&#8221; header_text_align=&#8221;center&#8221; header_text_color=&#8221;#f2bd00&#8243; header_font_size=&#8221;40px&#8221; header_line_height=&#8221;1.4em&#8221; background_color=&#8221;RGBA(255,255,255,0)&#8221; global_colors_info=&#8221;{}&#8221;]<\/p>\n<h1 style=\"text-align: center;\">Ol\u00e1, Concurseiro!<br \/>Sua inscri\u00e7\u00e3o foi confirmada com sucesso.<\/h1>\n<p>[\/et_pb_text][\/et_pb_column][\/et_pb_row][\/et_pb_section][et_pb_section fb_built=&#8221;1&#8243; _builder_version=&#8221;4.27.4&#8243; _module_preset=&#8221;default&#8221; locked=&#8221;off&#8221; global_colors_info=&#8221;{}&#8221;][et_pb_row _builder_version=&#8221;4.16&#8243; custom_margin=&#8221;|||&#8221; custom_padding=&#8221;||31px|&#8221; global_colors_info=&#8221;{}&#8221;][et_pb_column type=&#8221;4_4&#8243; _builder_version=&#8221;4.16&#8243; custom_padding=&#8221;|||&#8221; global_colors_info=&#8221;{}&#8221; custom_padding__hover=&#8221;|||&#8221;][et_pb_text _builder_version=&#8221;4.27.4&#8243; _module_preset=&#8221;default&#8221; text_font=&#8221;|700|||||||&#8221; text_text_color=&#8221;#6000a0&#8243; text_font_size=&#8221;40px&#8221; text_line_height=&#8221;1.3em&#8221; custom_margin=&#8221;||-10px|||&#8221; custom_padding=&#8221;||0px||false|false&#8221; locked=&#8221;off&#8221; global_colors_info=&#8221;{}&#8221;]<\/p>\n<p style=\"text-align: center;\"><span style=\"color: #3399ff;\">Reta Final CAFAR &#8211; Farm\u00e1cia Hospitalar (HOS)<\/span><\/p>\n<p style=\"text-align: center;\"><span style=\"color: #3399ff;\"><\/span><\/p>\n<p>[\/et_pb_text][et_pb_text _builder_version=&#8221;4.27.4&#8243; _module_preset=&#8221;default&#8221; text_font=&#8221;||||||||&#8221; text_text_color=&#8221;#3f3f3f&#8221; text_font_size=&#8221;23px&#8221; text_line_height=&#8221;1.3em&#8221; custom_padding=&#8221;17px|||||&#8221; locked=&#8221;off&#8221; global_colors_info=&#8221;{}&#8221;]<\/p>\n<p style=\"text-align: center;\"><span>Acompanhe a partir do dia 15 de abril, uma s\u00e9rie de transmiss\u00f5es gratuitas, ao vivo e on-line com informa\u00e7\u00f5es e dicas exclusivas sobre o concurso CAFAR Farm\u00e1cia.\u00a0<\/span><\/p>\n<p>[\/et_pb_text][calendario_multiplo_estrategia custom_initial_date=&#8221;on&#8221; initial_date=&#8221;18\/03\/2025&#8243; secondary_color=&#8221;#3399ff&#8221; _builder_version=&#8221;4.27.4&#8243; _module_preset=&#8221;default&#8221; global_colors_info=&#8221;{}&#8221;][calendario_multiplo_item calendar_title=&#8221;Reta Final CAFAR&#8221; calendar_id=&#8221;c_gemole46a2ftd1smacum2uci7o@group.calendar.google.com&#8221; _builder_version=&#8221;4.27.4&#8243; _module_preset=&#8221;default&#8221; global_colors_info=&#8221;{}&#8221;][\/calendario_multiplo_item][\/calendario_multiplo_estrategia][\/et_pb_column][\/et_pb_row][\/et_pb_section][et_pb_section fb_built=&#8221;1&#8243; _builder_version=&#8221;4.27.0&#8243; _module_preset=&#8221;default&#8221; background_color=&#8221;#246cb4&#8243; custom_padding=&#8221;31px||31px||true|&#8221; locked=&#8221;off&#8221; global_colors_info=&#8221;{}&#8221;][et_pb_row column_structure=&#8221;1_3,2_3&#8243; _builder_version=&#8221;4.27.0&#8243; _module_preset=&#8221;default&#8221; width=&#8221;100%&#8221; width_tablet=&#8221;100%&#8221; width_phone=&#8221;60%&#8221; width_last_edited=&#8221;on|phone&#8221; max_width=&#8221;720px&#8221; global_colors_info=&#8221;{}&#8221;][et_pb_column type=&#8221;1_3&#8243; _builder_version=&#8221;4.27.0&#8243; _module_preset=&#8221;default&#8221; global_colors_info=&#8221;{}&#8221;][et_pb_image src=&#8221;https:\/\/mkt.estrategia.com\/concursos\/wp-content\/uploads\/sites\/2\/2024\/07\/Saude_LOGO.jpg_.webp&#8221; alt=&#8221;Logo Estrat\u00e9gia Concursos&#8221; title_text=&#8221;Saude_LOGO.jpg&#8221; align=&#8221;center&#8221; _builder_version=&#8221;4.27.0&#8243; _module_preset=&#8221;default&#8221; width=&#8221;100%&#8221; max_width=&#8221;85%&#8221; max_width_tablet=&#8221;90%&#8221; max_width_phone=&#8221;65%&#8221; max_width_last_edited=&#8221;on|phone&#8221; module_alignment=&#8221;center&#8221; global_colors_info=&#8221;{}&#8221;][\/et_pb_image][\/et_pb_column][et_pb_column type=&#8221;2_3&#8243; _builder_version=&#8221;4.27.0&#8243; _module_preset=&#8221;default&#8221; border_color_top=&#8221;#b17c36&#8243; border_width_left=&#8221;2px&#8221; border_color_left=&#8221;#009fef&#8221; border_width_top_tablet=&#8221;&#8221; border_width_top_phone=&#8221;2px&#8221; border_width_top_last_edited=&#8221;on|phone&#8221; border_width_left_tablet=&#8221;2px&#8221; border_width_left_phone=&#8221;0px&#8221; border_width_left_last_edited=&#8221;on|phone&#8221; global_colors_info=&#8221;{}&#8221;][et_pb_social_media_follow url_new_window=&#8221;off&#8221; _builder_version=&#8221;4.27.0&#8243; text_orientation=&#8221;center&#8221; custom_margin=&#8221;|||&#8221; custom_margin_tablet=&#8221;&#8221; custom_margin_phone=&#8221;|0px||&#8221; custom_margin_last_edited=&#8221;on|phone&#8221; locked=&#8221;off&#8221; global_colors_info=&#8221;{}&#8221;][et_pb_social_media_follow_network social_network=&#8221;instagram&#8221; url=&#8221;https:\/\/www.instagram.com\/estrategia.saude\/&#8221; _builder_version=&#8221;4.27.0&#8243; background_color=&#8221;#ea2c59&#8243; custom_margin=&#8221;|||&#8221; custom_padding=&#8221;6px|6px|6px|6px&#8221; global_colors_info=&#8221;{}&#8221; follow_button=&#8221;off&#8221; url_new_window=&#8221;off&#8221;] instagram [\/et_pb_social_media_follow_network][et_pb_social_media_follow_network social_network=&#8221;youtube&#8221; url=&#8221;https:\/\/www.youtube.com\/@EstrategiaSaude&#8221; _builder_version=&#8221;4.27.0&#8243; background_color=&#8221;#a82400&#8243; custom_margin=&#8221;|||&#8221; custom_padding=&#8221;6px|6px|6px|6px&#8221; global_colors_info=&#8221;{}&#8221; follow_button=&#8221;off&#8221; url_new_window=&#8221;off&#8221;] youtube [\/et_pb_social_media_follow_network][et_pb_social_media_follow_network social_network=&#8221;facebook&#8221; url=&#8221;https:\/\/www.facebook.com\/Estrategiasaude01\/&#8221; _builder_version=&#8221;4.27.0&#8243; background_color=&#8221;#3b5998&#8243; custom_margin=&#8221;|||&#8221; custom_padding=&#8221;6px|6px|6px|6px&#8221; global_colors_info=&#8221;{}&#8221; follow_button=&#8221;off&#8221; url_new_window=&#8221;off&#8221;] facebook [\/et_pb_social_media_follow_network][\/et_pb_social_media_follow][\/et_pb_column][\/et_pb_row][\/et_pb_section]<\/p>\n","protected":false},"excerpt":{"rendered":"<p>Ol\u00e1, Concurseiro!Sua inscri\u00e7\u00e3o foi confirmada com sucesso.Reta Final CAFAR &#8211; Farm\u00e1cia Hospitalar (HOS) Acompanhe a partir do dia 15 de abril, uma s\u00e9rie de transmiss\u00f5es gratuitas, ao vivo e on-line com informa\u00e7\u00f5es e dicas exclusivas sobre o concurso CAFAR Farm\u00e1cia.\u00a0<div class=\"et_pb_module calendario_multiplo_estrategia calendario_multiplo_estrategia_0\">\n\t\t\t\t\n\t\t\t\t\n\t\t\t\t\n\t\t\t\t\n\t\t\t\t\n\t\t\t\t\n\t\t\t\t<div class=\"et_pb_module_inner\">\n\t\t\t\t\t            <script>\n                var currentDay = new Date();\n                var initialDate = '18\/03\/2025';\n                var format = initialDate.split(\"\/\");\n                var dateCustom = new Date(format[2], format[1] - 1, format[0]);\n                var iscustomdate = 'on' === 'on' && currentDay < dateCustom   ?  true : false;\n            <\/script>\n            <style>\n                .cjslib-day > .cjslib-day-num[data-longpressed='true'] {\n                    border-color: #FFF !important;\n                    border-bottom: 2px solid;\n                }\n                .multi-calendar .cjslib-rows .cjslib-list {\n                    width: 100%;\n                    position: relative;\n                    overflow-y: visible!important;\n                    padding: 0;\n                    margin: 0;\n                    color: #657587 !important;\n                    padding-bottom: 15px;\n                }\n                .multi-calendar .cjslib-rows .cjslib-list .cjslib-list-placeholder li {\n                    text-align: center;\n                    padding: 20px 0;\n                    color: #657587 !important;\n                }\n                .change_calendar #eventosselect option {\n                    color: #000;\n                }\n            .change_calendar {\n                margin: 15px 0;\n                display: flex;\n                justify-content: flex-end;\n            }\n            .filter-text {\n                font-family: \"Roboto\", sans-serif;\n            }\n            #organizerContainer, #calendarContainer {\n                float: left;\n            }\n            #calendarContainer {\n                width: 30%;\n            }\n            #organizerContainer {\n                width: 70%;\n                padding-left: 30px;\n            }\n            .cjslib-calendar.cjslib-size-small, .cjslib-events.cjslib-size-small {\n                width: 100% !important;\n            }\n            .cjslib-month {\n                width: 100% !important;\n                background: #3399ff !important;\n            }\n            .criar-lembrete-btn, .criar-assistir-btn {\n                padding: 0px 10px;\n                background: #657587 !important;\n                text-transform: uppercase;\n                font-size: 10px;\n                color: #FFF !important;\n                text-decoration: none !important;\n                border-radius: 8px;\n                margin: 10px 5px;\n                max-height: 26px;\n            }\n            .cjslib-list li {\n                display: flex;\n                justify-content: center;\n                align-items: center;\n            }\n            .criar-lembrete-btn-disabled {\n                visibility: hidden;\n            }\n            .cjslib-day-indicator {\n                color: #657587 !important;\n                background-color: #657587 !important;\n            }\n            .calendarContainer .cjslib-day.cjslib-day-today > .cjslib-day-num {\n                border-color: #657587 !important;\n            }\n            .cjslib-date {\n                width: calc(100% - 0px) !important;\n            }\n            .cjslib-year {\n                width: calc(100% - 0px) !important;\n            }\n            .cjslib-year, .cjslib-date, .cjslib-labels {\n                background: #3399ff !important;\n            }\n            #calendarContainer-year, #organizerContainer-date, .cjslib-labels {\n                color: #FFF !important;\n            }\n            #calendarContainer-year-back svg path, \n            #calendarContainer-year-next svg path, \n            #calendarContainer-month-next svg path,\n            #calendarContainer-month-back svg path,\n            #organizerContainer-day-back svg path, \n            #organizerContainer-day-next svg path {\n                fill: #FFF !important;\n            }\n            @media only screen and (max-width : 800px) {\n                select#eventosselect {\n                    width: 100%;\n                }\n                #calendarContainer {\n                    width: 100%;\n                }\n                #organizerContainer {\n                    width: 100%;\n                    padding-top: 30px;\n                    padding-left: 0;\n                }\n                ol#organizerContainer-list p, ol#organizerContainer-list span {\n                    font-size: 14px !important;\n                    line-height: 1.2em;\n                }\n            }\n            <\/style>\n            <div class=\"change_calendar\">\n                <select name=\"eventosselect\" id=\"eventosselect\">\n                    <option class=\"filter-text\" value=\"\">Filtre por \u00c1rea<\/option>\n                    <div class=\"et_pb_module calendario_multiplo_item calendario_multiplo_item_0\">\n\t\t\t\t\n\t\t\t\t\n\t\t\t\t\n\t\t\t\t\n\t\t\t\t\n\t\t\t\t\n\t\t\t\t<div class=\"et_pb_module_inner\">\n\t\t\t\t\t<option value=\"c_gemole46a2ftd1smacum2uci7o@group.calendar.google.com\">Reta Final CAFAR<\/option>\n\t\t\t\t<\/div>\n\t\t\t<\/div>                <\/select>\n            <\/div>\n            <span id=\"statusl\" style=\"display: none;\">Atualizando...<\/span>\n            <div id=\"multiCalendar\" class=\"multi-calendar\">\n                <div id=\"calendarContainer\">Carregando...<\/div>\n                <div id=\"organizerContainer\"><\/div>\n            <\/div>\n            \n\t\t\t\t<\/div>\n\t\t\t<\/div><\/p>\n","protected":false},"author":6,"featured_media":396614,"parent":0,"menu_order":0,"comment_status":"closed","ping_status":"closed","template":"","meta":{"_et_pb_use_builder":"on","_et_pb_old_content":"<!-- wp:divi\/placeholder \/-->","_et_gb_content_width":"","footnotes":""},"categories":[17,9],"tags":[],"class_list":["post-396612","page","type-page","status-publish","has-post-thumbnail","hentry","category-saude","category-sucesso-campanhas"],"_links":{"self":[{"href":"https:\/\/mkt.estrategia.com\/concursos\/wp-json\/wp\/v2\/pages\/396612","targetHints":{"allow":["GET"]}}],"collection":[{"href":"https:\/\/mkt.estrategia.com\/concursos\/wp-json\/wp\/v2\/pages"}],"about":[{"href":"https:\/\/mkt.estrategia.com\/concursos\/wp-json\/wp\/v2\/types\/page"}],"author":[{"embeddable":true,"href":"https:\/\/mkt.estrategia.com\/concursos\/wp-json\/wp\/v2\/users\/6"}],"replies":[{"embeddable":true,"href":"https:\/\/mkt.estrategia.com\/concursos\/wp-json\/wp\/v2\/comments?post=396612"}],"version-history":[{"count":7,"href":"https:\/\/mkt.estrategia.com\/concursos\/wp-json\/wp\/v2\/pages\/396612\/revisions"}],"predecessor-version":[{"id":400095,"href":"https:\/\/mkt.estrategia.com\/concursos\/wp-json\/wp\/v2\/pages\/396612\/revisions\/400095"}],"wp:featuredmedia":[{"embeddable":true,"href":"https:\/\/mkt.estrategia.com\/concursos\/wp-json\/wp\/v2\/media\/396614"}],"wp:attachment":[{"href":"https:\/\/mkt.estrategia.com\/concursos\/wp-json\/wp\/v2\/media?parent=396612"}],"wp:term":[{"taxonomy":"category","embeddable":true,"href":"https:\/\/mkt.estrategia.com\/concursos\/wp-json\/wp\/v2\/categories?post=396612"},{"taxonomy":"post_tag","embeddable":true,"href":"https:\/\/mkt.estrategia.com\/concursos\/wp-json\/wp\/v2\/tags?post=396612"}],"curies":[{"name":"wp","href":"https:\/\/api.w.org\/{rel}","templated":true}]}}