
{"id":391098,"date":"2025-01-30T14:42:53","date_gmt":"2025-01-30T17:42:53","guid":{"rendered":"https:\/\/mkt.estrategia.com\/concursos\/?page_id=391098"},"modified":"2025-02-03T08:57:58","modified_gmt":"2025-02-03T11:57:58","slug":"banco-do-brasil-conhecimentos-bancarios-questoes-comentadas-da-cesgranrio","status":"publish","type":"page","link":"https:\/\/mkt.estrategia.com\/concursos\/banco-do-brasil-conhecimentos-bancarios-questoes-comentadas-da-cesgranrio\/","title":{"rendered":"Banco do Brasil &#8211; Conhecimentos Banc\u00e1rios &#8211; Quest\u00f5es comentadas da Cesgranrio"},"content":{"rendered":"<p>[et_pb_section fb_built=&#8221;1&#8243; _builder_version=&#8221;4.27.4&#8243; background_color=&#8221;RGBA(255,255,255,0)&#8221; use_background_color_gradient=&#8221;on&#8221; background_color_gradient_direction=&#8221;167deg&#8221; background_color_gradient_stops=&#8221;rgba(0,0,0,0.71) 52%|rgba(0,0,0,0) 90%&#8221; background_color_gradient_overlays_image=&#8221;on&#8221; background_color_gradient_start=&#8221;rgba(0,0,0,0.71)&#8221; background_color_gradient_start_position=&#8221;52%&#8221; background_color_gradient_end=&#8221;rgba(0,0,0,0)&#8221; background_color_gradient_end_position=&#8221;90%&#8221; background_image=&#8221;https:\/\/mkt.estrategia.com\/concursos\/wp-content\/uploads\/sites\/2\/2025\/01\/BG_Banco-do-Brasil-Conhecimentos-Bancarios-Questoes-comentadas-da-Cesgranrio.webp&#8221; display_conditions=&#8221;W3siaWQiOiJhZDg5ZGY0Zi0xZTlmLTQxZDQtYTgzZi0wMzllMTI4MDdkOGYiLCJjb25kaXRpb24iOiJ1c2VyUm9sZSIsImNvbmRpdGlvblNldHRpbmdzIjp7InVzZXJSb2xlRGlzcGxheSI6ImlzIiwidXNlclJvbGVzIjpbeyJsYWJlbCI6IkFkbWluaXN0cmF0b3IiLCJ2YWx1ZSI6ImFkbWluaXN0cmF0b3IifV0sInVzZXJJZHMiOiJVc2VyIElEcyBzZXBhcmF0ZWQgYnkgY29tbWFzIiwiYWRtaW5MYWJlbCI6IlVzZXIgUm9sZSIsImVuYWJsZUNvbmRpdGlvbiI6Im9mZiJ9LCJvcGVyYXRvciI6Ik9SIn1d&#8221; custom_margin=&#8221;0px|0px|0px|0px|false|false&#8221; custom_padding=&#8221;17px|0px|121px|0px&#8221; box_shadow_style=&#8221;preset3&#8243; global_colors_info=&#8221;%91%93&#8243; custom_css_before_last_edited=&#8221;on|desktop&#8221;][et_pb_row column_structure=&#8221;1_3,1_3,1_3&#8243; admin_label=&#8221;LOGO COM LINK&#8221; _builder_version=&#8221;4.16&#8243; custom_margin=&#8221;|||&#8221; custom_padding=&#8221;17px|||&#8221; global_colors_info=&#8221;{}&#8221;][et_pb_column type=&#8221;1_3&#8243; _builder_version=&#8221;4.16&#8243; custom_padding=&#8221;|||&#8221; global_colors_info=&#8221;{}&#8221; custom_padding__hover=&#8221;|||&#8221;][\/et_pb_column][et_pb_column type=&#8221;1_3&#8243; _builder_version=&#8221;4.16&#8243; custom_padding=&#8221;|||&#8221; global_colors_info=&#8221;{}&#8221; custom_padding__hover=&#8221;|||&#8221;][et_pb_image src=&#8221;https:\/\/mkt.estrategia.com\/concursos\/wp-content\/uploads\/sites\/2\/2025\/07\/logo_estrategia_branco.svg&#8221; title_text=&#8221;Logo_branco_estrategia_Concursos&#8221; url=&#8221;https:\/\/www.estrategiaconcursos.com.br&#8221; align=&#8221;center&#8221; align_tablet=&#8221;center&#8221; align_phone=&#8221;&#8221; align_last_edited=&#8221;on|desktop&#8221; admin_label=&#8221;LOGO ESTRAT\u00c9GIA CONCURSOS&#8221; _builder_version=&#8221;4.16&#8243; width=&#8221;75%&#8221; max_width=&#8221;45%&#8221; max_width_tablet=&#8221;55%&#8221; max_width_phone=&#8221;&#8221; max_width_last_edited=&#8221;on|phone&#8221; module_alignment=&#8221;center&#8221; custom_margin=&#8221;||24px|||&#8221; animation_direction=&#8221;left&#8221; z_index_tablet=&#8221;500&#8243; box_shadow_horizontal_tablet=&#8221;0px&#8221; box_shadow_vertical_tablet=&#8221;0px&#8221; box_shadow_blur_tablet=&#8221;40px&#8221; box_shadow_spread_tablet=&#8221;0px&#8221; global_colors_info=&#8221;%91%93&#8243;][\/et_pb_image][\/et_pb_column][et_pb_column type=&#8221;1_3&#8243; _builder_version=&#8221;4.16&#8243; custom_padding=&#8221;|||&#8221; global_colors_info=&#8221;{}&#8221; custom_padding__hover=&#8221;|||&#8221;][\/et_pb_column][\/et_pb_row][et_pb_row column_structure=&#8221;1_2,1_2&#8243; use_custom_gutter=&#8221;on&#8221; gutter_width=&#8221;1&#8243; _builder_version=&#8221;4.16&#8243; background_color_gradient_direction=&#8221;121deg&#8221; max_width=&#8221;80%&#8221; custom_padding=&#8221;52px|0px|0|0px&#8221; animation_style=&#8221;slide&#8221; use_custom_width=&#8221;on&#8221; width_unit=&#8221;off&#8221; global_colors_info=&#8221;{}&#8221;][et_pb_column type=&#8221;1_2&#8243; _builder_version=&#8221;4.16&#8243; custom_padding=&#8221;|||&#8221; global_colors_info=&#8221;{}&#8221; custom_padding__hover=&#8221;|||&#8221;][et_pb_image src=&#8221;https:\/\/mkt.estrategia.com\/concursos\/wp-content\/uploads\/sites\/2\/2025\/01\/mockup_Banco-do-Brasil-Conhecimentos-Bancarios-Questoes-comentadas-da-Cesgranrio.webp&#8221; title_text=&#8221;mockup_Banco-do-Brasil-Conhecimentos-Banc\u00e1rios-Quest\u00f5es-comentadas-da-Cesgranrio&#8221; align=&#8221;center&#8221; align_tablet=&#8221;center&#8221; align_phone=&#8221;&#8221; align_last_edited=&#8221;on|desktop&#8221; _builder_version=&#8221;4.27.4&#8243; width=&#8221;75%&#8221; max_width=&#8221;85%&#8221; max_width_tablet=&#8221;100%&#8221; max_width_phone=&#8221;60%&#8221; max_width_last_edited=&#8221;on|tablet&#8221; module_alignment=&#8221;center&#8221; custom_margin=&#8221;||24px|||&#8221; animation_direction=&#8221;left&#8221; global_colors_info=&#8221;%91%93&#8243;]<br \/>\n[\/et_pb_image][\/et_pb_column][et_pb_column type=&#8221;1_2&#8243; _builder_version=&#8221;4.16&#8243; custom_padding=&#8221;|||&#8221; global_colors_info=&#8221;{}&#8221; custom_padding__hover=&#8221;|||&#8221;][et_pb_cta button_url=&#8221;#&#8221; admin_label=&#8221;Hero Text&#8221; _builder_version=&#8221;4.16&#8243; header_level=&#8221;h1&#8243; header_font=&#8221;Gothamblack|700|||||||&#8221; header_text_align=&#8221;center&#8221; header_text_color=&#8221;#F4BC00&#8243; header_font_size=&#8221;40px&#8221; header_line_height=&#8221;1.1em&#8221; body_font=&#8221;Roboto|||on|||||&#8221; body_text_align=&#8221;center&#8221; body_text_color=&#8221;#ffffff&#8221; body_font_size=&#8221;18px&#8221; body_line_height=&#8221;1.3em&#8221; background_enable_color=&#8221;off&#8221; use_background_color=&#8221;off&#8221; custom_button=&#8221;on&#8221; button_text_size=&#8221;14px&#8221; button_text_color=&#8221;#0c71c3&#8243; button_bg_color=&#8221;#ffffff&#8221; button_border_width=&#8221;11px&#8221; button_border_color=&#8221;#ffffff&#8221; button_border_radius=&#8221;5px&#8221; button_letter_spacing=&#8221;2px&#8221; button_font=&#8221;Poppins|600||on|||||&#8221; button_use_icon=&#8221;off&#8221; text_orientation=&#8221;left&#8221; max_width=&#8221;1408px&#8221; max_width_tablet=&#8221;&#8221; max_width_phone=&#8221;98%&#8221; max_width_last_edited=&#8221;on|desktop&#8221; module_alignment=&#8221;center&#8221; custom_margin=&#8221;|0px||0px&#8221; custom_margin_tablet=&#8221;|||&#8221; custom_margin_phone=&#8221;&#8221; custom_margin_last_edited=&#8221;on|phone&#8221; custom_padding=&#8221;|20px||20px&#8221; animation_style=&#8221;fade&#8221; header_font_size_tablet=&#8221;40px&#8221; header_font_size_phone=&#8221;40px&#8221; header_font_size_last_edited=&#8221;on|phone&#8221; body_font_size_tablet=&#8221;18px&#8221; body_font_size_phone=&#8221;18px&#8221; body_font_size_last_edited=&#8221;on|desktop&#8221; button_text_size_tablet=&#8221;&#8221; button_text_size_phone=&#8221;12px&#8221; button_text_size_last_edited=&#8221;on|desktop&#8221; header_text_shadow_style=&#8221;preset1&#8243; body_text_shadow_style=&#8221;preset1&#8243; body_text_shadow_vertical_length=&#8221;0.17em&#8221; body_text_shadow_blur_strength=&#8221;0.22em&#8221; box_shadow_style_button=&#8221;preset3&#8243; box_shadow_blur_button=&#8221;30px&#8221; box_shadow_spread_button=&#8221;8px&#8221; box_shadow_color_button=&#8221;rgba(250,127,40,0.15)&#8221; text_shadow_style=&#8221;preset1&#8243; text_shadow_vertical_length=&#8221;0.23em&#8221; text_shadow_blur_strength=&#8221;0.37em&#8221; global_colors_info=&#8221;%91%93&#8243; button_letter_spacing__hover=&#8221;2px&#8221; button_letter_spacing__hover_enabled=&#8221;off&#8221; button_text_size__hover_enabled=&#8221;off&#8221; button_one_text_size__hover_enabled=&#8221;off&#8221; button_two_text_size__hover_enabled=&#8221;off&#8221; button_text_color__hover_enabled=&#8221;off&#8221; button_one_text_color__hover_enabled=&#8221;off&#8221; button_two_text_color__hover_enabled=&#8221;off&#8221; button_border_width__hover_enabled=&#8221;off&#8221; button_one_border_width__hover_enabled=&#8221;off&#8221; button_two_border_width__hover_enabled=&#8221;off&#8221; button_border_color__hover_enabled=&#8221;off&#8221; button_one_border_color__hover_enabled=&#8221;off&#8221; button_two_border_color__hover_enabled=&#8221;off&#8221; button_border_radius__hover_enabled=&#8221;off&#8221; button_one_border_radius__hover_enabled=&#8221;off&#8221; button_two_border_radius__hover_enabled=&#8221;off&#8221; button_one_letter_spacing__hover_enabled=&#8221;off&#8221; button_two_letter_spacing__hover_enabled=&#8221;off&#8221; button_bg_color__hover_enabled=&#8221;off&#8221; button_one_bg_color__hover_enabled=&#8221;off&#8221; button_two_bg_color__hover_enabled=&#8221;off&#8221;]<\/p>\n<h2>Banco do Brasil &#8211; Conhecimentos Banc\u00e1rios &#8211; Quest\u00f5es comentadas da Cesgranrio<\/h2>\n<p>INSCREVA-SE PARA RECEBER O MATERIAL GRATUITO E ATUALIZADO Banco do Brasil \u2013 Conhecimentos Banc\u00e1rios \u2013 Quest\u00f5es comentadas da Cesgranrio E PREPARE-SE #COMESTRAT\u00c9GIA.<\/p>\n<p>BAIXE AGORA ESSE MATERIAL GRATUITO E AUMENTE O N\u00cdVEL DOS SEUS ESTUDOS.<\/p>\n<p>[\/et_pb_cta][formulario_estrategia area=&#8221;Banc\u00e1ria (BB, CEF e Bancos Estaduais) Novo&#8221; tipo=&#8221;E-book&#8221; layout=&#8221;basico.php&#8221; need_sucesso=&#8221;on&#8221; sucesso=&#8221;https:\/\/mkt.estrategia.com\/concursos\/sucesso-banco-do-brasil-conhecimentos-bancarios-questoes-comentadas-da-cesgranrio\/&#8221; _builder_version=&#8221;4.27.4&#8243; _module_preset=&#8221;default&#8221; global_colors_info=&#8221;{}&#8221;][\/formulario_estrategia][\/et_pb_column][\/et_pb_row][\/et_pb_section][et_pb_section fb_built=&#8221;1&#8243; admin_label=&#8221;Footer EC&#8221; _builder_version=&#8221;4.27.0&#8243; background_color=&#8221;RGBA(255,255,255,0)&#8221; display_conditions=&#8221;W3siaWQiOiJhZDg5ZGY0Zi0xZTlmLTQxZDQtYTgzZi0wMzllMTI4MDdkOGYiLCJjb25kaXRpb24iOiJ1c2VyUm9sZSIsImNvbmRpdGlvblNldHRpbmdzIjp7InVzZXJSb2xlRGlzcGxheSI6ImlzIiwidXNlclJvbGVzIjpbeyJsYWJlbCI6IkFkbWluaXN0cmF0b3IiLCJ2YWx1ZSI6ImFkbWluaXN0cmF0b3IifV0sInVzZXJJZHMiOiJVc2VyIElEcyBzZXBhcmF0ZWQgYnkgY29tbWFzIiwiYWRtaW5MYWJlbCI6IlVzZXIgUm9sZSIsImVuYWJsZUNvbmRpdGlvbiI6Im9mZiJ9LCJvcGVyYXRvciI6Ik9SIn1d&#8221; custom_margin=&#8221;0px|0px|0px|0px|false|false&#8221; custom_padding=&#8221;50px|0px|50px|0px|false|false&#8221; saved_tabs=&#8221;all&#8221; global_colors_info=&#8221;%91%93&#8243; custom_css_before_last_edited=&#8221;on|desktop&#8221;][et_pb_row admin_label=&#8221;Footer Area&#8221; _builder_version=&#8221;4.16&#8243; custom_padding=&#8221;|||&#8221; global_colors_info=&#8221;{}&#8221;][et_pb_column type=&#8221;4_4&#8243; _builder_version=&#8221;4.16&#8243; custom_padding=&#8221;|||&#8221; global_colors_info=&#8221;{}&#8221; custom_padding__hover=&#8221;|||&#8221;][et_pb_text admin_label=&#8221;Title&#8221; _builder_version=&#8221;4.16&#8243; text_font=&#8221;Roboto||||||||&#8221; text_text_color=&#8221;#6d6d6d&#8221; text_font_size=&#8221;24px&#8221; text_line_height=&#8221;0.3em&#8221; header_font=&#8221;Roboto||||||||&#8221; header_2_font=&#8221;Roboto|600|||||||&#8221; header_2_font_size=&#8221;22px&#8221; header_2_line_height=&#8221;1.5em&#8221; header_3_font=&#8221;Roboto||||||||&#8221; header_4_font=&#8221;||||||||&#8221; header_5_font=&#8221;||||||||&#8221; header_6_font=&#8221;||||||||&#8221; custom_margin=&#8221;|||&#8221; animation_style=&#8221;fade&#8221; animation_direction=&#8221;top&#8221; animation_starting_opacity=&#8221;100%&#8221; text_font_size_tablet=&#8221;18px&#8221; text_font_size_phone=&#8221;18px&#8221; text_font_size_last_edited=&#8221;on|phone&#8221; global_colors_info=&#8221;{}&#8221;]<\/p>\n<p style=\"text-align: center\"><span style=\"font-size: 24px\">Estrat\u00e9gia Concursos<\/span><\/p>\n<p style=\"text-align: center\"><span style=\"font-size: 13px\">www.estrategiaconcursos.com.br<\/span><\/p>\n<p style=\"text-align: center\"><span style=\"font-size: 13px\">contato@estrategiaconcursos.com.br<\/span><\/p>\n<p>[\/et_pb_text][et_pb_social_media_follow url_new_window=&#8221;off&#8221; _builder_version=&#8221;4.16&#8243; text_orientation=&#8221;center&#8221; custom_margin=&#8221;|||&#8221; custom_margin_tablet=&#8221;&#8221; custom_margin_phone=&#8221;|0px||&#8221; custom_margin_last_edited=&#8221;on|phone&#8221; global_colors_info=&#8221;{}&#8221;][et_pb_social_media_follow_network social_network=&#8221;instagram&#8221; url=&#8221;https:\/\/www.instagram.com\/estrategiaconcursos\/&#8221; _builder_version=&#8221;4.16&#8243; background_color=&#8221;#ea2c59&#8243; custom_margin=&#8221;|||&#8221; custom_padding=&#8221;6px|6px|6px|6px&#8221; global_colors_info=&#8221;{}&#8221; follow_button=&#8221;off&#8221; url_new_window=&#8221;off&#8221;] instagram [\/et_pb_social_media_follow_network][et_pb_social_media_follow_network social_network=&#8221;youtube&#8221; url=&#8221;https:\/\/www.youtube.com\/user\/EstrategiaCursos&#8221; _builder_version=&#8221;4.16&#8243; background_color=&#8221;#a82400&#8243; custom_margin=&#8221;|||&#8221; custom_padding=&#8221;6px|6px|6px|6px&#8221; global_colors_info=&#8221;{}&#8221; follow_button=&#8221;off&#8221; url_new_window=&#8221;off&#8221;] youtube [\/et_pb_social_media_follow_network][et_pb_social_media_follow_network social_network=&#8221;facebook&#8221; url=&#8221;https:\/\/www.facebook.com\/EstrategiaConcursos\/&#8221; _builder_version=&#8221;4.16&#8243; background_color=&#8221;#3b5998&#8243; custom_margin=&#8221;|||&#8221; custom_padding=&#8221;6px|6px|6px|6px&#8221; global_colors_info=&#8221;{}&#8221; follow_button=&#8221;off&#8221; url_new_window=&#8221;off&#8221;] facebook [\/et_pb_social_media_follow_network][et_pb_social_media_follow_network social_network=&#8221;twitter&#8221; url=&#8221;https:\/\/twitter.com\/EstratConcursos?lang=pt-br&#8221; _builder_version=&#8221;4.22.2&#8243; background_color=&#8221;#000000&#8243; custom_padding=&#8221;6px|6px|6px|6px&#8221; global_colors_info=&#8221;{}&#8221; follow_button=&#8221;off&#8221; url_new_window=&#8221;off&#8221;] twitter [\/et_pb_social_media_follow_network][et_pb_social_media_follow_network social_network=&#8221;linkedin&#8221; url=&#8221;https:\/\/www.linkedin.com\/company\/estrat%C3%A9gia-concursos\/&#8221; _builder_version=&#8221;4.16&#8243; background_color=&#8221;#007bb6&#8243; custom_padding=&#8221;6px|6px|6px|6px&#8221; global_colors_info=&#8221;{}&#8221; follow_button=&#8221;off&#8221; url_new_window=&#8221;off&#8221;] linkedin [\/et_pb_social_media_follow_network][et_pb_social_media_follow_network social_network=&#8221;pinterest&#8221; url=&#8221;https:\/\/br.pinterest.com\/estrategiacurso\/?eq=estrategia&#038;etslf=4068&#8243; _builder_version=&#8221;4.16&#8243; background_color=&#8221;#cb2027&#8243; custom_padding=&#8221;6px|6px|6px|6px&#8221; global_colors_info=&#8221;{}&#8221; follow_button=&#8221;off&#8221; url_new_window=&#8221;off&#8221;] pinterest [\/et_pb_social_media_follow_network][\/et_pb_social_media_follow][\/et_pb_column][\/et_pb_row][\/et_pb_section]<\/p>\n","protected":false},"excerpt":{"rendered":"<p>Banco do Brasil &#8211; Conhecimentos Banc\u00e1rios &#8211; Quest\u00f5es comentadas da Cesgranrio INSCREVA-SE PARA RECEBER O MATERIAL GRATUITO E ATUALIZADO Banco do Brasil \u2013 Conhecimentos Banc\u00e1rios \u2013 Quest\u00f5es comentadas da Cesgranrio E PREPARE-SE #COMESTRAT\u00c9GIA. BAIXE AGORA ESSE MATERIAL GRATUITO E AUMENTE O N\u00cdVEL DOS SEUS ESTUDOS.<div class=\"et_pb_module formulario_estrategia formulario_estrategia_0\">\n\t\t\t\t\n\t\t\t\t\n\t\t\t\t\n\t\t\t\t\n\t\t\t\t\n\t\t\t\t\n\t\t\t\t<div class=\"et_pb_module_inner\">\n\t\t\t\t\t            \n\t\t\t\t<\/div>\n\t\t\t<\/div><\/p>\n","protected":false},"author":80,"featured_media":391102,"parent":0,"menu_order":0,"comment_status":"closed","ping_status":"closed","template":"","meta":{"_et_pb_use_builder":"on","_et_pb_old_content":"","_et_gb_content_width":"","footnotes":""},"categories":[7],"tags":[],"class_list":["post-391098","page","type-page","status-publish","has-post-thumbnail","hentry","category-ebooks"],"_links":{"self":[{"href":"https:\/\/mkt.estrategia.com\/concursos\/wp-json\/wp\/v2\/pages\/391098","targetHints":{"allow":["GET"]}}],"collection":[{"href":"https:\/\/mkt.estrategia.com\/concursos\/wp-json\/wp\/v2\/pages"}],"about":[{"href":"https:\/\/mkt.estrategia.com\/concursos\/wp-json\/wp\/v2\/types\/page"}],"author":[{"embeddable":true,"href":"https:\/\/mkt.estrategia.com\/concursos\/wp-json\/wp\/v2\/users\/80"}],"replies":[{"embeddable":true,"href":"https:\/\/mkt.estrategia.com\/concursos\/wp-json\/wp\/v2\/comments?post=391098"}],"version-history":[{"count":0,"href":"https:\/\/mkt.estrategia.com\/concursos\/wp-json\/wp\/v2\/pages\/391098\/revisions"}],"wp:featuredmedia":[{"embeddable":true,"href":"https:\/\/mkt.estrategia.com\/concursos\/wp-json\/wp\/v2\/media\/391102"}],"wp:attachment":[{"href":"https:\/\/mkt.estrategia.com\/concursos\/wp-json\/wp\/v2\/media?parent=391098"}],"wp:term":[{"taxonomy":"category","embeddable":true,"href":"https:\/\/mkt.estrategia.com\/concursos\/wp-json\/wp\/v2\/categories?post=391098"},{"taxonomy":"post_tag","embeddable":true,"href":"https:\/\/mkt.estrategia.com\/concursos\/wp-json\/wp\/v2\/tags?post=391098"}],"curies":[{"name":"wp","href":"https:\/\/api.w.org\/{rel}","templated":true}]}}