
{"id":383453,"date":"2024-11-05T21:57:15","date_gmt":"2024-11-06T00:57:15","guid":{"rendered":"https:\/\/mkt.estrategia.com\/concursos\/?page_id=383453"},"modified":"2024-11-05T22:00:35","modified_gmt":"2024-11-06T01:00:35","slug":"concurso-iss-joao-pessoa","status":"publish","type":"page","link":"https:\/\/mkt.estrategia.com\/concursos\/concurso-iss-joao-pessoa\/","title":{"rendered":"Concurso ISS Jo\u00e3o Pessoa"},"content":{"rendered":"<p>[et_pb_section fb_built=&#8221;1&#8243; _builder_version=&#8221;4.27.2&#8243; _module_preset=&#8221;default&#8221; use_background_color_gradient=&#8221;on&#8221; background_color_gradient_direction=&#8221;0deg&#8221; background_color_gradient_stops=&#8221;#6e28c9 1%|rgba(110,40,201,0.5) 100%&#8221; background_color_gradient_overlays_image=&#8221;on&#8221; background_image=&#8221;https:\/\/mkt.estrategia.com\/concursos\/wp-content\/uploads\/sites\/2\/2024\/11\/BG_ISSJP.webp&#8221; hover_enabled=&#8221;0&#8243; locked=&#8221;off&#8221; global_colors_info=&#8221;{}&#8221; theme_builder_area=&#8221;post_content&#8221; title_text=&#8221;BG_ISSJP&#8221; sticky_enabled=&#8221;0&#8243;][et_pb_row admin_label=&#8221;LOGO COM LINK&#8221; _builder_version=&#8221;4.27.0&#8243; custom_margin=&#8221;|||&#8221; custom_padding=&#8221;17px|||&#8221; locked=&#8221;off&#8221; global_colors_info=&#8221;{}&#8221; theme_builder_area=&#8221;post_content&#8221;][et_pb_column type=&#8221;4_4&#8243; _builder_version=&#8221;4.16&#8243; custom_padding=&#8221;|||&#8221; global_colors_info=&#8221;{}&#8221; custom_padding__hover=&#8221;|||&#8221; theme_builder_area=&#8221;post_content&#8221;][et_pb_image src=&#8221;https:\/\/mkt.estrategia.com\/concursos\/wp-content\/uploads\/sites\/2\/2024\/07\/Logo_branco_estrategia_Concursos-scaled.webp&#8221; title_text=&#8221;Logo_branco_estrategia_Concursos&#8221; url=&#8221;https:\/\/www.estrategiaconcursos.com.br&#8221; align=&#8221;center&#8221; align_tablet=&#8221;center&#8221; align_phone=&#8221;&#8221; align_last_edited=&#8221;on|desktop&#8221; admin_label=&#8221;LOGO ESTRAT\u00c9GIA CONCURSOS&#8221; _builder_version=&#8221;4.27.0&#8243; width=&#8221;100%&#8221; max_width=&#8221;15%&#8221; max_width_tablet=&#8221;55%&#8221; max_width_phone=&#8221;&#8221; max_width_last_edited=&#8221;on|phone&#8221; module_alignment=&#8221;center&#8221; custom_margin=&#8221;||24px|||&#8221; animation_direction=&#8221;left&#8221; z_index_tablet=&#8221;500&#8243; box_shadow_horizontal_tablet=&#8221;0px&#8221; box_shadow_vertical_tablet=&#8221;0px&#8221; box_shadow_blur_tablet=&#8221;40px&#8221; box_shadow_spread_tablet=&#8221;0px&#8221; global_colors_info=&#8221;%91%93&#8243; theme_builder_area=&#8221;post_content&#8221;][\/et_pb_image][\/et_pb_column][\/et_pb_row][et_pb_row column_structure=&#8221;1_2,1_2&#8243; _builder_version=&#8221;4.27.0&#8243; _module_preset=&#8221;default&#8221; global_colors_info=&#8221;{}&#8221; theme_builder_area=&#8221;post_content&#8221;][et_pb_column type=&#8221;1_2&#8243; _builder_version=&#8221;4.27.0&#8243; _module_preset=&#8221;default&#8221; global_colors_info=&#8221;{}&#8221; theme_builder_area=&#8221;post_content&#8221;][et_pb_text _builder_version=&#8221;4.27.0&#8243; _module_preset=&#8221;default&#8221; text_font=&#8221;Arial|700|||||||&#8221; text_text_color=&#8221;#ffffff&#8221; text_font_size=&#8221;36px&#8221; text_line_height=&#8221;1.1em&#8221; text_font_size_tablet=&#8221;50px&#8221; text_font_size_phone=&#8221;41px&#8221; text_font_size_last_edited=&#8221;on|phone&#8221; text_orientation_tablet=&#8221;&#8221; text_orientation_phone=&#8221;center&#8221; text_orientation_last_edited=&#8221;on|phone&#8221; global_colors_info=&#8221;{}&#8221; theme_builder_area=&#8221;post_content&#8221;]<\/p>\n<p>Concurso ISS Jo\u00e3o Pessoa &#8211; at\u00e9 de R$21 mil: Plano de estudos para Agente Fiscal<\/p>\n<p>[\/et_pb_text][et_pb_text _builder_version=&#8221;4.27.0&#8243; _module_preset=&#8221;default&#8221; text_font=&#8221;Arial||||||||&#8221; text_text_color=&#8221;#FFFFFF&#8221; text_font_size=&#8221;20px&#8221; text_line_height=&#8221;1.6em&#8221; custom_margin=&#8221;||22px|||&#8221; text_font_size_tablet=&#8221;20px&#8221; text_font_size_phone=&#8221;18px&#8221; text_font_size_last_edited=&#8221;on|phone&#8221; text_orientation_tablet=&#8221;&#8221; text_orientation_phone=&#8221;center&#8221; text_orientation_last_edited=&#8221;on|phone&#8221; global_colors_info=&#8221;{}&#8221; theme_builder_area=&#8221;post_content&#8221;]<\/p>\n<p>Acompanhe no dia 13 de Novembro, \u00e0s 20:00, uma transmiss\u00e3o gratuita, ao vivo e on-line com informa\u00e7\u00f5es e dicas exclusivas sobre o concurso ISS Jo\u00e3o Pessoa.<\/p>\n<p>[\/et_pb_text][\/et_pb_column][et_pb_column type=&#8221;1_2&#8243; _builder_version=&#8221;4.27.0&#8243; _module_preset=&#8221;default&#8221; global_colors_info=&#8221;{}&#8221; theme_builder_area=&#8221;post_content&#8221;][formulario_estrategia text_bg=&#8221;#4e03a3&#8243; icon_color=&#8221;#ffffff&#8221; icon_bg=&#8221;#ffffff&#8221; icon_circle=&#8221;#4e03a3&#8243; area=&#8221;Fiscal &#8211; Municipal (ISS)&#8221; layout=&#8221;basico.php&#8221; _builder_version=&#8221;4.27.2&#8243; _module_preset=&#8221;default&#8221; hover_enabled=&#8221;0&#8243; module_alignment_tablet=&#8221;&#8221; module_alignment_phone=&#8221;center&#8221; module_alignment_last_edited=&#8221;on|phone&#8221; locked=&#8221;off&#8221; global_colors_info=&#8221;{}&#8221; theme_builder_area=&#8221;post_content&#8221; sticky_enabled=&#8221;0&#8243;][\/formulario_estrategia][\/et_pb_column][\/et_pb_row][\/et_pb_section][et_pb_section fb_built=&#8221;1&#8243; _builder_version=&#8221;4.27.0&#8243; _module_preset=&#8221;default&#8221; custom_padding=&#8221;31px||31px||true|&#8221; locked=&#8221;off&#8221; global_colors_info=&#8221;{}&#8221; theme_builder_area=&#8221;post_content&#8221;][et_pb_row column_structure=&#8221;1_3,2_3&#8243; _builder_version=&#8221;4.27.0&#8243; _module_preset=&#8221;default&#8221; width=&#8221;100%&#8221; width_tablet=&#8221;100%&#8221; width_phone=&#8221;60%&#8221; width_last_edited=&#8221;on|phone&#8221; max_width=&#8221;720px&#8221; global_colors_info=&#8221;{}&#8221; theme_builder_area=&#8221;post_content&#8221;][et_pb_column type=&#8221;1_3&#8243; _builder_version=&#8221;4.27.0&#8243; _module_preset=&#8221;default&#8221; global_colors_info=&#8221;{}&#8221; theme_builder_area=&#8221;post_content&#8221;][et_pb_image src=&#8221;https:\/\/mkt.estrategia.com\/concursos\/wp-content\/uploads\/sites\/2\/2024\/02\/logo_estrategia_concursos.webp&#8221; alt=&#8221;Logo Estrat\u00e9gia Concursos&#8221; title_text=&#8221;logo_estrategia_concursos&#8221; align=&#8221;center&#8221; _builder_version=&#8221;4.27.0&#8243; _module_preset=&#8221;default&#8221; width=&#8221;100%&#8221; max_width=&#8221;85%&#8221; max_width_tablet=&#8221;90%&#8221; max_width_phone=&#8221;65%&#8221; max_width_last_edited=&#8221;on|phone&#8221; module_alignment=&#8221;center&#8221; global_colors_info=&#8221;{}&#8221; theme_builder_area=&#8221;post_content&#8221;][\/et_pb_image][\/et_pb_column][et_pb_column type=&#8221;2_3&#8243; _builder_version=&#8221;4.27.0&#8243; _module_preset=&#8221;default&#8221; border_color_top=&#8221;#b17c36&#8243; border_width_left=&#8221;2px&#8221; border_color_left=&#8221;#8300E9&#8243; border_width_top_tablet=&#8221;&#8221; border_width_top_phone=&#8221;2px&#8221; border_width_top_last_edited=&#8221;on|phone&#8221; border_width_left_tablet=&#8221;2px&#8221; border_width_left_phone=&#8221;0px&#8221; border_width_left_last_edited=&#8221;on|phone&#8221; global_colors_info=&#8221;{}&#8221; theme_builder_area=&#8221;post_content&#8221;][et_pb_social_media_follow url_new_window=&#8221;off&#8221; _builder_version=&#8221;4.16&#8243; text_orientation=&#8221;center&#8221; custom_margin=&#8221;|||&#8221; custom_margin_tablet=&#8221;&#8221; custom_margin_phone=&#8221;|0px||&#8221; custom_margin_last_edited=&#8221;on|phone&#8221; locked=&#8221;off&#8221; global_colors_info=&#8221;{}&#8221; theme_builder_area=&#8221;post_content&#8221;][et_pb_social_media_follow_network social_network=&#8221;instagram&#8221; url=&#8221;https:\/\/www.instagram.com\/estrategiaconcursos\/&#8221; _builder_version=&#8221;4.16&#8243; background_color=&#8221;#ea2c59&#8243; custom_margin=&#8221;|||&#8221; custom_padding=&#8221;6px|6px|6px|6px&#8221; global_colors_info=&#8221;{}&#8221; follow_button=&#8221;off&#8221; url_new_window=&#8221;off&#8221; theme_builder_area=&#8221;post_content&#8221;] instagram [\/et_pb_social_media_follow_network][et_pb_social_media_follow_network social_network=&#8221;youtube&#8221; url=&#8221;https:\/\/www.youtube.com\/user\/EstrategiaCursos&#8221; _builder_version=&#8221;4.16&#8243; background_color=&#8221;#a82400&#8243; custom_margin=&#8221;|||&#8221; custom_padding=&#8221;6px|6px|6px|6px&#8221; global_colors_info=&#8221;{}&#8221; follow_button=&#8221;off&#8221; url_new_window=&#8221;off&#8221; theme_builder_area=&#8221;post_content&#8221;] youtube [\/et_pb_social_media_follow_network][et_pb_social_media_follow_network social_network=&#8221;facebook&#8221; url=&#8221;https:\/\/www.facebook.com\/EstrategiaConcursos\/&#8221; _builder_version=&#8221;4.16&#8243; background_color=&#8221;#3b5998&#8243; custom_margin=&#8221;|||&#8221; custom_padding=&#8221;6px|6px|6px|6px&#8221; global_colors_info=&#8221;{}&#8221; follow_button=&#8221;off&#8221; url_new_window=&#8221;off&#8221; theme_builder_area=&#8221;post_content&#8221;] facebook [\/et_pb_social_media_follow_network][et_pb_social_media_follow_network social_network=&#8221;twitter&#8221; url=&#8221;https:\/\/twitter.com\/EstratConcursos?lang=pt-br&#8221; _builder_version=&#8221;4.22.2&#8243; background_color=&#8221;#000000&#8243; custom_padding=&#8221;6px|6px|6px|6px&#8221; global_colors_info=&#8221;{}&#8221; follow_button=&#8221;off&#8221; url_new_window=&#8221;off&#8221; theme_builder_area=&#8221;post_content&#8221;] twitter [\/et_pb_social_media_follow_network][et_pb_social_media_follow_network social_network=&#8221;linkedin&#8221; url=&#8221;https:\/\/www.linkedin.com\/company\/estrat%C3%A9gia-concursos\/&#8221; _builder_version=&#8221;4.16&#8243; background_color=&#8221;#007bb6&#8243; custom_padding=&#8221;6px|6px|6px|6px&#8221; global_colors_info=&#8221;{}&#8221; follow_button=&#8221;off&#8221; url_new_window=&#8221;off&#8221; theme_builder_area=&#8221;post_content&#8221;] linkedin [\/et_pb_social_media_follow_network][et_pb_social_media_follow_network social_network=&#8221;pinterest&#8221; url=&#8221;https:\/\/br.pinterest.com\/estrategiacurso\/?eq=estrategia&#038;etslf=4068&#8243; _builder_version=&#8221;4.16&#8243; background_color=&#8221;#cb2027&#8243; custom_padding=&#8221;6px|6px|6px|6px&#8221; global_colors_info=&#8221;{}&#8221; follow_button=&#8221;off&#8221; url_new_window=&#8221;off&#8221; theme_builder_area=&#8221;post_content&#8221;] pinterest [\/et_pb_social_media_follow_network][\/et_pb_social_media_follow][\/et_pb_column][\/et_pb_row][\/et_pb_section]<\/p>\n","protected":false},"excerpt":{"rendered":"<p>Concurso ISS Jo\u00e3o Pessoa &#8211; at\u00e9 de R$21 mil: Plano de estudos para Agente FiscalAcompanhe no dia 13 de Novembro, \u00e0s 20:00, uma transmiss\u00e3o gratuita, ao vivo e on-line com informa\u00e7\u00f5es e dicas exclusivas sobre o concurso ISS Jo\u00e3o Pessoa.<div class=\"et_pb_module formulario_estrategia formulario_estrategia_0\">\n\t\t\t\t\n\t\t\t\t\n\t\t\t\t\n\t\t\t\t\n\t\t\t\t\n\t\t\t\t\n\t\t\t\t<div class=\"et_pb_module_inner\">\n\t\t\t\t\t            \n\t\t\t\t<\/div>\n\t\t\t<\/div><\/p>\n","protected":false},"author":57,"featured_media":383454,"parent":0,"menu_order":0,"comment_status":"closed","ping_status":"closed","template":"","meta":{"_et_pb_use_builder":"on","_et_pb_old_content":"","_et_gb_content_width":"","footnotes":""},"categories":[3],"tags":[],"class_list":["post-383453","page","type-page","status-publish","has-post-thumbnail","hentry","category-pagina-de-inscricao"],"_links":{"self":[{"href":"https:\/\/mkt.estrategia.com\/concursos\/wp-json\/wp\/v2\/pages\/383453","targetHints":{"allow":["GET"]}}],"collection":[{"href":"https:\/\/mkt.estrategia.com\/concursos\/wp-json\/wp\/v2\/pages"}],"about":[{"href":"https:\/\/mkt.estrategia.com\/concursos\/wp-json\/wp\/v2\/types\/page"}],"author":[{"embeddable":true,"href":"https:\/\/mkt.estrategia.com\/concursos\/wp-json\/wp\/v2\/users\/57"}],"replies":[{"embeddable":true,"href":"https:\/\/mkt.estrategia.com\/concursos\/wp-json\/wp\/v2\/comments?post=383453"}],"version-history":[{"count":0,"href":"https:\/\/mkt.estrategia.com\/concursos\/wp-json\/wp\/v2\/pages\/383453\/revisions"}],"wp:featuredmedia":[{"embeddable":true,"href":"https:\/\/mkt.estrategia.com\/concursos\/wp-json\/wp\/v2\/media\/383454"}],"wp:attachment":[{"href":"https:\/\/mkt.estrategia.com\/concursos\/wp-json\/wp\/v2\/media?parent=383453"}],"wp:term":[{"taxonomy":"category","embeddable":true,"href":"https:\/\/mkt.estrategia.com\/concursos\/wp-json\/wp\/v2\/categories?post=383453"},{"taxonomy":"post_tag","embeddable":true,"href":"https:\/\/mkt.estrategia.com\/concursos\/wp-json\/wp\/v2\/tags?post=383453"}],"curies":[{"name":"wp","href":"https:\/\/api.w.org\/{rel}","templated":true}]}}