
{"id":381950,"date":"2024-10-18T11:36:48","date_gmt":"2024-10-18T14:36:48","guid":{"rendered":"https:\/\/mkt.estrategia.com\/concursos\/?page_id=381950"},"modified":"2025-05-02T09:42:13","modified_gmt":"2025-05-02T12:42:13","slug":"revisoes-de-alto-desempenho","status":"publish","type":"page","link":"https:\/\/mkt.estrategia.com\/concursos\/revisoes-de-alto-desempenho\/","title":{"rendered":"Revis\u00f5es de Alto Desempenho"},"content":{"rendered":"<p>[et_pb_section fb_built=&#8221;1&#8243; _builder_version=&#8221;4.27.4&#8243; _module_preset=&#8221;default&#8221; background_color=&#8221;#1c0d37&#8243; custom_margin=&#8221;-50px||||false|false&#8221; custom_margin_tablet=&#8221;-50px||||false|false&#8221; custom_margin_phone=&#8221;-60px||-130px||false|false&#8221; custom_margin_last_edited=&#8221;on|phone&#8221; custom_padding=&#8221;||||false|false&#8221; locked=&#8221;off&#8221; global_colors_info=&#8221;{}&#8221;][et_pb_row column_structure=&#8221;1_3,1_3,1_3&#8243; admin_label=&#8221;LOGO COM LINK&#8221; _builder_version=&#8221;4.16&#8243; custom_margin=&#8221;|||&#8221; custom_padding=&#8221;17px|||&#8221; global_colors_info=&#8221;{}&#8221;][et_pb_column type=&#8221;1_3&#8243; _builder_version=&#8221;4.16&#8243; custom_padding=&#8221;|||&#8221; global_colors_info=&#8221;{}&#8221; custom_padding__hover=&#8221;|||&#8221;][\/et_pb_column][et_pb_column type=&#8221;1_3&#8243; _builder_version=&#8221;4.16&#8243; custom_padding=&#8221;|||&#8221; global_colors_info=&#8221;{}&#8221; custom_padding__hover=&#8221;|||&#8221;][et_pb_image src=&#8221;https:\/\/mkt.estrategia.com\/concursos\/wp-content\/uploads\/sites\/2\/2025\/07\/logo_estrategia_branco.svg&#8221; title_text=&#8221;Logo_branco_estrategia_Concursos&#8221; url=&#8221;https:\/\/www.estrategiaconcursos.com.br&#8221; show_bottom_space=&#8221;off&#8221; align=&#8221;center&#8221; align_tablet=&#8221;center&#8221; align_last_edited=&#8221;off|desktop&#8221; admin_label=&#8221;LOGO ESTRAT\u00c9GIA CONCURSOS&#8221; _builder_version=&#8221;4.27.2&#8243; width=&#8221;75%&#8221; max_width=&#8221;50%&#8221; max_width_tablet=&#8221;55%&#8221; max_width_last_edited=&#8221;off|desktop&#8221; module_alignment=&#8221;center&#8221; custom_margin=&#8221;||24px|||&#8221; animation_direction=&#8221;left&#8221; z_index_tablet=&#8221;500&#8243; box_shadow_horizontal_tablet=&#8221;0px&#8221; box_shadow_vertical_tablet=&#8221;0px&#8221; box_shadow_blur_tablet=&#8221;40px&#8221; box_shadow_spread_tablet=&#8221;0px&#8221; global_colors_info=&#8221;%91%93&#8243;][\/et_pb_image][\/et_pb_column][et_pb_column type=&#8221;1_3&#8243; _builder_version=&#8221;4.16&#8243; custom_padding=&#8221;|||&#8221; global_colors_info=&#8221;{}&#8221; custom_padding__hover=&#8221;|||&#8221;][\/et_pb_column][\/et_pb_row][\/et_pb_section][et_pb_section fb_built=&#8221;1&#8243; _builder_version=&#8221;4.27.4&#8243; background_color=&#8221;RGBA(255,255,255,0)&#8221; use_background_color_gradient=&#8221;on&#8221; background_color_gradient_direction=&#8221;167deg&#8221; background_color_gradient_stops=&#8221;rgba(0,0,0,0.71) 52%|rgba(0,0,0,0) 90%&#8221; background_color_gradient_overlays_image=&#8221;on&#8221; background_color_gradient_start=&#8221;rgba(0,0,0,0.71)&#8221; background_color_gradient_start_position=&#8221;52%&#8221; background_color_gradient_end=&#8221;rgba(0,0,0,0)&#8221; background_color_gradient_end_position=&#8221;90%&#8221; background_image=&#8221;https:\/\/mkt.estrategia.com\/concursos\/wp-content\/uploads\/sites\/2\/2025\/03\/BG_LP-Ebooks.webp&#8221; display_conditions=&#8221;W3siaWQiOiJhZDg5ZGY0Zi0xZTlmLTQxZDQtYTgzZi0wMzllMTI4MDdkOGYiLCJjb25kaXRpb24iOiJ1c2VyUm9sZSIsImNvbmRpdGlvblNldHRpbmdzIjp7InVzZXJSb2xlRGlzcGxheSI6ImlzIiwidXNlclJvbGVzIjpbeyJsYWJlbCI6IkFkbWluaXN0cmF0b3IiLCJ2YWx1ZSI6ImFkbWluaXN0cmF0b3IifV0sInVzZXJJZHMiOiJVc2VyIElEcyBzZXBhcmF0ZWQgYnkgY29tbWFzIiwiYWRtaW5MYWJlbCI6IlVzZXIgUm9sZSIsImVuYWJsZUNvbmRpdGlvbiI6Im9mZiJ9LCJvcGVyYXRvciI6Ik9SIn1d&#8221; custom_margin=&#8221;||||false|false&#8221; custom_padding=&#8221;||||false|false&#8221; box_shadow_style=&#8221;preset3&#8243; locked=&#8221;off&#8221; global_colors_info=&#8221;%91%93&#8243; custom_css_before_last_edited=&#8221;on|desktop&#8221;][et_pb_row column_structure=&#8221;1_2,1_2&#8243; custom_padding_last_edited=&#8221;on|phone&#8221; _builder_version=&#8221;4.16&#8243; background_color_gradient_direction=&#8221;121deg&#8221; custom_padding=&#8221;50px|0px|0px|0px&#8221; custom_padding_tablet=&#8221;0px|0px|0px|0px&#8221; custom_padding_phone=&#8221;0px|||&#8221; animation_style=&#8221;slide&#8221; global_colors_info=&#8221;{}&#8221;][et_pb_column type=&#8221;1_2&#8243; _builder_version=&#8221;4.16&#8243; custom_padding=&#8221;|||&#8221; global_colors_info=&#8221;{}&#8221; custom_padding__hover=&#8221;|||&#8221;][et_pb_text _builder_version=&#8221;4.27.2&#8243; _module_preset=&#8221;default&#8221; text_font=&#8221;|700|||||||&#8221; text_text_color=&#8221;#00144e&#8221; text_font_size=&#8221;20px&#8221; text_line_height=&#8221;1.6em&#8221; background_color=&#8221;#edc045&#8243; global_colors_info=&#8221;{}&#8221;]<\/p>\n<p style=\"text-align: center;\">E-BOOK<\/p>\n<p>[\/et_pb_text][et_pb_text _builder_version=&#8221;4.27.2&#8243; _module_preset=&#8221;default&#8221; text_text_color=&#8221;#FFFFFF&#8221; text_font_size=&#8221;20px&#8221; text_line_height=&#8221;1.6em&#8221; header_text_color=&#8221;#FFFFFF&#8221; header_font_size=&#8221;50px&#8221; locked=&#8221;off&#8221; global_colors_info=&#8221;{}&#8221;]<\/p>\n<h1 style=\"text-align: center;\"><span style=\"font-weight: 600;\">Revis\u00f5es de Alto Desempenho<\/span><\/h1>\n<p style=\"text-align: center;\"><span style=\"font-weight: 600;\">Guia definitivo para concurseiros<\/span><\/p>\n<p>[\/et_pb_text][et_pb_text _builder_version=&#8221;4.27.2&#8243; _module_preset=&#8221;default&#8221; text_font=&#8221;||||||||&#8221; text_text_color=&#8221;#FFFFFF&#8221; text_font_size=&#8221;15px&#8221; text_orientation=&#8221;center&#8221; locked=&#8221;off&#8221; global_colors_info=&#8221;{}&#8221;]<\/p>\n<p><strong>Baixe Agora o E-book GRATUITO!<\/strong><\/p>\n<p>Quer potencializar seus estudos para concursos p\u00fablicos? Acesse o <strong>E-book Revis\u00f5es de Alto Desempenho<\/strong> e aprenda as melhores t\u00e9cnicas para revisar de forma eficiente e garantir uma prepara\u00e7\u00e3o s\u00f3lida e consistente.<\/p>\n<p><strong>O que voc\u00ea vai encontrar neste E-book?<\/strong><br \/>\u2713 Estrat\u00e9gias comprovadas para revisar de maneira eficaz.<br \/>\u2713 Dicas pr\u00e1ticas para melhorar sua memoriza\u00e7\u00e3o e reten\u00e7\u00e3o de conte\u00fado.<br \/>\u2713 Um guia completo para organizar suas revis\u00f5es e alcan\u00e7ar alto desempenho.<\/p>\n<p><strong>Melhore seus resultados com revis\u00f5es inteligentes!<\/strong> Baixe agora e acelere sua aprova\u00e7\u00e3o #ComEstrat\u00e9gia.<\/p>\n<p>[\/et_pb_text][formulario_estrategia button_label=&#8221;Acessar o Material Gratuito&#8221; area=&#8221;Geral&#8221; tipo=&#8221;E-book&#8221; layout=&#8221;basico.php&#8221; need_sucesso=&#8221;on&#8221; sucesso=&#8221;https:\/\/mkt.estrategia.com\/concursos\/sucesso-revisoes-de-alto-desempenho\/&#8221; need_welcome=&#8221;on&#8221; welcome=&#8221;aerad_02&#8243; _builder_version=&#8221;4.27.4&#8243; _module_preset=&#8221;default&#8221; global_colors_info=&#8221;{}&#8221;][\/formulario_estrategia][\/et_pb_column][et_pb_column type=&#8221;1_2&#8243; _builder_version=&#8221;4.16&#8243; custom_padding=&#8221;|||&#8221; global_colors_info=&#8221;{}&#8221; custom_padding__hover=&#8221;|||&#8221;][et_pb_image src=&#8221;https:\/\/mkt.estrategia.com\/concursos\/wp-content\/uploads\/sites\/2\/2025\/03\/mockup-2.webp&#8221; title_text=&#8221;mockup&#8221; align=&#8221;center&#8221; disabled_on=&#8221;off|off|off&#8221; _builder_version=&#8221;4.27.4&#8243; _module_preset=&#8221;default&#8221; max_width=&#8221;70%&#8221; global_colors_info=&#8221;{}&#8221;][\/et_pb_image][\/et_pb_column][\/et_pb_row][\/et_pb_section][et_pb_section fb_built=&#8221;1&#8243; admin_label=&#8221;Footer EC&#8221; _builder_version=&#8221;4.27.0&#8243; background_color=&#8221;RGBA(255,255,255,0)&#8221; display_conditions=&#8221;W3siaWQiOiJhZDg5ZGY0Zi0xZTlmLTQxZDQtYTgzZi0wMzllMTI4MDdkOGYiLCJjb25kaXRpb24iOiJ1c2VyUm9sZSIsImNvbmRpdGlvblNldHRpbmdzIjp7InVzZXJSb2xlRGlzcGxheSI6ImlzIiwidXNlclJvbGVzIjpbeyJsYWJlbCI6IkFkbWluaXN0cmF0b3IiLCJ2YWx1ZSI6ImFkbWluaXN0cmF0b3IifV0sInVzZXJJZHMiOiJVc2VyIElEcyBzZXBhcmF0ZWQgYnkgY29tbWFzIiwiYWRtaW5MYWJlbCI6IlVzZXIgUm9sZSIsImVuYWJsZUNvbmRpdGlvbiI6Im9mZiJ9LCJvcGVyYXRvciI6Ik9SIn1d&#8221; custom_margin=&#8221;0px|0px|0px|0px|false|false&#8221; custom_padding=&#8221;50px|0px|50px|0px|false|false&#8221; z_index_tablet=&#8221;500&#8243; box_shadow_horizontal_tablet=&#8221;0px&#8221; box_shadow_vertical_tablet=&#8221;0px&#8221; box_shadow_blur_tablet=&#8221;40px&#8221; box_shadow_spread_tablet=&#8221;0px&#8221; saved_tabs=&#8221;all&#8221; locked=&#8221;off&#8221; global_colors_info=&#8221;%91%93&#8243; custom_css_before_last_edited=&#8221;on|desktop&#8221;][et_pb_row admin_label=&#8221;Footer Area&#8221; _builder_version=&#8221;4.16&#8243; custom_padding=&#8221;|||&#8221; global_colors_info=&#8221;{}&#8221;][et_pb_column type=&#8221;4_4&#8243; _builder_version=&#8221;4.16&#8243; custom_padding=&#8221;|||&#8221; global_colors_info=&#8221;{}&#8221; custom_padding__hover=&#8221;|||&#8221;][et_pb_text admin_label=&#8221;Title&#8221; _builder_version=&#8221;4.16&#8243; text_font=&#8221;Roboto||||||||&#8221; text_text_color=&#8221;#6d6d6d&#8221; text_font_size=&#8221;24px&#8221; text_line_height=&#8221;0.3em&#8221; header_font=&#8221;Roboto||||||||&#8221; header_2_font=&#8221;Roboto|600|||||||&#8221; header_2_font_size=&#8221;22px&#8221; header_2_line_height=&#8221;1.5em&#8221; header_3_font=&#8221;Roboto||||||||&#8221; header_4_font=&#8221;||||||||&#8221; header_5_font=&#8221;||||||||&#8221; header_6_font=&#8221;||||||||&#8221; custom_margin=&#8221;|||&#8221; custom_padding=&#8221;||||false|false&#8221; animation_style=&#8221;fade&#8221; animation_direction=&#8221;top&#8221; animation_starting_opacity=&#8221;100%&#8221; text_font_size_tablet=&#8221;18px&#8221; text_font_size_phone=&#8221;18px&#8221; text_font_size_last_edited=&#8221;on|phone&#8221; text_line_height_tablet=&#8221;&#8221; text_line_height_phone=&#8221;&#8221; text_line_height_last_edited=&#8221;on|desktop&#8221; global_colors_info=&#8221;{}&#8221;]<\/p>\n<p style=\"text-align: center\"><span style=\"font-size: 24px\">Estrat\u00e9gia Concursos<\/span><\/p>\n<p style=\"text-align: center\"><span style=\"font-size: 13px\">www.estrategiaconcursos.com.br<\/span><\/p>\n<p style=\"text-align: center\"><span style=\"font-size: 13px\">contato@estrategiaconcursos.com.br<\/span><\/p>\n<p>[\/et_pb_text][et_pb_social_media_follow url_new_window=&#8221;off&#8221; _builder_version=&#8221;4.16&#8243; text_orientation=&#8221;center&#8221; custom_margin=&#8221;|||&#8221; custom_margin_tablet=&#8221;&#8221; custom_margin_phone=&#8221;|0px||&#8221; custom_margin_last_edited=&#8221;on|phone&#8221; global_colors_info=&#8221;{}&#8221;][et_pb_social_media_follow_network social_network=&#8221;instagram&#8221; url=&#8221;https:\/\/www.instagram.com\/estrategiaconcursos\/&#8221; _builder_version=&#8221;4.16&#8243; background_color=&#8221;#ea2c59&#8243; custom_margin=&#8221;|||&#8221; custom_padding=&#8221;6px|6px|6px|6px&#8221; global_colors_info=&#8221;{}&#8221; follow_button=&#8221;off&#8221; url_new_window=&#8221;off&#8221;] instagram [\/et_pb_social_media_follow_network][et_pb_social_media_follow_network social_network=&#8221;youtube&#8221; url=&#8221;https:\/\/www.youtube.com\/user\/EstrategiaCursos&#8221; _builder_version=&#8221;4.16&#8243; background_color=&#8221;#a82400&#8243; custom_margin=&#8221;|||&#8221; custom_padding=&#8221;6px|6px|6px|6px&#8221; global_colors_info=&#8221;{}&#8221; follow_button=&#8221;off&#8221; url_new_window=&#8221;off&#8221;] youtube [\/et_pb_social_media_follow_network][et_pb_social_media_follow_network social_network=&#8221;facebook&#8221; url=&#8221;https:\/\/www.facebook.com\/EstrategiaConcursos\/&#8221; _builder_version=&#8221;4.16&#8243; background_color=&#8221;#3b5998&#8243; custom_margin=&#8221;|||&#8221; custom_padding=&#8221;6px|6px|6px|6px&#8221; global_colors_info=&#8221;{}&#8221; follow_button=&#8221;off&#8221; url_new_window=&#8221;off&#8221;] facebook [\/et_pb_social_media_follow_network][et_pb_social_media_follow_network social_network=&#8221;twitter&#8221; url=&#8221;https:\/\/twitter.com\/EstratConcursos?lang=pt-br&#8221; _builder_version=&#8221;4.22.2&#8243; background_color=&#8221;#000000&#8243; custom_padding=&#8221;6px|6px|6px|6px&#8221; global_colors_info=&#8221;{}&#8221; follow_button=&#8221;off&#8221; url_new_window=&#8221;off&#8221;] twitter [\/et_pb_social_media_follow_network][et_pb_social_media_follow_network social_network=&#8221;linkedin&#8221; url=&#8221;https:\/\/www.linkedin.com\/company\/estrat%C3%A9gia-concursos\/&#8221; _builder_version=&#8221;4.16&#8243; background_color=&#8221;#007bb6&#8243; custom_padding=&#8221;6px|6px|6px|6px&#8221; global_colors_info=&#8221;{}&#8221; follow_button=&#8221;off&#8221; url_new_window=&#8221;off&#8221;] linkedin [\/et_pb_social_media_follow_network][et_pb_social_media_follow_network social_network=&#8221;pinterest&#8221; url=&#8221;https:\/\/br.pinterest.com\/estrategiacurso\/?eq=estrategia&#038;etslf=4068&#8243; _builder_version=&#8221;4.16&#8243; background_color=&#8221;#cb2027&#8243; custom_padding=&#8221;6px|6px|6px|6px&#8221; global_colors_info=&#8221;{}&#8221; follow_button=&#8221;off&#8221; url_new_window=&#8221;off&#8221;] pinterest [\/et_pb_social_media_follow_network][\/et_pb_social_media_follow][\/et_pb_column][\/et_pb_row][\/et_pb_section]<\/p>\n","protected":false},"excerpt":{"rendered":"<p>E-BOOKRevis\u00f5es de Alto Desempenho Guia definitivo para concurseirosBaixe Agora o E-book GRATUITO! Quer potencializar seus estudos para concursos p\u00fablicos? Acesse o E-book Revis\u00f5es de Alto Desempenho e aprenda as melhores t\u00e9cnicas para revisar de forma eficiente e garantir uma prepara\u00e7\u00e3o s\u00f3lida e consistente. O que voc\u00ea vai encontrar neste E-book?\u2713 Estrat\u00e9gias comprovadas para revisar de [&hellip;]<\/p>\n","protected":false},"author":47,"featured_media":382064,"parent":0,"menu_order":0,"comment_status":"closed","ping_status":"closed","template":"","meta":{"_et_pb_use_builder":"on","_et_pb_old_content":"<!-- wp:divi\/placeholder \/-->","_et_gb_content_width":"","footnotes":""},"categories":[7],"tags":[],"class_list":["post-381950","page","type-page","status-publish","has-post-thumbnail","hentry","category-ebooks"],"_links":{"self":[{"href":"https:\/\/mkt.estrategia.com\/concursos\/wp-json\/wp\/v2\/pages\/381950","targetHints":{"allow":["GET"]}}],"collection":[{"href":"https:\/\/mkt.estrategia.com\/concursos\/wp-json\/wp\/v2\/pages"}],"about":[{"href":"https:\/\/mkt.estrategia.com\/concursos\/wp-json\/wp\/v2\/types\/page"}],"author":[{"embeddable":true,"href":"https:\/\/mkt.estrategia.com\/concursos\/wp-json\/wp\/v2\/users\/47"}],"replies":[{"embeddable":true,"href":"https:\/\/mkt.estrategia.com\/concursos\/wp-json\/wp\/v2\/comments?post=381950"}],"version-history":[{"count":3,"href":"https:\/\/mkt.estrategia.com\/concursos\/wp-json\/wp\/v2\/pages\/381950\/revisions"}],"predecessor-version":[{"id":401556,"href":"https:\/\/mkt.estrategia.com\/concursos\/wp-json\/wp\/v2\/pages\/381950\/revisions\/401556"}],"wp:featuredmedia":[{"embeddable":true,"href":"https:\/\/mkt.estrategia.com\/concursos\/wp-json\/wp\/v2\/media\/382064"}],"wp:attachment":[{"href":"https:\/\/mkt.estrategia.com\/concursos\/wp-json\/wp\/v2\/media?parent=381950"}],"wp:term":[{"taxonomy":"category","embeddable":true,"href":"https:\/\/mkt.estrategia.com\/concursos\/wp-json\/wp\/v2\/categories?post=381950"},{"taxonomy":"post_tag","embeddable":true,"href":"https:\/\/mkt.estrategia.com\/concursos\/wp-json\/wp\/v2\/tags?post=381950"}],"curies":[{"name":"wp","href":"https:\/\/api.w.org\/{rel}","templated":true}]}}