{"id":344102,"date":"2026-03-25T14:00:14","date_gmt":"2026-03-25T17:00:14","guid":{"rendered":"https:\/\/mkt.estrategia.com\/cj\/?page_id=344102"},"modified":"2026-03-27T12:55:03","modified_gmt":"2026-03-27T15:55:03","slug":"cartorios-do-tj-pa-prova-comentada","status":"publish","type":"page","link":"https:\/\/mkt.estrategia.com\/cj\/cartorios-do-tj-pa-prova-comentada\/","title":{"rendered":"Cart\u00f3rios do TJ PA &#8211; Prova Comentada"},"content":{"rendered":"<p>[et_pb_section fb_built=&#8221;1&#8243; _builder_version=&#8221;4.27.4&#8243; _module_preset=&#8221;default&#8221; background_image=&#8221;https:\/\/mkt.estrategia.com\/cj\/wp-content\/uploads\/sites\/3\/2024\/12\/bg-lp-geral-1-1-scaled.webp&#8221; background_size=&#8221;stretch&#8221; custom_padding=&#8221;||51px|||&#8221; locked=&#8221;off&#8221; global_colors_info=&#8221;{}&#8221;][et_pb_row custom_padding_last_edited=&#8221;on|phone&#8221; admin_label=&#8221;LOGO COM LINK&#8221; _builder_version=&#8221;4.27.4&#8243; custom_margin=&#8221;|||&#8221; custom_padding=&#8221;17px||8px|||&#8221; custom_padding_tablet=&#8221;17px||8px|||&#8221; custom_padding_phone=&#8221;0px||0px||false|false&#8221; locked=&#8221;off&#8221; global_colors_info=&#8221;{}&#8221;][et_pb_column type=&#8221;4_4&#8243; _builder_version=&#8221;4.16&#8243; custom_padding=&#8221;|||&#8221; global_colors_info=&#8221;{}&#8221; custom_padding__hover=&#8221;|||&#8221;][et_pb_image src=&#8221;https:\/\/mkt.estrategia.com\/cj\/wp-content\/uploads\/sites\/3\/2024\/07\/Logo_branco_estrategia_Juridico-1.webp&#8221; title_text=&#8221;Logo_branco_estrategia_Juridico-1&#8243; align=&#8221;center&#8221; align_tablet=&#8221;center&#8221; align_phone=&#8221;&#8221; align_last_edited=&#8221;on|desktop&#8221; admin_label=&#8221;LOGO ESTRAT\u00c9GIA CONCURSOS&#8221; module_id=&#8221;head&#8221; module_class=&#8221;head&#8221; _builder_version=&#8221;4.27.6&#8243; width=&#8221;100%&#8221; max_width=&#8221;15%&#8221; max_width_tablet=&#8221;55%&#8221; max_width_phone=&#8221;40%&#8221; max_width_last_edited=&#8221;on|phone&#8221; module_alignment=&#8221;center&#8221; custom_margin=&#8221;||24px|||&#8221; animation_direction=&#8221;left&#8221; z_index_tablet=&#8221;500&#8243; box_shadow_horizontal_tablet=&#8221;0px&#8221; box_shadow_vertical_tablet=&#8221;0px&#8221; box_shadow_blur_tablet=&#8221;40px&#8221; box_shadow_spread_tablet=&#8221;0px&#8221; global_colors_info=&#8221;%91%93&#8243;][\/et_pb_image][\/et_pb_column][\/et_pb_row][et_pb_row column_structure=&#8221;1_2,1_2&#8243; custom_padding_last_edited=&#8221;on|phone&#8221; _builder_version=&#8221;4.27.4&#8243; _module_preset=&#8221;default&#8221; custom_padding_tablet=&#8221;&#8221; custom_padding_phone=&#8221;10px||10px||false|false&#8221; global_colors_info=&#8221;{}&#8221;][et_pb_column type=&#8221;1_2&#8243; _builder_version=&#8221;4.27.0&#8243; _module_preset=&#8221;default&#8221; global_colors_info=&#8221;{}&#8221;][et_pb_image src=&#8221;https:\/\/mkt.estrategia.com\/cj\/wp-content\/uploads\/sites\/3\/2026\/03\/Mais.webp&#8221; title_text=&#8221;Mais&#8221; _builder_version=&#8221;4.27.6&#8243; _module_preset=&#8221;default&#8221; width=&#8221;86%&#8221; module_alignment=&#8221;center&#8221; global_colors_info=&#8221;{}&#8221;][\/et_pb_image][et_pb_text _builder_version=&#8221;4.27.6&#8243; _module_preset=&#8221;default&#8221; text_font=&#8221;Arial||||||||&#8221; text_text_color=&#8221;#FFFFFF&#8221; text_font_size=&#8221;20px&#8221; text_line_height=&#8221;1.6em&#8221; custom_margin=&#8221;||22px|||&#8221; custom_padding=&#8221;13px|||||&#8221; text_font_size_tablet=&#8221;20px&#8221; text_font_size_phone=&#8221;16px&#8221; text_font_size_last_edited=&#8221;on|phone&#8221; text_orientation_tablet=&#8221;&#8221; text_orientation_phone=&#8221;center&#8221; text_orientation_last_edited=&#8221;on|phone&#8221; global_colors_info=&#8221;{}&#8221;]<\/p>\n<p><span style=\"font-size: x-large;\">Inscreva-se e tenha acesso \u00e0 prova 100% comentada pelos nossos professores.<\/span><\/p>\n<p>[\/et_pb_text][\/et_pb_column][et_pb_column type=&#8221;1_2&#8243; _builder_version=&#8221;4.27.0&#8243; _module_preset=&#8221;default&#8221; global_colors_info=&#8221;{}&#8221;][formulario_estrategia area=&#8221;Jur\u00eddico &#8211; Magistratura&#8221; tipo=&#8221;E-book&#8221; layout=&#8221;basico.php&#8221; need_sucesso=&#8221;on&#8221; sucesso=&#8221;https:\/\/mkt.estrategia.com\/cj\/sucesso-tj-pa-prova-comentada\/&#8221; _builder_version=&#8221;4.27.6&#8243; _module_preset=&#8221;default&#8221; max_width=&#8221;90%&#8221; max_width_tablet=&#8221;80%&#8221; max_width_phone=&#8221;80%&#8221; max_width_last_edited=&#8221;on|desktop&#8221; module_alignment=&#8221;left&#8221; hover_enabled=&#8221;0&#8243; module_alignment_tablet=&#8221;&#8221; module_alignment_phone=&#8221;center&#8221; module_alignment_last_edited=&#8221;on|phone&#8221; locked=&#8221;off&#8221; global_colors_info=&#8221;{}&#8221; sticky_enabled=&#8221;0&#8243;][\/formulario_estrategia][\/et_pb_column][\/et_pb_row][\/et_pb_section][et_pb_section fb_built=&#8221;1&#8243; _builder_version=&#8221;4.27.0&#8243; _module_preset=&#8221;default&#8221; use_background_color_gradient=&#8221;on&#8221; background_color_gradient_stops=&#8221;#ffffff 69%|#bc792d 69%&#8221; custom_padding=&#8221;||48px|||&#8221; locked=&#8221;off&#8221; global_colors_info=&#8221;{}&#8221;][et_pb_row column_structure=&#8221;1_2,1_2&#8243; _builder_version=&#8221;4.27.4&#8243; _module_preset=&#8221;default&#8221; width=&#8221;100%&#8221; max_width=&#8221;920px&#8221; global_colors_info=&#8221;{}&#8221;][et_pb_column type=&#8221;1_2&#8243; _builder_version=&#8221;4.27.0&#8243; _module_preset=&#8221;default&#8221; global_colors_info=&#8221;{}&#8221;][et_pb_text _builder_version=&#8221;4.27.4&#8243; _module_preset=&#8221;default&#8221; text_font=&#8221;|600|||||||&#8221; text_text_color=&#8221;#606060&#8243; text_font_size=&#8221;42px&#8221; text_line_height=&#8221;1.2em&#8221; text_font_size_tablet=&#8221;42px&#8221; text_font_size_phone=&#8221;36px&#8221; text_font_size_last_edited=&#8221;on|phone&#8221; text_orientation_tablet=&#8221;&#8221; text_orientation_phone=&#8221;center&#8221; text_orientation_last_edited=&#8221;on|phone&#8221; inline_fonts=&#8221;Poppins&#8221; global_colors_info=&#8221;{}&#8221;]<\/p>\n<h2><span style=\"color: #999999; font-family: Poppins; font-weight: normal;\">Inscrevendo-se gratuitamente, voc\u00ea ter\u00e1 acesso ao <strong>seguinte material:<\/strong><\/span><\/h2>\n<p>[\/et_pb_text][et_pb_button button_url=&#8221;#head&#8221; url_new_window=&#8221;on&#8221; button_text=&#8221;INSCREVA-SE&#8221; button_alignment=&#8221;left&#8221; button_alignment_tablet=&#8221;left&#8221; button_alignment_phone=&#8221;center&#8221; button_alignment_last_edited=&#8221;on|phone&#8221; _builder_version=&#8221;4.27.6&#8243; custom_button=&#8221;on&#8221; button_bg_color_gradient_overlays_image=&#8221;on&#8221; button_font=&#8221;|600|||||||&#8221; button_icon=&#8221;&#xe071;||divi||400&#8243; button_icon_placement=&#8221;left&#8221; locked=&#8221;off&#8221; global_colors_info=&#8221;%91%93&#8243; button_text_size__hover_enabled=&#8221;off&#8221; button_text_size__hover=&#8221;null&#8221; button_one_text_size__hover_enabled=&#8221;off&#8221; button_one_text_size__hover=&#8221;null&#8221; button_two_text_size__hover_enabled=&#8221;off&#8221; button_two_text_size__hover=&#8221;null&#8221; button_text_color__hover_enabled=&#8221;off&#8221; button_text_color__hover=&#8221;null&#8221; button_one_text_color__hover_enabled=&#8221;off&#8221; button_one_text_color__hover=&#8221;null&#8221; button_two_text_color__hover_enabled=&#8221;off&#8221; button_two_text_color__hover=&#8221;null&#8221; button_border_width__hover_enabled=&#8221;off&#8221; button_border_width__hover=&#8221;null&#8221; button_one_border_width__hover_enabled=&#8221;off&#8221; button_one_border_width__hover=&#8221;null&#8221; button_two_border_width__hover_enabled=&#8221;off&#8221; button_two_border_width__hover=&#8221;null&#8221; button_border_color__hover_enabled=&#8221;off&#8221; button_border_color__hover=&#8221;null&#8221; button_one_border_color__hover_enabled=&#8221;off&#8221; button_one_border_color__hover=&#8221;null&#8221; button_two_border_color__hover_enabled=&#8221;off&#8221; button_two_border_color__hover=&#8221;null&#8221; button_border_radius__hover_enabled=&#8221;off&#8221; button_border_radius__hover=&#8221;null&#8221; button_one_border_radius__hover_enabled=&#8221;off&#8221; button_one_border_radius__hover=&#8221;null&#8221; button_two_border_radius__hover_enabled=&#8221;off&#8221; button_two_border_radius__hover=&#8221;null&#8221; button_letter_spacing__hover_enabled=&#8221;off&#8221; button_letter_spacing__hover=&#8221;null&#8221; button_one_letter_spacing__hover_enabled=&#8221;off&#8221; button_one_letter_spacing__hover=&#8221;null&#8221; button_two_letter_spacing__hover_enabled=&#8221;off&#8221; button_two_letter_spacing__hover=&#8221;null&#8221; button_bg_color__hover_enabled=&#8221;off&#8221; button_bg_color__hover=&#8221;null&#8221; button_one_bg_color__hover_enabled=&#8221;off&#8221; button_one_bg_color__hover=&#8221;null&#8221; button_two_bg_color__hover_enabled=&#8221;off&#8221; button_two_bg_color__hover=&#8221;null&#8221;][\/et_pb_button][\/et_pb_column][et_pb_column type=&#8221;1_2&#8243; _builder_version=&#8221;4.27.0&#8243; _module_preset=&#8221;default&#8221; global_colors_info=&#8221;{}&#8221;][et_pb_image src=&#8221;https:\/\/mkt.estrategia.com\/cj\/wp-content\/uploads\/sites\/3\/2026\/03\/iPad.webp&#8221; title_text=&#8221;iPad&#8221; _builder_version=&#8221;4.27.6&#8243; _module_preset=&#8221;default&#8221; max_width=&#8221;100%&#8221; max_width_tablet=&#8221;90%&#8221; max_width_phone=&#8221;65%&#8221; max_width_last_edited=&#8221;on|phone&#8221; module_alignment=&#8221;center&#8221; global_colors_info=&#8221;{}&#8221;][\/et_pb_image][\/et_pb_column][\/et_pb_row][\/et_pb_section][et_pb_section fb_built=&#8221;1&#8243; _builder_version=&#8221;4.27.4&#8243; _module_preset=&#8221;default&#8221; background_color=&#8221;#b67f36&#8243; custom_padding=&#8221;42px||42px||true|false&#8221; locked=&#8221;off&#8221; global_colors_info=&#8221;{}&#8221;][et_pb_row column_structure=&#8221;1_3,1_3,1_3&#8243; custom_padding_last_edited=&#8221;on|phone&#8221; _builder_version=&#8221;4.27.3&#8243; _module_preset=&#8221;default&#8221; width=&#8221;100%&#8221; width_tablet=&#8221;100%&#8221; width_phone=&#8221;100%&#8221; width_last_edited=&#8221;on|phone&#8221; max_width=&#8221;2560px&#8221; custom_padding=&#8221;0px|300px|0px|300px|true|true&#8221; custom_padding_tablet=&#8221;0px|300px|0px|300px|true|true&#8221; custom_padding_phone=&#8221;0px|50px|0px|50px|true|true&#8221; locked=&#8221;off&#8221; global_colors_info=&#8221;{}&#8221;][et_pb_column type=&#8221;1_3&#8243; _builder_version=&#8221;4.27.0&#8243; _module_preset=&#8221;default&#8221; global_colors_info=&#8221;{}&#8221;][et_pb_image src=&#8221;https:\/\/mkt.estrategia.com\/cj\/wp-content\/uploads\/sites\/3\/2024\/07\/logo_cj_colorida.webp&#8221; title_text=&#8221;logo_cj_colorida&#8221; align_tablet=&#8221;&#8221; align_phone=&#8221;center&#8221; align_last_edited=&#8221;on|phone&#8221; _builder_version=&#8221;4.27.3&#8243; _module_preset=&#8221;default&#8221; width=&#8221;100%&#8221; max_width=&#8221;45%&#8221; max_width_tablet=&#8221;90%&#8221; max_width_phone=&#8221;50%&#8221; max_width_last_edited=&#8221;on|phone&#8221; module_alignment=&#8221;left&#8221; filter_saturate=&#8221;0%&#8221; filter_brightness=&#8221;200%&#8221; filter_contrast=&#8221;102%&#8221; module_alignment_tablet=&#8221;left&#8221; module_alignment_phone=&#8221;center&#8221; module_alignment_last_edited=&#8221;on|phone&#8221; global_colors_info=&#8221;{}&#8221; min_height__hover_enabled=&#8221;off|desktop&#8221;][\/et_pb_image][\/et_pb_column][et_pb_column type=&#8221;1_3&#8243; _builder_version=&#8221;4.27.3&#8243; _module_preset=&#8221;default&#8221; border_color_top=&#8221;#b17c36&#8243; border_color_left=&#8221;#b17c36&#8243; border_width_top_tablet=&#8221;&#8221; border_width_top_phone=&#8221;0px&#8221; border_width_top_last_edited=&#8221;on|phone&#8221; border_width_left_tablet=&#8221;2px&#8221; border_width_left_phone=&#8221;0px&#8221; border_width_left_last_edited=&#8221;on|phone&#8221; global_colors_info=&#8221;{}&#8221;][et_pb_text _builder_version=&#8221;4.27.4&#8243; _module_preset=&#8221;default&#8221; text_font=&#8221;Arial|300|||||||&#8221; text_text_color=&#8221;#d3d3d3&#8243; text_line_height=&#8221;1.4em&#8221; text_orientation=&#8221;center&#8221; width=&#8221;100%&#8221; max_width=&#8221;100%&#8221; module_alignment=&#8221;center&#8221; custom_margin=&#8221;||9px|||&#8221; custom_padding=&#8221;10px||||false|false&#8221; global_colors_info=&#8221;{}&#8221;]<\/p>\n<p>Direitos Reservados &#8211; Estrategia Concursos 2025 \u00a9<\/p>\n<p>[\/et_pb_text][\/et_pb_column][et_pb_column type=&#8221;1_3&#8243; _builder_version=&#8221;4.27.3&#8243; _module_preset=&#8221;default&#8221; border_color_top=&#8221;#b17c36&#8243; border_color_left=&#8221;#b17c36&#8243; border_width_top_tablet=&#8221;&#8221; border_width_top_phone=&#8221;0px&#8221; border_width_top_last_edited=&#8221;on|phone&#8221; border_width_left_tablet=&#8221;2px&#8221; border_width_left_phone=&#8221;0px&#8221; border_width_left_last_edited=&#8221;on|phone&#8221; global_colors_info=&#8221;{}&#8221;][et_pb_social_media_follow use_icon_font_size=&#8221;on&#8221; icon_font_size=&#8221;20px&#8221; _builder_version=&#8221;4.27.3&#8243; _module_preset=&#8221;default&#8221; text_orientation=&#8221;right&#8221; width=&#8221;100%&#8221; max_width=&#8221;100%&#8221; custom_margin=&#8221;0px|||0px|false|false&#8221; custom_margin_tablet=&#8221;10px|||30px|false|false&#8221; custom_margin_phone=&#8221;10px|||0px|false|false&#8221; custom_margin_last_edited=&#8221;on|phone&#8221; text_orientation_tablet=&#8221;left&#8221; text_orientation_phone=&#8221;center&#8221; text_orientation_last_edited=&#8221;on|phone&#8221; global_colors_info=&#8221;{}&#8221;][et_pb_social_media_follow_network social_network=&#8221;facebook&#8221; url=&#8221;https:\/\/www.facebook.com\/estrategiacarreirajuridica\/&#8221; icon_color=&#8221;#FFFFFF&#8221; _builder_version=&#8221;4.27.3&#8243; _module_preset=&#8221;default&#8221; background_enable_color=&#8221;off&#8221; global_colors_info=&#8221;{}&#8221; follow_button=&#8221;off&#8221; url_new_window=&#8221;on&#8221;]facebook[\/et_pb_social_media_follow_network][et_pb_social_media_follow_network social_network=&#8221;twitter&#8221; url=&#8221;https:\/\/x.com\/EstratJuridica&#8221; _builder_version=&#8221;4.27.3&#8243; _module_preset=&#8221;default&#8221; global_colors_info=&#8221;{}&#8221; follow_button=&#8221;off&#8221; url_new_window=&#8221;on&#8221;]X[\/et_pb_social_media_follow_network][et_pb_social_media_follow_network social_network=&#8221;instagram&#8221; url=&#8221;https:\/\/www.instagram.com\/estrategiacarreirajuridica\/&#8221; _builder_version=&#8221;4.27.3&#8243; _module_preset=&#8221;default&#8221; background_enable_color=&#8221;off&#8221; global_colors_info=&#8221;{}&#8221; follow_button=&#8221;off&#8221; url_new_window=&#8221;on&#8221;]instagram[\/et_pb_social_media_follow_network][et_pb_social_media_follow_network social_network=&#8221;youtube&#8221; url=&#8221;https:\/\/www.youtube.com\/channel\/UClbMGuYbj2Mh1m3w144ETWQ\/featured&#8221; _builder_version=&#8221;4.27.3&#8243; _module_preset=&#8221;default&#8221; background_enable_color=&#8221;off&#8221; global_colors_info=&#8221;{}&#8221; follow_button=&#8221;off&#8221; url_new_window=&#8221;on&#8221;]youtube[\/et_pb_social_media_follow_network][\/et_pb_social_media_follow][\/et_pb_column][\/et_pb_row][\/et_pb_section]<\/p>\n","protected":false},"excerpt":{"rendered":"<p>Inscreva-se e tenha acesso \u00e0 prova 100% comentada pelos nossos professores.<div class=\"et_pb_module formulario_estrategia formulario_estrategia_0\">\n\t\t\t\t\n\t\t\t\t\n\t\t\t\t\n\t\t\t\t\n\t\t\t\t\n\t\t\t\t\n\t\t\t\t<div class=\"et_pb_module_inner\">\n\t\t\t\t\t      <div id=\"forms\">\r\n  <form class=\"needs-validation\" id=\"forms_layout\" novalidate>\r\n    <!-- Inputs para Definir par\u00e2metros como \u00c1rea, Concurso, Evento e do pr\u00f3prio Formul\u00e1rio -->\n<div class=\"inputs_no_display_forms\">\n      <input type=\"hidden\" name=\"chave_de\" value=\"Leads_2026\" \/>\n      <input type=\"hidden\" name=\"mid\" value=\"100002066\" \/>\n      <input type=\"hidden\" id=\"retURL\" name=\"Pagina_Origem\" value=\"\" \/>\n      <input type=\"hidden\" id=\"utm_term\" name=\"utm_term\" value=\"\" \/>\n\t\t\t<input type=\"hidden\" id=\"utm_content\" name=\"utm_content\" value=\"\" \/>\n\t\t\t<input type=\"hidden\" id=\"utm_source\" name=\"utm_source\" value=\"\" \/>\n\t\t\t<input type=\"hidden\" id=\"utm_medium\" name=\"utm_medium\" value=\"\" \/>\n\t\t\t<input type=\"hidden\" id=\"utm_campaign\" name=\"utm_campaign\" value=\"\" \/>\n\t\t\t<input type=\"hidden\" id=\"Cidade_OrigemIP__c\" maxlength=\"200\" name=\"Cidade_de_Origem_do_IP\" size=\"20\" type=\"text\" \/>\n\t\t\t<input type=\"hidden\" id=\"Estado_OrigemIP__c\" maxlength=\"200\" name=\"Estado_de_Origem_do_IP\" size=\"20\" type=\"text\" \/>\n\t\t\t<input type=\"hidden\" id=\"sucesso\" name=\"sucesso\" value=\"https:\/\/mkt.estrategia.com\/cj\/sucesso-tj-pa-prova-comentada\/\" \/>\n\t\t\t<input type=\"hidden\" id=\"nomeDE\" name=\"nomeDE\" value=\"Leads_2020\" \/>\n\t\t\t<input type=\"hidden\" id=\"nomeDE2\" name=\"nomeDE2\" value=\"Juridico_Magistratura_Area\" \/>\n\t\t\t<input type=\"hidden\" id=\"welcome\" name=\"welcome\" value=\"off\" \/>\n\t\t\t<input type=\"hidden\" id=\"dev_zapp\" name=\"dev_zapp\" value=\"off\" \/>\n\t\t\t<input type=\"hidden\" id=\"lead_source\" name=\"lead_source\"  value=\"E-book\" \/>\n      <input type=\"hidden\" id=\"Area_de_Interesse__c\" name=\"Interesse_Area\" value=\"Jur\u00eddico_Magistratura_Area\" \/>\n\t\t\t<input type=\"hidden\" id=\"Modo_de_entrada__c\" name=\"Coringa_01\" value=\"landing-page\" \/>\n\t\t\t<input type=\"hidden\" id=\"Entrada\" name=\"Modo_de_entrada\" value=\"landing-page\" \/>\n\t\t\t<input type=\"hidden\" id=\"Interesse_Evento__c\" name=\"Interesse_Evento\" value=\"\" \/>\n<\/div>\n<!-- End Inputs -->    <!-- Inputs B\u00e1sicos de todos os formul\u00e1rios de Concursos -->\n<div class=\"form-group\">\n  <div class=\"input-group first_name labels\">\n    <span class=\"input-group-text icon-user\"><\/span>\n    <input type=\"text\" class=\"form-control input_labels\" name=\"Nome_Completo\" id=\"first_name\" placeholder=\"NOME\" autocomplete=\"given-name\" inputmode=\"text\" autocapitalize=\"words\" required \/>\n    <div class=\"invalid-feedback\">Nome obrigat\u00f3rio.<\/div>\n  <\/div>\n<\/div>\n<div class=\"form-group\">\n  <div class=\"input-group email labels\">\n    <span class=\"input-group-text icon-email\"><\/span>\n    <input type=\"email\" class=\"form-control input_labels\" name=\"Email\" id=\"email\" placeholder=\"EMAIL\" autocomplete=\"email\" required \/>\n    <div class=\"invalid-feedback\">Email obrigat\u00f3rio.<\/div>\n  <\/div>\n<\/div>\n<div class=\"form-group\">\n  <div class=\"input-group phone labels\">\n    <span class=\"input-group-text icon-phone\"><\/span>\n    <input type=\"tel\" class=\"form-control input_labels\" name=\"Telefone\" id=\"phone\" maxlength=\"15\" placeholder=\"TELEFONE\" autocomplete=\"tel\" inputmode=\"tel\" \/>\n  <\/div>\n<\/div>\n<!-- End Inputs -->    <div class=\"connect_icon py-1\">\r\n      <button style=\"background:\" type=\"submit\" class=\"btn btn-custom\">\r\n        <span style=\"color:\" id=\"lblBotao\">\r\n          Inscreva-se Gratuitamente        <\/span>\r\n        <div style=\"background:\" class=\"send__icon\">\r\n          <i style=\"color:#fff; background:#f2c100\" class=\"fa fa-chevron-right\" aria-hidden=\"true\"><\/i>\r\n        <\/div>\r\n      <\/button>\r\n    <\/div>\r\n    <div class=\"form-check mt-3\">\r\n      <input class=\"form-check-input\" type=\"checkbox\" id=\"check-custom\" checked \/>\r\n      <label class=\"form-check-label\" for=\"check-custom\">\r\n        Ao clicar no bot\u00e3o, voc\u00ea concorda com nossos <a class=\"politics_privacy_ahref\" href=\"https:\/\/www.estrategiaconcursos.com.br\/pagina\/termos-de-uso\/\" target=\"_blank\" rel=\"noopener noreferrer\">Termos de Uso<\/a> e <a class=\"politics_privacy_ahref\" href=\"https:\/\/gratis.estrategiaconcursos.com.br\/politica-de-privacidade\/\" target=\"_blank\" rel=\"noopener noreferrer\">Pol\u00edtica de Privacidade<\/a>, incluindo o uso de cookies e o envio de comunica\u00e7\u00f5es.\r\n      <\/label>\r\n    <\/div>\r\n  <\/form><!-- \/forms_layout -->\r\n<\/div><!-- \/forms -->      \n\t\t\t\t<\/div>\n\t\t\t<\/div>Inscrevendo-se gratuitamente, voc\u00ea ter\u00e1 acesso ao seguinte material:Direitos Reservados &#8211; Estrategia Concursos 2025 \u00a9<\/p>\n","protected":false},"author":86,"featured_media":344103,"parent":0,"menu_order":0,"comment_status":"closed","ping_status":"closed","template":"","meta":{"_et_pb_use_builder":"on","_et_pb_old_content":"","_et_gb_content_width":"","footnotes":""},"categories":[5,7],"tags":[],"class_list":["post-344102","page","type-page","status-publish","has-post-thumbnail","hentry","category-ebooks","category-pagina-de-inscricao"],"_links":{"self":[{"href":"https:\/\/mkt.estrategia.com\/cj\/wp-json\/wp\/v2\/pages\/344102","targetHints":{"allow":["GET"]}}],"collection":[{"href":"https:\/\/mkt.estrategia.com\/cj\/wp-json\/wp\/v2\/pages"}],"about":[{"href":"https:\/\/mkt.estrategia.com\/cj\/wp-json\/wp\/v2\/types\/page"}],"author":[{"embeddable":true,"href":"https:\/\/mkt.estrategia.com\/cj\/wp-json\/wp\/v2\/users\/86"}],"replies":[{"embeddable":true,"href":"https:\/\/mkt.estrategia.com\/cj\/wp-json\/wp\/v2\/comments?post=344102"}],"version-history":[{"count":11,"href":"https:\/\/mkt.estrategia.com\/cj\/wp-json\/wp\/v2\/pages\/344102\/revisions"}],"predecessor-version":[{"id":344178,"href":"https:\/\/mkt.estrategia.com\/cj\/wp-json\/wp\/v2\/pages\/344102\/revisions\/344178"}],"wp:featuredmedia":[{"embeddable":true,"href":"https:\/\/mkt.estrategia.com\/cj\/wp-json\/wp\/v2\/media\/344103"}],"wp:attachment":[{"href":"https:\/\/mkt.estrategia.com\/cj\/wp-json\/wp\/v2\/media?parent=344102"}],"wp:term":[{"taxonomy":"category","embeddable":true,"href":"https:\/\/mkt.estrategia.com\/cj\/wp-json\/wp\/v2\/categories?post=344102"},{"taxonomy":"post_tag","embeddable":true,"href":"https:\/\/mkt.estrategia.com\/cj\/wp-json\/wp\/v2\/tags?post=344102"}],"curies":[{"name":"wp","href":"https:\/\/api.w.org\/{rel}","templated":true}]}}